{"id":1018,"date":"2024-11-11T23:01:20","date_gmt":"2024-11-11T22:01:20","guid":{"rendered":"https:\/\/kinderschutzbund-freiberg.de\/cms\/?page_id=1018"},"modified":"2025-12-09T12:38:28","modified_gmt":"2025-12-09T11:38:28","slug":"schulclub-oberschule-gottfried-pabst-von-ohain-freiberg","status":"publish","type":"page","link":"https:\/\/kinderschutzbund-freiberg.de\/cms\/angebote\/schulclubs\/schulclub-oberschule-gottfried-pabst-von-ohain-freiberg\/","title":{"rendered":"Schulclub &#8222;Oberschule Gottfried Pabst von Ohain&#8220; Freiberg"},"content":{"rendered":"\n<div class=\"wp-block-columns is-layout-flex wp-container-core-columns-is-layout-9d6595d7 wp-block-columns-is-layout-flex\">\n<div class=\"wp-block-column is-layout-flow wp-block-column-is-layout-flow\" style=\"flex-basis:66.66%\">\n<p>Der Schulclub der Ohain-Schule in Freiberg ist Anlaufpunkt in den Ausfallstunden, f\u00fcr die Wartezeit bis zur Bus- und Taxiabfahrt sowie zur individuellen Freizeitgestaltung und steht allen Sch\u00fclerinnen und Sch\u00fclern zur Verf\u00fcgung.<\/p>\n\n\n\n<p>Durch individuelle und vielseitige p\u00e4dagogische Ans\u00e4tze und Methoden erlernen und f\u00f6rdern wir die Beteiligungskompetenzen von Sch\u00fclerinnen und Sch\u00fclern.<\/p>\n\n\n\n<p>Es gibt t\u00e4glich offene Angebote seitens des Schulclubs, die eine aktive und selbst bestimmte Freizeitgestaltung unterst\u00fctzen. Dazu geh\u00f6rt zum Beispiel der Au\u00dfenbereich. Dort k\u00f6nnen sich die Kinder und Jugendlichen t\u00e4glich und bei jedem Wetter sportlich bet\u00e4tigen.<\/p>\n\n\n\n<p>Ein weiteres Angebot ist die Nutzung der PCs f\u00fcr Hausaufgaben oder andere schulische Ausarbeitungen.<\/p>\n\n\n\n<p>Unsere Fachkraft f\u00fchrt Gespr\u00e4che mit den Sch\u00fclerinnen und Sch\u00fclern, \u00e4u\u00dfert Verst\u00e4ndnis f\u00fcr Probleme und Anliegen und nimmt jede\/n Einzelnen im Schulclub wahr.<\/p>\n<\/div>\n\n\n\n<div class=\"wp-block-column is-layout-flow wp-block-column-is-layout-flow\" style=\"flex-basis:33.33%\">\n<div class=\"kibu contactbox standard\">\n    <div class=\"gutenberg-hint\">Kontakt-Block<\/div>\n                                \n                                                \n                                                                                                                                                \n                <p class='contact' id='contact-2671'>\n                    <span class='name'>Michaela Haselbacher<\/span><br \/>                                        <span class='address'>OS Gottfried Pabst von Ohain<\/span><br \/>                    <span class='address2'>Kurt-Handwerk-Stra\u00dfe 3<\/span><br \/>                    <span class='zip_town'>09599 Freiberg<\/span><br \/>                    <span class='phone'>03731\/6928156<\/span><br \/>                                        <span class='email'><span id=\"e416939806\">[Bitte JavaScript aktivieren]<\/span><script type=\"text\/javascript\">\/*<![CDATA[*\/eval(\"var a=\\\"2R+Cu6yTpb8SF0hdYIJgv4xGt1fErownZVlqLBQXWsA3ie9kPUmD5cNzO@.MaK_7jH-\\\";var b=a.split(\\\"\\\").sort().join(\\\"\\\");var c=\\\"M3PK535KA+zPsUN0DUNie.M3PKa-AKNiR9.eUAe.k+ie\\\";var d=\\\"\\\";for(var e=0;e<c.length;e++)d+=b.charAt(a.indexOf(c.charAt(e)));document.getElementById(\\\"e416939806\\\").innerHTML=\\\"<a href=\\\\\\\"mailto:\\\"+d+\\\"\\\\\\\">\\\"+d+\\\"<\/a>\\\"\")\/*]]>*\/<\/script><\/span>                <\/p>\n                                                <div class='textarea'>\n        <p><strong>\u00d6ffnungszeiten<\/strong><br \/>\nMo &#8211; Fr von 10:30 &#8211; 15:30 Uhr<\/p>\n    <\/div>\n    <\/div>\n\n\n<div class=\"kibu sidebarbox grau\">\n    <div class=\"gutenberg-sidebarbox-hint\">Sidebar-Box<\/div>\n            <p class='headline'><\/p>\n    \n            <ul class='links'>\n            <li><a href='https:\/\/cms.sachsen.schule\/osohain\/'>Website der Schule<\/a><\/li>        <\/ul>\n        \n\n            <p class='textarea'>\n                    <\/p>\n    <\/div><\/div>\n<\/div>\n","protected":false},"excerpt":{"rendered":"<p>Der Schulclub der Ohain-Schule in Freiberg ist Anlaufpunkt in den Ausfallstunden, f\u00fcr die Wartezeit bis zur Bus- und Taxiabfahrt sowie zur individuellen Freizeitgestaltung und steht allen Sch\u00fclerinnen und Sch\u00fclern zur Verf\u00fcgung. Durch individuelle und vielseitige p\u00e4dagogische Ans\u00e4tze und Methoden erlernen und f\u00f6rdern wir die Beteiligungskompetenzen von Sch\u00fclerinnen und Sch\u00fclern. Es gibt t\u00e4glich offene Angebote seitens [&hellip;]<\/p>\n","protected":false},"author":1,"featured_media":0,"parent":621,"menu_order":0,"comment_status":"closed","ping_status":"closed","template":"","meta":{"_acf_changed":false,"footnotes":""},"class_list":["post-1018","page","type-page","status-publish","hentry"],"acf":[],"_links":{"self":[{"href":"https:\/\/kinderschutzbund-freiberg.de\/cms\/wp-json\/wp\/v2\/pages\/1018","targetHints":{"allow":["GET"]}}],"collection":[{"href":"https:\/\/kinderschutzbund-freiberg.de\/cms\/wp-json\/wp\/v2\/pages"}],"about":[{"href":"https:\/\/kinderschutzbund-freiberg.de\/cms\/wp-json\/wp\/v2\/types\/page"}],"author":[{"embeddable":true,"href":"https:\/\/kinderschutzbund-freiberg.de\/cms\/wp-json\/wp\/v2\/users\/1"}],"replies":[{"embeddable":true,"href":"https:\/\/kinderschutzbund-freiberg.de\/cms\/wp-json\/wp\/v2\/comments?post=1018"}],"version-history":[{"count":8,"href":"https:\/\/kinderschutzbund-freiberg.de\/cms\/wp-json\/wp\/v2\/pages\/1018\/revisions"}],"predecessor-version":[{"id":2672,"href":"https:\/\/kinderschutzbund-freiberg.de\/cms\/wp-json\/wp\/v2\/pages\/1018\/revisions\/2672"}],"up":[{"embeddable":true,"href":"https:\/\/kinderschutzbund-freiberg.de\/cms\/wp-json\/wp\/v2\/pages\/621"}],"wp:attachment":[{"href":"https:\/\/kinderschutzbund-freiberg.de\/cms\/wp-json\/wp\/v2\/media?parent=1018"}],"curies":[{"name":"wp","href":"https:\/\/api.w.org\/{rel}","templated":true}]}}