{"id":11,"date":"2023-11-12T09:34:04","date_gmt":"2023-11-12T08:34:04","guid":{"rendered":"https:\/\/kinderschutzbund-freiberg.de\/cms\/?page_id=11"},"modified":"2025-05-23T09:35:45","modified_gmt":"2025-05-23T07:35:45","slug":"vorstand","status":"publish","type":"page","link":"https:\/\/kinderschutzbund-freiberg.de\/cms\/ueber-uns\/vorstand\/","title":{"rendered":"Vorstand"},"content":{"rendered":"\n<div class=\"wp-block-columns is-layout-flex wp-container-core-columns-is-layout-9d6595d7 wp-block-columns-is-layout-flex\">\n<div class=\"wp-block-column is-layout-flow wp-block-column-is-layout-flow\" style=\"flex-basis:66.66%\">\n<p>Der Vorstand des Kinderschutzbundes Regionalverband Freiberg e.V. ist ein ausschlie\u00dflich ehrenamtlich arbeitendes Gremium, das zur Jahresmitgliederversammlung jeweils f\u00fcr den in der Satzung des Vereins festgeschriebenen Zeitraum demokratisch gew\u00e4hlt wird.<\/p>\n\n\n\n<figure class=\"wp-block-gallery has-nested-images columns-default is-cropped wp-block-gallery-1 is-layout-flex wp-block-gallery-is-layout-flex\">\n<figure class=\"wp-block-image size-large\"><img loading=\"lazy\" decoding=\"async\" width=\"1024\" height=\"682\" data-id=\"2258\" src=\"https:\/\/kinderschutzbund-freiberg.de\/cms\/wp-content\/uploads\/2025\/05\/Foto-Vorstand-1024x682.jpg\" alt=\"\" class=\"wp-image-2258\" srcset=\"https:\/\/kinderschutzbund-freiberg.de\/cms\/wp-content\/uploads\/2025\/05\/Foto-Vorstand-1024x682.jpg 1024w, https:\/\/kinderschutzbund-freiberg.de\/cms\/wp-content\/uploads\/2025\/05\/Foto-Vorstand-300x200.jpg 300w, https:\/\/kinderschutzbund-freiberg.de\/cms\/wp-content\/uploads\/2025\/05\/Foto-Vorstand-768x512.jpg 768w, https:\/\/kinderschutzbund-freiberg.de\/cms\/wp-content\/uploads\/2025\/05\/Foto-Vorstand-1536x1023.jpg 1536w, https:\/\/kinderschutzbund-freiberg.de\/cms\/wp-content\/uploads\/2025\/05\/Foto-Vorstand.jpg 1600w\" sizes=\"auto, (max-width: 1024px) 100vw, 1024px\" \/><\/figure>\n<\/figure>\n\n\n\n<p>Die gew\u00e4hlten Vorstandsmitglieder des Kinderschutzbundes Regionalverband Freiberg e.V. sind:<\/p>\n\n\n\n<p><strong>Mich\u00e9le Heinitz<\/strong><br>Vorstandsvorsitzende<\/p>\n\n\n\n<p><strong>Marvin Bretschneider<br><\/strong>Stellvertretender Vorsitzender<\/p>\n\n\n\n<p><strong>Johannes Brink<\/strong><br>Beisitzer<\/p>\n\n\n\n<p><strong>Sarah Gersdorf<\/strong><br>Schatzmeisterin<\/p>\n\n\n\n<p><strong>Elisa Heinrich<br><\/strong>Schriftf\u00fchrerin<\/p>\n<\/div>\n\n\n\n<div class=\"wp-block-column is-layout-flow wp-block-column-is-layout-flow\" style=\"flex-basis:33.33%\"><\/div>\n<\/div>\n","protected":false},"excerpt":{"rendered":"<p>Der Vorstand des Kinderschutzbundes Regionalverband Freiberg e.V. ist ein ausschlie\u00dflich ehrenamtlich arbeitendes Gremium, das zur Jahresmitgliederversammlung jeweils f\u00fcr den in der Satzung des Vereins festgeschriebenen Zeitraum demokratisch gew\u00e4hlt wird. Die gew\u00e4hlten Vorstandsmitglieder des Kinderschutzbundes Regionalverband Freiberg e.V. sind: Mich\u00e9le HeinitzVorstandsvorsitzende Marvin BretschneiderStellvertretender Vorsitzender Johannes BrinkBeisitzer Sarah GersdorfSchatzmeisterin Elisa HeinrichSchriftf\u00fchrerin<\/p>\n","protected":false},"author":1,"featured_media":0,"parent":9,"menu_order":0,"comment_status":"closed","ping_status":"closed","template":"","meta":{"_acf_changed":false,"footnotes":""},"class_list":["post-11","page","type-page","status-publish","hentry"],"acf":[],"_links":{"self":[{"href":"https:\/\/kinderschutzbund-freiberg.de\/cms\/wp-json\/wp\/v2\/pages\/11","targetHints":{"allow":["GET"]}}],"collection":[{"href":"https:\/\/kinderschutzbund-freiberg.de\/cms\/wp-json\/wp\/v2\/pages"}],"about":[{"href":"https:\/\/kinderschutzbund-freiberg.de\/cms\/wp-json\/wp\/v2\/types\/page"}],"author":[{"embeddable":true,"href":"https:\/\/kinderschutzbund-freiberg.de\/cms\/wp-json\/wp\/v2\/users\/1"}],"replies":[{"embeddable":true,"href":"https:\/\/kinderschutzbund-freiberg.de\/cms\/wp-json\/wp\/v2\/comments?post=11"}],"version-history":[{"count":10,"href":"https:\/\/kinderschutzbund-freiberg.de\/cms\/wp-json\/wp\/v2\/pages\/11\/revisions"}],"predecessor-version":[{"id":2259,"href":"https:\/\/kinderschutzbund-freiberg.de\/cms\/wp-json\/wp\/v2\/pages\/11\/revisions\/2259"}],"up":[{"embeddable":true,"href":"https:\/\/kinderschutzbund-freiberg.de\/cms\/wp-json\/wp\/v2\/pages\/9"}],"wp:attachment":[{"href":"https:\/\/kinderschutzbund-freiberg.de\/cms\/wp-json\/wp\/v2\/media?parent=11"}],"curies":[{"name":"wp","href":"https:\/\/api.w.org\/{rel}","templated":true}]}}