{"id":1381,"date":"2025-02-17T20:08:49","date_gmt":"2025-02-17T19:08:49","guid":{"rendered":"https:\/\/kinderschutzbund-freiberg.de\/cms\/?page_id=1381"},"modified":"2026-04-22T12:23:34","modified_gmt":"2026-04-22T10:23:34","slug":"minifloehe","status":"publish","type":"page","link":"https:\/\/kinderschutzbund-freiberg.de\/cms\/angebote\/familienzentrum\/minifloehe\/","title":{"rendered":"Minifl\u00f6he"},"content":{"rendered":"\n<div class=\"wp-block-columns is-layout-flex wp-container-core-columns-is-layout-9d6595d7 wp-block-columns-is-layout-flex\">\n<div class=\"wp-block-column is-layout-flow wp-block-column-is-layout-flow\" style=\"flex-basis:66.66%\">\n<p>Hier finden Sie ein Bewegungsangebot f\u00fcr Ihre Kleinkinder, ab frischem Laufalter, zwischen ca. 1,5 \u2013 ca. 3 Jahren.<\/p>\n\n\n\n<p>Im Mehrzweckraum des Sozialen Zentrums Friedeburg k\u00f6nnen Kinder ihrer Bewegungsfreude freien Lauf lassen. Gemeinsam mit einem Elternteil k\u00f6nnen sie sich in verschiedenen Bewegungsparcours ausprobieren, vorw\u00e4rts und r\u00fcckw\u00e4rts flitzen, kriechen, h\u00fcpfen, starten, stoppen, balancieren, klettern, steigen oder rutschen. Alles, was gerade dran ist, darf ausprobiert und gefestigt werden. K\u00f6rperwahrnehmung, das erleben der eigenen Grenzen und damit \u00fcber sich hinauswachsen, aber vor allem der Spa\u00df an der Bewegung stehen im Mittelpunkt.<\/p>\n\n\n\n<p>In einer Gruppe bewegt es sich oft am besten! Kinder orientieren sich aneinander und motivieren sich gegenseitig. So ist es m\u00f6glich, dass ein Kind, welches sich bisher eher zur\u00fcckhaltend gezeigt hat, durch Beobachtung anderer Kinder zum Mitmachen angeregt werden kann.<\/p>\n\n\n\n<p>Der Kurs geht 45min. und wird stets mit einem gemeinsamen, angeleiteten und immer \u00e4hnlichen Start, sowie Abschluss begonnen und beendet. Ein Kurs erstreckt sich in der Regel \u00fcber 5 Termine.<\/p>\n<\/div>\n\n\n\n<div class=\"wp-block-column is-layout-flow wp-block-column-is-layout-flow\" style=\"flex-basis:33.33%\">\n<div class=\"kibu contactbox fullwidth\">\n    <div class=\"gutenberg-hint\">Kontakt-Block<\/div>\n        <div class='textarea'>\n        <p><strong>Wann?<\/strong><\/p>\n<p>montags<br \/>\n15.30 \u2013 16.15 Uhr<br \/>\n5 Einheiten<\/p>\n<p>Kurs 1: 13.04. &#8211; 11.05.2026<\/p>\n<p>Kurs 2: 01.06. &#8211; 29.06.2026<\/p>\n<p><strong>Wo?<\/strong><\/p>\n<p>Familienzentrum, Raum 2.05<\/p>\n<p><strong>Wer?<\/strong><\/p>\n<p>Maria Clausnitzer (Projektmitarbeiterin im Familienzentrum)<\/p>\n<p><strong>Wie viele Teilnehmer?<\/strong><\/p>\n<p>10 &#8211; 11 Familien\/ Angebot<\/p>\n<p><strong>Kosten?<\/strong><\/p>\n<p>5,00 \u20ac \/ Familie pro Montag (25,00 \u20ac insgesamt)<\/p>\n    <\/div>\n    <\/div><\/div>\n<\/div>\n","protected":false},"excerpt":{"rendered":"<p>Hier finden Sie ein Bewegungsangebot f\u00fcr Ihre Kleinkinder, ab frischem Laufalter, zwischen ca. 1,5 \u2013 ca. 3 Jahren. Im Mehrzweckraum des Sozialen Zentrums Friedeburg k\u00f6nnen Kinder ihrer Bewegungsfreude freien Lauf lassen. Gemeinsam mit einem Elternteil k\u00f6nnen sie sich in verschiedenen Bewegungsparcours ausprobieren, vorw\u00e4rts und r\u00fcckw\u00e4rts flitzen, kriechen, h\u00fcpfen, starten, stoppen, balancieren, klettern, steigen oder rutschen. [&hellip;]<\/p>\n","protected":false},"author":1,"featured_media":1996,"parent":17,"menu_order":0,"comment_status":"closed","ping_status":"closed","template":"","meta":{"_acf_changed":false,"footnotes":""},"class_list":["post-1381","page","type-page","status-publish","has-post-thumbnail","hentry"],"acf":[],"_links":{"self":[{"href":"https:\/\/kinderschutzbund-freiberg.de\/cms\/wp-json\/wp\/v2\/pages\/1381","targetHints":{"allow":["GET"]}}],"collection":[{"href":"https:\/\/kinderschutzbund-freiberg.de\/cms\/wp-json\/wp\/v2\/pages"}],"about":[{"href":"https:\/\/kinderschutzbund-freiberg.de\/cms\/wp-json\/wp\/v2\/types\/page"}],"author":[{"embeddable":true,"href":"https:\/\/kinderschutzbund-freiberg.de\/cms\/wp-json\/wp\/v2\/users\/1"}],"replies":[{"embeddable":true,"href":"https:\/\/kinderschutzbund-freiberg.de\/cms\/wp-json\/wp\/v2\/comments?post=1381"}],"version-history":[{"count":12,"href":"https:\/\/kinderschutzbund-freiberg.de\/cms\/wp-json\/wp\/v2\/pages\/1381\/revisions"}],"predecessor-version":[{"id":2901,"href":"https:\/\/kinderschutzbund-freiberg.de\/cms\/wp-json\/wp\/v2\/pages\/1381\/revisions\/2901"}],"up":[{"embeddable":true,"href":"https:\/\/kinderschutzbund-freiberg.de\/cms\/wp-json\/wp\/v2\/pages\/17"}],"wp:featuredmedia":[{"embeddable":true,"href":"https:\/\/kinderschutzbund-freiberg.de\/cms\/wp-json\/wp\/v2\/media\/1996"}],"wp:attachment":[{"href":"https:\/\/kinderschutzbund-freiberg.de\/cms\/wp-json\/wp\/v2\/media?parent=1381"}],"curies":[{"name":"wp","href":"https:\/\/api.w.org\/{rel}","templated":true}]}}