{"id":1393,"date":"2025-02-17T20:19:30","date_gmt":"2025-02-17T19:19:30","guid":{"rendered":"https:\/\/kinderschutzbund-freiberg.de\/cms\/?page_id=1393"},"modified":"2025-09-16T11:00:30","modified_gmt":"2025-09-16T09:00:30","slug":"flohsport-2","status":"publish","type":"page","link":"https:\/\/kinderschutzbund-freiberg.de\/cms\/angebote\/familienzentrum\/flohsport-2\/","title":{"rendered":"Flohsport"},"content":{"rendered":"\n<div class=\"wp-block-columns is-layout-flex wp-container-core-columns-is-layout-9d6595d7 wp-block-columns-is-layout-flex\">\n<div class=\"wp-block-column is-layout-flow wp-block-column-is-layout-flow\" style=\"flex-basis:66.66%\">\n<p>Hier finden Sie ein Bewegungsangebot f\u00fcr Ihre Kinder zwischen 3 \u2013 7 Jahren (Vorschulalter).<\/p>\n\n\n\n<p>Gemeinsam mit einem Elternteil, finden Kinder hier Platz um sich in Bewegungsparcours auszuprobieren und sicherer zu werden. Es werden erste, angeleitete Sportspiele gespielt, Bewegungslieder gesungen und vieles mehr.<\/p>\n\n\n\n<p>Auf spielerische Art und Weise k\u00f6nnen Kinder in ihrem Bewegungsdrang angeregt werden, sie probieren sich aus, lernen Ihren K\u00f6rper und ggf. Grenzen kennen, wachsen bewegt \u00fcber sich hinaus und haben miteinander und mit ihren Eltern eine bewegte, gute Zeit. Auch Bewegungsmotivierende Utensilien, wie Laufr\u00e4der u.\u00e4. sind vorhanden und k\u00f6nnen ausprobiert werden.<\/p>\n\n\n\n<p>In einer Gruppe bewegt es sich oft am besten! Kinder orientieren sich aneinander und motivieren sich gegenseitig. So ist es m\u00f6glich, dass ein Kind, welches sich bisher eher zur\u00fcckhaltend gezeigt hat, durch Beobachtung anderer Kinder zum Mitmachen angeregt werden kann.<\/p>\n\n\n\n<p>Der Kurs findet das ganze Jahr \u00fcber statt und wird lediglich durch ein paar Wochen Pause im Sommer und \u00fcber die Weihnachtszeit unterbrochen.<\/p>\n\n\n\n<p><strong>Eine Anmeldung ist nicht erforderlich!<\/strong><br>Kommen Sie einfach vorbei oder Informieren Sie sich gern im <a href=\"https:\/\/kinderschutzbund-freiberg.de\/cms\/ansprechpersonen\/familienzentrum\/\" data-type=\"ansprechpersonen\" data-id=\"1219\">Familienzentrum<\/a>.<\/p>\n<\/div>\n\n\n\n<div class=\"wp-block-column is-layout-flow wp-block-column-is-layout-flow\" style=\"flex-basis:33.33%\">\n<div class=\"kibu contactbox standard\">\n    <div class=\"gutenberg-hint\">Kontakt-Block<\/div>\n        <div class='textarea'>\n        <p><strong>Wann?<\/strong><\/p>\n<p>dienstags<br \/>\n16.00 \u2013 17.30 Uhr<\/p>\n<p><strong style=\"color: #cb300b;\">Wo?<\/strong><\/p>\n<p><span style=\"color: #cb300b;\">Turnhalle Grundschule &#8222;Carl-B\u00f6hme&#8220;, Friedeburger Stra\u00dfe 17<\/span><\/p>\n<p><strong>Wer?<\/strong><\/p>\n<p>Maria Clausnitzer (Projektmitarbeiterin im Familienzentrum)<br \/>\nund ehrenamtlich t\u00e4tige Mitarbeiter:innen im Familienzentrum<\/p>\n<p><strong>Wie viele Teilnehmer?<\/strong><\/p>\n<p>ca. 25 &#8211; 30 Familien<\/p>\n<p><strong>Kosten?<\/strong><\/p>\n<p>5 \u20ac \/ Familie<\/p>\n    <\/div>\n    <\/div><\/div>\n<\/div>\n","protected":false},"excerpt":{"rendered":"<p>Hier finden Sie ein Bewegungsangebot f\u00fcr Ihre Kinder zwischen 3 \u2013 7 Jahren (Vorschulalter). Gemeinsam mit einem Elternteil, finden Kinder hier Platz um sich in Bewegungsparcours auszuprobieren und sicherer zu werden. Es werden erste, angeleitete Sportspiele gespielt, Bewegungslieder gesungen und vieles mehr. Auf spielerische Art und Weise k\u00f6nnen Kinder in ihrem Bewegungsdrang angeregt werden, sie [&hellip;]<\/p>\n","protected":false},"author":1,"featured_media":0,"parent":17,"menu_order":0,"comment_status":"closed","ping_status":"closed","template":"","meta":{"_acf_changed":false,"footnotes":""},"class_list":["post-1393","page","type-page","status-publish","hentry"],"acf":[],"_links":{"self":[{"href":"https:\/\/kinderschutzbund-freiberg.de\/cms\/wp-json\/wp\/v2\/pages\/1393","targetHints":{"allow":["GET"]}}],"collection":[{"href":"https:\/\/kinderschutzbund-freiberg.de\/cms\/wp-json\/wp\/v2\/pages"}],"about":[{"href":"https:\/\/kinderschutzbund-freiberg.de\/cms\/wp-json\/wp\/v2\/types\/page"}],"author":[{"embeddable":true,"href":"https:\/\/kinderschutzbund-freiberg.de\/cms\/wp-json\/wp\/v2\/users\/1"}],"replies":[{"embeddable":true,"href":"https:\/\/kinderschutzbund-freiberg.de\/cms\/wp-json\/wp\/v2\/comments?post=1393"}],"version-history":[{"count":7,"href":"https:\/\/kinderschutzbund-freiberg.de\/cms\/wp-json\/wp\/v2\/pages\/1393\/revisions"}],"predecessor-version":[{"id":2538,"href":"https:\/\/kinderschutzbund-freiberg.de\/cms\/wp-json\/wp\/v2\/pages\/1393\/revisions\/2538"}],"up":[{"embeddable":true,"href":"https:\/\/kinderschutzbund-freiberg.de\/cms\/wp-json\/wp\/v2\/pages\/17"}],"wp:attachment":[{"href":"https:\/\/kinderschutzbund-freiberg.de\/cms\/wp-json\/wp\/v2\/media?parent=1393"}],"curies":[{"name":"wp","href":"https:\/\/api.w.org\/{rel}","templated":true}]}}