{"id":1403,"date":"2025-02-17T20:47:22","date_gmt":"2025-02-17T19:47:22","guid":{"rendered":"https:\/\/kinderschutzbund-freiberg.de\/cms\/?page_id=1403"},"modified":"2026-03-26T14:48:09","modified_gmt":"2026-03-26T13:48:09","slug":"treffpunkt-fuer-alleinerziehende-und-einelternhaushalte","status":"publish","type":"page","link":"https:\/\/kinderschutzbund-freiberg.de\/cms\/angebote\/familienzentrum\/treffpunkt-fuer-alleinerziehende-und-einelternhaushalte\/","title":{"rendered":"Treffpunkt f\u00fcr Alleinerziehende und Einelternhaushalte"},"content":{"rendered":"\n<div class=\"wp-block-columns is-layout-flex wp-container-core-columns-is-layout-9d6595d7 wp-block-columns-is-layout-flex\">\n<div class=\"wp-block-column is-layout-flow wp-block-column-is-layout-flow\" style=\"flex-basis:66.66%\">\n<p>Der Treffpunkt f\u00fcr Alleinerziehende Familien findet in Zusammenarbeit mit dem \u201eFamilienverein f\u00fcr Gro\u00df und Klein in Chemnitz e.V.\u201c in unseren R\u00e4umlichkeiten statt.<\/p>\n\n\n\n<p>Sind Sie alleinerziehend? Vielleicht suchen Sie Anschluss an Familien mit \u00e4hnlichen, besonderen Herausforderungen?<\/p>\n\n\n\n<p>Einmal im Monat treffen sich Eltern und Kinder um miteinander Kontakte zu kn\u00fcpfen und Zeit zu verbringen. Es ist Zeit zum Spielen, f\u00fcr Erfahrungsaustausch, gem\u00fctliches Beisammensein, Zeit um Fragen los zu werden, die auf der Seele brennen.<\/p>\n\n\n\n<p>Jedes Treffen findet unter einem Thema statt, ob basteln, bewegen oder andere Aktionen, es ist sicher f\u00fcr Jeden einmal etwas dabei.<\/p>\n\n\n\n<p>Es besteht auch die M\u00f6glichkeit aus der Gruppe hinaus Kontakt und Anschluss in anderen Gruppen zu finden. Eine Anmeldung aus Planungsgr\u00fcnden ist unbedingt erforderlich.<\/p>\n\n\n<div class=\"wp-block-image\">\n<figure class=\"alignleft size-full is-resized\"><img loading=\"lazy\" decoding=\"async\" width=\"686\" height=\"365\" src=\"https:\/\/kinderschutzbund-freiberg.de\/cms\/wp-content\/uploads\/2025\/02\/familienverein_gross_klein_chemnitz.jpg\" alt=\"\" class=\"wp-image-1409\" style=\"width:auto;height:100px\"\/><\/figure>\n<\/div>\n\n<div class=\"wp-block-image\">\n<figure class=\"alignleft size-full is-resized\"><img loading=\"lazy\" decoding=\"async\" width=\"237\" height=\"157\" src=\"https:\/\/kinderschutzbund-freiberg.de\/cms\/wp-content\/uploads\/2025\/02\/alisa.png\" alt=\"\" class=\"wp-image-1408\" style=\"width:auto;height:100px\"\/><\/figure>\n<\/div><\/div>\n\n\n\n<div class=\"wp-block-column is-layout-flow wp-block-column-is-layout-flow\" style=\"flex-basis:33.33%\">\n<div class=\"kibu contactbox fullwidth\">\n    <div class=\"gutenberg-hint\">Kontakt-Block<\/div>\n        <div class='textarea'>\n        <h4><span class=\"name\">Familienzentrum<\/span><\/h4>\n<p><span class=\"address\">DKSB RV Freiberg e. V.<\/span><br \/>\n<span class=\"address2\">Kurt-Handwerk-Stra\u00dfe 2<\/span><br \/>\n<span class=\"zip_town\">09599 Freiberg<\/span><br \/>\n<span class=\"phone\">03731 26955-11<\/span><br \/>\n<span class=\"phone_mobile\">03731 26955-15<\/span><br \/>\n<span class=\"email\"><span id=\"e750612999\"><a href=\"mailto:familienzentrum@kinderschutzbund-freiberg.de\">familienzentrum@kinderschutzbund-freiberg.de<\/a><\/span><\/span><\/p>\n<h4>Rebecca Firl<\/h4>\n<p><a href=\"mailto:r.firl@familienverein-chemnitz.de\">r.firl@familienverein-chemnitz.de<\/a><\/p>\n<p><strong>Wann?<\/strong><\/p>\n<p>16:00 &#8211; 18:00 Uhr am:<\/p>\n<p><strong>02.02.2026<\/strong><\/p>\n<p><strong>02.03.2026<\/strong><\/p>\n<p><strong>13.04.2026<\/strong><\/p>\n<p><strong>04.05.2026<\/strong><\/p>\n<p><strong>Wo?<\/strong><\/p>\n<p>Familienzentrum, Raum 2.06<\/p>\n<p><strong>Wer?<\/strong><\/p>\n<p>Rebecca Firl (Projektmitarbeiterin Familienverein f\u00fcr Gro\u00df und Klein in Chemnitz e.V.)<\/p>\n<p><strong>Eine Anmeldung im Familienzentrum ist erforderlich!<\/strong><\/p>\n<p>Sie k\u00f6nnen Ihr Kind\/ Ihre Kinder mitbringen.<\/p>\n<p><strong>Kosten?<\/strong><\/p>\n<p>3,00 \u20ac<\/p>\n    <\/div>\n    <\/div><\/div>\n<\/div>\n\n\n\n<p><\/p>\n","protected":false},"excerpt":{"rendered":"<p>Der Treffpunkt f\u00fcr Alleinerziehende Familien findet in Zusammenarbeit mit dem \u201eFamilienverein f\u00fcr Gro\u00df und Klein in Chemnitz e.V.\u201c in unseren R\u00e4umlichkeiten statt. Sind Sie alleinerziehend? Vielleicht suchen Sie Anschluss an Familien mit \u00e4hnlichen, besonderen Herausforderungen? Einmal im Monat treffen sich Eltern und Kinder um miteinander Kontakte zu kn\u00fcpfen und Zeit zu verbringen. Es ist Zeit [&hellip;]<\/p>\n","protected":false},"author":1,"featured_media":0,"parent":17,"menu_order":0,"comment_status":"closed","ping_status":"closed","template":"","meta":{"_acf_changed":false,"footnotes":""},"class_list":["post-1403","page","type-page","status-publish","hentry"],"acf":[],"_links":{"self":[{"href":"https:\/\/kinderschutzbund-freiberg.de\/cms\/wp-json\/wp\/v2\/pages\/1403","targetHints":{"allow":["GET"]}}],"collection":[{"href":"https:\/\/kinderschutzbund-freiberg.de\/cms\/wp-json\/wp\/v2\/pages"}],"about":[{"href":"https:\/\/kinderschutzbund-freiberg.de\/cms\/wp-json\/wp\/v2\/types\/page"}],"author":[{"embeddable":true,"href":"https:\/\/kinderschutzbund-freiberg.de\/cms\/wp-json\/wp\/v2\/users\/1"}],"replies":[{"embeddable":true,"href":"https:\/\/kinderschutzbund-freiberg.de\/cms\/wp-json\/wp\/v2\/comments?post=1403"}],"version-history":[{"count":9,"href":"https:\/\/kinderschutzbund-freiberg.de\/cms\/wp-json\/wp\/v2\/pages\/1403\/revisions"}],"predecessor-version":[{"id":2750,"href":"https:\/\/kinderschutzbund-freiberg.de\/cms\/wp-json\/wp\/v2\/pages\/1403\/revisions\/2750"}],"up":[{"embeddable":true,"href":"https:\/\/kinderschutzbund-freiberg.de\/cms\/wp-json\/wp\/v2\/pages\/17"}],"wp:attachment":[{"href":"https:\/\/kinderschutzbund-freiberg.de\/cms\/wp-json\/wp\/v2\/media?parent=1403"}],"curies":[{"name":"wp","href":"https:\/\/api.w.org\/{rel}","templated":true}]}}