{"id":1412,"date":"2025-02-17T21:34:24","date_gmt":"2025-02-17T20:34:24","guid":{"rendered":"https:\/\/kinderschutzbund-freiberg.de\/cms\/?page_id=1412"},"modified":"2025-11-24T10:26:38","modified_gmt":"2025-11-24T09:26:38","slug":"familie-vielfalt-interkultureller-frauen-und-muettertreff","status":"publish","type":"page","link":"https:\/\/kinderschutzbund-freiberg.de\/cms\/angebote\/familienzentrum\/familie-vielfalt-interkultureller-frauen-und-muettertreff\/","title":{"rendered":"Familie &amp; Vielfalt &#8211; Interkultureller Frauen- und M\u00fcttertreff"},"content":{"rendered":"\n<p><strong>&#8222;<\/strong><strong>Ku hadal Jarmal, qosol oo baro \u2013 goobta kulanka dhaqamada oo dhan&#8220;<\/strong><\/p>\n\n\n\n<p><strong>&#8222;Almanca konu\u015f, g\u00fcl ve \u00f6\u011fren \u2013 t\u00fcm k\u00fclt\u00fcrler i\u00e7in bulu\u015fma noktas\u0131nda&#8220;<\/strong><\/p>\n\n\n\n<p><strong>&#8222;\u0622\u0644\u0645\u0627\u0646\u06cc \u0635\u062d\u0628\u062a \u06a9\u0646\u060c \u0628\u062e\u0646\u062f \u0648 \u06cc\u0627\u062f \u0628\u06af\u06cc\u0631 \u2013 \u062f\u0631 \u0646\u0634\u0633\u062a \u0628\u0631\u0627\u06cc \u0647\u0645\u0647 \u0641\u0631\u0647\u0646\u06af\u200c\u0647\u0627&#8220;<\/strong><br><strong>&#8222;\u062a\u062d\u062f\u0651\u062b \u0627\u0644\u0623\u0644\u0645\u0627\u0646\u064a\u0629\u060c \u0627\u0636\u062d\u0643 \u0648\u062a\u0639\u0644\u0651\u0645 \u2013 \u0641\u064a \u0627\u0644\u0644\u0642\u0627\u0621 \u0627\u0644\u0645\u0641\u062a\u0648\u062d \u0644\u062c\u0645\u064a\u0639 \u0627\u0644\u062b\u0642\u0627\u0641\u0627\u062a&#8220;<\/strong><\/p>\n\n\n\n<p><strong>\u201cSpeak, laugh and learn German \u2013 at the meeting place for all cultures\u201d<\/strong><\/p>\n\n\n\n<div class=\"wp-block-columns is-layout-flex wp-container-core-columns-is-layout-9d6595d7 wp-block-columns-is-layout-flex\">\n<div class=\"wp-block-column is-layout-flow wp-block-column-is-layout-flow\" style=\"flex-basis:66.66%\">\n<p>Hier finden Sie einen Treffpunkt f\u00fcr Familien mit unterschiedlichen kulturellen Vordergr\u00fcnden.<\/p>\n\n\n<div class=\"wp-block-image\">\n<figure class=\"alignleft size-large is-resized\"><img loading=\"lazy\" decoding=\"async\" width=\"773\" height=\"1024\" src=\"https:\/\/kinderschutzbund-freiberg.de\/cms\/wp-content\/uploads\/2025\/03\/Interkultureller-Frauentreff-773x1024.jpg\" alt=\"\" class=\"wp-image-1718\" style=\"width:237px;height:auto\" srcset=\"https:\/\/kinderschutzbund-freiberg.de\/cms\/wp-content\/uploads\/2025\/03\/Interkultureller-Frauentreff-773x1024.jpg 773w, https:\/\/kinderschutzbund-freiberg.de\/cms\/wp-content\/uploads\/2025\/03\/Interkultureller-Frauentreff-226x300.jpg 226w, https:\/\/kinderschutzbund-freiberg.de\/cms\/wp-content\/uploads\/2025\/03\/Interkultureller-Frauentreff-768x1018.jpg 768w, https:\/\/kinderschutzbund-freiberg.de\/cms\/wp-content\/uploads\/2025\/03\/Interkultureller-Frauentreff-1159x1536.jpg 1159w, https:\/\/kinderschutzbund-freiberg.de\/cms\/wp-content\/uploads\/2025\/03\/Interkultureller-Frauentreff-1546x2048.jpg 1546w, https:\/\/kinderschutzbund-freiberg.de\/cms\/wp-content\/uploads\/2025\/03\/Interkultureller-Frauentreff-scaled.jpg 1932w\" sizes=\"auto, (max-width: 773px) 100vw, 773px\" \/><\/figure>\n<\/div>\n\n\n<p>Sie leben in Freiberg und Umgebung, Ihre Wurzeln sind verankert in unterschiedlichen Kulturkreisen? Sie suchen Anschluss an andere Familien oder einen Treffpunkt in dem Sie neue Kontakte kn\u00fcpfen, sich austauschen und vor allem ihre Deutschkenntnisse im vertrauten, geduldigen Rahmen \u00fcben und verbessern k\u00f6nnen? Achtung, es handelt sich dabei nicht um einen reinen Sprachkurs. <\/p>\n\n\n\n<p>Der Kurs bietet f\u00fcr M\u00fctter und ihre Kinder die M\u00f6glichkeit zur Verbesserung der Deutschkenntnisse. Gemeinsam lernen wir unter verschiedenen Themen, wie: Kunst, Musik &amp; Kultur, Arbeit &amp; Schule, Feste &amp; Br\u00e4uche.<\/p>\n\n\n\n<p>Sie w\u00fcnschen sich Unterst\u00fctzung bei der Suche und bei Antr\u00e4gen f\u00fcr einen passenden Kita-, Hort oder Schulplatz f\u00fcr Ihre Kinder? Sie haben Fragen in Erziehungs- und Entwicklungsthemen oder andere Herausforderungen die Sie in Ihrem Alltag in Deutschland besch\u00e4ftigen?\u00a0<\/p>\n\n\n\n<p>Dann kommen Sie gern vorbei und besuchen unseren Interkulturellen Frauen- und M\u00fcttertreff.<\/p>\n\n\n\n<p>Auch Ihre kleinen Kinder, die noch nicht in einer Betreuung sind, sind herzlich willkommen, es sind verschiedene Spielmaterialien f\u00fcr Babys, Kleinkinder und Kinder vorhanden.<\/p>\n\n\n\n<p>Zudem besteht die M\u00f6glichkeit, aus der Gruppe hinaus Kontakt und Anschluss in andere Gruppen und Aktionen des Familienzentrums zu finden.<\/p>\n<\/div>\n\n\n\n<div class=\"wp-block-column is-layout-flow wp-block-column-is-layout-flow\" style=\"flex-basis:33.33%\">\n<div class=\"wp-block-group is-style-sticky-header\"><div class=\"wp-block-group__inner-container is-layout-constrained wp-block-group-is-layout-constrained\">\n<div class=\"kibu contactbox fullwidth\">\n    <div class=\"gutenberg-hint\">Kontakt-Block<\/div>\n        <div class='textarea'>\n        <p><strong>Wann?<\/strong><\/p>\n<p>montags<br \/>\n09:30 &#8211; 11:00 Uhr<\/p>\n<p><strong>Wo?<\/strong><\/p>\n<p>Familienzentrum, Raum 2.06<\/p>\n<p><strong>Wer?<\/strong><\/p>\n<p>Maria Clausnitzer (Projektmitarbeiterin im Familienzentrum)<\/p>\n<p><strong>Anmeldung?<\/strong><\/p>\n<p>Eine Anmeldung ist nicht erforderlich.<\/p>\n<p><strong>Kosten?<\/strong><\/p>\n<p>kostenfrei (Spendenbasis \/ Kaffeekasse)<\/p>\n    <\/div>\n    <\/div><\/div><\/div>\n<\/div>\n<\/div>\n","protected":false},"excerpt":{"rendered":"<p>&#8222;Ku hadal Jarmal, qosol oo baro \u2013 goobta kulanka dhaqamada oo dhan&#8220; &#8222;Almanca konu\u015f, g\u00fcl ve \u00f6\u011fren \u2013 t\u00fcm k\u00fclt\u00fcrler i\u00e7in bulu\u015fma noktas\u0131nda&#8220; &#8222;\u0622\u0644\u0645\u0627\u0646\u06cc \u0635\u062d\u0628\u062a \u06a9\u0646\u060c \u0628\u062e\u0646\u062f \u0648 \u06cc\u0627\u062f \u0628\u06af\u06cc\u0631 \u2013 \u062f\u0631 \u0646\u0634\u0633\u062a \u0628\u0631\u0627\u06cc \u0647\u0645\u0647 \u0641\u0631\u0647\u0646\u06af\u200c\u0647\u0627&#8220;&#8222;\u062a\u062d\u062f\u0651\u062b \u0627\u0644\u0623\u0644\u0645\u0627\u0646\u064a\u0629\u060c \u0627\u0636\u062d\u0643 \u0648\u062a\u0639\u0644\u0651\u0645 \u2013 \u0641\u064a \u0627\u0644\u0644\u0642\u0627\u0621 \u0627\u0644\u0645\u0641\u062a\u0648\u062d \u0644\u062c\u0645\u064a\u0639 \u0627\u0644\u062b\u0642\u0627\u0641\u0627\u062a&#8220; \u201cSpeak, laugh and learn German \u2013 at the meeting place [&hellip;]<\/p>\n","protected":false},"author":1,"featured_media":2623,"parent":17,"menu_order":0,"comment_status":"closed","ping_status":"closed","template":"","meta":{"_acf_changed":false,"footnotes":""},"class_list":["post-1412","page","type-page","status-publish","has-post-thumbnail","hentry"],"acf":[],"_links":{"self":[{"href":"https:\/\/kinderschutzbund-freiberg.de\/cms\/wp-json\/wp\/v2\/pages\/1412","targetHints":{"allow":["GET"]}}],"collection":[{"href":"https:\/\/kinderschutzbund-freiberg.de\/cms\/wp-json\/wp\/v2\/pages"}],"about":[{"href":"https:\/\/kinderschutzbund-freiberg.de\/cms\/wp-json\/wp\/v2\/types\/page"}],"author":[{"embeddable":true,"href":"https:\/\/kinderschutzbund-freiberg.de\/cms\/wp-json\/wp\/v2\/users\/1"}],"replies":[{"embeddable":true,"href":"https:\/\/kinderschutzbund-freiberg.de\/cms\/wp-json\/wp\/v2\/comments?post=1412"}],"version-history":[{"count":4,"href":"https:\/\/kinderschutzbund-freiberg.de\/cms\/wp-json\/wp\/v2\/pages\/1412\/revisions"}],"predecessor-version":[{"id":2625,"href":"https:\/\/kinderschutzbund-freiberg.de\/cms\/wp-json\/wp\/v2\/pages\/1412\/revisions\/2625"}],"up":[{"embeddable":true,"href":"https:\/\/kinderschutzbund-freiberg.de\/cms\/wp-json\/wp\/v2\/pages\/17"}],"wp:featuredmedia":[{"embeddable":true,"href":"https:\/\/kinderschutzbund-freiberg.de\/cms\/wp-json\/wp\/v2\/media\/2623"}],"wp:attachment":[{"href":"https:\/\/kinderschutzbund-freiberg.de\/cms\/wp-json\/wp\/v2\/media?parent=1412"}],"curies":[{"name":"wp","href":"https:\/\/api.w.org\/{rel}","templated":true}]}}