{"id":1422,"date":"2025-02-17T21:49:44","date_gmt":"2025-02-17T20:49:44","guid":{"rendered":"https:\/\/kinderschutzbund-freiberg.de\/cms\/?page_id=1422"},"modified":"2026-03-26T14:47:37","modified_gmt":"2026-03-26T13:47:37","slug":"sistertreff","status":"publish","type":"page","link":"https:\/\/kinderschutzbund-freiberg.de\/cms\/angebote\/familienzentrum\/sistertreff\/","title":{"rendered":"SISTERTREFF"},"content":{"rendered":"\n<div class=\"wp-block-columns is-layout-flex wp-container-core-columns-is-layout-9d6595d7 wp-block-columns-is-layout-flex\">\n<div class=\"wp-block-column is-layout-flow wp-block-column-is-layout-flow\" style=\"flex-basis:66.66%\">\n<p>Ein Treffpunkt f\u00fcr M\u00e4dchen mit Migrationsgeschichte. Ihr habt nach der Schule noch nichts vor und w\u00fcnscht euch vielleicht einen kleinen \u201esafe place\u201c zum Austauschen, Abh\u00e4ngen und gegenseitigen St\u00e4rken? Dann kommt gern beim M\u00e4dchentreffpunkt vorbei.<\/p>\n\n\n<div class=\"wp-block-image\">\n<figure class=\"alignleft size-full is-resized\"><a href=\"https:\/\/www.maedchenarbeit-sachsen.de\/\" target=\"_blank\" rel=\" noreferrer noopener\"><img loading=\"lazy\" decoding=\"async\" width=\"276\" height=\"80\" src=\"https:\/\/kinderschutzbund-freiberg.de\/cms\/wp-content\/uploads\/2025\/02\/landes-ag-maedchen-junge-frauen-sachsen.jpg\" alt=\"\" class=\"wp-image-1427\" style=\"width:230px\"\/><\/a><\/figure>\n<\/div>\n\n<div class=\"wp-block-image\">\n<figure class=\"alignleft size-full is-resized\"><img loading=\"lazy\" decoding=\"async\" width=\"671\" height=\"191\" src=\"https:\/\/kinderschutzbund-freiberg.de\/cms\/wp-content\/uploads\/2025\/02\/sisters-logo-klein.png\" alt=\"\" class=\"wp-image-1428\" style=\"width:230px\"\/><\/figure>\n<\/div><\/div>\n\n\n\n<div class=\"wp-block-column is-layout-flow wp-block-column-is-layout-flow\" style=\"flex-basis:33.33%\">\n<div class=\"kibu contactbox fullwidth\">\n    <div class=\"gutenberg-hint\">Kontakt-Block<\/div>\n        <div class='textarea'>\n        <p><strong>Wann?<\/strong><\/p>\n<p>jeden 2. Dienstag<\/p>\n<p>24.02., 10.03.<\/p>\n<p>13.00 \u2013 14.30 Uhr<\/p>\n<p><strong>Wo?<\/strong><\/p>\n<p>Familienzentrum, Raum 2.06<\/p>\n<p><strong>Wer?<\/strong><\/p>\n<p>Trang Ong<\/p>\n<p><strong>Anmeldung?<\/strong><\/p>\n<p>sisters@maedcherbeit-sachsen.de<br \/>\n0176 &#8211; 85957828<\/p>\n<p><strong>Kosten?<\/strong><\/p>\n<p>kostenfrei<\/p>\n    <\/div>\n    <\/div><\/div>\n<\/div>\n","protected":false},"excerpt":{"rendered":"<p>Ein Treffpunkt f\u00fcr M\u00e4dchen mit Migrationsgeschichte. Ihr habt nach der Schule noch nichts vor und w\u00fcnscht euch vielleicht einen kleinen \u201esafe place\u201c zum Austauschen, Abh\u00e4ngen und gegenseitigen St\u00e4rken? Dann kommt gern beim M\u00e4dchentreffpunkt vorbei.<\/p>\n","protected":false},"author":1,"featured_media":0,"parent":17,"menu_order":0,"comment_status":"closed","ping_status":"closed","template":"","meta":{"_acf_changed":false,"footnotes":""},"class_list":["post-1422","page","type-page","status-publish","hentry"],"acf":[],"_links":{"self":[{"href":"https:\/\/kinderschutzbund-freiberg.de\/cms\/wp-json\/wp\/v2\/pages\/1422","targetHints":{"allow":["GET"]}}],"collection":[{"href":"https:\/\/kinderschutzbund-freiberg.de\/cms\/wp-json\/wp\/v2\/pages"}],"about":[{"href":"https:\/\/kinderschutzbund-freiberg.de\/cms\/wp-json\/wp\/v2\/types\/page"}],"author":[{"embeddable":true,"href":"https:\/\/kinderschutzbund-freiberg.de\/cms\/wp-json\/wp\/v2\/users\/1"}],"replies":[{"embeddable":true,"href":"https:\/\/kinderschutzbund-freiberg.de\/cms\/wp-json\/wp\/v2\/comments?post=1422"}],"version-history":[{"count":11,"href":"https:\/\/kinderschutzbund-freiberg.de\/cms\/wp-json\/wp\/v2\/pages\/1422\/revisions"}],"predecessor-version":[{"id":2856,"href":"https:\/\/kinderschutzbund-freiberg.de\/cms\/wp-json\/wp\/v2\/pages\/1422\/revisions\/2856"}],"up":[{"embeddable":true,"href":"https:\/\/kinderschutzbund-freiberg.de\/cms\/wp-json\/wp\/v2\/pages\/17"}],"wp:attachment":[{"href":"https:\/\/kinderschutzbund-freiberg.de\/cms\/wp-json\/wp\/v2\/media?parent=1422"}],"curies":[{"name":"wp","href":"https:\/\/api.w.org\/{rel}","templated":true}]}}