{"id":143,"date":"2024-08-31T12:40:02","date_gmt":"2024-08-31T10:40:02","guid":{"rendered":"https:\/\/kinderschutzbund-freiberg.de\/cms\/?page_id=143"},"modified":"2025-12-04T20:27:34","modified_gmt":"2025-12-04T19:27:34","slug":"leitbild","status":"publish","type":"page","link":"https:\/\/kinderschutzbund-freiberg.de\/cms\/ueber-uns\/leitbild\/","title":{"rendered":"Leitbild"},"content":{"rendered":"\n<div class=\"wp-block-columns is-layout-flex wp-container-core-columns-is-layout-9d6595d7 wp-block-columns-is-layout-flex\">\n<div class=\"wp-block-column is-layout-flow wp-block-column-is-layout-flow\" style=\"flex-basis:66.66%\">\n<p>Der Kinderschutzbund Regionalverband Freiberg e. V. wurde im September 1997 gegr\u00fcndet und<\/p>\n\n\n\n<p>ist:<\/p>\n\n\n\n<ul class=\"wp-block-list\">\n<li>ein eingetragener Verein<\/li>\n\n\n\n<li>gemeinn\u00fctzig und anerkannter Tr\u00e4ger der freien Jugendhilfe<\/li>\n\n\n\n<li>eingebunden in den Kinderschutzbund Landesverband Sachsen e.V. und den Kinderschutzbund Bundesverband<\/li>\n\n\n\n<li>Mitglied im Parit\u00e4tischen Wohlfahrtsverband Sachsen<\/li>\n\n\n\n<li>Mitglied im B\u00fcndnisbeirat des Freiberger B\u00fcndnisses f\u00fcr Familienfreundlichkeit<\/li>\n<\/ul>\n\n\n\n<p>hat:<\/p>\n\n\n\n<ul class=\"wp-block-list\">\n<li>100 Mitglieder<\/li>\n\n\n\n<li>bis zu 135 Mitarbeitende<\/li>\n<\/ul>\n\n\n\n<p>setzt sich ein:<\/p>\n\n\n\n<ul class=\"wp-block-list\">\n<li>f\u00fcr die Umsetzung der UN Kinderrechtskonvention<\/li>\n\n\n\n<li>f\u00fcr die Verwirklichung einer kinder- und familienfreundlichen Gesellschaft<\/li>\n\n\n\n<li>f\u00fcr die F\u00f6rderung der geistigen, psychischen, sozialen und k\u00f6rperlichen Entwicklung der Kinder<\/li>\n\n\n\n<li>f\u00fcr den Schutz der Kinder vor Ausgrenzung, Diskriminierung und vor Gewalt jeglicher Art<\/li>\n\n\n\n<li>f\u00fcr soziale Gerechtigkeit aller Kinder<\/li>\n\n\n\n<li>f\u00fcr die Beteiligung der Kinder entsprechend deren Entwicklungsstandes bei allen Entscheidungen und Planungen, die sie betreffen<\/li>\n<\/ul>\n\n\n\n<p>ist Tr\u00e4ger:<\/p>\n\n\n\n<ul class=\"wp-block-list\">\n<li>von sieben Kindertagesst\u00e4tten<\/li>\n\n\n\n<li>von einem Familienzentrum<\/li>\n\n\n\n<li>von Projekten und Angeboten der Jugendhilfe<\/li>\n\n\n\n<li>von Schulsozialarbeit an Oberschulen, einem Gymnasium und einem F\u00f6rderzentrum<\/li>\n\n\n\n<li>des Hilfefonds \u201cFamilien in Not\u201c des Freiberger B\u00fcndnisses f\u00fcr Familienfreundlichkeit<\/li>\n<\/ul>\n\n\n\n<p>finanziert sich durch:<\/p>\n\n\n\n<ul class=\"wp-block-list\">\n<li>F\u00f6rdermittel<\/li>\n\n\n\n<li>Spenden<\/li>\n\n\n\n<li>Beitr\u00e4ge<\/li>\n\n\n\n<li>Zusch\u00fcssen von Kommunen, Land und Bund<\/li>\n<\/ul>\n\n\n\n<blockquote class=\"wp-block-quote is-layout-flow wp-block-quote-is-layout-flow\">\n<p>Sie k\u00f6nnen die Lobby der Kinder st\u00e4rken &#8211; mit Ihrer Spende, Ihrer Mitgliedschaft oder Ihrer ehrenamtlichen Mitarbeit!<\/p>\n<\/blockquote>\n<\/div>\n\n\n\n<div class=\"wp-block-column is-layout-flow wp-block-column-is-layout-flow\" style=\"flex-basis:33.33%\">\n<div class=\"wp-block-group is-style-sticky-header\"><div class=\"wp-block-group__inner-container is-layout-constrained wp-block-group-is-layout-constrained\">\n<div class=\"kibu sidebarbox blau\">\n    <div class=\"gutenberg-sidebarbox-hint\">Sidebar-Box<\/div>\n            <p class='headline'>Downloads<\/p>\n    \n            <ul class='links'>\n            <li><a href='https:\/\/kinderschutzbund-freiberg.de\/cms\/ueber-uns\/leitbild\/2022_vereinssatzung-dksb-freiberg\/'>Satzung des Vereins<\/a><\/li>        <\/ul>\n        \n\n            <p class='textarea'>\n                    <\/p>\n    <\/div><\/div><\/div>\n<\/div>\n<\/div>\n","protected":false},"excerpt":{"rendered":"<p>Der Kinderschutzbund Regionalverband Freiberg e. V. wurde im September 1997 gegr\u00fcndet und ist: hat: setzt sich ein: ist Tr\u00e4ger: finanziert sich durch: Sie k\u00f6nnen die Lobby der Kinder st\u00e4rken &#8211; mit Ihrer Spende, Ihrer Mitgliedschaft oder Ihrer ehrenamtlichen Mitarbeit!<\/p>\n","protected":false},"author":1,"featured_media":0,"parent":9,"menu_order":0,"comment_status":"closed","ping_status":"closed","template":"","meta":{"_acf_changed":false,"footnotes":""},"class_list":["post-143","page","type-page","status-publish","hentry"],"acf":[],"_links":{"self":[{"href":"https:\/\/kinderschutzbund-freiberg.de\/cms\/wp-json\/wp\/v2\/pages\/143","targetHints":{"allow":["GET"]}}],"collection":[{"href":"https:\/\/kinderschutzbund-freiberg.de\/cms\/wp-json\/wp\/v2\/pages"}],"about":[{"href":"https:\/\/kinderschutzbund-freiberg.de\/cms\/wp-json\/wp\/v2\/types\/page"}],"author":[{"embeddable":true,"href":"https:\/\/kinderschutzbund-freiberg.de\/cms\/wp-json\/wp\/v2\/users\/1"}],"replies":[{"embeddable":true,"href":"https:\/\/kinderschutzbund-freiberg.de\/cms\/wp-json\/wp\/v2\/comments?post=143"}],"version-history":[{"count":18,"href":"https:\/\/kinderschutzbund-freiberg.de\/cms\/wp-json\/wp\/v2\/pages\/143\/revisions"}],"predecessor-version":[{"id":2669,"href":"https:\/\/kinderschutzbund-freiberg.de\/cms\/wp-json\/wp\/v2\/pages\/143\/revisions\/2669"}],"up":[{"embeddable":true,"href":"https:\/\/kinderschutzbund-freiberg.de\/cms\/wp-json\/wp\/v2\/pages\/9"}],"wp:attachment":[{"href":"https:\/\/kinderschutzbund-freiberg.de\/cms\/wp-json\/wp\/v2\/media?parent=143"}],"curies":[{"name":"wp","href":"https:\/\/api.w.org\/{rel}","templated":true}]}}