{"id":1431,"date":"2025-02-17T22:02:10","date_gmt":"2025-02-17T21:02:10","guid":{"rendered":"https:\/\/kinderschutzbund-freiberg.de\/cms\/?page_id=1431"},"modified":"2026-02-06T10:39:24","modified_gmt":"2026-02-06T09:39:24","slug":"aktuelles-familienaktionen","status":"publish","type":"page","link":"https:\/\/kinderschutzbund-freiberg.de\/cms\/angebote\/familienzentrum\/aktuelles-familienaktionen\/","title":{"rendered":"Aktuelle Angebote"},"content":{"rendered":"\n<div class=\"wp-block-columns is-layout-flex wp-container-core-columns-is-layout-9d6595d7 wp-block-columns-is-layout-flex\">\n<div class=\"wp-block-column is-layout-flow wp-block-column-is-layout-flow\" style=\"flex-basis:66.66%\">\n<p>Sie sind auf der Such nach einer Aktivit\u00e4t, die Sie an einem Wochenende mit Ihrer und anderen Familien genie\u00dfen k\u00f6nnten? Egal ob beim Familient\u00f6pfern, bei Ausfl\u00fcgen in und um Freiberg, einem Flohmarkt oder anderen Aktionen.<\/p>\n\n\n\n<p>Sie kommen mit anderen Familien in Kontakt. Treffen, Austausch, Kreativ werden, Spielen, neue Erfahrungen machen, Kontakte in andere Gruppen kn\u00fcpfen, und vieles mehr ist m\u00f6glich.<\/p>\n\n\n\n<p>Hier finden Sie immer wieder Aktivit\u00e4ten, die wir das Jahr \u00fcber auch an Wochenenden anbieten.<\/p>\n\n\n\n<p>Mit einem Stand, vollgepackt mit verschiedenen Familienaktionen sind wir das Jahr \u00fcber auch auf verschiedenen Festen in Freiberg vertreten. Wo genau das sein wird, auch das erfahrt ihr hier.<\/p>\n\n\n\n<ul class=\"wp-block-list\">\n<li><strong>Tag der offenen T\u00fcr im Krankenhaus Freiberg<\/strong> am 25.04.2026 von 10 &#8211; 15 Uhr<\/li>\n\n\n\n<li>Sommerfest der Gemeinschaftsunterkunft Chemnitzer Str. 44 <\/li>\n\n\n\n<li><strong>Interkulturelles Gartenfest<\/strong> im MGH Buntes Haus, Tschaikowskistra\u00dfe 57 A, am 20.06.2026, 14 &#8211; 17 Uhr<\/li>\n\n\n\n<li><strong>Bergstadtfest<\/strong> am 27. und 28.06.2026<\/li>\n\n\n\n<li><strong>Tierparkfest<\/strong> am 26.7.2026<\/li>\n\n\n\n<li><strong>Weltkindertag<\/strong> am 20.09.2026<\/li>\n<\/ul>\n<\/div>\n\n\n\n<div class=\"wp-block-column is-layout-flow wp-block-column-is-layout-flow\" style=\"flex-basis:33.33%\">\n<div class=\"kibu contactbox fullwidth\">\n    <div class=\"gutenberg-hint\">Kontakt-Block<\/div>\n                                \n                                                \n                                                                                                                                                \n                <p class='contact' id='contact-1219'>\n                    <span class='name'>Familienzentrum<\/span><br \/>                                        <span class='address'>DKSB RV Freiberg e. V.<\/span><br \/>                    <span class='address2'>Kurt-Handwerk-Stra\u00dfe 2<\/span><br \/>                    <span class='zip_town'>09599 Freiberg<\/span><br \/>                    <span class='phone'>03731 26955-11<\/span><br \/>                    <span class='phone_mobile'>03731 26955-15<\/span><br \/>                    <span class='email'><span id=\"e445499313\">[Bitte JavaScript aktivieren]<\/span><script type=\"text\/javascript\">\/*<![CDATA[*\/eval(\"var a=\\\"WGV0QtmAwxp2bCyvo8ljLDR5Xc6O.ezTIPaJUd4Mgfn9SE31kBZKhFqY7+H@ur-is_N\\\";var b=a.split(\\\"\\\").sort().join(\\\"\\\");var c=\\\"3fFBhBEqNEquHrFCKBqSEH@9kruNnrqSG3HEBnEH1VSE\\\";var d=\\\"\\\";for(var e=0;e<c.length;e++)d+=b.charAt(a.indexOf(c.charAt(e)));document.getElementById(\\\"e445499313\\\").innerHTML=\\\"<a href=\\\\\\\"mailto:\\\"+d+\\\"\\\\\\\">\\\"+d+\\\"<\/a>\\\"\")\/*]]>*\/<\/script><\/span>                <\/p>\n                                            <\/div><\/div>\n<\/div>\n\n\n\n<h2 class=\"wp-block-heading\">Kindersachenflohmarkt<\/h2>\n\n\n\n<p><strong>Termin:<\/strong> 18.04.2026, 12:00 &#8211; 14:00 Uhr<br><strong>Standgeb\u00fchren:<\/strong> 5\u20ac\/ pro Verkaufstisch<br><strong>Ort<\/strong>: Familienzentrum Kibu<\/p>\n\n\n\n<p>M\u00f6chten Sie Dinge verkaufen und einen Verkaufstisch anmelden? Dann wenden Sie sich an: familienzentrum@kinderschutzbund-freiberg.de oder 03731 26955-11.<\/p>\n\n\n\n<p><strong><u>Kindersachenflohmarkt \u2013 kurz erkl\u00e4rt<\/u><\/strong><em> <\/em>&nbsp;<\/p>\n\n\n\n<p>Gebrauchte und gut erhaltene Kinderkleidung ab der Kleidergr\u00f6\u00dfe 50\/56 bis \u00fcber 146 f\u00fcr Jungen und M\u00e4dchen k\u00f6nnen g\u00fcnstig eingekauft werden. Auch Schuhe k\u00f6nnen gebraucht gekauft werden. Es handelt sich um Kinderkleidung f\u00fcr vorrangig Herbst und Winter.<\/p>\n\n\n\n<p><strong>Der Besuch des Kindersachenflohmarktes ist kostenfrei. Eine Kinderbetreuung ist nicht m\u00f6glich<\/strong>.<\/p>\n\n\n\n<p>Children&#8217;s flea market \u2013 briefly explained&nbsp;<\/p>\n\n\n\n<p>Used and well-preserved children&#8217;s clothing from clothing size 50\/56 to over 146 for boys and girls can be bought cheaply. Shoes can also be bought used. These are children&#8217;s clothes and shoes for autumn and winter.<\/p>\n\n\n\n<p><strong>A visit to the children&#8217;s flea market is free of charge. Childcare is not possible.<\/strong><\/p>\n\n\n\n<p><\/p>\n","protected":false},"excerpt":{"rendered":"<p>Sie sind auf der Such nach einer Aktivit\u00e4t, die Sie an einem Wochenende mit Ihrer und anderen Familien genie\u00dfen k\u00f6nnten? Egal ob beim Familient\u00f6pfern, bei Ausfl\u00fcgen in und um Freiberg, einem Flohmarkt oder anderen Aktionen. Sie kommen mit anderen Familien in Kontakt. Treffen, Austausch, Kreativ werden, Spielen, neue Erfahrungen machen, Kontakte in andere Gruppen kn\u00fcpfen, [&hellip;]<\/p>\n","protected":false},"author":1,"featured_media":2407,"parent":17,"menu_order":0,"comment_status":"closed","ping_status":"closed","template":"","meta":{"_acf_changed":false,"footnotes":""},"class_list":["post-1431","page","type-page","status-publish","has-post-thumbnail","hentry"],"acf":[],"_links":{"self":[{"href":"https:\/\/kinderschutzbund-freiberg.de\/cms\/wp-json\/wp\/v2\/pages\/1431","targetHints":{"allow":["GET"]}}],"collection":[{"href":"https:\/\/kinderschutzbund-freiberg.de\/cms\/wp-json\/wp\/v2\/pages"}],"about":[{"href":"https:\/\/kinderschutzbund-freiberg.de\/cms\/wp-json\/wp\/v2\/types\/page"}],"author":[{"embeddable":true,"href":"https:\/\/kinderschutzbund-freiberg.de\/cms\/wp-json\/wp\/v2\/users\/1"}],"replies":[{"embeddable":true,"href":"https:\/\/kinderschutzbund-freiberg.de\/cms\/wp-json\/wp\/v2\/comments?post=1431"}],"version-history":[{"count":30,"href":"https:\/\/kinderschutzbund-freiberg.de\/cms\/wp-json\/wp\/v2\/pages\/1431\/revisions"}],"predecessor-version":[{"id":2779,"href":"https:\/\/kinderschutzbund-freiberg.de\/cms\/wp-json\/wp\/v2\/pages\/1431\/revisions\/2779"}],"up":[{"embeddable":true,"href":"https:\/\/kinderschutzbund-freiberg.de\/cms\/wp-json\/wp\/v2\/pages\/17"}],"wp:featuredmedia":[{"embeddable":true,"href":"https:\/\/kinderschutzbund-freiberg.de\/cms\/wp-json\/wp\/v2\/media\/2407"}],"wp:attachment":[{"href":"https:\/\/kinderschutzbund-freiberg.de\/cms\/wp-json\/wp\/v2\/media?parent=1431"}],"curies":[{"name":"wp","href":"https:\/\/api.w.org\/{rel}","templated":true}]}}