{"id":1445,"date":"2025-02-17T22:23:18","date_gmt":"2025-02-17T21:23:18","guid":{"rendered":"https:\/\/kinderschutzbund-freiberg.de\/cms\/?page_id=1445"},"modified":"2025-11-24T11:01:51","modified_gmt":"2025-11-24T10:01:51","slug":"babymassage","status":"publish","type":"page","link":"https:\/\/kinderschutzbund-freiberg.de\/cms\/angebote\/familienzentrum\/babymassage\/","title":{"rendered":"Babymassage"},"content":{"rendered":"\n<div class=\"wp-block-columns is-layout-flex wp-container-core-columns-is-layout-9d6595d7 wp-block-columns-is-layout-flex\">\n<div class=\"wp-block-column is-layout-flow wp-block-column-is-layout-flow\" style=\"flex-basis:66.66%\">\n<p>(Angebot geplant und durchgef\u00fchrt mit einer externen, selbstst\u00e4ndig t\u00e4tigen Fachkraft)<\/p>\n\n\n\n<blockquote class=\"wp-block-quote is-layout-flow wp-block-quote-is-layout-flow\">\n<p>\u201eEin stiller Dialog der LIEBE zwischen einer Mutter und ihrem Kind.\u201c<br>(Fr\u00e9d\u00e9rick Leboyer)<\/p>\n<\/blockquote>\n\n\n\n<p>\u201eGemeinsam mit Kathrin Rothe, werden Sie angeleitet mit Ihrem Baby eine ganz besondere Beziehung einzugehen. Ber\u00fchre ich mit meinen H\u00e4nden diese wunderbare Seele, so verbinden sich auch unsere Herzen. Eine tragf\u00e4hige Beziehung entsteht. Die Massage mit Ihrem Baby vermittelt durch ihre Ber\u00fchrung Liebe, Akzeptanz und Respekt. Durch die regelm\u00e4\u00dfige Massage wird diese Begegnung ein Kommunikationsmittel, das ihnen w\u00e4hrend Ihres gesamten Elternseins zur Verf\u00fcgung steht. Gemeinsam mit Ihrem Kind setzen Sie einen Grundstein f\u00fcr eine lebenslange Entspannungsf\u00e4higkeit und Bindung zwischen Ihren Herzen.\u201c<\/p>\n\n\n\n<figure class=\"wp-block-image size-full\"><img loading=\"lazy\" decoding=\"async\" width=\"1386\" height=\"654\" src=\"https:\/\/kinderschutzbund-freiberg.de\/cms\/wp-content\/uploads\/2025\/02\/babymassage.jpg\" alt=\"\" class=\"wp-image-1449\"\/><\/figure>\n<\/div>\n\n\n\n<div class=\"wp-block-column is-layout-flow wp-block-column-is-layout-flow\" style=\"flex-basis:33.33%\">\n<div class=\"kibu contactbox fullwidth\">\n    <div class=\"gutenberg-hint\">Kontakt-Block<\/div>\n        <div class='textarea'>\n        <p><strong>Wann?<\/strong><\/p>\n<p>Mittwochs von 11:30 \u2013 13:00 Uhr<\/p>\n<p><strong>Wo?<\/strong><\/p>\n<p>Familienzentrum, 2.07<\/p>\n<p><strong>Wer?<\/strong><\/p>\n<p>Kathrin Rothe<\/p>\n<p><strong>Anmeldung und Informationen?<\/strong><\/p>\n<ul>\n<li>0163 1847252<\/li>\n<li><a href=\"mailto:kathrin-rothe@gmx.de\">kathrin-rothe@gmx.de<\/a><\/li>\n<li><a href=\"https:\/\/www.kathrinrothe.de\">https:\/\/www.kathrinrothe.de<\/a><\/li>\n<\/ul>\n<p><strong>Kosten?<\/strong><\/p>\n<p>80,00 \u20ac \/ Teilnehmer:in (inklusive \u00d6l und Skript)<\/p>\n    <\/div>\n    <\/div><\/div>\n<\/div>\n","protected":false},"excerpt":{"rendered":"<p>(Angebot geplant und durchgef\u00fchrt mit einer externen, selbstst\u00e4ndig t\u00e4tigen Fachkraft) \u201eEin stiller Dialog der LIEBE zwischen einer Mutter und ihrem Kind.\u201c(Fr\u00e9d\u00e9rick Leboyer) \u201eGemeinsam mit Kathrin Rothe, werden Sie angeleitet mit Ihrem Baby eine ganz besondere Beziehung einzugehen. Ber\u00fchre ich mit meinen H\u00e4nden diese wunderbare Seele, so verbinden sich auch unsere Herzen. Eine tragf\u00e4hige Beziehung entsteht. [&hellip;]<\/p>\n","protected":false},"author":1,"featured_media":0,"parent":17,"menu_order":0,"comment_status":"closed","ping_status":"closed","template":"","meta":{"_acf_changed":false,"footnotes":""},"class_list":["post-1445","page","type-page","status-publish","hentry"],"acf":[],"_links":{"self":[{"href":"https:\/\/kinderschutzbund-freiberg.de\/cms\/wp-json\/wp\/v2\/pages\/1445","targetHints":{"allow":["GET"]}}],"collection":[{"href":"https:\/\/kinderschutzbund-freiberg.de\/cms\/wp-json\/wp\/v2\/pages"}],"about":[{"href":"https:\/\/kinderschutzbund-freiberg.de\/cms\/wp-json\/wp\/v2\/types\/page"}],"author":[{"embeddable":true,"href":"https:\/\/kinderschutzbund-freiberg.de\/cms\/wp-json\/wp\/v2\/users\/1"}],"replies":[{"embeddable":true,"href":"https:\/\/kinderschutzbund-freiberg.de\/cms\/wp-json\/wp\/v2\/comments?post=1445"}],"version-history":[{"count":6,"href":"https:\/\/kinderschutzbund-freiberg.de\/cms\/wp-json\/wp\/v2\/pages\/1445\/revisions"}],"predecessor-version":[{"id":2630,"href":"https:\/\/kinderschutzbund-freiberg.de\/cms\/wp-json\/wp\/v2\/pages\/1445\/revisions\/2630"}],"up":[{"embeddable":true,"href":"https:\/\/kinderschutzbund-freiberg.de\/cms\/wp-json\/wp\/v2\/pages\/17"}],"wp:attachment":[{"href":"https:\/\/kinderschutzbund-freiberg.de\/cms\/wp-json\/wp\/v2\/media?parent=1445"}],"curies":[{"name":"wp","href":"https:\/\/api.w.org\/{rel}","templated":true}]}}