{"id":1458,"date":"2025-02-17T22:43:33","date_gmt":"2025-02-17T21:43:33","guid":{"rendered":"https:\/\/kinderschutzbund-freiberg.de\/cms\/?page_id=1458"},"modified":"2025-03-13T23:01:20","modified_gmt":"2025-03-13T22:01:20","slug":"pekip","status":"publish","type":"page","link":"https:\/\/kinderschutzbund-freiberg.de\/cms\/angebote\/familienzentrum\/pekip\/","title":{"rendered":"PEKiP\u00ae"},"content":{"rendered":"\n<div class=\"wp-block-columns is-layout-flex wp-container-core-columns-is-layout-9d6595d7 wp-block-columns-is-layout-flex\">\n<div class=\"wp-block-column is-layout-flow wp-block-column-is-layout-flow\" style=\"flex-basis:66.66%\">\n<p>(Angebot mit einer externen, selbstst\u00e4ndig t\u00e4tigen Fachkraft)<\/p>\n\n\n\n<p class=\"has-text-align-center\"><em>ZEIT f\u00fcr DICH und DEIN KIND ZEIT nehmen \u2013<br>ZEIT geben \u2013 ZEIT lassen \u2013 ZEIT haben<\/em><\/p>\n\n\n\n<p><strong>PEKiP\u00ae<\/strong>, das <strong>P<\/strong>rager \u2013<strong>E<\/strong>ltern- <strong>K<\/strong>ind \u2013 <strong>P<\/strong>rogramm, bietet Eltern mit Ihren Babys eine Entwicklungsbegleitung im ersten Lebensjahr.<\/p>\n\n\n\n<p>Das erste Lebensjahr ist eine ganz besondere Zeit. Das Baby lernt stetig dazu. Es kann seinen K\u00f6rper immer besser steuern, \u00fcbt Laute und beginnt seine Umwelt zu erkunden.<\/p>\n\n\n\n<p>Sie, als Eltern, wollen Ihr Kind bei dieser Entwicklung angemessen begleiten, zudem haben Sie selbst einige Fragen? In der PEKiP\u00ae-Gruppe hat Ihr Baby die M\u00f6glichkeit, deine neu gewonnenen F\u00e4higkeiten und seinen Forschergeist auszuprobieren \u2013 auch im Kontakt mit Gleichaltrigen.<\/p>\n\n\n\n<p>Sie k\u00f6nnen im Austausch mit anderen Eltern und der Gruppenleiterin von- und miteinander lernen. Sie bekommen Antworten, Anregungen und Unterst\u00fctzung.<\/p>\n\n\n\n<p><strong>Wir nehmen uns Zeit,<\/strong><\/p>\n\n\n\n<ul class=\"wp-block-list\">\n<li>die Bed\u00fcrfnisse des Kindes wahrzunehmen,<\/li>\n\n\n\n<li>das Baby zur Bewegung anzuregen,<\/li>\n\n\n\n<li>das Baby zu beobachten,<\/li>\n\n\n\n<li>mit dem Baby zu spielen,<\/li>\n\n\n\n<li>dem Baby erste Kontakte zu Gleichaltrigen zu erm\u00f6glichen,<\/li>\n\n\n\n<li>das Baby in seiner Eigenst\u00e4ndigkeit zu akzeptieren.<\/li>\n<\/ul>\n\n\n\n<p><strong>Wir geben dem Baby Zeit,<\/strong><\/p>\n\n\n\n<ul class=\"wp-block-list\">\n<li>seine Bed\u00fcrfnisse zu \u00e4u\u00dfern,<\/li>\n\n\n\n<li>sich selbstst\u00e4ndig zu bewegen,<\/li>\n\n\n\n<li>sich und andere Babys zu beobachten,<\/li>\n\n\n\n<li>Kontakt zu anderen Babys und Erwachsenen aufzunehmen,<\/li>\n\n\n\n<li>sich ohne Kleidung wohlzuf\u00fchlen und frei zu bewegen.<\/li>\n<\/ul>\n\n\n\n<p><strong>Wir lassen uns Zeit,<\/strong><\/p>\n\n\n\n<ul class=\"wp-block-list\">\n<li>f\u00fcr Gespr\u00e4che \u00fcber Entwicklung, Ern\u00e4hrung, Pflege, Erziehung, Berufsst\u00e4tigkeit, \u2026<\/li>\n<\/ul>\n\n\n\n<h2 class=\"wp-block-heading\"><strong>Die PEKiP\u00ae-Gruppe \/ Kursorganisation<\/strong><\/h2>\n\n\n\n<p>In der PEKiP\u00ae-Gruppe treffen sich Eltern mit ihren Babys ab der 4. \u2013 6. Lebenswoche in einem warmen Raum des Familienzentrums, auch ein sp\u00e4terer Einstieg ist unter Umst\u00e4nden m\u00f6glich. Vielfach starten wir ca. ab der 10 \u2013 12. Lebenswoche.<\/p>\n\n\n\n<p>Zu einer Gruppe geh\u00f6ren 6 \u2013 8 Erwachsene mit Ihren Babys im m\u00f6glichst gleichen Alter.<\/p>\n\n\n\n<p>Die Entwicklungsbegleitung erstreckt sich \u00fcber das 1.Lebensjahr und findet in 10er Bl\u00f6cken einmal pro Woche f\u00fcr 90 Minuten statt, wobei das An- und Ausziehen der Babys Teil des Gruppentreffens ist.<\/p>\n\n\n\n<p>In dieser Zeit sind die Babys nackt, damit sie sich freier bewegen k\u00f6nnen.<\/p>\n\n\n\n<p>Die PEKiP\u00ae-Gruppe wird von einer ausgebildeten und zertifizierten PEKiP\u00ae-Gruppenleiterin, Frau Elke Hellweg-Schl\u00f6mann begleitet. Die PEKiP\u00ae-Anregungen stehen im Mittelpunkt der Gruppenarbeit. In der werteorientierten Grundhaltung der PEKiP\u00ae-Gruppenarbeit wird die UN-Kinderrechtskonvention geachtet.<\/p>\n<\/div>\n\n\n\n<div class=\"wp-block-column is-layout-flow wp-block-column-is-layout-flow\" style=\"flex-basis:33.33%\">\n<div class=\"wp-block-group is-style-sticky-header\"><div class=\"wp-block-group__inner-container is-layout-constrained wp-block-group-is-layout-constrained\">\n<div class=\"kibu contactbox fullwidth\">\n    <div class=\"gutenberg-hint\">Kontakt-Block<\/div>\n        <div class='textarea'>\n        <p><strong>Wann?<\/strong><\/p>\n<p>Donnerstag &amp; Freitag<\/p>\n<p>10 Treffen<br \/>\nFolgekurse m\u00f6glich<\/p>\n<p>Den Start und die Zeit der Kurse legt die Gruppenleiterin in den entstehenden Gruppen fest.<\/p>\n<p><strong>Wo?<\/strong><\/p>\n<p>Familienzentrum, Raum 2.07<\/p>\n<p><strong>Wer?<\/strong><\/p>\n<p>Elke Hellweg-Schl\u00f6mann<br \/>\nzertifizierte Gruppenleiterin<\/p>\n<p><strong>Anmeldung und Informationen?<\/strong><\/p>\n<ul>\n<li>03731 215181<\/li>\n<li><a href=\"mailto:e.hellweg-schloemann@gmx.de\">e.hellweg-schloemann@gmx.de<\/a><\/li>\n<\/ul>\n<p><strong>Kosten?<\/strong><\/p>\n<p>115,-\u20ac \/ Teilnehmer:in<br \/>\n(Krankenkassenbeteiligung m\u00f6glich!)<\/p>\n    <\/div>\n    <\/div><\/div><\/div>\n<\/div>\n<\/div>\n","protected":false},"excerpt":{"rendered":"<p>(Angebot mit einer externen, selbstst\u00e4ndig t\u00e4tigen Fachkraft) ZEIT f\u00fcr DICH und DEIN KIND ZEIT nehmen \u2013ZEIT geben \u2013 ZEIT lassen \u2013 ZEIT haben PEKiP\u00ae, das Prager \u2013Eltern- Kind \u2013 Programm, bietet Eltern mit Ihren Babys eine Entwicklungsbegleitung im ersten Lebensjahr. Das erste Lebensjahr ist eine ganz besondere Zeit. Das Baby lernt stetig dazu. Es kann [&hellip;]<\/p>\n","protected":false},"author":1,"featured_media":0,"parent":17,"menu_order":0,"comment_status":"closed","ping_status":"closed","template":"","meta":{"_acf_changed":false,"footnotes":""},"class_list":["post-1458","page","type-page","status-publish","hentry"],"acf":[],"_links":{"self":[{"href":"https:\/\/kinderschutzbund-freiberg.de\/cms\/wp-json\/wp\/v2\/pages\/1458","targetHints":{"allow":["GET"]}}],"collection":[{"href":"https:\/\/kinderschutzbund-freiberg.de\/cms\/wp-json\/wp\/v2\/pages"}],"about":[{"href":"https:\/\/kinderschutzbund-freiberg.de\/cms\/wp-json\/wp\/v2\/types\/page"}],"author":[{"embeddable":true,"href":"https:\/\/kinderschutzbund-freiberg.de\/cms\/wp-json\/wp\/v2\/users\/1"}],"replies":[{"embeddable":true,"href":"https:\/\/kinderschutzbund-freiberg.de\/cms\/wp-json\/wp\/v2\/comments?post=1458"}],"version-history":[{"count":2,"href":"https:\/\/kinderschutzbund-freiberg.de\/cms\/wp-json\/wp\/v2\/pages\/1458\/revisions"}],"predecessor-version":[{"id":1461,"href":"https:\/\/kinderschutzbund-freiberg.de\/cms\/wp-json\/wp\/v2\/pages\/1458\/revisions\/1461"}],"up":[{"embeddable":true,"href":"https:\/\/kinderschutzbund-freiberg.de\/cms\/wp-json\/wp\/v2\/pages\/17"}],"wp:attachment":[{"href":"https:\/\/kinderschutzbund-freiberg.de\/cms\/wp-json\/wp\/v2\/media?parent=1458"}],"curies":[{"name":"wp","href":"https:\/\/api.w.org\/{rel}","templated":true}]}}