{"id":155,"date":"2024-08-31T12:52:33","date_gmt":"2024-08-31T10:52:33","guid":{"rendered":"https:\/\/kinderschutzbund-freiberg.de\/cms\/?page_id=155"},"modified":"2026-03-18T09:03:12","modified_gmt":"2026-03-18T08:03:12","slug":"karriere","status":"publish","type":"page","link":"https:\/\/kinderschutzbund-freiberg.de\/cms\/karriere\/","title":{"rendered":"Karriere"},"content":{"rendered":"\n<p>Der Kinderschutzbund Regionalverband Freiberg e.V. ist ein anerkannter Tr\u00e4ger der freien Jugendhilfe mit Sitz in Freiberg. In unseren Einrichtungen sind wir mit verschiedensten Angeboten Partner f\u00fcr Kinder, Jugendliche und deren Erziehungsberechtigte. Dabei ist es f\u00fcr uns grundliegende Aufgabe, daf\u00fcr zu sorgen, dass die Rechte der Kinder gesellschaftlich wahrgenommen werden. Wir handeln nach den Grunds\u00e4tzen von Diversit\u00e4t, Weltoffenheit und Vielfalt. Werden auch Sie Teil unseres engagierten Teams. Wir freuen uns auf Ihre Bewerbung!<\/p>\n\n\n\n<h2 class=\"wp-block-heading\">P\u00e4dagogische Fachkraft (m\/w\/d) f\u00fcr die Arbeit im Schulclub<\/h2>\n\n\n\n<p>Seit \u00fcber 10 Jahren setzen wir Schulclubprojekte in Freiberg und Umgebung um. Wir suchen Sie<strong> ab 01.04.2026 <\/strong>als P\u00e4dagogische Fachkraft (m\/w\/d) f\u00fcr die Arbeit im<strong> Schulclub an der Oberschule Gottfried Pabst von Ohain<\/strong> (anerkannte\/r Erzieher:in) in Freiberg mit einem <strong>Stundenumfang von 25h. <\/strong>N\u00e4here Informationen erfahren Sie hier:<\/p>\n\n\n\n<div data-wp-interactive=\"core\/file\" class=\"wp-block-file\"><object data-wp-bind--hidden=\"!state.hasPdfPreview\" hidden class=\"wp-block-file__embed\" data=\"https:\/\/kinderschutzbund-freiberg.de\/cms\/wp-content\/uploads\/2026\/03\/2026-03-16-Stellenausschreibung-Schulclub-OHAIN-Schule-Kinderschutzbund-Freiberg.pdf\" type=\"application\/pdf\" style=\"width:100%;height:200px\" aria-label=\"Einbettung von Stellenausschreibung Schulclub.\"><\/object><a id=\"wp-block-file--media-fcf394d6-5fec-452c-b78a-23cee6f2f306\" href=\"https:\/\/kinderschutzbund-freiberg.de\/cms\/wp-content\/uploads\/2026\/03\/2026-03-16-Stellenausschreibung-Schulclub-OHAIN-Schule-Kinderschutzbund-Freiberg.pdf\">Stellenausschreibung Schulclub<\/a><a href=\"https:\/\/kinderschutzbund-freiberg.de\/cms\/wp-content\/uploads\/2026\/03\/2026-03-16-Stellenausschreibung-Schulclub-OHAIN-Schule-Kinderschutzbund-Freiberg.pdf\" class=\"wp-block-file__button wp-element-button\" download aria-describedby=\"wp-block-file--media-fcf394d6-5fec-452c-b78a-23cee6f2f306\">Herunterladen<\/a><\/div>\n\n\n\n<h2 class=\"wp-block-heading\">Elternbegleiterin (m\/w\/d)<\/h2>\n\n\n\n<p>Elternbegleitung unterst\u00fctzt Familien in besonderen Lebenslagen bei Erziehungsfragen und Bildungsprozessen.&nbsp;Elternbegleitung schafft einen vertrauensvollen Zugang zu Familien, f\u00fchrt niedrigschwellige Begleitungs- und Beratungsangebote durch, bietet Unterst\u00fctzung bei der Alltagsbew\u00e4ltigung und vermittelt an passende Angebote der Kinder- und Jugendhilfe. Sie hilft Eltern, bestm\u00f6gliche Bildungsentscheidungen f\u00fcr ihre Kinder zu treffen. Elternbegleitung st\u00e4rkt eine fr\u00fchzeitige und individuelle Entwicklungsf\u00f6rderung und tr\u00e4gt damit nachhaltig zu besseren Bildungs- und Teilhabechancen von Kindern bei. Elternbegleitung bezieht die \u00dcberg\u00e4nge von der Familie in die au\u00dferh\u00e4usliche Betreuung und von der KiTa in die Schule mit ein. <\/p>\n\n\n\n<p>Wir suchen Sie ab 01.04.2026 als Elternbegleiterin (m\/w\/d) f\u00fcr die Arbeit im Projekt ElternChanceN im Familienzentrum (anerkannte\/r Erzieher:in) in Freiberg mit einem Stundenumfang von 19,5h, befristet bis 31.05.2028. Weitere Inforationen finden Sie unter <\/p>\n\n\n\n<div data-wp-interactive=\"core\/file\" class=\"wp-block-file\"><object data-wp-bind--hidden=\"!state.hasPdfPreview\" hidden class=\"wp-block-file__embed\" data=\"https:\/\/kinderschutzbund-freiberg.de\/cms\/wp-content\/uploads\/2026\/03\/2026-03-16-Stellenausschreibung-ElternChancen-Kinderschutzbund-Freiberg.pdf\" type=\"application\/pdf\" style=\"width:100%;height:200px\" aria-label=\"Einbettung von Stellenausschreibung ElternChancen Kinderschutzbund Freiberg.\"><\/object><a id=\"wp-block-file--media-a24ebc99-9c06-483e-a57b-0bb59d60c59e\" href=\"https:\/\/kinderschutzbund-freiberg.de\/cms\/wp-content\/uploads\/2026\/03\/2026-03-16-Stellenausschreibung-ElternChancen-Kinderschutzbund-Freiberg.pdf\">Stellenausschreibung ElternChancen Kinderschutzbund Freiberg<\/a><a href=\"https:\/\/kinderschutzbund-freiberg.de\/cms\/wp-content\/uploads\/2026\/03\/2026-03-16-Stellenausschreibung-ElternChancen-Kinderschutzbund-Freiberg.pdf\" class=\"wp-block-file__button wp-element-button\" download aria-describedby=\"wp-block-file--media-a24ebc99-9c06-483e-a57b-0bb59d60c59e\">Herunterladen<\/a><\/div>\n\n\n\n<h1 class=\"wp-block-heading\">Aufruf Praktikum \/ Freiwilliges Soziales Jahr \/ Bundesfreiwilligendienst<\/h1>\n\n\n\n<p><strong>Willkommen bei uns im Team!<\/strong><\/p>\n\n\n\n<p>Unsere Teams in den Kindertagesst\u00e4tten und Horten suchen stets nach engagierten und motivierten Praktikant:innen und Freiwilligen im Sozialen Jahr (FSJ) und Freiwilligen im Bundesfreiwilligendienst (BFD), die sich f\u00fcr die Arbeit mit Kindern begeistern.<\/p>\n\n\n\n<p>Als Praktikant:in oder FSJ\/BFD-Teilnehmer:in haben Sie die M\u00f6glichkeit, wertvolle Erfahrungen in der p\u00e4dagogischen Arbeit zu sammeln und einen wichtigen Beitrag zur F\u00f6rderung und Betreuung unserer Kinder zu leisten.<\/p>\n\n\n\n<p>Wir bieten Ihnen eine unterst\u00fctzende und kollegiale Atmosph\u00e4re, in der Sie Ihre F\u00e4higkeiten und Interessen entfalten k\u00f6nnen. Unser Team freut sich darauf, Sie kennenzulernen und gemeinsam mit Ihnen zu arbeiten. Wenn Sie sich f\u00fcr eine Praktikums- oder FSJ\/BFD-Stelle bei uns interessieren, z\u00f6gern Sie nicht, uns zu kontaktieren. Wir freuen uns auf Ihre Bewerbung bei der jeweiligen Einrichtungsleitung.<\/p>\n\n\n\n<p><\/p>\n","protected":false},"excerpt":{"rendered":"<p>Der Kinderschutzbund Regionalverband Freiberg e.V. ist ein anerkannter Tr\u00e4ger der freien Jugendhilfe mit Sitz in Freiberg. In unseren Einrichtungen sind wir mit verschiedensten Angeboten Partner f\u00fcr Kinder, Jugendliche und deren Erziehungsberechtigte. Dabei ist es f\u00fcr uns grundliegende Aufgabe, daf\u00fcr zu sorgen, dass die Rechte der Kinder gesellschaftlich wahrgenommen werden. Wir handeln nach den Grunds\u00e4tzen von [&hellip;]<\/p>\n","protected":false},"author":1,"featured_media":0,"parent":0,"menu_order":0,"comment_status":"closed","ping_status":"closed","template":"","meta":{"_acf_changed":false,"footnotes":""},"class_list":["post-155","page","type-page","status-publish","hentry"],"acf":[],"_links":{"self":[{"href":"https:\/\/kinderschutzbund-freiberg.de\/cms\/wp-json\/wp\/v2\/pages\/155","targetHints":{"allow":["GET"]}}],"collection":[{"href":"https:\/\/kinderschutzbund-freiberg.de\/cms\/wp-json\/wp\/v2\/pages"}],"about":[{"href":"https:\/\/kinderschutzbund-freiberg.de\/cms\/wp-json\/wp\/v2\/types\/page"}],"author":[{"embeddable":true,"href":"https:\/\/kinderschutzbund-freiberg.de\/cms\/wp-json\/wp\/v2\/users\/1"}],"replies":[{"embeddable":true,"href":"https:\/\/kinderschutzbund-freiberg.de\/cms\/wp-json\/wp\/v2\/comments?post=155"}],"version-history":[{"count":20,"href":"https:\/\/kinderschutzbund-freiberg.de\/cms\/wp-json\/wp\/v2\/pages\/155\/revisions"}],"predecessor-version":[{"id":2836,"href":"https:\/\/kinderschutzbund-freiberg.de\/cms\/wp-json\/wp\/v2\/pages\/155\/revisions\/2836"}],"wp:attachment":[{"href":"https:\/\/kinderschutzbund-freiberg.de\/cms\/wp-json\/wp\/v2\/media?parent=155"}],"curies":[{"name":"wp","href":"https:\/\/api.w.org\/{rel}","templated":true}]}}