{"id":159,"date":"2024-08-31T13:07:04","date_gmt":"2024-08-31T11:07:04","guid":{"rendered":"https:\/\/kinderschutzbund-freiberg.de\/cms\/?page_id=159"},"modified":"2026-02-09T11:45:51","modified_gmt":"2026-02-09T10:45:51","slug":"elternchancen","status":"publish","type":"page","link":"https:\/\/kinderschutzbund-freiberg.de\/cms\/angebote\/elternchancen\/","title":{"rendered":"ElternChanceN"},"content":{"rendered":"\n<p>Mit Elternbegleitung Familien st\u00e4rken!<\/p>\n\n\n\n<p>Mit dem <a href=\"https:\/\/elternchancen.de\/\" target=\"_blank\" rel=\"noreferrer noopener\">ESF Plus-Programm<\/a> \u201e<strong>ElternChanceN \u2013 mit Elternbegleitung Familien st\u00e4rken<\/strong>\u201c sollen Eltern in unterschiedlichen Lebenslagen und -situationen unterst\u00fctzt werden. Unsere Elternbegleiterin entwickelt mit verschiedenen Kooperationspartnern vor Ort ein vielf\u00e4ltiges Angebot f\u00fcr Familien mit Kindern bis ins Grundschulalter.<\/p>\n\n\n\n<p>Mit \u201eElternChanceN \u2013 Mit Elternbegleitung Familien st\u00e4rken\u201c wollen wir folgendes bieten:<\/p>\n\n\n\n<ul class=\"wp-block-list\">\n<li>Familienfreundliche Angebote<\/li>\n\n\n\n<li>Austausch f\u00fcr Familien<\/li>\n\n\n\n<li>Ansprechpartner:in sein f\u00fcr Sorgen und Probleme<\/li>\n<\/ul>\n\n\n\n<p>Ziel ist es, familiengerechte Bildungsangebote zur St\u00e4rkung der elterlichen Ressourcen anzubieten und Kinder durch erziehungs- und bildungsbegleitende Ma\u00dfnahmen zu unterst\u00fctzen.<\/p>\n\n\n\n<h2 class=\"wp-block-heading\">Ferienprogramm in den Winterferien<\/h2>\n\n\n\n<p><strong>Familien-Eisstockschie\u00dfen<\/strong><br>Termin: 09.02.2026 Uhrzeit: 15:00\u201316:00 Uhr Alter: 5\u201312 Jahre<br>Kursleitung: Laura P\u00f6nisch<br>Beim Eisstockschie\u00dfen auf der Eislaufbahn im Freiberger Schloss erlebst du gemeinsam mit deiner Familie ein fr\u00f6hliches Winterabenteuer! Ihr versucht, eure Eisst\u00f6cke m\u00f6glichst nah an das Ziel zu bringen und sammelt dabei Punkte, Spa\u00df und unvergessliche gemeinsame Momente. <strong>Kostenfreies Angebot<\/strong><\/p>\n\n\n\n<p><strong>Winterspaziergang<\/strong><br>Termin: 10.02.2026 Uhrzeit: 9:00\u201311:00 Uhr Alter: keine Beschr\u00e4nkung<br>Kursleitung: Laura P\u00f6nisch und und Carina Adlung<br>Bei einem Winterspaziergang mit deiner Familie erlebt ihr den Wald mit allen Sinnen: Ihr entdeckt Naturdetails, die man sonst leicht \u00fcbersieht und werdet gemeinsam kreativ. <strong>Kostenfreies Angebot<\/strong><\/p>\n\n\n\n<p><strong>Familiennachmittag in der Salzgrotte<\/strong><\/p>\n\n\n\n<p>Termin: 11.02.2026 Uhrzeit: 15:00\u201316:00 Uhr Alter: keine Beschr\u00e4nkung<\/p>\n\n\n\n<p>Bei einem Familiennachmittag in der Freiberger Salzgrotte k\u00f6nnt ihr gemeinsam tief durchatmen und entspannen. Dazu wird euch eine Geschichte vorgelesen, die euch auf eine kleine Fantasiereise mitnimmt. <strong>Kostenfreies Angebot<\/strong><\/p>\n\n\n\n<p><strong>Familienfr\u00fchst\u00fcck<\/strong><br>Termin: 12.02.2026 Uhrzeit: 9:00\u201311:00 Uhr Kursleitung: Laura P\u00f6nisch Alter: 0 &#8211; 5 Jahre<br>Eltern mit Kindern sind herzlich eingeladen zu unserem<br>gem\u00fctlichen Familienfr\u00fchst\u00fcck!<br>Bei Br\u00f6tchen, Kaffee und kleinen Snacks gibt es Raum f\u00fcr<br>Austausch, Begegnung und Spiel. <strong>Kostenfreies Angebot<\/strong><\/p>\n\n\n\n<p><strong>Entdeckertour f\u00fcr Familien<\/strong><br>Termin: 13.02.2026 Uhrzeit: 13:30 Uhr Kursleitung: Laura P\u00f6nisch Treffpunkt: Fuchsm\u00fchlenweg 9 in Freiberg Alter: ab 6 Jahre<br>Bei einer spannenden F\u00fchrung durch das Freiberger Bergwerk taucht ihr gemeinsam als Familie in die faszinierende Welt unter Tage ein! Ausger\u00fcstet mit Helm und Lampe folgt ihr den alten Stollen und erfahrt spannende Geschichten aus dem Leben der Bergleute. <strong>Kostenfreies Angebot<\/strong><\/p>\n\n\n\n<p><strong>Familienklettern<\/strong><br>Termin: 20.02.2026 Uhrzeit: 14:00 \u2013 16:00 Uhr Treffpunkt: Jahnsporthalle, Turnerstra\u00dfe 3 in Freiberg Alter: ab 6 \u2013 10 Jahre<br>Beim Familienklettern an der Kletterwand erlebt ihr gemeinsam ein spannendes Abenteuer. Gro\u00df und Klein probieren erste Kletterz\u00fcge aus, st\u00e4rken Vertrauen und Teamgeist und genie\u00dfen Bewegung, Spa\u00df und gemeinsame Momente.\u00a0<strong>Kostenfreies Angebot<\/strong><br><br><strong>Anmeldung f\u00fcr alle Termine unter:<br>03731 2695515 oder<br>laura.poenisch@kinderschutzbund-freiberg.de<\/strong><\/p>\n\n\n\n<h2 class=\"wp-block-heading\">Angebote:<\/h2>\n\n\n\n<h2 class=\"wp-block-heading\">Papas.in.Freiberg<\/h2>\n\n\n\n<p>Immer mehr V\u00e4ter wollen eine aktive Vaterschaft leben. Leider haben die wenigsten von uns gelernt, was moderne Vaterschaft bedeutet und sind gefangen im klassischen Ern\u00e4hrer-Modell. Eine gesch\u00fctzte Umgebung erm\u00f6glicht eine Vernetzung und den Austausch \u00fcber die eigene Vaterrolle, die Herausforderung als Eltern, den Alltag mit Kindern, Probleme in der Partnerschaft und die Vereinbarkeit von Familie und Beruf. <\/p>\n\n\n\n<script type='text\/javascript'>\n    function toggleNextBlock(e) {\n        if ( jQuery(e).parent().next().is(\"script\") ) {\n            return;\n        }\n    \n        jQuery(e).parent().next().toggle();\n        event.preventDefault();\n    }\n\n            jQuery(document).ready(function(){\n            jQuery(\".expandbox\").next().hide();\n        });\n    <\/script>\n\n<div class=\"kibu expandbox collapsed\">\n    <div class=\"gutenberg-expandbox-hint\">N\u00e4chster Block klappbar<\/div>\n    <button type='button' onClick='toggleNextBlock(this)'>Veranstaltungsdetails anzeigen<\/button><\/div>\n\n\n\n<figure class=\"wp-block-table is-style-stripes\"><table><tbody><tr><td><strong>Datum<\/strong><\/td><td>jeden zweiten Donnerstag im Monat<\/td><\/tr><tr><td><strong>Uhrzeit<\/strong><\/td><td>20:30 Uhr<\/td><\/tr><tr><td><strong>Art der Veranstaltung<\/strong><\/td><td>Online-Angebot<\/td><\/tr><tr><td><strong>Kursleitung<\/strong><\/td><td>Eric Schwitalla<\/td><\/tr><tr><td><strong>Anmeldung<\/strong><\/td><td>erforderlich unter:<br><a href=\"mailto:Papas.in.freiberg@gmail.com\">Papas.in.freiberg@gmail.com<\/a><br>01782957222<\/td><\/tr><tr><td><strong>Kosten<\/strong><\/td><td>kostenfrei<\/td><\/tr><\/tbody><\/table><\/figure>\n\n\n\n<h2 class=\"wp-block-heading\">Familien unterwegs<\/h2>\n\n\n\n<p>Bei einem Spaziergang durch den Wald sprechen wir \u00fcber Erziehung, kindliche Entwicklung und den Alltag mit Kindern.<\/p>\n\n\n\n<script type='text\/javascript'>\n    function toggleNextBlock(e) {\n        if ( jQuery(e).parent().next().is(\"script\") ) {\n            return;\n        }\n    \n        jQuery(e).parent().next().toggle();\n        event.preventDefault();\n    }\n\n            jQuery(document).ready(function(){\n            jQuery(\".expandbox\").next().hide();\n        });\n    <\/script>\n\n<div class=\"kibu expandbox collapsed\">\n    <div class=\"gutenberg-expandbox-hint\">N\u00e4chster Block klappbar<\/div>\n    <button type='button' onClick='toggleNextBlock(this)'>Veranstaltungsdetails anzeigen<\/button><\/div>\n\n\n\n<figure class=\"wp-block-table is-style-stripes\"><table><tbody><tr><td><strong>Datum<\/strong><\/td><td>jeden Dienstag<\/td><\/tr><tr><td><strong>Uhrzeit<\/strong><\/td><td>09:00 &#8211; 11:00 Uhr<\/td><\/tr><tr><td><strong>Art der Veranstaltung<\/strong><\/td><td>vor Ort<\/td><\/tr><tr><td><strong>Kursleitung<\/strong><\/td><td>&#8211;<\/td><\/tr><tr><td><strong>Ort<\/strong><\/td><td>Der Kinderschutzbund<br>Regionalverband Freiberg e.V.<br>Kurt-Handwerk-Stra\u00dfe 2<br>09599 Freiberg<\/td><\/tr><tr><td><strong>Anmeldung<\/strong><\/td><td>nicht erforderlich<\/td><\/tr><tr><td><strong>Kosten<\/strong><\/td><td>kostenfrei<\/td><\/tr><\/tbody><\/table><\/figure>\n\n\n\n<h2 class=\"wp-block-heading\">Familien-Foto-Box<\/h2>\n\n\n\n<p>Ein Moment f\u00fcr die Ewigkeit!<\/p>\n\n\n\n<p>Wir erm\u00f6glichen Lebensmomente f\u00fcr Familien festzuhalten, mit unserer Familien-Foto-Box f\u00fcr Ihre Veranstaltung. Dieses Angebot richtet sich an <strong>Kinderg\u00e4rten und Horte<\/strong> und ist f\u00fcr Sie kostenfrei. <\/p>\n\n\n\n<script type='text\/javascript'>\n    function toggleNextBlock(e) {\n        if ( jQuery(e).parent().next().is(\"script\") ) {\n            return;\n        }\n    \n        jQuery(e).parent().next().toggle();\n        event.preventDefault();\n    }\n\n            jQuery(document).ready(function(){\n            jQuery(\".expandbox\").next().hide();\n        });\n    <\/script>\n\n<div class=\"kibu expandbox collapsed\">\n    <div class=\"gutenberg-expandbox-hint\">N\u00e4chster Block klappbar<\/div>\n    <button type='button' onClick='toggleNextBlock(this)'>Informationen anzeigen<\/button><\/div>\n\n\n\n<figure class=\"wp-block-table is-style-stripes\"><table><tbody><tr><td><strong>Anmeldung<\/strong><\/td><td>erforderlich unter:<br><a href=\"mailto:laura.poenisch@kinderschutzbund-freiberg.de\">laura.poenisch@kinderschutzbund-freiberg.de<\/a><br>01782957222<\/td><\/tr><tr><td><strong>Kosten<\/strong><\/td><td>kostenfrei<\/td><\/tr><\/tbody><\/table><\/figure>\n\n\n\n<h2 class=\"wp-block-heading\">Mit Unterst\u00fctzung von&#8230;<\/h2>\n\n\n\n<p>Das Projekt &#8222;Netzwerk Elternbegleitung Mittelsachsen Nord\/S\u00fcd&#8220; wird im Rahmen des ESF Plus-Programms &#8222;ElternChanceN &#8211; mit Elternbegleitung Familien st\u00e4rken&#8220; durch das Bundesministerium f\u00fcr Familie, Senioren, Frauen und Jugend und durch die Europ\u00e4ische Union \u00fcber den Europ\u00e4ischen Sozialfonds Plus (ESF Plus) gef\u00f6rdert.<\/p>\n\n\n\n<figure class=\"wp-block-image size-full is-resized\"><img loading=\"lazy\" decoding=\"async\" width=\"831\" height=\"141\" src=\"https:\/\/kinderschutzbund-freiberg.de\/cms\/wp-content\/uploads\/2025\/03\/foerderung_elternchancen_v2.png\" alt=\"\" class=\"wp-image-1838\" style=\"width:599px;height:auto\" srcset=\"https:\/\/kinderschutzbund-freiberg.de\/cms\/wp-content\/uploads\/2025\/03\/foerderung_elternchancen_v2.png 831w, https:\/\/kinderschutzbund-freiberg.de\/cms\/wp-content\/uploads\/2025\/03\/foerderung_elternchancen_v2-300x51.png 300w, https:\/\/kinderschutzbund-freiberg.de\/cms\/wp-content\/uploads\/2025\/03\/foerderung_elternchancen_v2-768x130.png 768w\" sizes=\"auto, (max-width: 831px) 100vw, 831px\" \/><\/figure>\n","protected":false},"excerpt":{"rendered":"<p>Mit Elternbegleitung Familien st\u00e4rken! Mit dem ESF Plus-Programm \u201eElternChanceN \u2013 mit Elternbegleitung Familien st\u00e4rken\u201c sollen Eltern in unterschiedlichen Lebenslagen und -situationen unterst\u00fctzt werden. Unsere Elternbegleiterin entwickelt mit verschiedenen Kooperationspartnern vor Ort ein vielf\u00e4ltiges Angebot f\u00fcr Familien mit Kindern bis ins Grundschulalter. Mit \u201eElternChanceN \u2013 Mit Elternbegleitung Familien st\u00e4rken\u201c wollen wir folgendes bieten: Ziel ist es, [&hellip;]<\/p>\n","protected":false},"author":1,"featured_media":0,"parent":15,"menu_order":0,"comment_status":"closed","ping_status":"closed","template":"","meta":{"_acf_changed":false,"footnotes":""},"class_list":["post-159","page","type-page","status-publish","hentry"],"acf":[],"_links":{"self":[{"href":"https:\/\/kinderschutzbund-freiberg.de\/cms\/wp-json\/wp\/v2\/pages\/159","targetHints":{"allow":["GET"]}}],"collection":[{"href":"https:\/\/kinderschutzbund-freiberg.de\/cms\/wp-json\/wp\/v2\/pages"}],"about":[{"href":"https:\/\/kinderschutzbund-freiberg.de\/cms\/wp-json\/wp\/v2\/types\/page"}],"author":[{"embeddable":true,"href":"https:\/\/kinderschutzbund-freiberg.de\/cms\/wp-json\/wp\/v2\/users\/1"}],"replies":[{"embeddable":true,"href":"https:\/\/kinderschutzbund-freiberg.de\/cms\/wp-json\/wp\/v2\/comments?post=159"}],"version-history":[{"count":36,"href":"https:\/\/kinderschutzbund-freiberg.de\/cms\/wp-json\/wp\/v2\/pages\/159\/revisions"}],"predecessor-version":[{"id":2794,"href":"https:\/\/kinderschutzbund-freiberg.de\/cms\/wp-json\/wp\/v2\/pages\/159\/revisions\/2794"}],"up":[{"embeddable":true,"href":"https:\/\/kinderschutzbund-freiberg.de\/cms\/wp-json\/wp\/v2\/pages\/15"}],"wp:attachment":[{"href":"https:\/\/kinderschutzbund-freiberg.de\/cms\/wp-json\/wp\/v2\/media?parent=159"}],"curies":[{"name":"wp","href":"https:\/\/api.w.org\/{rel}","templated":true}]}}