{"id":1595,"date":"2025-03-13T23:38:44","date_gmt":"2025-03-13T22:38:44","guid":{"rendered":"https:\/\/kinderschutzbund-freiberg.de\/cms\/?page_id=1595"},"modified":"2025-03-16T22:19:02","modified_gmt":"2025-03-16T21:19:02","slug":"blauer-elefant","status":"publish","type":"page","link":"https:\/\/kinderschutzbund-freiberg.de\/cms\/ueber-uns\/blauer-elefant\/","title":{"rendered":"Der BLAUE ELEFANT"},"content":{"rendered":"\n<div class=\"wp-block-media-text is-stacked-on-mobile\" style=\"grid-template-columns:15% auto\"><figure class=\"wp-block-media-text__media\"><img loading=\"lazy\" decoding=\"async\" width=\"263\" height=\"300\" src=\"https:\/\/kinderschutzbund-freiberg.de\/cms\/wp-content\/uploads\/2025\/03\/Logo-Blauer-Elefant-263x300-1.jpg\" alt=\"\" class=\"wp-image-1598 size-full\"\/><\/figure><div class=\"wp-block-media-text__content\">\n<p>\u2026 ein Qualit\u00e4tssiegel des Kinderschutzbundes f\u00fcr starke Hilfen unter einem Dach. Das Qualit\u00e4tssiegel wurde dem Regionalverband Freiberg erstmalig 2007 verliehen. Aller drei Jahre &nbsp;wird die Qualit\u00e4t der Arbeit \u00fcberpr\u00fcft und \u00fcber eine Weitergew\u00e4hrung durch den Bundesverband des Kinderschutzbundes entschieden.<\/p>\n<\/div><\/div>\n\n\n\n<p><strong>STARK F\u00dcR KINDER \u2013 ZUVERL\u00c4SSIG F\u00dcR ELTERN \u2013 MUTIG F\u00dcR ALLE<\/strong>&nbsp;ist ein Grundsatz der \u00fcber 20 Einrichtungen mit dem BLAUEN ELEFANTEN, die es in Deutschland gibt. Wir sind stolz mit unserem&nbsp; Familienzentrum und den vernetzten Angeboten und Projekten ein Standort davon zu sein.<\/p>\n\n\n\n<p>\u00dcbergeordnetes Ziel von BLAUEN ELEFANTEN ist die Verwirklichung der UN- Kinderrechtskonvention.<br>Wir arbeiten nach folgenden Grunds\u00e4tzen:<\/p>\n\n\n\n<h2 class=\"wp-block-heading\">VERTRAUEN<\/h2>\n\n\n\n<p>\u2026 wird bei BLAUEN ELEFANTEN gro\u00df geschrieben. Er ist unabh\u00e4ngig und behandelt pers\u00f6nliche Angelegenheiten vertraulich und diskret.<\/p>\n\n\n\n<h2 class=\"wp-block-heading\">FREIWILLIGKEIT<\/h2>\n\n\n\n<p>\u2026 ist selbstverst\u00e4ndlich. Jeder, der m\u00f6chte, erh\u00e4lt Zugang zu den Angeboten.<\/p>\n\n\n\n<h2 class=\"wp-block-heading\">MITBESTIMMUNG<\/h2>\n\n\n\n<p>\u2026 und Mitgestaltung der Kinder und Eltern stehen im Mittelpunkt. Alle Aktivit\u00e4ten orientieren sich am Bedarf vor Ort.<\/p>\n\n\n\n<h2 class=\"wp-block-heading\">QUALIT\u00c4T<\/h2>\n\n\n\n<p>\u2026 wird in Zusammenarbeit von haupt- und ehrenamtlichen Mitarbeiter(inne)n gesichert und entwickelt. Dabei sind der stetige Austausch und klares konzeptionelles Handeln von enormer Bedeutung.<\/p>\n\n\n\n<p>Die Angebote umfassen:<\/p>\n\n\n\n<ul class=\"wp-block-list\">\n<li>Beratung f\u00fcr Kinder, Eltern und alle, die sich beruflich oder privat f\u00fcr Kinder einsetzen.<\/li>\n\n\n\n<li>Betreuung f\u00fcr Kinder in festen und offenen Gruppen.<\/li>\n\n\n\n<li>Bildung f\u00fcr Kinder von Anfang an.<\/li>\n\n\n\n<li>Entlastung der Eltern durch Familienbildungsangebote und lebenspraktische Unterst\u00fctzung.<\/li>\n<\/ul>\n\n\n\n<p>Die Angebote sind vernetzt unter dem Dach des Kinderschutzbundes. Dadurch sind sie leicht erreichbar und aufgrund der fachlichen Vernetzungen sehr professionell.<\/p>\n\n\n\n<div class=\"wp-block-media-text is-stacked-on-mobile\" style=\"grid-template-columns:18% auto\"><figure class=\"wp-block-media-text__media\"><img loading=\"lazy\" decoding=\"async\" width=\"960\" height=\"723\" src=\"https:\/\/kinderschutzbund-freiberg.de\/cms\/wp-content\/uploads\/2025\/03\/Blauer-Elefant.jpg\" alt=\"\" class=\"wp-image-1601 size-full\"\/><\/figure><div class=\"wp-block-media-text__content\">\n<p>Um \u00fcber unsere Arbeit zu informieren und mit Kindern und Erwachsenen ins Gespr\u00e4ch zu kommen, ist im Landkreis Mittelsachsen ein luftballonaufblasender Elefant unterwegs.<\/p>\n\n\n\n<p>Er verk\u00fcndet&nbsp;<strong>ICH MAG KINDER \u2013 Sie auch?<\/strong>, dann sprechen Sie uns an!<\/p>\n\n\n\n<p>MEHR \u00fcber BLAUE ELEFANTEN unter&nbsp;<a href=\"http:\/\/www.blauer-elefant.de\/\" target=\"_blank\" rel=\"noreferrer noopener\">www.blauer-elefant.de<\/a><\/p>\n<\/div><\/div>\n","protected":false},"excerpt":{"rendered":"<p>\u2026 ein Qualit\u00e4tssiegel des Kinderschutzbundes f\u00fcr starke Hilfen unter einem Dach. Das Qualit\u00e4tssiegel wurde dem Regionalverband Freiberg erstmalig 2007 verliehen. Aller drei Jahre &nbsp;wird die Qualit\u00e4t der Arbeit \u00fcberpr\u00fcft und \u00fcber eine Weitergew\u00e4hrung durch den Bundesverband des Kinderschutzbundes entschieden. STARK F\u00dcR KINDER \u2013 ZUVERL\u00c4SSIG F\u00dcR ELTERN \u2013 MUTIG F\u00dcR ALLE&nbsp;ist ein Grundsatz der \u00fcber 20 [&hellip;]<\/p>\n","protected":false},"author":1,"featured_media":1717,"parent":9,"menu_order":0,"comment_status":"closed","ping_status":"closed","template":"","meta":{"_acf_changed":false,"footnotes":""},"class_list":["post-1595","page","type-page","status-publish","has-post-thumbnail","hentry"],"acf":[],"_links":{"self":[{"href":"https:\/\/kinderschutzbund-freiberg.de\/cms\/wp-json\/wp\/v2\/pages\/1595","targetHints":{"allow":["GET"]}}],"collection":[{"href":"https:\/\/kinderschutzbund-freiberg.de\/cms\/wp-json\/wp\/v2\/pages"}],"about":[{"href":"https:\/\/kinderschutzbund-freiberg.de\/cms\/wp-json\/wp\/v2\/types\/page"}],"author":[{"embeddable":true,"href":"https:\/\/kinderschutzbund-freiberg.de\/cms\/wp-json\/wp\/v2\/users\/1"}],"replies":[{"embeddable":true,"href":"https:\/\/kinderschutzbund-freiberg.de\/cms\/wp-json\/wp\/v2\/comments?post=1595"}],"version-history":[{"count":6,"href":"https:\/\/kinderschutzbund-freiberg.de\/cms\/wp-json\/wp\/v2\/pages\/1595\/revisions"}],"predecessor-version":[{"id":1610,"href":"https:\/\/kinderschutzbund-freiberg.de\/cms\/wp-json\/wp\/v2\/pages\/1595\/revisions\/1610"}],"up":[{"embeddable":true,"href":"https:\/\/kinderschutzbund-freiberg.de\/cms\/wp-json\/wp\/v2\/pages\/9"}],"wp:featuredmedia":[{"embeddable":true,"href":"https:\/\/kinderschutzbund-freiberg.de\/cms\/wp-json\/wp\/v2\/media\/1717"}],"wp:attachment":[{"href":"https:\/\/kinderschutzbund-freiberg.de\/cms\/wp-json\/wp\/v2\/media?parent=1595"}],"curies":[{"name":"wp","href":"https:\/\/api.w.org\/{rel}","templated":true}]}}