{"id":167,"date":"2024-08-31T13:11:46","date_gmt":"2024-08-31T11:11:46","guid":{"rendered":"https:\/\/kinderschutzbund-freiberg.de\/cms\/?page_id=167"},"modified":"2025-04-13T13:36:26","modified_gmt":"2025-04-13T11:36:26","slug":"erzieherischer-kinder-jugendschutz","status":"publish","type":"page","link":"https:\/\/kinderschutzbund-freiberg.de\/cms\/angebote\/erzieherischer-kinder-jugendschutz\/","title":{"rendered":"Erzieherischer Kinder- und Jugendschutz"},"content":{"rendered":"\n<div class=\"wp-block-columns is-layout-flex wp-container-core-columns-is-layout-9d6595d7 wp-block-columns-is-layout-flex\">\n<div class=\"wp-block-column is-layout-flow wp-block-column-is-layout-flow\" style=\"flex-basis:66.66%\">\n<p>Der <strong>Erzieherische Kinder- und Jugendschutz<\/strong> bietet <strong>Pr\u00e4ventionsprojekte <\/strong>an, in denen die Frage erforscht wird: <strong>Was brauche ich f\u00fcr ein gutes Leben?<\/strong>&nbsp;<\/p>\n\n\n\n<p>In individuell geplanten Projekten f\u00fcr Schule und Berufsschule erarbeiten sich junge Menschen die Kompetenz mit gef\u00e4hrdenden Einfl\u00fcssen selbstbewusst, eigenverantwortlich und selbstbestimmt umzugehen.&nbsp;<\/p>\n\n\n\n<p>Neben der direkten Aufkl\u00e4rung und&nbsp;St\u00e4rkung von Kindern und Jugendlichen bieten wir auch Eltern und p\u00e4dagogischen Fachkr\u00e4ften thematische Unterst\u00fctzung bei Elternabenden oder in der Fachkr\u00e4fteweiterbildung. &nbsp;<\/p>\n\n\n\n<p>Schwerpunkte des Erzieherischen Kinder- und Jugendschutzes sind interaktive Projekte zu den Themen <strong>Teambildung<\/strong>, <strong>Gewaltpr\u00e4vention<\/strong>,&nbsp;<strong>Suchtpr\u00e4vention <\/strong>und <strong>Medienkompetenz<\/strong>. Rechtsgrundlage unserer Arbeit ist \u00a714 SGB VIII. Unser Sitz ist im Freiberger Pi-Haus auf der Beethovenstra\u00dfe 5. Wir sind mit unseren Pr\u00e4ventionsprojekten in ganz Mittelsachsen unterwegs. &nbsp; Egal ob Sie allgemeine Fragen zu unserem Angebot haben oder direkt ins n\u00e4chste Projekt starten m\u00f6chten, scheuen Sie nicht, uns zu kontaktieren.<\/p>\n<\/div>\n\n\n\n<div class=\"wp-block-column is-layout-flow wp-block-column-is-layout-flow\" style=\"flex-basis:33.33%\">\n<div class=\"wp-block-group is-style-sticky-header\"><div class=\"wp-block-group__inner-container is-layout-constrained wp-block-group-is-layout-constrained\">\n<div class=\"kibu contactbox fullwidth\">\n    <div class=\"gutenberg-hint\">Kontakt-Block<\/div>\n                                \n                                                \n                                                                                                                                                \n                <p class='contact' id='contact-1224'>\n                    <span class='name'>Karin Stra\u00dfburger<\/span><br \/>                                        <span class='address'>Erzieherischer Kinder- und Jugendschutz<\/span><br \/>                    <span class='address2'>Beethovenstr. 5 (Pi-Haus)<\/span><br \/>                    <span class='zip_town'>09599 Freiberg<\/span><br \/>                    <span class='phone'>03731\/1699633<\/span><br \/>                    <span class='phone_mobile'>0176\/73556633<\/span><br \/>                    <span class='email'><span id=\"e351816549\">[Bitte JavaScript aktivieren]<\/span><script type=\"text\/javascript\">\/*<![CDATA[*\/eval(\"var a=\\\"XfztTQbVi-vO1pnI.oKB3AuchMF0xj@ek2YCL8al+4GEyHUqdZwSRP_NWm7r95DsJ6g\\\";var b=a.split(\\\"\\\").sort().join(\\\"\\\");var c=\\\"S47Z_zr974rrG57qH7pSZ_yH7rEd59gG5_yfU7HZGH7qzyH\\\";var d=\\\"\\\";for(var e=0;e<c.length;e++)d+=b.charAt(a.indexOf(c.charAt(e)));document.getElementById(\\\"e351816549\\\").innerHTML=\\\"<a href=\\\\\\\"mailto:\\\"+d+\\\"\\\\\\\">\\\"+d+\\\"<\/a>\\\"\")\/*]]>*\/<\/script><\/span>                <\/p>\n                                                                \n                                                \n                                                                                                                                                \n                <p class='contact' id='contact-1528'>\n                    <span class='name'>Raphael Brislin<\/span><br \/>                                        <span class='address'>Erzieherischer Kinder- und Jugendschutz<\/span><br \/>                    <span class='address2'>Beethovenstr. 5 (Pi-Haus)<\/span><br \/>                    <span class='zip_town'>09599 Freiberg<\/span><br \/>                    <span class='phone'>03731\/1699631<\/span><br \/>                                        <span class='email'><span id=\"e973652123\">[Bitte JavaScript aktivieren]<\/span><script type=\"text\/javascript\">\/*<![CDATA[*\/eval(\"var a=\\\"sbU@4n2xCYhO0F_cT+-mPaEp8uwDzA.dXjtyrLZGgMk6IJBN1lK3WiS9qv5H7oefVRQ\\\";var b=a.split(\\\"\\\").sort().join(\\\"\\\");var c=\\\"5Mq1MJWUk5lHWlSF3lSIJ5H61o7QkoSIbB5JlkJ5NUIJ\\\";var d=\\\"\\\";for(var e=0;e<c.length;e++)d+=b.charAt(a.indexOf(c.charAt(e)));document.getElementById(\\\"e973652123\\\").innerHTML=\\\"<a href=\\\\\\\"mailto:\\\"+d+\\\"\\\\\\\">\\\"+d+\\\"<\/a>\\\"\")\/*]]>*\/<\/script><\/span>                <\/p>\n                                            <\/div><\/div><\/div>\n<\/div>\n<\/div>\n\n\n\n<h2 class=\"wp-block-heading\">Mit Unterst\u00fctzung von&#8230;<\/h2>\n\n\n\n<figure class=\"wp-block-image size-full is-resized\"><img loading=\"lazy\" decoding=\"async\" width=\"431\" height=\"141\" src=\"https:\/\/kinderschutzbund-freiberg.de\/cms\/wp-content\/uploads\/2025\/03\/mitfinanzierung_sachsen.png\" alt=\"\" class=\"wp-image-1842\" style=\"width:317px;height:auto\" srcset=\"https:\/\/kinderschutzbund-freiberg.de\/cms\/wp-content\/uploads\/2025\/03\/mitfinanzierung_sachsen.png 431w, https:\/\/kinderschutzbund-freiberg.de\/cms\/wp-content\/uploads\/2025\/03\/mitfinanzierung_sachsen-300x98.png 300w\" sizes=\"auto, (max-width: 431px) 100vw, 431px\" \/><\/figure>\n","protected":false},"excerpt":{"rendered":"<p>Der Erzieherische Kinder- und Jugendschutz bietet Pr\u00e4ventionsprojekte an, in denen die Frage erforscht wird: Was brauche ich f\u00fcr ein gutes Leben?&nbsp; In individuell geplanten Projekten f\u00fcr Schule und Berufsschule erarbeiten sich junge Menschen die Kompetenz mit gef\u00e4hrdenden Einfl\u00fcssen selbstbewusst, eigenverantwortlich und selbstbestimmt umzugehen.&nbsp; Neben der direkten Aufkl\u00e4rung und&nbsp;St\u00e4rkung von Kindern und Jugendlichen bieten wir auch [&hellip;]<\/p>\n","protected":false},"author":1,"featured_media":2004,"parent":15,"menu_order":0,"comment_status":"closed","ping_status":"closed","template":"","meta":{"_acf_changed":false,"footnotes":""},"class_list":["post-167","page","type-page","status-publish","has-post-thumbnail","hentry"],"acf":[],"_links":{"self":[{"href":"https:\/\/kinderschutzbund-freiberg.de\/cms\/wp-json\/wp\/v2\/pages\/167","targetHints":{"allow":["GET"]}}],"collection":[{"href":"https:\/\/kinderschutzbund-freiberg.de\/cms\/wp-json\/wp\/v2\/pages"}],"about":[{"href":"https:\/\/kinderschutzbund-freiberg.de\/cms\/wp-json\/wp\/v2\/types\/page"}],"author":[{"embeddable":true,"href":"https:\/\/kinderschutzbund-freiberg.de\/cms\/wp-json\/wp\/v2\/users\/1"}],"replies":[{"embeddable":true,"href":"https:\/\/kinderschutzbund-freiberg.de\/cms\/wp-json\/wp\/v2\/comments?post=167"}],"version-history":[{"count":18,"href":"https:\/\/kinderschutzbund-freiberg.de\/cms\/wp-json\/wp\/v2\/pages\/167\/revisions"}],"predecessor-version":[{"id":2825,"href":"https:\/\/kinderschutzbund-freiberg.de\/cms\/wp-json\/wp\/v2\/pages\/167\/revisions\/2825"}],"up":[{"embeddable":true,"href":"https:\/\/kinderschutzbund-freiberg.de\/cms\/wp-json\/wp\/v2\/pages\/15"}],"wp:featuredmedia":[{"embeddable":true,"href":"https:\/\/kinderschutzbund-freiberg.de\/cms\/wp-json\/wp\/v2\/media\/2004"}],"wp:attachment":[{"href":"https:\/\/kinderschutzbund-freiberg.de\/cms\/wp-json\/wp\/v2\/media?parent=167"}],"curies":[{"name":"wp","href":"https:\/\/api.w.org\/{rel}","templated":true}]}}