{"id":192,"date":"2024-09-01T22:29:16","date_gmt":"2024-09-01T20:29:16","guid":{"rendered":"https:\/\/kinderschutzbund-freiberg.de\/cms\/?page_id=192"},"modified":"2025-03-13T23:01:20","modified_gmt":"2025-03-13T22:01:20","slug":"beratung","status":"publish","type":"page","link":"https:\/\/kinderschutzbund-freiberg.de\/cms\/angebote\/familienzentrum\/beratung\/","title":{"rendered":"Beratung"},"content":{"rendered":"\n<div class=\"wp-block-columns is-layout-flex wp-container-core-columns-is-layout-9d6595d7 wp-block-columns-is-layout-flex\">\n<div class=\"wp-block-column is-layout-flow wp-block-column-is-layout-flow\" style=\"flex-basis:66.66%\">\n<p>Wir unterst\u00fctzen Familien individuell und beraten bei Herausforderungen und Konflikten die der Alltag und bestimmte Lebenssituationen mit sich bringen.<\/p>\n\n\n\n<p>In Erziehungsfragen (z.B. auf Grund von Altersunterschieden der Kinder, Tagesstruktur oder \u00e4hnlichen Herausforderungen) stehen wir Familien beratend und impulsgebend zur Seite und begleiten sie in Krisenzeiten. Im Laufe unseres Lebens geraten wir immer wieder in sogenannte \u201eUmbruchszeiten\u201c (Bsp. \u00dcberg\u00e4nge in Krippe\/Kita\/Grundschule und weiterf\u00fchrende Schule, Umz\u00fcge und Trennungen, der Wiedereinstieg ins Berufsleben nach der Elternzeit, usw.). Sorgen und \u00c4ngste k\u00f6nnen entstehen. Entscheidungen m\u00fcssen und wollen getroffen werden. Manchmal braucht es daf\u00fcr Unterst\u00fctzung.<\/p>\n\n\n\n<p>Es zeugt von St\u00e4rke, solche Situationen zu erkennen und sich, die f\u00fcr sich passende Hilfe zu suchen.<\/p>\n\n\n\n<p>In einem ersten Gespr\u00e4ch verschaffen wir uns gemeinsam einen \u00dcberblick \u00fcber die Themen, sortieren und besprechen, in welche Richtung Sie sich Unterst\u00fctzung w\u00fcnschen. Wir beraten, kl\u00e4ren auf, geben Impulse und erarbeiten gemeinsam individuelle L\u00f6sungen, die auf die Familien passen.<\/p>\n\n\n\n<p>Wir begleiten Sie in dieser Situation und nehmen uns Zeit, f\u00fcr ein gemeinsames, kostenfreies und vertrauliches Gespr\u00e4ch. Bei Bedarf vermitteln wir Sie auch an andere Beratungs- und Kontaktstellen.<\/p>\n<\/div>\n\n\n\n<div class=\"wp-block-column is-layout-flow wp-block-column-is-layout-flow\" style=\"flex-basis:33.33%\">\n<div class=\"wp-block-group is-style-sticky-header\"><div class=\"wp-block-group__inner-container is-layout-constrained wp-block-group-is-layout-constrained\">\n<div class=\"kibu contactbox fullwidth\">\n    <div class=\"gutenberg-hint\">Kontakt-Block<\/div>\n                                \n                                                \n                                                                                                                                                \n                <p class='contact' id='contact-1219'>\n                    <span class='name'>Familienzentrum<\/span><br \/>                                        <span class='address'>DKSB RV Freiberg e. V.<\/span><br \/>                    <span class='address2'>Kurt-Handwerk-Stra\u00dfe 2<\/span><br \/>                    <span class='zip_town'>09599 Freiberg<\/span><br \/>                    <span class='phone'>03731 26955-11<\/span><br \/>                    <span class='phone_mobile'>03731 26955-15<\/span><br \/>                    <span class='email'><span id=\"e175796703\">[Bitte JavaScript aktivieren]<\/span><script type=\"text\/javascript\">\/*<![CDATA[*\/eval(\"var a=\\\"c0vRYqlTL4gA87h9yEVuPUOWGt2zJoFje.C1NbBD6srkdfmx-5wSKQIZMX@ip_na+H3\\\";var b=a.split(\\\"\\\").sort().join(\\\"\\\");var c=\\\"msQ5K5fI3fIp@_Q7S5Idf@ik-_p3r_Id0m@f5rf@xvdf\\\";var d=\\\"\\\";for(var e=0;e<c.length;e++)d+=b.charAt(a.indexOf(c.charAt(e)));document.getElementById(\\\"e175796703\\\").innerHTML=\\\"<a href=\\\\\\\"mailto:\\\"+d+\\\"\\\\\\\">\\\"+d+\\\"<\/a>\\\"\")\/*]]>*\/<\/script><\/span>                <\/p>\n                                                                \n                                                \n                                                                                                                                                \n                <p class='contact' id='contact-1218'>\n                    <span class='name'>Familienbegleitung<\/span><br \/>                                        <span class='address'>DKSB RV Freiberg e. V.<\/span><br \/>                    <span class='address2'>Kurt-Handwerk-Stra\u00dfe 2<\/span><br \/>                                        <span class='phone'>03731 26955-0<\/span><br \/>                    <span class='phone_mobile'>0159 06319917<\/span><br \/>                    <span class='email'><span id=\"e999473288\">[Bitte JavaScript aktivieren]<\/span><script type=\"text\/javascript\">\/*<![CDATA[*\/eval(\"var a=\\\"14Fjipyqh-OnBG8lxKvHD0fXVkZCNAJgau@.z5P6sScYbIdwreMWT_Q37ELm2UotR9+\\\";var b=a.split(\\\"\\\").sort().join(\\\"\\\");var c=\\\"dS_eTeIQcIwTIe2UQwGWeQbILmYrU2+cUQb4dLIecILwFbI\\\";var d=\\\"\\\";for(var e=0;e<c.length;e++)d+=b.charAt(a.indexOf(c.charAt(e)));document.getElementById(\\\"e999473288\\\").innerHTML=\\\"<a href=\\\\\\\"mailto:\\\"+d+\\\"\\\\\\\">\\\"+d+\\\"<\/a>\\\"\")\/*]]>*\/<\/script><\/span>                <\/p>\n                                            <\/div><\/div><\/div>\n<\/div>\n<\/div>\n","protected":false},"excerpt":{"rendered":"<p>Wir unterst\u00fctzen Familien individuell und beraten bei Herausforderungen und Konflikten die der Alltag und bestimmte Lebenssituationen mit sich bringen. In Erziehungsfragen (z.B. auf Grund von Altersunterschieden der Kinder, Tagesstruktur oder \u00e4hnlichen Herausforderungen) stehen wir Familien beratend und impulsgebend zur Seite und begleiten sie in Krisenzeiten. Im Laufe unseres Lebens geraten wir immer wieder in sogenannte [&hellip;]<\/p>\n","protected":false},"author":1,"featured_media":0,"parent":17,"menu_order":0,"comment_status":"closed","ping_status":"closed","template":"","meta":{"_acf_changed":false,"footnotes":""},"class_list":["post-192","page","type-page","status-publish","hentry"],"acf":[],"_links":{"self":[{"href":"https:\/\/kinderschutzbund-freiberg.de\/cms\/wp-json\/wp\/v2\/pages\/192","targetHints":{"allow":["GET"]}}],"collection":[{"href":"https:\/\/kinderschutzbund-freiberg.de\/cms\/wp-json\/wp\/v2\/pages"}],"about":[{"href":"https:\/\/kinderschutzbund-freiberg.de\/cms\/wp-json\/wp\/v2\/types\/page"}],"author":[{"embeddable":true,"href":"https:\/\/kinderschutzbund-freiberg.de\/cms\/wp-json\/wp\/v2\/users\/1"}],"replies":[{"embeddable":true,"href":"https:\/\/kinderschutzbund-freiberg.de\/cms\/wp-json\/wp\/v2\/comments?post=192"}],"version-history":[{"count":11,"href":"https:\/\/kinderschutzbund-freiberg.de\/cms\/wp-json\/wp\/v2\/pages\/192\/revisions"}],"predecessor-version":[{"id":1361,"href":"https:\/\/kinderschutzbund-freiberg.de\/cms\/wp-json\/wp\/v2\/pages\/192\/revisions\/1361"}],"up":[{"embeddable":true,"href":"https:\/\/kinderschutzbund-freiberg.de\/cms\/wp-json\/wp\/v2\/pages\/17"}],"wp:attachment":[{"href":"https:\/\/kinderschutzbund-freiberg.de\/cms\/wp-json\/wp\/v2\/media?parent=192"}],"curies":[{"name":"wp","href":"https:\/\/api.w.org\/{rel}","templated":true}]}}