{"id":211,"date":"2024-09-01T23:24:27","date_gmt":"2024-09-01T21:24:27","guid":{"rendered":"https:\/\/kinderschutzbund-freiberg.de\/cms\/?page_id=211"},"modified":"2025-05-15T09:11:45","modified_gmt":"2025-05-15T07:11:45","slug":"eltern-kind-gruppen","status":"publish","type":"page","link":"https:\/\/kinderschutzbund-freiberg.de\/cms\/angebote\/familienzentrum\/eltern-kind-gruppen\/","title":{"rendered":"Eltern-Kind-Gruppen"},"content":{"rendered":"\n<div class=\"wp-block-columns is-layout-flex wp-container-core-columns-is-layout-9d6595d7 wp-block-columns-is-layout-flex\">\n<div class=\"wp-block-column is-layout-flow wp-block-column-is-layout-flow\" style=\"flex-basis:66.66%\">\n<p>Unsere Eltern-Kind-Gruppen sind Treffpunkte f\u00fcr Eltern mit Babys im Alter von 6 \u2013 36 Monaten. Derzeit sind die Gruppen altersgemischt.<\/p>\n\n\n\n<p>Babys und Kleinkinder entdecken die Welt spielerisch und mit all ihren Sinnen.<\/p>\n\n\n\n<p>In unseren&nbsp;<strong>Eltern-Kind-Gruppen&nbsp;(entsprechend einer klassischen Krabbelgruppe) <\/strong>k\u00f6nnen Kinder genau dies gemeinsam ausleben. Sie sammeln erste Kontakte zu Gleichaltrigen, machen spielerisch Erfahrungen mit unterschiedlichen Materialien und k\u00f6nnen sich, motiviert durch altersentsprechende Spiel, Bewegungs- &nbsp;oder Liedangebote ausprobieren. Die Gruppe wird gemeinsam er\u00f6ffnet und abgeschlossen durch immer wiederkehrende Rituale, die f\u00fcr Babys und Kinder Routine und Sicherheit schaffen. Eltern haben die M\u00f6glichkeit, sich auszutauschen und sich gegenseitig mit Erfahrungen zu st\u00e4rken. Sie k\u00f6nnen all ihre Fragen rund um das Kind stellen und erhalten Impulse zur kindlichen Entwicklung und Erziehung. Wir nehmen uns Zeit, die Kinder in ihrer individuellen Bew\u00e4ltigung von Entwicklungsaufgaben zu beobachten und ggf. passende Motivationen oder Anreize zu schaffen.<\/p>\n<\/div>\n\n\n\n<div class=\"wp-block-column is-layout-flow wp-block-column-is-layout-flow\" style=\"flex-basis:33.33%\">\n<div class=\"kibu contactbox fullwidth\">\n    <div class=\"gutenberg-hint\">Kontakt-Block<\/div>\n                                \n                                                \n                                                                                                                                                \n                <p class='contact' id='contact-1219'>\n                    <span class='name'>Familienzentrum<\/span><br \/>                                        <span class='address'>DKSB RV Freiberg e. V.<\/span><br \/>                    <span class='address2'>Kurt-Handwerk-Stra\u00dfe 2<\/span><br \/>                    <span class='zip_town'>09599 Freiberg<\/span><br \/>                    <span class='phone'>03731 26955-11<\/span><br \/>                    <span class='phone_mobile'>03731 26955-15<\/span><br \/>                    <span class='email'><span id=\"e492515458\">[Bitte JavaScript aktivieren]<\/span><script type=\"text\/javascript\">\/*<![CDATA[*\/eval(\"var a=\\\"-cMvAy1bl@QKxefzpnZCJ36EPYFBoNGUtLsiS4OmHRVThIj85_gw+X.r70u9dDWk2aq\\\";var b=a.split(\\\"\\\").sort().join(\\\"\\\");var c=\\\"jRX_+_I.qI.duDXew_.hIu9T5DdqVD.hcjuI_VIu8MhI\\\";var d=\\\"\\\";for(var e=0;e<c.length;e++)d+=b.charAt(a.indexOf(c.charAt(e)));document.getElementById(\\\"e492515458\\\").innerHTML=\\\"<a href=\\\\\\\"mailto:\\\"+d+\\\"\\\\\\\">\\\"+d+\\\"<\/a>\\\"\")\/*]]>*\/<\/script><\/span>                <\/p>\n                                            <\/div><\/div>\n<\/div>\n\n\n\n<figure class=\"wp-block-table is-style-stripes\"><table class=\"has-fixed-layout\"><tbody><tr><td>Wann?<\/td><td>Mittwoch und Donnerstag:&nbsp; 9:00 \u2013 11:00 Uhr<\/td><\/tr><tr><td>Wo?<\/td><td>Familienzentrum, Raum 2.06<\/td><\/tr><tr><td>Wer?<\/td><td>Melissa G\u00f6hler (Projektmitarbeiterinnen im Familienzentrum)<\/td><\/tr><tr><td>Wie viele Teilnehmer?<\/td><td>1 \u2013 8 Teilnehmer:innen<\/td><\/tr><tr><td>Kosten?<\/td><td>3 \u20ac \/ Familie<\/td><\/tr><\/tbody><\/table><\/figure>\n\n\n\n<p>Durch die Kooperation mit der AOK Plus, ist es uns m\u00f6glich, im Rahmen der Eltern-Kind-Gruppe, Referent:innen zu unterschiedlichen Themen (betrifft Kinder von 0-3 Jahren) einzuladen.<\/p>\n\n\n\n<p>Unter \u201eVortr\u00e4ge und Veranstaltungen\u201c finden Sie Termine, die mit speziellen Themen und Referent:innen geplant sind. Sie k\u00f6nnen sich zu diesen gern bei uns anmelden.<\/p>\n\n\n\n<p>Diese Veranstaltungen sind f\u00fcr Sie kostenfrei!<\/p>\n\n\n\n<div class=\"kibu foerdererblock\">\n    <div class=\"gutenberg-foerdererblock-hint\">F\u00f6rderer-Block<\/div>\n    \n    \n    <div class='foerderer'>\n                        <div class='item'>  <a title='AOK PLUS' target='_blank' href='https:\/\/www.aok.de\/pk\/plus\/'>    <figure class='logo'><img loading=\"lazy\" decoding=\"async\" width=\"300\" height=\"55\" src=\"https:\/\/kinderschutzbund-freiberg.de\/cms\/wp-content\/uploads\/2025\/02\/Logo-aok-plus-2021.svg_.png\" class=\"foerderer__logo\" alt=\"\" \/>    <\/figure><span class='name'>AOK PLUS<\/span><\/a><\/div>            <\/div>\n            <\/div>\n<\/div>","protected":false},"excerpt":{"rendered":"<p>Unsere Eltern-Kind-Gruppen sind Treffpunkte f\u00fcr Eltern mit Babys im Alter von 6 \u2013 36 Monaten. Derzeit sind die Gruppen altersgemischt. Babys und Kleinkinder entdecken die Welt spielerisch und mit all ihren Sinnen. In unseren&nbsp;Eltern-Kind-Gruppen&nbsp;(entsprechend einer klassischen Krabbelgruppe) k\u00f6nnen Kinder genau dies gemeinsam ausleben. Sie sammeln erste Kontakte zu Gleichaltrigen, machen spielerisch Erfahrungen mit unterschiedlichen Materialien [&hellip;]<\/p>\n","protected":false},"author":1,"featured_media":0,"parent":17,"menu_order":0,"comment_status":"closed","ping_status":"closed","template":"","meta":{"_acf_changed":false,"footnotes":""},"class_list":["post-211","page","type-page","status-publish","hentry"],"acf":[],"_links":{"self":[{"href":"https:\/\/kinderschutzbund-freiberg.de\/cms\/wp-json\/wp\/v2\/pages\/211","targetHints":{"allow":["GET"]}}],"collection":[{"href":"https:\/\/kinderschutzbund-freiberg.de\/cms\/wp-json\/wp\/v2\/pages"}],"about":[{"href":"https:\/\/kinderschutzbund-freiberg.de\/cms\/wp-json\/wp\/v2\/types\/page"}],"author":[{"embeddable":true,"href":"https:\/\/kinderschutzbund-freiberg.de\/cms\/wp-json\/wp\/v2\/users\/1"}],"replies":[{"embeddable":true,"href":"https:\/\/kinderschutzbund-freiberg.de\/cms\/wp-json\/wp\/v2\/comments?post=211"}],"version-history":[{"count":7,"href":"https:\/\/kinderschutzbund-freiberg.de\/cms\/wp-json\/wp\/v2\/pages\/211\/revisions"}],"predecessor-version":[{"id":2237,"href":"https:\/\/kinderschutzbund-freiberg.de\/cms\/wp-json\/wp\/v2\/pages\/211\/revisions\/2237"}],"up":[{"embeddable":true,"href":"https:\/\/kinderschutzbund-freiberg.de\/cms\/wp-json\/wp\/v2\/pages\/17"}],"wp:attachment":[{"href":"https:\/\/kinderschutzbund-freiberg.de\/cms\/wp-json\/wp\/v2\/media?parent=211"}],"curies":[{"name":"wp","href":"https:\/\/api.w.org\/{rel}","templated":true}]}}