{"id":2313,"date":"2025-06-16T13:03:11","date_gmt":"2025-06-16T11:03:11","guid":{"rendered":"https:\/\/kinderschutzbund-freiberg.de\/cms\/?page_id=2313"},"modified":"2025-08-14T13:28:51","modified_gmt":"2025-08-14T11:28:51","slug":"kleine-schritte-grosse-worte-die-deutsche-sprache-niederschwellig-entdecken-erleben-und-erlernen","status":"publish","type":"page","link":"https:\/\/kinderschutzbund-freiberg.de\/cms\/angebote\/familienzentrum\/kleine-schritte-grosse-worte-die-deutsche-sprache-niederschwellig-entdecken-erleben-und-erlernen\/","title":{"rendered":"Kleine Schritte &#8211; Gro\u00dfe Worte: Die deutsche Sprache niederschwellig entdecken, erleben und erlernen"},"content":{"rendered":"\n<ul class=\"wp-block-list\">\n<li>Sie haben einen Migrationshintergrund und wollen die deutsche Sprache besser anwenden k\u00f6nnen?<\/li>\n\n\n\n<li>Ihnen fehlt die Praxis, die deutsche Sprache in allt\u00e4glichen Situationen anwenden zu k\u00f6nnen?<\/li>\n\n\n\n<li>Sie m\u00f6chten in Begegnungen mit Menschen den deutschen Sprachgebrauch \u00fcben?<\/li>\n\n\n\n<li>Sie m\u00f6chten Ihre kommunikativen und sozialen F\u00e4higkeiten im Sinne einer Integration verbessern?<\/li>\n<\/ul>\n\n\n\n<p><strong>Dann ist unser Angebot wom\u00f6glich genau richtig f\u00fcr Sie!<\/strong><\/p>\n\n\n\n<p>Das erwartet Sie innerhalb von 16 Wochen von August 2025 bis Dezember 2025:<\/p>\n\n\n\n<p>Ein w\u00f6chentlicher Sprachkurs zu folgenden Schwerpunktthemen:<\/p>\n\n\n\n<ul class=\"wp-block-list\">\n<li>Wissen \u00fcber den Freistaat Sachsen und aktuelle Ereignisse,<\/li>\n\n\n\n<li>Wirtschaft \/ Arbeitswelt,<\/li>\n\n\n\n<li>Kunst \/ Kultur,<\/li>\n\n\n\n<li>Bildung f\u00fcr nachhaltige Entwicklung.<\/li>\n\n\n\n<li>Sie kommen mit Einheimischen und anderen Zugewanderten in Kontakt und k\u00f6nnen sich themenbezogen austauschen, vernetzen sowie soziale Kontakte kn\u00fcpfen.<\/li>\n\n\n\n<li>Durch Unterst\u00fctzung von professionellen Mentoren wird Ihr Selbstvertrauen und Ihre eigene Selbstverantwortung gest\u00e4rkt.<\/li>\n\n\n\n<li>Sie bekommen ein Teilnahmezertifikat am Ende der Ma\u00dfnahme.<\/li>\n<\/ul>\n\n\n\n<p>Voraussetzungen:<\/p>\n\n\n\n<ul class=\"wp-block-list\">\n<li>Sie haben einen Migrationshintergrund und den Willen, die eigenen Deutschkenntnisse zu verbessern.<\/li>\n\n\n\n<li>Sie sind \u00fcber 18 Jahre alt.<\/li>\n\n\n\n<li>Sie haben Zeit f\u00fcr regelm\u00e4\u00dfige w\u00f6chentliche Treffen<\/li>\n\n\n\n<li>Kontaktfreudigkeit und Empathie im Umgang mit anderen Menschen<br><\/li>\n<\/ul>\n\n\n\n<figure class=\"wp-block-table\"><table class=\"has-fixed-layout\"><tbody><tr><td>Wann?<\/td><td>11.08.2025 Informationsveranstaltung<br>ab 25.08.2025 &#8211; Dezember 2025 immer montags 9:30 &#8211; 12:00 Uhr<\/td><\/tr><tr><td>Wo?<\/td><td>Familienzentrum<\/td><\/tr><tr><td>Wer?<\/td><td>verschiedene Referenten von dialogus<\/td><\/tr><tr><td>Kosten<\/td><td>kostenfrei<\/td><\/tr><\/tbody><\/table><\/figure>\n\n\n\n<p><strong><em>Eine Anmeldung ist unbedingt erforderlich! E-Mail: familienzentrum@kinderschutzbund-freiberg.de oder per Whats-App: 0159 06319917<\/em><\/strong><\/p>\n\n\n\n<figure class=\"wp-block-image size-full\"><img loading=\"lazy\" decoding=\"async\" width=\"643\" height=\"200\" src=\"https:\/\/kinderschutzbund-freiberg.de\/cms\/wp-content\/uploads\/2025\/06\/image.png\" alt=\"\" class=\"wp-image-2314\" srcset=\"https:\/\/kinderschutzbund-freiberg.de\/cms\/wp-content\/uploads\/2025\/06\/image.png 643w, https:\/\/kinderschutzbund-freiberg.de\/cms\/wp-content\/uploads\/2025\/06\/image-300x93.png 300w\" sizes=\"auto, (max-width: 643px) 100vw, 643px\" \/><\/figure>\n\n\n\n<p>Kooperationspartner:<\/p>\n\n\n\n<figure class=\"wp-block-image size-full\"><img loading=\"lazy\" decoding=\"async\" width=\"209\" height=\"51\" src=\"https:\/\/kinderschutzbund-freiberg.de\/cms\/wp-content\/uploads\/2025\/06\/image-1.png\" alt=\"\" class=\"wp-image-2315\"\/><\/figure>\n\n\n\n<p><\/p>\n","protected":false},"excerpt":{"rendered":"<p>Dann ist unser Angebot wom\u00f6glich genau richtig f\u00fcr Sie! Das erwartet Sie innerhalb von 16 Wochen von August 2025 bis Dezember 2025: Ein w\u00f6chentlicher Sprachkurs zu folgenden Schwerpunktthemen: Voraussetzungen: Wann? 11.08.2025 Informationsveranstaltungab 25.08.2025 &#8211; Dezember 2025 immer montags 9:30 &#8211; 12:00 Uhr Wo? Familienzentrum Wer? verschiedene Referenten von dialogus Kosten kostenfrei Eine Anmeldung ist unbedingt [&hellip;]<\/p>\n","protected":false},"author":46,"featured_media":0,"parent":17,"menu_order":0,"comment_status":"closed","ping_status":"closed","template":"","meta":{"_acf_changed":false,"footnotes":""},"class_list":["post-2313","page","type-page","status-publish","hentry"],"acf":[],"_links":{"self":[{"href":"https:\/\/kinderschutzbund-freiberg.de\/cms\/wp-json\/wp\/v2\/pages\/2313","targetHints":{"allow":["GET"]}}],"collection":[{"href":"https:\/\/kinderschutzbund-freiberg.de\/cms\/wp-json\/wp\/v2\/pages"}],"about":[{"href":"https:\/\/kinderschutzbund-freiberg.de\/cms\/wp-json\/wp\/v2\/types\/page"}],"author":[{"embeddable":true,"href":"https:\/\/kinderschutzbund-freiberg.de\/cms\/wp-json\/wp\/v2\/users\/46"}],"replies":[{"embeddable":true,"href":"https:\/\/kinderschutzbund-freiberg.de\/cms\/wp-json\/wp\/v2\/comments?post=2313"}],"version-history":[{"count":2,"href":"https:\/\/kinderschutzbund-freiberg.de\/cms\/wp-json\/wp\/v2\/pages\/2313\/revisions"}],"predecessor-version":[{"id":2391,"href":"https:\/\/kinderschutzbund-freiberg.de\/cms\/wp-json\/wp\/v2\/pages\/2313\/revisions\/2391"}],"up":[{"embeddable":true,"href":"https:\/\/kinderschutzbund-freiberg.de\/cms\/wp-json\/wp\/v2\/pages\/17"}],"wp:attachment":[{"href":"https:\/\/kinderschutzbund-freiberg.de\/cms\/wp-json\/wp\/v2\/media?parent=2313"}],"curies":[{"name":"wp","href":"https:\/\/api.w.org\/{rel}","templated":true}]}}