{"id":254,"date":"2024-09-02T22:18:09","date_gmt":"2024-09-02T20:18:09","guid":{"rendered":"https:\/\/kinderschutzbund-freiberg.de\/cms\/?page_id=254"},"modified":"2026-02-23T21:51:25","modified_gmt":"2026-02-23T20:51:25","slug":"kita-kibu-freiberg","status":"publish","type":"page","link":"https:\/\/kinderschutzbund-freiberg.de\/cms\/angebote\/kitas-horte\/kita-kibu-freiberg\/","title":{"rendered":"Kita Kibu Freiberg"},"content":{"rendered":"\n<div class=\"wp-block-columns is-layout-flex wp-container-core-columns-is-layout-9d6595d7 wp-block-columns-is-layout-flex\">\n<div class=\"wp-block-column is-layout-flow wp-block-column-is-layout-flow\" style=\"flex-basis:66.66%\">\n<p>Unsere Kindertagesst\u00e4tte Kibu befindet sich im Sozialen Zentrum Friedeburg in Freiberg. Wir betreuen bis zu 160 Kinder ab Vollendung des ersten Lebensjahres bis zum Schuleintritt.<\/p>\n\n\n\n<p>Im Rahmen einer gelingenden Erziehungspartnerschaft holen wir Sie dort ab, wo Sie stehen &#8211; ob als Ersteltern oder bereits erfahrene Eltern.<\/p>\n\n\n\n<p><strong>In unserer Einrichtung leben wir:<\/strong><\/p>\n\n\n\n<ul class=\"wp-block-list\">\n<li>Individuelle Begleitung und F\u00f6rderung<\/li>\n\n\n\n<li>Schulvorbereitung mit Beginn des ersten Tages in der Kindertagesst\u00e4tte<\/li>\n\n\n\n<li>Partizipation (Beteiligung) der Kinder<\/li>\n\n\n\n<li>Wahrung der Interessen der Kinder<\/li>\n\n\n\n<li>Inklusion<\/li>\n\n\n\n<li>Vielfalt<\/li>\n\n\n\n<li>Erziehungspartnerschaft<\/li>\n<\/ul>\n\n\n\n<p>Wir laden Sie ein, ein Teil von uns zu sein.<\/p>\n\n\n\n<h2 class=\"wp-block-heading\">Neuigkeiten<\/h2>\n\n\n<ul class=\"wp-block-latest-posts__list has-dates wp-block-latest-posts\"><li><a class=\"wp-block-latest-posts__post-title\" href=\"https:\/\/kinderschutzbund-freiberg.de\/cms\/2026\/02\/10\/2-bueroraeume-zur-miete-flexibel-nutzbar-fuer-vereine-therapie-oder-buero\/\">2 B\u00fcror\u00e4ume zur Miete \u2013 flexibel nutzbar f\u00fcr Vereine, Therapie oder B\u00fcro\u00a0<\/a><time datetime=\"2026-02-10T09:18:44+01:00\" class=\"wp-block-latest-posts__post-date\">10. Februar 2026<\/time><div class=\"wp-block-latest-posts__post-excerpt\">Zur Vermietung stehen&nbsp;ab 01.04.2026&nbsp;zwei helle, gut geschnittene B\u00fcror\u00e4ume&nbsp;im&nbsp;Sozialen Zentrum im Stadtteil Friedeburg. Die R\u00e4ume befinden sich im&nbsp;1. Obergeschoss einer Kindertagesst\u00e4tte&nbsp;und sind&nbsp;barrierefrei \u00fcber einen Fahrstuhl erreichbar.&nbsp; Die R\u00e4umlichkeiten eignen sich ideal f\u00fcr&nbsp; In derselben Etage befinden sich au\u00dferdem die&nbsp;Gesch\u00e4ftsstelle des Kinderschutzbundes&nbsp;sowie das&nbsp;Familienzentrum, was ein angenehmes, soziales und professionelles Umfeld schafft. Die Umgebung ist ruhig und gut\u2026\u00a0<a class=\"wp-block-latest-posts__read-more\" href=\"https:\/\/kinderschutzbund-freiberg.de\/cms\/2026\/02\/10\/2-bueroraeume-zur-miete-flexibel-nutzbar-fuer-vereine-therapie-oder-buero\/\" rel=\"noopener noreferrer\"><span class=\"screen-reader-text\">2 B\u00fcror\u00e4ume zur Miete \u2013 flexibel nutzbar f\u00fcr Vereine, Therapie oder B\u00fcro\u00a0 <\/span>weiterlesen<\/a><\/div><\/li>\n<li><a class=\"wp-block-latest-posts__post-title\" href=\"https:\/\/kinderschutzbund-freiberg.de\/cms\/2025\/09\/18\/pressemitteilung-weltkindertag-2025-kinderrechte-sind-das-fundament-unserer-demokratie\/\">Pressemitteilung \u2013 Weltkindertag 2025: Kinderrechte sind das Fundament unserer Demokratie<\/a><time datetime=\"2025-09-18T14:48:45+02:00\" class=\"wp-block-latest-posts__post-date\">18. September 2025<\/time><div class=\"wp-block-latest-posts__post-excerpt\">Dresden, 20. September 2025 \u2013 Zum Weltkindertag macht der Kinderschutzbund Sachsen, gemeinsam mit dem Bundesverband, auf die alarmierende Lage von Kindern und Jugendlichen aufmerksam. Unter dem Motto \u201eKinderrechte \u2013 Bausteine f\u00fcr Demokratie\u201c und mit der bundesweiten Kampagne \u201eWen k\u00fcmmert\u2019s?\u201c fordern wir: Kinder m\u00fcssen endlich Priorit\u00e4t haben. \u201eGanz gleich, wohin wir in Deutschland schauen: Alle Systeme,\u2026\u00a0<a class=\"wp-block-latest-posts__read-more\" href=\"https:\/\/kinderschutzbund-freiberg.de\/cms\/2025\/09\/18\/pressemitteilung-weltkindertag-2025-kinderrechte-sind-das-fundament-unserer-demokratie\/\" rel=\"noopener noreferrer\"><span class=\"screen-reader-text\">Pressemitteilung \u2013 Weltkindertag 2025: Kinderrechte sind das Fundament unserer Demokratie <\/span>weiterlesen<\/a><\/div><\/li>\n<\/ul>\n\n\n<p><a href=\"https:\/\/kinderschutzbund-freiberg.de\/cms\/neuigkeiten\/\" data-type=\"page\" data-id=\"25\">Alle Neuigkeiten lesen<\/a><\/p>\n\n\n\n<h2 class=\"wp-block-heading\">Informationen<\/h2>\n\n\n\n<script type='text\/javascript'>\n    function toggleNextBlock(e) {\n        if ( jQuery(e).parent().next().is(\"script\") ) {\n            return;\n        }\n    \n        jQuery(e).parent().next().toggle();\n        event.preventDefault();\n    }\n\n            jQuery(document).ready(function(){\n            jQuery(\".expandbox\").next().hide();\n        });\n    <\/script>\n\n<div class=\"kibu expandbox collapsed\">\n    <div class=\"gutenberg-expandbox-hint\">N\u00e4chster Block klappbar<\/div>\n    <h2 class='title show-as-kibu-service-block' onClick='toggleNextBlock(this)'>Elterninfos<span class='state'>anzeigen\/verbergen<\/span><\/h2><\/div>\n\n\n\n<div class=\"wp-block-group\"><div class=\"wp-block-group__inner-container is-layout-constrained wp-block-group-is-layout-constrained\">\n<p>Hier finden Sie die aktuelle Elternbeitragssatzung der Stadt Freiberg:<\/p>\n\n\n\n<div class=\"wp-block-buttons is-layout-flex wp-block-buttons-is-layout-flex\">\n<div class=\"wp-block-button\"><a class=\"wp-block-button__link wp-element-button\" href=\"https:\/\/www.freiberg.de\/stadt-und-buerger\/buergerservice\/anliegen-von-a-z\/betreuungsplatz-kita-krippe-beantragen#costs\" target=\"_blank\" rel=\"noreferrer noopener\">Elternbeitr\u00e4ge<\/a><\/div>\n<\/div>\n<\/div><\/div>\n\n\n\n<script type='text\/javascript'>\n    function toggleNextBlock(e) {\n        if ( jQuery(e).parent().next().is(\"script\") ) {\n            return;\n        }\n    \n        jQuery(e).parent().next().toggle();\n        event.preventDefault();\n    }\n\n            jQuery(document).ready(function(){\n            jQuery(\".expandbox\").next().hide();\n        });\n    <\/script>\n\n<div class=\"kibu expandbox collapsed\">\n    <div class=\"gutenberg-expandbox-hint\">N\u00e4chster Block klappbar<\/div>\n    <h2 class='title show-as-kibu-service-block' onClick='toggleNextBlock(this)'>Konzept und Besonderheiten<span class='state'>anzeigen\/verbergen<\/span><\/h2><\/div>\n\n\n\n<div class=\"wp-block-group\"><div class=\"wp-block-group__inner-container is-layout-constrained wp-block-group-is-layout-constrained\">\n<p><strong>Sprache ist der Schl\u00fcssel zur Welt<\/strong> \u2013 deshalb nimmt die <strong>alltagsintegrierte Sprachbildung und die Sprachf\u00f6rderung <\/strong>einen gro\u00dfen Teil unserer p\u00e4dagogischen Arbeit ein. Die F\u00e4higkeit zur sprachlichen Kommunikation dient nicht nur dem schulischen Lernen, sondern auch dem sozialen Miteinander und der pers\u00f6nlichen Entwicklung jedes Kindes. Mit unserer ganzheitlichen Sprachbildung und -f\u00f6rderung ber\u00fccksichtigen wir nicht nur das Sprechen und H\u00f6ren, sondern auch andere Aspekte wie Bewegung, Neugierde und kreative T\u00e4tigkeiten.<\/p>\n\n\n\n<p>Mit unseren <strong>FREUNDEN<\/strong> Johnny Mauser, Franz von Hahn und dem dicken Waldemar f\u00f6rdern wir die Lebenskompetenzen unserer Kinder. Lebenskompetent ist, wer:<\/p>\n\n\n\n<ul class=\"wp-block-list\">\n<li>sich selbst kennt und mag<\/li>\n\n\n\n<li>empathisch ist<\/li>\n\n\n\n<li>kritisch und kreativ denkt<\/li>\n\n\n\n<li>kommunizieren und Beziehungen f\u00fchren kann<\/li>\n\n\n\n<li>durchdachte Entscheidungen trifft<\/li>\n\n\n\n<li>erfolgreich Probleme l\u00f6st<\/li>\n\n\n\n<li>Gef\u00fchle und Stress bew\u00e4ltigen kann<\/li>\n<\/ul>\n\n\n\n<p>Kinder mit Teilhabeeinschr\u00e4nkungen, die ihre Entwicklung und ihren Alltag unter besonderen Bedingungen bew\u00e4ltigen, werden bei uns begleitet und gef\u00f6rdert.<\/p>\n\n\n\n<p>Unser Lern- und Erlebnisgarten <strong>\u201eGartenland in Kinderhand\u201c<\/strong> in der Kleingartenanlage \u201eWaldfrieden\u201c dient den Kindern zum Forschen, Erleben und Lernen mit allen Sinnen.<\/p>\n\n\n\n<p>Neben dem Elternrat gibt es bei uns einen <strong>Kinderrat<\/strong>. Die Kinder, die den Kinderrat bilden, werden in ihren Gruppen gew\u00e4hlt. Der Kinderrat wird in Entscheidungen, die unsere Kindertagesst\u00e4tte betreffen, einbezogen.<\/p>\n\n\n\n<p>Eine weitere Besonderheit ist unser <strong>Kinderyoga<\/strong>, dass von zwei geschulten p\u00e4dagogischen Fachkr\u00e4ften durchgef\u00fchrt wird. Kinderyoga bewirkt, dass Wirbels\u00e4ule, Muskeln, Organe und Gelenke der Kinder in ihrem Wachstum gef\u00f6rdert werden. Kindliche Methoden der R\u00fcckenmassage, Rituale und Spiele geben den Kindern Sicherheit und Motivation. Kinderyoga st\u00e4rkt auf diese Weise den ganzen K\u00f6rper und f\u00f6rdert die Konzentration und das Sozialverhalten.<\/p>\n\n\n\n<p>Die <strong>Lernm\u00e4use<\/strong> (Vorsch\u00fcler) erleben im letzten Jahr regelm\u00e4\u00dfig stattfindende Lernmausstunden, bei denen die Kinder intensiv auf die Schule vorbereitet werden. Zus\u00e4tzlich entdecken sie ihre Heimatstadt Freiberg, lernen in Zusammenarbeit mit dem ADAC \u201eden sicheren Schulweg\u201c und besch\u00e4ftigen sich mit gesunder Ern\u00e4hrung. Die Lernmausstunden finden zum Teil im Hort \u201eKibu\u201c statt.<\/p>\n\n\n\n<p>Mit dem Hort Kibu und der Grundschule \u201eCarl B\u00f6hme\u201c besteht eine enge Kooperation, sodass der \u00dcbergang in die Schule Hand in Hand erfolgt.<\/p>\n\n\n\n<p>Mit unserer <strong>Wachgruppe<\/strong> k\u00f6nnen wir dem individuellen Schlafbed\u00fcrfnis jedes einzelnen Kindes gerecht werden.<\/p>\n\n\n\n<p>Einmal w\u00f6chentlich gibt es f\u00fcr alle Kinder <strong>gruppen\u00fcbergreifende, offene Angebote<\/strong>.<\/p>\n\n\n\n<p>Au\u00dferdem gibt es in unserer Kindertagesst\u00e4tte eine <strong>hauseigene Bibliothek<\/strong>. In unseren mobilen B\u00fccherkisten k\u00f6nnen die Kinder gemeinsam mit ihren Eltern die B\u00fccher durchst\u00f6bern und f\u00fcr zu Hause ausleihen. Wir haben B\u00fccher zu Themen wie Familie, Trennung, Trauer, Gender, K\u00f6rperbewusstsein, Krankheiten usw. die sich Eltern gern ausleihen k\u00f6nnen.<\/p>\n<\/div><\/div>\n\n\n\n<script type='text\/javascript'>\n    function toggleNextBlock(e) {\n        if ( jQuery(e).parent().next().is(\"script\") ) {\n            return;\n        }\n    \n        jQuery(e).parent().next().toggle();\n        event.preventDefault();\n    }\n\n            jQuery(document).ready(function(){\n            jQuery(\".expandbox\").next().hide();\n        });\n    <\/script>\n\n<div class=\"kibu expandbox collapsed\">\n    <div class=\"gutenberg-expandbox-hint\">N\u00e4chster Block klappbar<\/div>\n    <h2 class='title show-as-kibu-service-block' onClick='toggleNextBlock(this)'>Team<span class='state'>anzeigen\/verbergen<\/span><\/h2><\/div>\n\n\n\n<div class=\"wp-block-group\"><div class=\"wp-block-group__inner-container is-layout-constrained wp-block-group-is-layout-constrained\">\n<p>Unser Team besteht aus staatlich anerkannten Erzieher*innen, Dipl.-Sozialp\u00e4dagog*innen, Kindheitsp\u00e4dagog*innen und einer Logop\u00e4din. Zus\u00e4tzlich wird es durch unseren Hausmeister und zeitweise von Praktikant*innen, Dual-Studierenden (Soziale Arbeit, Kindheitsp\u00e4dagogik o.\u00e4.) oder Auszubildenden (Sozial-Assistent*in, Erzieher*in) unterst\u00fctzt.<\/p>\n<\/div><\/div>\n\n\n\n<script type='text\/javascript'>\n    function toggleNextBlock(e) {\n        if ( jQuery(e).parent().next().is(\"script\") ) {\n            return;\n        }\n    \n        jQuery(e).parent().next().toggle();\n        event.preventDefault();\n    }\n\n            jQuery(document).ready(function(){\n            jQuery(\".expandbox\").next().hide();\n        });\n    <\/script>\n\n<div class=\"kibu expandbox collapsed\">\n    <div class=\"gutenberg-expandbox-hint\">N\u00e4chster Block klappbar<\/div>\n    <h2 class='title show-as-kibu-service-block' onClick='toggleNextBlock(this)'>Kapazit\u00e4t<span class='state'>anzeigen\/verbergen<\/span><\/h2><\/div>\n\n\n\n<div class=\"wp-block-group\"><div class=\"wp-block-group__inner-container is-layout-constrained wp-block-group-is-layout-constrained\">\n<p>Insgesamt 160 Pl\u00e4tze<\/p>\n\n\n\n<ul class=\"wp-block-list\">\n<li>bis zu 60 Krippenpl\u00e4tze f\u00fcr Kinder ab Vollendung des ersten Lebensjahres bis zum dritten Geburtstag<\/li>\n\n\n\n<li>100 Kindergartenpl\u00e4tze f\u00fcr Kinder im Alter von 3 Jahren bis Schuleintritt<\/li>\n\n\n\n<li>10 Integrationspl\u00e4tze f\u00fcr Kinder mit besonderem F\u00f6rderbedarf<\/li>\n<\/ul>\n<\/div><\/div>\n\n\n\n<script type='text\/javascript'>\n    function toggleNextBlock(e) {\n        if ( jQuery(e).parent().next().is(\"script\") ) {\n            return;\n        }\n    \n        jQuery(e).parent().next().toggle();\n        event.preventDefault();\n    }\n\n            jQuery(document).ready(function(){\n            jQuery(\".expandbox\").next().hide();\n        });\n    <\/script>\n\n<div class=\"kibu expandbox collapsed\">\n    <div class=\"gutenberg-expandbox-hint\">N\u00e4chster Block klappbar<\/div>\n    <h2 class='title show-as-kibu-service-block' onClick='toggleNextBlock(this)'>Termine und Schlie\u00dfzeiten<span class='state'>anzeigen\/verbergen<\/span><\/h2><\/div>\n\n\n\n<div class=\"wp-block-group\"><div class=\"wp-block-group__inner-container is-layout-constrained wp-block-group-is-layout-constrained\">\n<figure class=\"wp-block-table is-style-stripes\"><table><tbody><tr><td>Termine werden demn\u00e4chst bekanntgegeben.<\/td><td><\/td><\/tr><\/tbody><\/table><\/figure>\n<\/div><\/div>\n\n\n\n<script type='text\/javascript'>\n    function toggleNextBlock(e) {\n        if ( jQuery(e).parent().next().is(\"script\") ) {\n            return;\n        }\n    \n        jQuery(e).parent().next().toggle();\n        event.preventDefault();\n    }\n\n            jQuery(document).ready(function(){\n            jQuery(\".expandbox\").next().hide();\n        });\n    <\/script>\n\n<div class=\"kibu expandbox collapsed\">\n    <div class=\"gutenberg-expandbox-hint\">N\u00e4chster Block klappbar<\/div>\n    <h2 class='title show-as-kibu-service-block' onClick='toggleNextBlock(this)'>Unsere Partner<span class='state'>anzeigen\/verbergen<\/span><\/h2><\/div>\n\n\n\n<div class=\"wp-block-group\"><div class=\"wp-block-group__inner-container is-layout-constrained wp-block-group-is-layout-constrained\">\n<p><strong><em>Familienzentrum vom Kinderschutzbund RV Freiberg e. V.<\/em><\/strong><br>Kurt-Handwerk-Stra\u00dfe 2<br>09599 Freiberg<\/p>\n\n\n\n<p><strong><em>Grundschule \u201eCarl B\u00f6hme\u201c und Hort Kibu<\/em><\/strong><br>Friedeburger Stra\u00dfe 17<br>09599 Freiberg<\/p>\n\n\n\n<p><strong><em>Kleingartenanlage \u201eWaldfrieden\u201c e. V. Freiberg<\/em><\/strong><br>Br\u00fcckenstra\u00dfe<br>09599 Freiberg<\/p>\n\n\n\n<p><strong><em>Stadt Freiberg<\/em><\/strong><br>Obermarkt 24<br>09599 Freiberg<\/p>\n\n\n\n<p><strong><em>Berufliches Schulzentrum f\u00fcr Agrarwirtschaft, Ern\u00e4hrung und Hauswirtschaft Freiberg<\/em><\/strong> <strong><em>mit Fachschulzentrum Freiberg-Zug<\/em><\/strong><br>Turnerstra\u00dfe 5<br>09599 Freiberg<\/p>\n\n\n\n<p><strong><em>REWE<\/em><\/strong><br>Friedeburger Stra\u00dfe 11<br>09599 Freiberg<\/p>\n\n\n\n<p><strong><em>Seniorenheime Freiberg gGmbH<\/em><\/strong> &#8211; <strong><em>Haus \u201eJohanna Rau\u201c<\/em><\/strong><br>Kurt-Handwerk-Stra\u00dfe 1<br>09599 Freiberg<\/p>\n<\/div><\/div>\n\n\n\n<script type='text\/javascript'>\n    function toggleNextBlock(e) {\n        if ( jQuery(e).parent().next().is(\"script\") ) {\n            return;\n        }\n    \n        jQuery(e).parent().next().toggle();\n        event.preventDefault();\n    }\n\n            jQuery(document).ready(function(){\n            jQuery(\".expandbox\").next().hide();\n        });\n    <\/script>\n\n<div class=\"kibu expandbox collapsed\">\n    <div class=\"gutenberg-expandbox-hint\">N\u00e4chster Block klappbar<\/div>\n    <h2 class='title show-as-kibu-service-block' onClick='toggleNextBlock(this)'>Speisenanbieter<span class='state'>anzeigen\/verbergen<\/span><\/h2><\/div>\n\n\n\n<div class=\"wp-block-group\"><div class=\"wp-block-group__inner-container is-layout-constrained wp-block-group-is-layout-constrained\">\n<p>Wir sind eine brotdosenfreie Kita und bieten eine Vollverpflegung (Fr\u00fchst\u00fcck, Mittagessen, Vesper) \u00fcber den Essenversorger \u201eDie Kantine\u201c an.<\/p>\n\n\n\n<p><strong><em>Die Kantine<\/em><\/strong><br>Hauptstra\u00dfe 52<br>09633 Halsbr\u00fccke<br>Tel.: 03731\/7987650<\/p>\n\n\n\n<p><a href=\"https:\/\/die-kantine.net\/\">Die Kantine &amp; Catering (die-kantine.net)<\/a><\/p>\n<\/div><\/div>\n\n\n\n<script type='text\/javascript'>\n    function toggleNextBlock(e) {\n        if ( jQuery(e).parent().next().is(\"script\") ) {\n            return;\n        }\n    \n        jQuery(e).parent().next().toggle();\n        event.preventDefault();\n    }\n\n            jQuery(document).ready(function(){\n            jQuery(\".expandbox\").next().hide();\n        });\n    <\/script>\n\n<div class=\"kibu expandbox collapsed\">\n    <div class=\"gutenberg-expandbox-hint\">N\u00e4chster Block klappbar<\/div>\n    <h2 class='title show-as-kibu-service-block' onClick='toggleNextBlock(this)'>Unterst\u00fctzen Sie uns<span class='state'>anzeigen\/verbergen<\/span><\/h2><\/div>\n\n\n\n<div class=\"wp-block-group\"><div class=\"wp-block-group__inner-container is-layout-constrained wp-block-group-is-layout-constrained\">\n<p>In einer Kita gibt es immer viel zu tun und wir sind \u00fcber jede Hilfe dankbar. Gerne k\u00f6nnen Sie uns in Form von Eigenleistung unterst\u00fctzen. Die Aufgaben sind vielf\u00e4ltig (hauswirtschaftliche T\u00e4tigkeiten, Gartent\u00e4tigkeiten, Gartenpaten, Vorbereitung und Hilfe bei der Durchf\u00fchrung von Festen, Veranstaltungen und Ausfl\u00fcgen, N\u00e4harbeiten, Vorlesepatenschaften, einmalige oder wiederkehrende Angebote in Ihrem \u201eSpezialgebiet\u201c\u2026).<\/p>\n\n\n\n<p>Au\u00dferdem freuen wir uns \u00fcber Geld- und Sachspenden f\u00fcr unsere Kita oder Der Kinderschutzbund RV Freiberg e. V.<\/p>\n\n\n\n<p>Herzlichen Dank!<\/p>\n<\/div><\/div>\n\n\n\n<p><\/p>\n<\/div>\n\n\n\n<div class=\"wp-block-column is-layout-flow wp-block-column-is-layout-flow\" style=\"flex-basis:33.33%\">\n<div class=\"wp-block-group is-style-sticky-header\"><div class=\"wp-block-group__inner-container is-layout-constrained wp-block-group-is-layout-constrained\">\n<div class=\"kibu contactbox fullwidth\">\n    <div class=\"gutenberg-hint\">Kontakt-Block<\/div>\n                                \n                                                \n                                                                                                                                                \n                <p class='contact' id='contact-1222'>\n                    <span class='name'>Ines Wendisch<\/span><br \/>                                        <span class='address'>Kita Kibu<\/span><br \/>                    <span class='address2'>Kurt-Handwerk-Stra\u00dfe 2<\/span><br \/>                                        <span class='phone'>03731\/26955-12<\/span><br \/>                                        <span class='email'><span id=\"e624885665\">[Bitte JavaScript aktivieren]<\/span><script type=\"text\/javascript\">\/*<![CDATA[*\/eval(\"var a=\\\"lCUws_uJzI8ei20hjxAm57Ynf1RN@4q9k3cTMa+6.LDgHySoWXVZOBFEKvGrt-PdpbQ\\\";var b=a.split(\\\"\\\").sort().join(\\\"\\\");var c=\\\"ZXtLUZXD-2ZXFHyGrgW-tQD-FHCSGyXDyGoUHy\\\";var d=\\\"\\\";for(var e=0;e<c.length;e++)d+=b.charAt(a.indexOf(c.charAt(e)));document.getElementById(\\\"e624885665\\\").innerHTML=\\\"<a href=\\\\\\\"mailto:\\\"+d+\\\"\\\\\\\">\\\"+d+\\\"<\/a>\\\"\")\/*]]>*\/<\/script><\/span>                <\/p>\n                                                                \n                                                \n                                                                                                                                                \n                <p class='contact' id='contact-1972'>\n                    <span class='name'>Sylvia Fritzsch<\/span><br \/>                                        <span class='address'>Kita Kibu<\/span><br \/>                    <span class='address2'>Kurt-Handwerk-Stra\u00dfe 2<\/span><br \/>                    <span class='zip_town'>09599 Freiberg<\/span><br \/>                    <span class='phone'>03731\/26955-0<\/span><br \/>                                        <span class='email'><span id=\"e638198386\">[Bitte JavaScript aktivieren]<\/span><script type=\"text\/javascript\">\/*<![CDATA[*\/eval(\"var a=\\\"sL_+WU40HE@pukJdnfF9twqShQy527gXrvDl8Y6Aa1NbGm.eMIoVx3OjzTP-ZicCRKB\\\";var b=a.split(\\\"\\\").sort().join(\\\"\\\");var c=\\\"VPIzzm_VINikVIOGmP-bMiZBNiOGL.PmINmPe_Gm\\\";var d=\\\"\\\";for(var e=0;e<c.length;e++)d+=b.charAt(a.indexOf(c.charAt(e)));document.getElementById(\\\"e638198386\\\").innerHTML=\\\"<a href=\\\\\\\"mailto:\\\"+d+\\\"\\\\\\\">\\\"+d+\\\"<\/a>\\\"\")\/*]]>*\/<\/script><\/span>                <\/p>\n                                                <div class='textarea'>\n        <p><!-- wp:paragraph --><\/p>\n<p><strong>\u00d6ffnungszeiten<\/strong><br \/>\nMo \u2013 Fr: 6:00 \u2013 17:00 Uhr<\/p>\n<p><!-- \/wp:paragraph --><\/p>\n    <\/div>\n    <\/div>\n\n\n<div class=\"kibu sidebarbox blau\">\n    <div class=\"gutenberg-sidebarbox-hint\">Sidebar-Box<\/div>\n            <p class='headline'><\/p>\n    \n            <ul class='links'>\n            <li><a href='https:\/\/kinderschutzbund-freiberg.de\/cms\/angebote\/kitas-horte\/kita-kibu-freiberg\/kontaktformular-kita-kibu-freiberg\/'>Kita kontaktieren<\/a><\/li>        <\/ul>\n        \n\n            <p class='textarea'>\n                    <\/p>\n    <\/div>\n\n\n<div class=\"kibu sidebarbox grau\">\n    <div class=\"gutenberg-sidebarbox-hint\">Sidebar-Box<\/div>\n            <p class='headline'>Downloads<\/p>\n    \n            <ul class='links'>\n            <li><a href='https:\/\/kinderschutzbund-freiberg.de\/cms\/2025-anmeldeformular-interessenbekundung-kita-kibu\/'>Formular Interessensbekundung<\/a><\/li><li><a href='https:\/\/kinderschutzbund-freiberg.de\/cms\/eigenleistung-der-kitas-und-horte\/'>Formular Eigenleistung<\/a><\/li>        <\/ul>\n        \n\n            <p class='textarea'>\n                    <\/p>\n    <\/div><\/div><\/div>\n<\/div>\n<\/div>\n","protected":false},"excerpt":{"rendered":"<p>Unsere Kindertagesst\u00e4tte Kibu befindet sich im Sozialen Zentrum Friedeburg in Freiberg. Wir betreuen bis zu 160 Kinder ab Vollendung des ersten Lebensjahres bis zum Schuleintritt. Im Rahmen einer gelingenden Erziehungspartnerschaft holen wir Sie dort ab, wo Sie stehen &#8211; ob als Ersteltern oder bereits erfahrene Eltern. In unserer Einrichtung leben wir: Wir laden Sie ein, [&hellip;]<\/p>\n","protected":false},"author":37,"featured_media":1964,"parent":19,"menu_order":0,"comment_status":"closed","ping_status":"closed","template":"","meta":{"_acf_changed":false,"footnotes":""},"class_list":["post-254","page","type-page","status-publish","has-post-thumbnail","hentry"],"acf":[],"_links":{"self":[{"href":"https:\/\/kinderschutzbund-freiberg.de\/cms\/wp-json\/wp\/v2\/pages\/254","targetHints":{"allow":["GET"]}}],"collection":[{"href":"https:\/\/kinderschutzbund-freiberg.de\/cms\/wp-json\/wp\/v2\/pages"}],"about":[{"href":"https:\/\/kinderschutzbund-freiberg.de\/cms\/wp-json\/wp\/v2\/types\/page"}],"author":[{"embeddable":true,"href":"https:\/\/kinderschutzbund-freiberg.de\/cms\/wp-json\/wp\/v2\/users\/37"}],"replies":[{"embeddable":true,"href":"https:\/\/kinderschutzbund-freiberg.de\/cms\/wp-json\/wp\/v2\/comments?post=254"}],"version-history":[{"count":38,"href":"https:\/\/kinderschutzbund-freiberg.de\/cms\/wp-json\/wp\/v2\/pages\/254\/revisions"}],"predecessor-version":[{"id":2808,"href":"https:\/\/kinderschutzbund-freiberg.de\/cms\/wp-json\/wp\/v2\/pages\/254\/revisions\/2808"}],"up":[{"embeddable":true,"href":"https:\/\/kinderschutzbund-freiberg.de\/cms\/wp-json\/wp\/v2\/pages\/19"}],"wp:featuredmedia":[{"embeddable":true,"href":"https:\/\/kinderschutzbund-freiberg.de\/cms\/wp-json\/wp\/v2\/media\/1964"}],"wp:attachment":[{"href":"https:\/\/kinderschutzbund-freiberg.de\/cms\/wp-json\/wp\/v2\/media?parent=254"}],"curies":[{"name":"wp","href":"https:\/\/api.w.org\/{rel}","templated":true}]}}