{"id":256,"date":"2024-09-02T22:18:57","date_gmt":"2024-09-02T20:18:57","guid":{"rendered":"https:\/\/kinderschutzbund-freiberg.de\/cms\/?page_id=256"},"modified":"2026-02-23T21:40:00","modified_gmt":"2026-02-23T20:40:00","slug":"hort-kibu-freiberg","status":"publish","type":"page","link":"https:\/\/kinderschutzbund-freiberg.de\/cms\/angebote\/kitas-horte\/hort-kibu-freiberg\/","title":{"rendered":"Hort Kibu Freiberg"},"content":{"rendered":"\n<div class=\"wp-block-columns is-layout-flex wp-container-core-columns-is-layout-9d6595d7 wp-block-columns-is-layout-flex\">\n<div class=\"wp-block-column is-layout-flow wp-block-column-is-layout-flow\" style=\"flex-basis:66.66%\">\n<p>\u201eMultikulturell trifft auf Chancengleichheit\u201c, so l\u00e4sst sich das Leitbild des Horts \u201eKibu\u201c in K\u00fcrze beschreiben. Unser Hort ist ein Ort des Miteinanders, des Lernens und des Wachsens, an dem Kinder die M\u00f6glichkeit haben, sich in einer f\u00f6rdernden, kulturell vielf\u00e4ltigen Umgebung zu entfalten. Wir stehen f\u00fcr:<\/p>\n\n\n\n<ul class=\"wp-block-list\">\n<li>Verwirklichung der Kinderrechte<\/li>\n\n\n\n<li>Schutz vor Gewalt<\/li>\n\n\n\n<li>F\u00f6rderung der individuellen Potenziale jedes Kindes<\/li>\n\n\n\n<li>Vielfalt und Chancengleichheit.<\/li>\n<\/ul>\n\n\n\n<p>Unser Hort \u201eKibu\u201c befindet sich in zentraler Lage im Wohngebiet Friedeburg der Stadt Freiberg und ist damit f\u00fcr die umliegenden Familien sehr gut erreichbar. Als Horteinrichtung der Carl-B\u00f6hme-Grundschule finden Sie uns in der untersten Etage des Schulgeb\u00e4udes. Durch diese unmittelbare N\u00e4he zur Schule und den damit verbundenen kurzen Wegen pflegen wir eine enge und kooperative Zusammenarbeit mit der Schule.<\/p>\n\n\n\n<h2 class=\"wp-block-heading\">Neuigkeiten<\/h2>\n\n\n<ul class=\"wp-block-latest-posts__list has-dates wp-block-latest-posts\"><li><a class=\"wp-block-latest-posts__post-title\" href=\"https:\/\/kinderschutzbund-freiberg.de\/cms\/2026\/02\/10\/2-bueroraeume-zur-miete-flexibel-nutzbar-fuer-vereine-therapie-oder-buero\/\">2 B\u00fcror\u00e4ume zur Miete \u2013 flexibel nutzbar f\u00fcr Vereine, Therapie oder B\u00fcro\u00a0<\/a><time datetime=\"2026-02-10T09:18:44+01:00\" class=\"wp-block-latest-posts__post-date\">10. Februar 2026<\/time><div class=\"wp-block-latest-posts__post-excerpt\">Zur Vermietung stehen&nbsp;ab 01.04.2026&nbsp;zwei helle, gut geschnittene B\u00fcror\u00e4ume&nbsp;im&nbsp;Sozialen Zentrum im Stadtteil Friedeburg. Die R\u00e4ume befinden sich im&nbsp;1. Obergeschoss einer Kindertagesst\u00e4tte&nbsp;und sind&nbsp;barrierefrei \u00fcber einen Fahrstuhl erreichbar.&nbsp; Die R\u00e4umlichkeiten eignen sich ideal f\u00fcr&nbsp; In derselben Etage befinden sich au\u00dferdem die&nbsp;Gesch\u00e4ftsstelle des Kinderschutzbundes&nbsp;sowie das&nbsp;Familienzentrum, was ein angenehmes, soziales und professionelles Umfeld schafft. Die Umgebung ist ruhig und gut\u2026\u00a0<a class=\"wp-block-latest-posts__read-more\" href=\"https:\/\/kinderschutzbund-freiberg.de\/cms\/2026\/02\/10\/2-bueroraeume-zur-miete-flexibel-nutzbar-fuer-vereine-therapie-oder-buero\/\" rel=\"noopener noreferrer\"><span class=\"screen-reader-text\">2 B\u00fcror\u00e4ume zur Miete \u2013 flexibel nutzbar f\u00fcr Vereine, Therapie oder B\u00fcro\u00a0 <\/span>weiterlesen<\/a><\/div><\/li>\n<li><a class=\"wp-block-latest-posts__post-title\" href=\"https:\/\/kinderschutzbund-freiberg.de\/cms\/2025\/09\/18\/pressemitteilung-weltkindertag-2025-kinderrechte-sind-das-fundament-unserer-demokratie\/\">Pressemitteilung \u2013 Weltkindertag 2025: Kinderrechte sind das Fundament unserer Demokratie<\/a><time datetime=\"2025-09-18T14:48:45+02:00\" class=\"wp-block-latest-posts__post-date\">18. September 2025<\/time><div class=\"wp-block-latest-posts__post-excerpt\">Dresden, 20. September 2025 \u2013 Zum Weltkindertag macht der Kinderschutzbund Sachsen, gemeinsam mit dem Bundesverband, auf die alarmierende Lage von Kindern und Jugendlichen aufmerksam. Unter dem Motto \u201eKinderrechte \u2013 Bausteine f\u00fcr Demokratie\u201c und mit der bundesweiten Kampagne \u201eWen k\u00fcmmert\u2019s?\u201c fordern wir: Kinder m\u00fcssen endlich Priorit\u00e4t haben. \u201eGanz gleich, wohin wir in Deutschland schauen: Alle Systeme,\u2026\u00a0<a class=\"wp-block-latest-posts__read-more\" href=\"https:\/\/kinderschutzbund-freiberg.de\/cms\/2025\/09\/18\/pressemitteilung-weltkindertag-2025-kinderrechte-sind-das-fundament-unserer-demokratie\/\" rel=\"noopener noreferrer\"><span class=\"screen-reader-text\">Pressemitteilung \u2013 Weltkindertag 2025: Kinderrechte sind das Fundament unserer Demokratie <\/span>weiterlesen<\/a><\/div><\/li>\n<\/ul>\n\n\n<p><a href=\"https:\/\/kinderschutzbund-freiberg.de\/cms\/neuigkeiten\/\" data-type=\"page\" data-id=\"25\">Alle Neuigkeiten lesen<\/a><\/p>\n\n\n\n<h2 class=\"wp-block-heading\">Informationen<\/h2>\n\n\n\n<script type='text\/javascript'>\n    function toggleNextBlock(e) {\n        if ( jQuery(e).parent().next().is(\"script\") ) {\n            return;\n        }\n    \n        jQuery(e).parent().next().toggle();\n        event.preventDefault();\n    }\n\n            jQuery(document).ready(function(){\n            jQuery(\".expandbox\").next().hide();\n        });\n    <\/script>\n\n<div class=\"kibu expandbox collapsed\">\n    <div class=\"gutenberg-expandbox-hint\">N\u00e4chster Block klappbar<\/div>\n    <h2 class='title show-as-kibu-service-block' onClick='toggleNextBlock(this)'>Elterninfos<span class='state'>anzeigen\/verbergen<\/span><\/h2><\/div>\n\n\n\n<div class=\"wp-block-group\"><div class=\"wp-block-group__inner-container is-layout-constrained wp-block-group-is-layout-constrained\">\n<p>Hier finden Sie die aktuelle Elternbeitragssatzung der Stadt Freiberg:<\/p>\n\n\n\n<div class=\"wp-block-buttons is-layout-flex wp-block-buttons-is-layout-flex\">\n<div class=\"wp-block-button\"><a class=\"wp-block-button__link wp-element-button\" href=\"https:\/\/www.freiberg.de\/stadt-und-buerger\/buergerservice\/anliegen-von-a-z\/betreuungsplatz-kita-krippe-beantragen#costs\" target=\"_blank\" rel=\"noreferrer noopener\">Elternbeitr\u00e4ge<\/a><\/div>\n<\/div>\n<\/div><\/div>\n\n\n\n<script type='text\/javascript'>\n    function toggleNextBlock(e) {\n        if ( jQuery(e).parent().next().is(\"script\") ) {\n            return;\n        }\n    \n        jQuery(e).parent().next().toggle();\n        event.preventDefault();\n    }\n\n            jQuery(document).ready(function(){\n            jQuery(\".expandbox\").next().hide();\n        });\n    <\/script>\n\n<div class=\"kibu expandbox collapsed\">\n    <div class=\"gutenberg-expandbox-hint\">N\u00e4chster Block klappbar<\/div>\n    <h2 class='title show-as-kibu-service-block' onClick='toggleNextBlock(this)'>Einrichtungsleitung<span class='state'>anzeigen\/verbergen<\/span><\/h2><\/div>\n\n\n\n<p>Mandy Schuhknecht und Antje Mathaj<\/p>\n\n\n\n<script type='text\/javascript'>\n    function toggleNextBlock(e) {\n        if ( jQuery(e).parent().next().is(\"script\") ) {\n            return;\n        }\n    \n        jQuery(e).parent().next().toggle();\n        event.preventDefault();\n    }\n\n            jQuery(document).ready(function(){\n            jQuery(\".expandbox\").next().hide();\n        });\n    <\/script>\n\n<div class=\"kibu expandbox collapsed\">\n    <div class=\"gutenberg-expandbox-hint\">N\u00e4chster Block klappbar<\/div>\n    <h2 class='title show-as-kibu-service-block' onClick='toggleNextBlock(this)'>Konzept und Besonderheiten<span class='state'>anzeigen\/verbergen<\/span><\/h2><\/div>\n\n\n\n<div class=\"wp-block-group\"><div class=\"wp-block-group__inner-container is-layout-constrained wp-block-group-is-layout-constrained\">\n<p>Entsprechend der Entwicklungsaufgaben der Grundschulkinder arbeiten wir insbesondere an der zunehmenden Selbst\u00e4ndigkeit der Kinder. Diese f\u00f6rdern wir durch ein offenes Konzept, welches den Kindern eine eigenverantwortliche Gestaltung des Nachmittags erm\u00f6glicht. Die offene Arbeit bietet den Kindern den Freiraum ihre Spielzeiten, den Zeitpunkt des Mittagessens sowie die Erledigung der Hausaufgaben innerhalb bestimmter Zeitr\u00e4ume eigenst\u00e4ndig zu organisieren. Den Nachmittag verbringen die Kinder in unseren hellen und gro\u00dfz\u00fcgigen Themenr\u00e4umen oder auf dem weitl\u00e4ufigen Au\u00dfengel\u00e4nde.<\/p>\n\n\n\n<h3 class=\"wp-block-heading\"><strong>Unsere Themenr\u00e4ume auf einen Blick<\/strong><\/h3>\n\n\n\n<h4 class=\"wp-block-heading\">Bauzimmer<\/h4>\n\n\n\n<div class=\"wp-block-media-text is-stacked-on-mobile\" style=\"grid-template-columns:40% auto\"><figure class=\"wp-block-media-text__media\"><img loading=\"lazy\" decoding=\"async\" width=\"320\" height=\"240\" src=\"https:\/\/kinderschutzbund-freiberg.de\/cms\/wp-content\/uploads\/2025\/04\/Hort-Kibu-Bauraum-3.jpg\" alt=\"\" class=\"wp-image-2130 size-full\" srcset=\"https:\/\/kinderschutzbund-freiberg.de\/cms\/wp-content\/uploads\/2025\/04\/Hort-Kibu-Bauraum-3.jpg 320w, https:\/\/kinderschutzbund-freiberg.de\/cms\/wp-content\/uploads\/2025\/04\/Hort-Kibu-Bauraum-3-300x225.jpg 300w\" sizes=\"auto, (max-width: 320px) 100vw, 320px\" \/><\/figure><div class=\"wp-block-media-text__content\">\n<p>Der Raum l\u00e4dt kleine Baumeister und Architekten ein, Gro\u00dfes zu erschaffen.<\/p>\n<\/div><\/div>\n\n\n\n<h4 class=\"wp-block-heading\">Spielezimmer<\/h4>\n\n\n\n<div class=\"wp-block-media-text is-stacked-on-mobile\" style=\"grid-template-columns:40% auto\"><figure class=\"wp-block-media-text__media\"><img loading=\"lazy\" decoding=\"async\" width=\"320\" height=\"240\" src=\"https:\/\/kinderschutzbund-freiberg.de\/cms\/wp-content\/uploads\/2025\/04\/Hort-Kibu-Vorraum-Kicker-Airhockey.jpg\" alt=\"\" class=\"wp-image-2135 size-full\" srcset=\"https:\/\/kinderschutzbund-freiberg.de\/cms\/wp-content\/uploads\/2025\/04\/Hort-Kibu-Vorraum-Kicker-Airhockey.jpg 320w, https:\/\/kinderschutzbund-freiberg.de\/cms\/wp-content\/uploads\/2025\/04\/Hort-Kibu-Vorraum-Kicker-Airhockey-300x225.jpg 300w\" sizes=\"auto, (max-width: 320px) 100vw, 320px\" \/><\/figure><div class=\"wp-block-media-text__content\">\n<p>Knobelk\u00f6pfe und Spielebegeisterte tauchen ein in die Welt der Brett-\/Karten- und Gesellschaftsspiele.<\/p>\n<\/div><\/div>\n\n\n\n<h4 class=\"wp-block-heading\">Kreativzimmer<\/h4>\n\n\n\n<div class=\"wp-block-media-text is-stacked-on-mobile\" style=\"grid-template-columns:40% auto\"><figure class=\"wp-block-media-text__media\"><img loading=\"lazy\" decoding=\"async\" width=\"320\" height=\"240\" src=\"https:\/\/kinderschutzbund-freiberg.de\/cms\/wp-content\/uploads\/2025\/04\/Hort-Kibu-Kreativzimmer.jpg\" alt=\"\" class=\"wp-image-2134 size-full\" srcset=\"https:\/\/kinderschutzbund-freiberg.de\/cms\/wp-content\/uploads\/2025\/04\/Hort-Kibu-Kreativzimmer.jpg 320w, https:\/\/kinderschutzbund-freiberg.de\/cms\/wp-content\/uploads\/2025\/04\/Hort-Kibu-Kreativzimmer-300x225.jpg 300w\" sizes=\"auto, (max-width: 320px) 100vw, 320px\" \/><\/figure><div class=\"wp-block-media-text__content\">\n<p>Vielf\u00e4ltige Materialen warten auf kreative und fantasievolle Ideen.<\/p>\n<\/div><\/div>\n\n\n\n<h4 class=\"wp-block-heading\">Dschungelzimmer<\/h4>\n\n\n\n<div class=\"wp-block-media-text is-stacked-on-mobile\" style=\"grid-template-columns:40% auto\"><figure class=\"wp-block-media-text__media\"><img loading=\"lazy\" decoding=\"async\" width=\"320\" height=\"240\" src=\"https:\/\/kinderschutzbund-freiberg.de\/cms\/wp-content\/uploads\/2025\/04\/Hort-Kibu-Dschungelzimmer-3.jpg\" alt=\"\" class=\"wp-image-2131 size-full\" srcset=\"https:\/\/kinderschutzbund-freiberg.de\/cms\/wp-content\/uploads\/2025\/04\/Hort-Kibu-Dschungelzimmer-3.jpg 320w, https:\/\/kinderschutzbund-freiberg.de\/cms\/wp-content\/uploads\/2025\/04\/Hort-Kibu-Dschungelzimmer-3-300x225.jpg 300w\" sizes=\"auto, (max-width: 320px) 100vw, 320px\" \/><\/figure><div class=\"wp-block-media-text__content\">\n<p>Bambush\u00fctten und eine H\u00f6hle laden zur Entspannung und Ruhe ein.<\/p>\n<\/div><\/div>\n\n\n\n<h4 class=\"wp-block-heading\">Kinderk\u00fcche<\/h4>\n\n\n\n<div class=\"wp-block-media-text is-stacked-on-mobile\" style=\"grid-template-columns:40% auto\"><figure class=\"wp-block-media-text__media\"><img loading=\"lazy\" decoding=\"async\" width=\"320\" height=\"240\" src=\"https:\/\/kinderschutzbund-freiberg.de\/cms\/wp-content\/uploads\/2025\/04\/Hort-Kibu-Kueche-2.jpg\" alt=\"\" class=\"wp-image-2136 size-full\" srcset=\"https:\/\/kinderschutzbund-freiberg.de\/cms\/wp-content\/uploads\/2025\/04\/Hort-Kibu-Kueche-2.jpg 320w, https:\/\/kinderschutzbund-freiberg.de\/cms\/wp-content\/uploads\/2025\/04\/Hort-Kibu-Kueche-2-300x225.jpg 300w\" sizes=\"auto, (max-width: 320px) 100vw, 320px\" \/><\/figure><div class=\"wp-block-media-text__content\">\n<p>Eine gut ausgestattete K\u00fcche auf Kinderh\u00f6he wartet auf leckere Rezepte.<\/p>\n<\/div><\/div>\n\n\n\n<h4 class=\"wp-block-heading\">Klasse 1-Zimmer<\/h4>\n\n\n\n<div class=\"wp-block-media-text is-stacked-on-mobile\" style=\"grid-template-columns:40% auto\"><figure class=\"wp-block-media-text__media\"><img loading=\"lazy\" decoding=\"async\" width=\"320\" height=\"240\" src=\"https:\/\/kinderschutzbund-freiberg.de\/cms\/wp-content\/uploads\/2025\/04\/Hort-Kibu-Hortzimmer-2-Klasse-1.jpg\" alt=\"\" class=\"wp-image-2133 size-full\" srcset=\"https:\/\/kinderschutzbund-freiberg.de\/cms\/wp-content\/uploads\/2025\/04\/Hort-Kibu-Hortzimmer-2-Klasse-1.jpg 320w, https:\/\/kinderschutzbund-freiberg.de\/cms\/wp-content\/uploads\/2025\/04\/Hort-Kibu-Hortzimmer-2-Klasse-1-300x225.jpg 300w\" sizes=\"auto, (max-width: 320px) 100vw, 320px\" \/><\/figure><div class=\"wp-block-media-text__content\">\n<p>Diese erm\u00f6glichen ein entspanntes und beh\u00fctetes Ankommen und Kennenlernen beim \u00dcbergang zwischen Kita und Schule\/Hort.<\/p>\n<\/div><\/div>\n\n\n\n<h4 class=\"wp-block-heading\">Hausaufgabenzimmer<\/h4>\n\n\n\n<div class=\"wp-block-media-text is-stacked-on-mobile\" style=\"grid-template-columns:40% auto\"><figure class=\"wp-block-media-text__media\"><img loading=\"lazy\" decoding=\"async\" width=\"320\" height=\"240\" src=\"https:\/\/kinderschutzbund-freiberg.de\/cms\/wp-content\/uploads\/2025\/04\/Hort-Kibu-Hausaufgabenzimmer.jpg\" alt=\"\" class=\"wp-image-2132 size-full\" srcset=\"https:\/\/kinderschutzbund-freiberg.de\/cms\/wp-content\/uploads\/2025\/04\/Hort-Kibu-Hausaufgabenzimmer.jpg 320w, https:\/\/kinderschutzbund-freiberg.de\/cms\/wp-content\/uploads\/2025\/04\/Hort-Kibu-Hausaufgabenzimmer-300x225.jpg 300w\" sizes=\"auto, (max-width: 320px) 100vw, 320px\" \/><\/figure><div class=\"wp-block-media-text__content\">\n<p>Hausaufgaben k\u00f6nnen in vielf\u00e4ltigen Positionen ungest\u00f6rt erledigt werden.<\/p>\n<\/div><\/div>\n\n\n\n<h4 class=\"wp-block-heading\">Therapieraum<\/h4>\n\n\n\n<p>Der Raum steht f\u00fcr therapeutische Behandlungen w\u00e4hrend der Betreuungszeit zur Verf\u00fcgung.<\/p>\n\n\n\n<h4 class=\"wp-block-heading\">Au\u00dfengel\u00e4nde<\/h4>\n\n\n\n<p>F\u00fcr Kletterk\u00fcnstler, Ballbegeisterte, Rollerfahrer und alle die sich gern an der frischen Luft bewegen. Zus\u00e4tzlich steht uns die Turnhalle f\u00fcr Sportangebote zur Verf\u00fcgung.<\/p>\n\n\n\n<p>Neben den Themenr\u00e4umen k\u00f6nnen die Kinder die verschiedenen AGs am Nachmittag nutzen. Diese werden durch die P\u00e4dagogen des Hortes sowie in Kooperation mit der Schule und externen Anbietern im Rahmen des Ganztagsangebotes durchgef\u00fchrt.<\/p>\n\n\n\n<ul class=\"wp-block-list\">\n<li>Schm\u00f6kerstunde<\/li>\n\n\n\n<li>Yoga<\/li>\n\n\n\n<li>T\u00f6pfern<\/li>\n\n\n\n<li>Chor<\/li>\n\n\n\n<li>Koch-AG<\/li>\n\n\n\n<li>Fit for Fun<\/li>\n\n\n\n<li>\u201eAntolin\u201c- Lesen am PC<\/li>\n\n\n\n<li>Kinder-Hortrat<\/li>\n\n\n\n<li>Traum-AG<\/li>\n\n\n\n<li>Hockey<\/li>\n\n\n\n<li>Holz-AG<\/li>\n\n\n\n<li>Theater-AG<\/li>\n<\/ul>\n<\/div><\/div>\n\n\n\n<script type='text\/javascript'>\n    function toggleNextBlock(e) {\n        if ( jQuery(e).parent().next().is(\"script\") ) {\n            return;\n        }\n    \n        jQuery(e).parent().next().toggle();\n        event.preventDefault();\n    }\n\n            jQuery(document).ready(function(){\n            jQuery(\".expandbox\").next().hide();\n        });\n    <\/script>\n\n<div class=\"kibu expandbox collapsed\">\n    <div class=\"gutenberg-expandbox-hint\">N\u00e4chster Block klappbar<\/div>\n    <h2 class='title show-as-kibu-service-block' onClick='toggleNextBlock(this)'>Unser Team<span class='state'>anzeigen\/verbergen<\/span><\/h2><\/div>\n\n\n\n<p>F\u00fcr eine altersgerechte und bed\u00fcrfnisorientierte Betreuung der Kinder steht ein Team von P\u00e4dagogen und P\u00e4dagoginnen mit vielf\u00e4ltigen Qualifikationen zur Verf\u00fcgung. Als zus\u00e4tzliche Qualifikationen kann unser Team Weiterbildungen in den Bereichen Natur- und Waldp\u00e4dagogik, Tanzp\u00e4dagogik, Praxisanleitung, Klangp\u00e4dagogik, heilp\u00e4dagogische Zusatzqualifizierung und \u201eDrums-alive-Instructor\u201c vorweisen.<\/p>\n\n\n\n<script type='text\/javascript'>\n    function toggleNextBlock(e) {\n        if ( jQuery(e).parent().next().is(\"script\") ) {\n            return;\n        }\n    \n        jQuery(e).parent().next().toggle();\n        event.preventDefault();\n    }\n\n            jQuery(document).ready(function(){\n            jQuery(\".expandbox\").next().hide();\n        });\n    <\/script>\n\n<div class=\"kibu expandbox collapsed\">\n    <div class=\"gutenberg-expandbox-hint\">N\u00e4chster Block klappbar<\/div>\n    <h2 class='title show-as-kibu-service-block' onClick='toggleNextBlock(this)'>Kapazit\u00e4t \/ Betreuungsalter \/ \u00d6ffnungszeiten<span class='state'>anzeigen\/verbergen<\/span><\/h2><\/div>\n\n\n\n<div class=\"wp-block-group\"><div class=\"wp-block-group__inner-container is-layout-constrained wp-block-group-is-layout-constrained\">\n<p>Kapazit\u00e4t: 250 Kinder davon 20 Integrationspl\u00e4tze<\/p>\n\n\n\n<p>Betreuungsalter: 1. bis 4. Klasse \u00d6ffnungszeiten: Montag -Freitag 6:00 bis 7:30 Uhr und ab Unterrichtsschluss bis 17:00 Uhr. In den Ferien durchg\u00e4ngige Betreuung von 06:00 bis 17:00 Uhr.<\/p>\n<\/div><\/div>\n\n\n\n<script type='text\/javascript'>\n    function toggleNextBlock(e) {\n        if ( jQuery(e).parent().next().is(\"script\") ) {\n            return;\n        }\n    \n        jQuery(e).parent().next().toggle();\n        event.preventDefault();\n    }\n\n            jQuery(document).ready(function(){\n            jQuery(\".expandbox\").next().hide();\n        });\n    <\/script>\n\n<div class=\"kibu expandbox collapsed\">\n    <div class=\"gutenberg-expandbox-hint\">N\u00e4chster Block klappbar<\/div>\n    <h2 class='title show-as-kibu-service-block' onClick='toggleNextBlock(this)'>Termine und Schlie\u00dfzeiten<span class='state'>anzeigen\/verbergen<\/span><\/h2><\/div>\n\n\n\n<figure class=\"wp-block-table is-style-stripes\"><table><tbody><tr><td>02.05.2025<\/td><td>Schlie\u00dftag: Br\u00fcckentag<\/td><\/tr><tr><td>30.05.2025<\/td><td>Schlie\u00dftag: Br\u00fcckentag<\/td><\/tr><\/tbody><\/table><\/figure>\n\n\n\n<script type='text\/javascript'>\n    function toggleNextBlock(e) {\n        if ( jQuery(e).parent().next().is(\"script\") ) {\n            return;\n        }\n    \n        jQuery(e).parent().next().toggle();\n        event.preventDefault();\n    }\n\n            jQuery(document).ready(function(){\n            jQuery(\".expandbox\").next().hide();\n        });\n    <\/script>\n\n<div class=\"kibu expandbox collapsed\">\n    <div class=\"gutenberg-expandbox-hint\">N\u00e4chster Block klappbar<\/div>\n    <h2 class='title show-as-kibu-service-block' onClick='toggleNextBlock(this)'>Unsere Partner<span class='state'>anzeigen\/verbergen<\/span><\/h2><\/div>\n\n\n\n<ul class=\"wp-block-list\">\n<li>Carl-B\u00f6hme-Grundschule<\/li>\n\n\n\n<li>Kita \u201eKibu\u201c des Kinderschutzbundes: Die Lernm\u00e4use der Kita besuchen w\u00f6chentlich den Hort und lernen ihn so kennen.<\/li>\n\n\n\n<li>Familienzentrum des Kinderschutzbundes<\/li>\n<\/ul>\n\n\n\n<script type='text\/javascript'>\n    function toggleNextBlock(e) {\n        if ( jQuery(e).parent().next().is(\"script\") ) {\n            return;\n        }\n    \n        jQuery(e).parent().next().toggle();\n        event.preventDefault();\n    }\n\n            jQuery(document).ready(function(){\n            jQuery(\".expandbox\").next().hide();\n        });\n    <\/script>\n\n<div class=\"kibu expandbox collapsed\">\n    <div class=\"gutenberg-expandbox-hint\">N\u00e4chster Block klappbar<\/div>\n    <h2 class='title show-as-kibu-service-block' onClick='toggleNextBlock(this)'>Speisenanbieter \/ Essensversorger<span class='state'>anzeigen\/verbergen<\/span><\/h2><\/div>\n\n\n\n<p>Das Mittagessen wird von dem Anbieter \u201eMen\u00fcPartner\u201c geliefert und durch das K\u00fcchenpersonal an die Kinder ausgegeben. Hierf\u00fcr schlie\u00dfen die Eltern einen separaten Vertrag mit dem Essensanbieter ab. Die Kinder k\u00f6nnen gemeinsam mit den Eltern in der Bestellung zwischen zwei Men\u00fcs w\u00e4hlen. Der Nachtisch wird in Form eines t\u00e4glich wechselnden Buffets angeboten.<\/p>\n\n\n\n<p><\/p>\n<\/div>\n\n\n\n<div class=\"wp-block-column is-layout-flow wp-block-column-is-layout-flow\" style=\"flex-basis:33.33%\">\n<div class=\"wp-block-group is-style-sticky-header\"><div class=\"wp-block-group__inner-container is-layout-constrained wp-block-group-is-layout-constrained\">\n<div class=\"kibu contactbox fullwidth\">\n    <div class=\"gutenberg-hint\">Kontakt-Block<\/div>\n                                \n                                                \n                                                                                                                                                \n                <p class='contact' id='contact-1928'>\n                    <span class='name'>Antje Mathaj<\/span><br \/>                                        <span class='address'>DKSB RV Freiberg e. V.<\/span><br \/>                    <span class='address2'>Friedeburger Stra\u00dfe 17<\/span><br \/>                    <span class='zip_town'>09599 Freiberg<\/span><br \/>                    <span class='phone'>03731\/245250<\/span><br \/>                                        <span class='email'><span id=\"e812013597\">[Bitte JavaScript aktivieren]<\/span><script type=\"text\/javascript\">\/*<![CDATA[*\/eval(\"var a=\\\"ow_vUsRg2.iQWAxHFVqkr7dPY-3GbMDT1+6LfN0ImczBeEjntupZ5@KXOh8JC4l9ySa\\\";var b=a.split(\\\"\\\").sort().join(\\\"\\\");var c=\\\"tX8CZuz4AZuKeE8JBt4Caz4Kewj8EuzE8n_eE\\\";var d=\\\"\\\";for(var e=0;e<c.length;e++)d+=b.charAt(a.indexOf(c.charAt(e)));document.getElementById(\\\"e812013597\\\").innerHTML=\\\"<a href=\\\\\\\"mailto:\\\"+d+\\\"\\\\\\\">\\\"+d+\\\"<\/a>\\\"\")\/*]]>*\/<\/script><\/span>                <\/p>\n                                                <div class='textarea'>\n        <p><strong>\u00d6ffnungszeiten<\/strong><br \/>\nsiehe Abschnitt &#8222;Kapazit\u00e4t \/ Betreuungsalter \/ \u00d6ffnungszeiten&#8220;<\/p>\n    <\/div>\n    <\/div>\n\n\n<div class=\"kibu sidebarbox blau\">\n    <div class=\"gutenberg-sidebarbox-hint\">Sidebar-Box<\/div>\n            <p class='headline'><\/p>\n    \n            <ul class='links'>\n            <li><a href='https:\/\/kinderschutzbund-freiberg.de\/cms\/angebote\/kitas-horte\/hort-kibu-freiberg\/kontaktformular-hort-kibu-freiberg\/'>Hort kontaktieren<\/a><\/li>        <\/ul>\n        \n\n            <p class='textarea'>\n                    <\/p>\n    <\/div>\n\n\n<div class=\"kibu sidebarbox grau\">\n    <div class=\"gutenberg-sidebarbox-hint\">Sidebar-Box<\/div>\n            <p class='headline'>Downloads<\/p>\n    \n            <ul class='links'>\n            <li><a href=''>\u00c4nderungsformular<\/a><\/li><li><a href='https:\/\/kinderschutzbund-freiberg.de\/cms\/eigenleistung-der-kitas-und-horte\/'>Formular Eigenleistung<\/a><\/li>        <\/ul>\n        \n\n            <p class='textarea'>\n                    <\/p>\n    <\/div>\n\n\n<div class=\"kibu sidebarbox grau\">\n    <div class=\"gutenberg-sidebarbox-hint\">Sidebar-Box<\/div>\n            <p class='headline'>Instagram<\/p>\n    \n        \n\n            <p class='textarea'>\n            <p><a href=\"https:\/\/www.instagram.com\/hort_kibu\/\" target=\"_blank\" rel=\"noopener\"><img loading=\"lazy\" decoding=\"async\" class=\"alignnone  wp-image-2101\" src=\"https:\/\/kinderschutzbund-freiberg.de\/cms\/wp-content\/uploads\/2025\/04\/qr_hort_kibu-300x300.png\" alt=\"\" width=\"190\" height=\"190\" srcset=\"https:\/\/kinderschutzbund-freiberg.de\/cms\/wp-content\/uploads\/2025\/04\/qr_hort_kibu-300x300.png 300w, https:\/\/kinderschutzbund-freiberg.de\/cms\/wp-content\/uploads\/2025\/04\/qr_hort_kibu-1024x1024.png 1024w, https:\/\/kinderschutzbund-freiberg.de\/cms\/wp-content\/uploads\/2025\/04\/qr_hort_kibu-150x150.png 150w, https:\/\/kinderschutzbund-freiberg.de\/cms\/wp-content\/uploads\/2025\/04\/qr_hort_kibu-768x768.png 768w, https:\/\/kinderschutzbund-freiberg.de\/cms\/wp-content\/uploads\/2025\/04\/qr_hort_kibu.png 1092w\" sizes=\"auto, (max-width: 190px) 100vw, 190px\" \/><\/a><\/p>\n        <\/p>\n    <\/div><\/div><\/div>\n<\/div>\n<\/div>\n","protected":false},"excerpt":{"rendered":"<p>\u201eMultikulturell trifft auf Chancengleichheit\u201c, so l\u00e4sst sich das Leitbild des Horts \u201eKibu\u201c in K\u00fcrze beschreiben. Unser Hort ist ein Ort des Miteinanders, des Lernens und des Wachsens, an dem Kinder die M\u00f6glichkeit haben, sich in einer f\u00f6rdernden, kulturell vielf\u00e4ltigen Umgebung zu entfalten. Wir stehen f\u00fcr: Unser Hort \u201eKibu\u201c befindet sich in zentraler Lage im Wohngebiet [&hellip;]<\/p>\n","protected":false},"author":38,"featured_media":1536,"parent":19,"menu_order":0,"comment_status":"closed","ping_status":"closed","template":"","meta":{"_acf_changed":false,"footnotes":""},"class_list":["post-256","page","type-page","status-publish","has-post-thumbnail","hentry"],"acf":[],"_links":{"self":[{"href":"https:\/\/kinderschutzbund-freiberg.de\/cms\/wp-json\/wp\/v2\/pages\/256","targetHints":{"allow":["GET"]}}],"collection":[{"href":"https:\/\/kinderschutzbund-freiberg.de\/cms\/wp-json\/wp\/v2\/pages"}],"about":[{"href":"https:\/\/kinderschutzbund-freiberg.de\/cms\/wp-json\/wp\/v2\/types\/page"}],"author":[{"embeddable":true,"href":"https:\/\/kinderschutzbund-freiberg.de\/cms\/wp-json\/wp\/v2\/users\/38"}],"replies":[{"embeddable":true,"href":"https:\/\/kinderschutzbund-freiberg.de\/cms\/wp-json\/wp\/v2\/comments?post=256"}],"version-history":[{"count":84,"href":"https:\/\/kinderschutzbund-freiberg.de\/cms\/wp-json\/wp\/v2\/pages\/256\/revisions"}],"predecessor-version":[{"id":2806,"href":"https:\/\/kinderschutzbund-freiberg.de\/cms\/wp-json\/wp\/v2\/pages\/256\/revisions\/2806"}],"up":[{"embeddable":true,"href":"https:\/\/kinderschutzbund-freiberg.de\/cms\/wp-json\/wp\/v2\/pages\/19"}],"wp:featuredmedia":[{"embeddable":true,"href":"https:\/\/kinderschutzbund-freiberg.de\/cms\/wp-json\/wp\/v2\/media\/1536"}],"wp:attachment":[{"href":"https:\/\/kinderschutzbund-freiberg.de\/cms\/wp-json\/wp\/v2\/media?parent=256"}],"curies":[{"name":"wp","href":"https:\/\/api.w.org\/{rel}","templated":true}]}}