{"id":260,"date":"2024-09-02T22:19:32","date_gmt":"2024-09-02T20:19:32","guid":{"rendered":"https:\/\/kinderschutzbund-freiberg.de\/cms\/?page_id=260"},"modified":"2026-05-05T16:08:20","modified_gmt":"2026-05-05T14:08:20","slug":"kindertagesstaette-wirbelwind-halsbruecke","status":"publish","type":"page","link":"https:\/\/kinderschutzbund-freiberg.de\/cms\/angebote\/kitas-horte\/kindertagesstaette-wirbelwind-halsbruecke\/","title":{"rendered":"Kita Wirbelwind Halsbr\u00fccke"},"content":{"rendered":"\n<div class=\"wp-block-columns is-layout-flex wp-container-core-columns-is-layout-9d6595d7 wp-block-columns-is-layout-flex\">\n<div class=\"wp-block-column is-layout-flow wp-block-column-is-layout-flow\" style=\"flex-basis:66.66%\">\n<p>In der Kita Wirbelwind betreuen wir bis zu 80 Kinder ab der Vollendung des ersten Lebensjahres bis zum Schuleintritt. Wir haben vier Gruppen: bei den Regenb\u00f6gen f\u00fchlen sich bis zu 15 Krippenkinder zuhause, die Sternschnuppen und Windgeister sind zwei altersgemischte Gruppen f\u00fcr Kinder zwischen 3 und 5 Jahren und bei den Vorschulspatzen verbringen die Kinder das letzte Jahr vor der Schuleinf\u00fchrung. Unsere Einrichtung liegt naturnah, aber doch zentral mit guter Busanbindung nach Freiberg. Wir sind aktiv ins Gemeindeleben eingebunden, m\u00f6chten Traditionen n\u00e4herbringen und bewahren und bieten regelm\u00e4\u00dfig generations\u00fcbergreifende Veranstaltungen an.<\/p>\n\n\n\n<p>Unser Haus ist sehr gro\u00dfz\u00fcgig und bietet neben den Gruppen- und zus\u00e4tzlichen Themenr\u00e4umen (Bauen, Rollenspiel, Kreativ) einen Therapieraum, einen gro\u00dfen Mehrzweckraum f\u00fcr Bewegungsangebote, Feste und Veranstaltungen, sowie eine Lernwerkstatt. In unserem weitl\u00e4ufigen Au\u00dfengel\u00e4nde haben wir nicht nur Spiel- und Kletterm\u00f6glichkeiten, sondern auch viel gr\u00fcne Wiese, einen Fu\u00dfballplatz und einen gro\u00dfen Kinder-Pool.<\/p>\n\n\n\n<h2 class=\"wp-block-heading\">Neuigkeiten<\/h2>\n\n\n<ul class=\"wp-block-latest-posts__list has-dates wp-block-latest-posts\"><li><a class=\"wp-block-latest-posts__post-title\" href=\"https:\/\/kinderschutzbund-freiberg.de\/cms\/2026\/05\/11\/das-ergebnis-der-aktion-zum-tag-der-kinderbetreuung\/\">Das Ergebnis der Aktion zum Tag der Kinderbetreuung<\/a><time datetime=\"2026-05-11T10:26:33+02:00\" class=\"wp-block-latest-posts__post-date\">11. Mai 2026<\/time><div class=\"wp-block-latest-posts__post-excerpt\"><\/div><\/li>\n<li><a class=\"wp-block-latest-posts__post-title\" href=\"https:\/\/kinderschutzbund-freiberg.de\/cms\/2026\/05\/04\/tag-der-gewaltfreien-erziehung-eltern-brauchen-staerkung-keine-bewertung\/\">Tag der gewaltfreien Erziehung: Eltern brauchen St\u00e4rkung, keine Bewertung<\/a><time datetime=\"2026-05-04T10:29:22+02:00\" class=\"wp-block-latest-posts__post-date\">4. Mai 2026<\/time><div class=\"wp-block-latest-posts__post-excerpt\">Anl\u00e4sslich des Tages der gewaltfreien Erziehung am 30. April 2026 macht der Kinderschutzbund Landesverband Sachsen auf die gro\u00dfe Bedeutung einer respektvollen, gewaltfreien Begleitung von Kindern und Jugendlichen aufmerksam. Gewaltfreie Erziehung ist kein p\u00e4dagogisches Ideal f\u00fcr wenige, sondern Alltag f\u00fcr viele Familien. Gewaltfreie Erziehung hei\u00dft nicht, Kinder sich selbst zu \u00fcberlassen oder auf Regeln zu verzichten.\u2026\u00a0<a class=\"wp-block-latest-posts__read-more\" href=\"https:\/\/kinderschutzbund-freiberg.de\/cms\/2026\/05\/04\/tag-der-gewaltfreien-erziehung-eltern-brauchen-staerkung-keine-bewertung\/\" rel=\"noopener noreferrer\"><span class=\"screen-reader-text\">Tag der gewaltfreien Erziehung: Eltern brauchen St\u00e4rkung, keine Bewertung <\/span>weiterlesen<\/a><\/div><\/li>\n<\/ul>\n\n\n<p><a href=\"https:\/\/kinderschutzbund-freiberg.de\/cms\/neuigkeiten\/\" data-type=\"page\" data-id=\"25\">Alle Neuigkeiten lesen<\/a><\/p>\n\n\n\n<h2 class=\"wp-block-heading\">Informationen<\/h2>\n\n\n\n<script type='text\/javascript'>\n    function toggleNextBlock(e) {\n        if ( jQuery(e).parent().next().is(\"script\") ) {\n            return;\n        }\n    \n        jQuery(e).parent().next().toggle();\n        event.preventDefault();\n    }\n\n            jQuery(document).ready(function(){\n            jQuery(\".expandbox\").next().hide();\n        });\n    <\/script>\n\n<div class=\"kibu expandbox collapsed\">\n    <div class=\"gutenberg-expandbox-hint\">N\u00e4chster Block klappbar<\/div>\n    <h2 class='title show-as-kibu-service-block' onClick='toggleNextBlock(this)'>Einrichtungsleitung<span class='state'>anzeigen\/verbergen<\/span><\/h2><\/div>\n\n\n\n<div class=\"wp-block-group\"><div class=\"wp-block-group__inner-container is-layout-constrained wp-block-group-is-layout-constrained\">\n<p>Dorit Otto<br>Stellvertretung: Iris Grimm<\/p>\n<\/div><\/div>\n\n\n\n<script type='text\/javascript'>\n    function toggleNextBlock(e) {\n        if ( jQuery(e).parent().next().is(\"script\") ) {\n            return;\n        }\n    \n        jQuery(e).parent().next().toggle();\n        event.preventDefault();\n    }\n\n            jQuery(document).ready(function(){\n            jQuery(\".expandbox\").next().hide();\n        });\n    <\/script>\n\n<div class=\"kibu expandbox collapsed\">\n    <div class=\"gutenberg-expandbox-hint\">N\u00e4chster Block klappbar<\/div>\n    <h2 class='title show-as-kibu-service-block' onClick='toggleNextBlock(this)'>Unser Team<span class='state'>anzeigen\/verbergen<\/span><\/h2><\/div>\n\n\n\n<div class=\"wp-block-group\"><div class=\"wp-block-group__inner-container is-layout-constrained wp-block-group-is-layout-constrained\">\n<p>Unser Team besteht aus staatlich anerkannten Erzieherinnen, Dipl.-Sozialp\u00e4dagog:innen und Dipl.-Heilp\u00e4dagog:innen. Zus\u00e4tzlich wird es durch unsere Reinigungsfachkr\u00e4fte, einen Hausmeister und zeitweise von Praktikant:innen, Dual-Studierenden (Soziale Arbeit, Kindheitsp\u00e4dagogik o.\u00e4.) oder Auszubildenden (Sozial-Assistent:in, Erzieher:in) unterst\u00fctzt.<\/p>\n<\/div><\/div>\n\n\n\n<script type='text\/javascript'>\n    function toggleNextBlock(e) {\n        if ( jQuery(e).parent().next().is(\"script\") ) {\n            return;\n        }\n    \n        jQuery(e).parent().next().toggle();\n        event.preventDefault();\n    }\n\n            jQuery(document).ready(function(){\n            jQuery(\".expandbox\").next().hide();\n        });\n    <\/script>\n\n<div class=\"kibu expandbox collapsed\">\n    <div class=\"gutenberg-expandbox-hint\">N\u00e4chster Block klappbar<\/div>\n    <h2 class='title show-as-kibu-service-block' onClick='toggleNextBlock(this)'>Kapazit\u00e4t<span class='state'>anzeigen\/verbergen<\/span><\/h2><\/div>\n\n\n\n<div class=\"wp-block-group\"><div class=\"wp-block-group__inner-container is-layout-constrained wp-block-group-is-layout-constrained\">\n<p>Insgesamt 80 Pl\u00e4tze<\/p>\n\n\n\n<ul class=\"wp-block-list\">\n<li>bis zu 20 Krippenpl\u00e4tze f\u00fcr Kinder ab Vollendung des ersten Lebensjahres bis zum dritten Geburtstag<\/li>\n\n\n\n<li>60 Kindergartenpl\u00e4tze in zwei altersgemischten Gruppen (3-5 Jahre) und einer altersreinen Vorschulgruppe<\/li>\n\n\n\n<li>8 Integrationspl\u00e4tze f\u00fcr Kinder mit besonderem F\u00f6rderbedarf<\/li>\n<\/ul>\n<\/div><\/div>\n\n\n\n<script type='text\/javascript'>\n    function toggleNextBlock(e) {\n        if ( jQuery(e).parent().next().is(\"script\") ) {\n            return;\n        }\n    \n        jQuery(e).parent().next().toggle();\n        event.preventDefault();\n    }\n\n            jQuery(document).ready(function(){\n            jQuery(\".expandbox\").next().hide();\n        });\n    <\/script>\n\n<div class=\"kibu expandbox collapsed\">\n    <div class=\"gutenberg-expandbox-hint\">N\u00e4chster Block klappbar<\/div>\n    <h2 class='title show-as-kibu-service-block' onClick='toggleNextBlock(this)'>Konzept und Besonderheiten<span class='state'>anzeigen\/verbergen<\/span><\/h2><\/div>\n\n\n\n<div class=\"wp-block-group\"><div class=\"wp-block-group__inner-container is-layout-constrained wp-block-group-is-layout-constrained\">\n<p>Wir orientieren uns an der UN-Kinderrechtskonvention und arbeiten nach einem ganzheitlichen und situationsorientierten Bildungsansatz. Mitbestimmung und Teilhabe aller Kinder sind uns besonders wichtig. Wir wertsch\u00e4tzen jedes Kind mit seinem individuellen Entwicklungsstand. Mit unserer Wachgruppe k\u00f6nnen wir dem individuellen Schlafbed\u00fcrfnis jedes einzelnen Kindes gerecht werden. Einmal w\u00f6chentlich gibt es f\u00fcr alle Kinder gruppen\u00fcbergreifende, offene Angebote, darunter auch eine Waldgruppe. Die Vorschulgruppe macht regelm\u00e4\u00dfig Ausfl\u00fcge in die Bibliothek, ins Theater oder in die Salzgrotte.<\/p>\n\n\n\n<p>Wir betreuen in allen Gruppen auch Kinder mit besonderem F\u00f6rderbedarf und gehen auf ihre Bed\u00fcrfnisse individuell ein, um sie in ihrer Entwicklung zu unterst\u00fctzen. Daf\u00fcr stehen in der Einrichtung 8 Integrationspl\u00e4tze zur Verf\u00fcgung.<\/p>\n\n\n\n<p>Mit dem Hort Wirbelsturm und der Grundschule Halsbr\u00fccke besteht eine enge Kooperation, sodass der \u00dcbergang in die Schule Hand in Hand erfolgt.<\/p>\n\n\n\n<p>Eine Besonderheit ist unser weitl\u00e4ufiges Au\u00dfengel\u00e4nde mit gro\u00dfem Kinder-Pool, welcher an hei\u00dfen Sommertagen wohltuende Abk\u00fchlung und nat\u00fcrlich viel Spa\u00df bringt. Sonnenschutz ist nicht nur am Pool wichtig. Deshalb lassen wir uns in Zusammenarbeit mit der S\u00e4chsischen Krebsgesellschaft e. V. zur \u201eSonnenschutz-Kita\u201c zertifizieren.<\/p>\n<\/div><\/div>\n\n\n\n<script type='text\/javascript'>\n    function toggleNextBlock(e) {\n        if ( jQuery(e).parent().next().is(\"script\") ) {\n            return;\n        }\n    \n        jQuery(e).parent().next().toggle();\n        event.preventDefault();\n    }\n\n            jQuery(document).ready(function(){\n            jQuery(\".expandbox\").next().hide();\n        });\n    <\/script>\n\n<div class=\"kibu expandbox collapsed\">\n    <div class=\"gutenberg-expandbox-hint\">N\u00e4chster Block klappbar<\/div>\n    <h2 class='title show-as-kibu-service-block' onClick='toggleNextBlock(this)'>Termine und Schlie\u00dfzeiten<span class='state'>anzeigen\/verbergen<\/span><\/h2><\/div>\n\n\n\n<ul class=\"wp-block-list\">\n<li>15.05. Schlie\u00dftag nach Himmelfahrt<\/li>\n\n\n\n<li><strong>20.05. Oma-Opa-Tag<\/strong><\/li>\n\n\n\n<li><strong>01.06. Kindertagsfeier<\/strong><\/li>\n\n\n\n<li>05.06.-06.06. Zuckert\u00fctenfest mit \u00dcbernachtung<\/li>\n\n\n\n<li>08.06. 18 Uhr Aufnahme-Elternabend Hort f\u00fcr neue Klasse 1<\/li>\n\n\n\n<li>24.06. Senioren-Geburtstag im Kiga<\/li>\n\n\n\n<li>27. und 28.06. Stand des Kinderschutzbundes auf dem Freiberger Bergstadtfest<\/li>\n\n\n\n<li><strong>01.07. Tag der offenen T\u00fcr mit Kindersachenflohmarkt (Kuchenbasar vom Elternrat)<\/strong><\/li>\n\n\n\n<li>03. \u2013 07.08. Schnupperwoche f\u00fcr die Schulanf\u00e4nger im Hort<\/li>\n\n\n\n<li>20.09. Weltkindertag in Freiberg<\/li>\n\n\n\n<li>24.09. Info-Elternabende (mit Elternratswahl) bei Sternschnuppen, Windgeister und Regenb\u00f6gen<\/li>\n\n\n\n<li>30.09. 17:30 Uhr Elternabend der neuen Vorschulgruppe mit Teilnahme der Beratungslehrerin (mit Elternratswahl)<\/li>\n\n\n\n<li><strong>30.10. Tag der offenen T\u00fcr und Herbstfest, Grillstand vom Elternrat<\/strong><\/li>\n\n\n\n<li>bis 15.11. Abgabe der Eigenleistungsformulare f\u00fcr 2025<\/li>\n\n\n\n<li>20.11. Bundesvorlesetag<\/li>\n\n\n\n<li>November Elternabend mit Fachreferent \u2013 Datum und Thema wird nach Eltern-Abfrage festgelegt<\/li>\n\n\n\n<li>02.12. Senioren-Weihnachtsfeier<\/li>\n\n\n\n<li><strong>11.12. Kinderweihnachtsfeier mit Besuch vom Weihnachtsmann<\/strong><\/li>\n<\/ul>\n\n\n\n<div class=\"wp-block-group\"><div class=\"wp-block-group__inner-container is-layout-constrained wp-block-group-is-layout-constrained\"><\/div><\/div>\n\n\n\n<script type='text\/javascript'>\n    function toggleNextBlock(e) {\n        if ( jQuery(e).parent().next().is(\"script\") ) {\n            return;\n        }\n    \n        jQuery(e).parent().next().toggle();\n        event.preventDefault();\n    }\n\n            jQuery(document).ready(function(){\n            jQuery(\".expandbox\").next().hide();\n        });\n    <\/script>\n\n<div class=\"kibu expandbox collapsed\">\n    <div class=\"gutenberg-expandbox-hint\">N\u00e4chster Block klappbar<\/div>\n    <h2 class='title show-as-kibu-service-block' onClick='toggleNextBlock(this)'>Elternbeitr\u00e4ge<span class='state'>anzeigen\/verbergen<\/span><\/h2><\/div>\n\n\n\n<div class=\"wp-block-group\"><div class=\"wp-block-group__inner-container is-layout-constrained wp-block-group-is-layout-constrained\">\n<p>Die Gemeinde Halsbr\u00fccke erl\u00e4sst eine Elternbeitragssitzung. Die Elternbeitr\u00e4ge lassen sich auf der Internetseite der Gemeinde Halsbr\u00fccke downloaden. Die Elternbeitr\u00e4ge werden im Oktober jeden Jahres angepasst.<\/p>\n\n\n\n<div class=\"wp-block-buttons is-layout-flex wp-block-buttons-is-layout-flex\">\n<div class=\"wp-block-button\"><a class=\"wp-block-button__link wp-element-button\" href=\"https:\/\/www.halsbruecke.de\/rechtsgrundlagen\/1\/56648\/finanzen.html\" target=\"_blank\" rel=\"noreferrer noopener\">Elternbeitr\u00e4ge<\/a><\/div>\n<\/div>\n<\/div><\/div>\n\n\n\n<script type='text\/javascript'>\n    function toggleNextBlock(e) {\n        if ( jQuery(e).parent().next().is(\"script\") ) {\n            return;\n        }\n    \n        jQuery(e).parent().next().toggle();\n        event.preventDefault();\n    }\n\n            jQuery(document).ready(function(){\n            jQuery(\".expandbox\").next().hide();\n        });\n    <\/script>\n\n<div class=\"kibu expandbox collapsed\">\n    <div class=\"gutenberg-expandbox-hint\">N\u00e4chster Block klappbar<\/div>\n    <h2 class='title show-as-kibu-service-block' onClick='toggleNextBlock(this)'>Unsere Partner<span class='state'>anzeigen\/verbergen<\/span><\/h2><\/div>\n\n\n\n<div class=\"wp-block-group\"><div class=\"wp-block-group__inner-container is-layout-constrained wp-block-group-is-layout-constrained\">\n<p><strong>Familienzentrum \u2013 Der Kinderschutzbund RV Freiberg e. V.<\/strong><br>Kurt-Handwerk-Stra\u00dfe 2<br>09599 Freiberg<\/p>\n\n\n\n<p><strong>Grundschule Halsbr\u00fccke und Hort Wirbelsturm<\/strong><br>Am Schulberg 10 (a)<br>09633 Halsbr\u00fccke<\/p>\n\n\n\n<p><strong>IBK \u2013 Institut f\u00fcr Bildung und Kommunikation Freiberg<\/strong><br>Rinnengasse 2<br>09633 Halsbr\u00fccke<\/p>\n\n\n\n<p><strong>Gemeinde Halsbr\u00fccke<\/strong><br>Am Ernst-Th\u00e4lmann-Heim 1<br>09633 Halsbr\u00fccke<\/p>\n\n\n\n<p><strong>Berufliches Schulzentrum<br>f\u00fcr Agrarwirtschaft, Ern\u00e4hrung und Hauswirtschaft Freiberg mit<br>Fachschulzentrum Freiberg-Zug<\/strong><br>Turnerstra\u00dfe 5<br>09599 Freiberg<\/p>\n\n\n\n<h3 class=\"wp-block-heading\">Speisenanbieter<\/h3>\n\n\n\n<p>Wir sind eine brotb\u00fcchsenfreie Kita und bieten eine Vollverpflegung (Fr\u00fchst\u00fcck, Mittagessen, Vesper) \u00fcber den Essenversorger \u201eServito Catering &amp; Services\u201c an.<\/p>\n\n\n\n<p><strong>Unternehmensgruppe H\u00e4nchen<\/strong><br>HDB Dienstleistungs- und Beratungsgesellschaft mbH<br>Rittergutshof 1<br>04463 Gro\u00dfp\u00f6sna \/ OT Dreiskau-Muckern<\/p>\n\n\n\n<p>Telefon: 034206 77 66 0<\/p>\n\n\n\n<p>Telefax: 034206 77 66 20<\/p>\n\n\n\n<p>E-Mail: <a href=\"mailto:ugh@haenchen.com\">ugh@haenchen.com<\/a><\/p>\n<\/div><\/div>\n\n\n\n<div class=\"wp-block-group\"><div class=\"wp-block-group__inner-container is-layout-constrained wp-block-group-is-layout-constrained\">\n<p>In einer Kita gibt es immer viel zu tun und wir sind \u00fcber jede Hilfe dankbar. Gerne k\u00f6nnen Sie uns in Form von Eigenleistung unterst\u00fctzen. Die Aufgaben sind vielf\u00e4ltig (hauswirtschaftliche T\u00e4tigkeiten, Gartent\u00e4tigkeiten, Vorbereitung und Hilfe bei der Durchf\u00fchrung von Festen, Veranstaltungen und Ausfl\u00fcgen, N\u00e4harbeiten, Vorlesepatenschaften, einmalige oder wiederkehrende Angebote in Ihrem \u201eSpezialgebiet\u201c\u2026). Au\u00dferdem freuen wir uns \u00fcber Geld- und Sachspenden f\u00fcr unsere Kita oder den Kinderschutzbund RV Freiberg e. V. Herzlichen Dank!<\/p>\n<\/div><\/div>\n<\/div>\n\n\n\n<div class=\"wp-block-column is-layout-flow wp-block-column-is-layout-flow\" style=\"flex-basis:33.33%\">\n<div class=\"wp-block-group is-style-sticky-header\"><div class=\"wp-block-group__inner-container is-layout-constrained wp-block-group-is-layout-constrained\">\n<div class=\"kibu contactbox fullwidth\">\n    <div class=\"gutenberg-hint\">Kontakt-Block<\/div>\n                                \n                                                \n                                                                                                                                                \n                <p class='contact' id='contact-1283'>\n                    <span class='name'>Dorit Otto<\/span><br \/>                                        <span class='address'>Kita &#8222;Wirbelwind&#8220;<\/span><br \/>                    <span class='address2'>Bergmannsruh 21<\/span><br \/>                    <span class='zip_town'>09633 Halsbr\u00fccke<\/span><br \/>                    <span class='phone'>03731\/246272<\/span><br \/>                                        <span class='email'><span id=\"e796030976\">[Bitte JavaScript aktivieren]<\/span><script type=\"text\/javascript\">\/*<![CDATA[*\/eval(\"var a=\\\"Bxgc7hMY-EP+K3tbzsR8pfoIL6yNkHOTreaJid19XUVl5@qn_vAQCmjWuFSZG2D.4w0\\\";var b=a.split(\\\"\\\").sort().join(\\\"\\\");var c=\\\"QvGUg_UCZVS2@lQ@3Qvj5@SZl_2G0V2j5xqS@vV@Sng5@\\\";var d=\\\"\\\";for(var e=0;e<c.length;e++)d+=b.charAt(a.indexOf(c.charAt(e)));document.getElementById(\\\"e796030976\\\").innerHTML=\\\"<a href=\\\\\\\"mailto:\\\"+d+\\\"\\\\\\\">\\\"+d+\\\"<\/a>\\\"\")\/*]]>*\/<\/script><\/span>                <\/p>\n                                                <div class='textarea'>\n        <p><strong>\u00d6ffnungszeiten<\/strong><br \/>\nMontag \u2013 Freitag: 6:00 \u2013 16:00 Uhr (bei Bedarf bis 17.00 Uhr erweiterbar)<\/p>\n    <\/div>\n    <\/div>\n\n\n<div class=\"kibu sidebarbox blau\">\n    <div class=\"gutenberg-sidebarbox-hint\">Sidebar-Box<\/div>\n            <p class='headline'><\/p>\n    \n            <ul class='links'>\n            <li><a href='https:\/\/kinderschutzbund-freiberg.de\/cms\/angebote\/kitas-horte\/kindertagesstaette-wirbelwind-halsbruecke\/kontaktformular-kita-wirbelwind-halsbruecke\/'>Kita kontaktieren<\/a><\/li>        <\/ul>\n        \n\n            <p class='textarea'>\n                    <\/p>\n    <\/div>\n\n\n<div class=\"kibu sidebarbox grau\">\n    <div class=\"gutenberg-sidebarbox-hint\">Sidebar-Box<\/div>\n            <p class='headline'>Downloads<\/p>\n    \n            <ul class='links'>\n            <li><a href='https:\/\/kinderschutzbund-freiberg.de\/cms\/2025-anmeldeformular-halsbruecke\/'>Formular Anmeldung Kita-Betreuung<\/a><\/li><li><a href='https:\/\/kinderschutzbund-freiberg.de\/cms\/antrag-auf-aenderung-des-betreuungsvertrages_gemeinde-halsbruecke\/'>Antrag auf \u00c4nderung des Betreuungsvertrages<\/a><\/li><li><a href='https:\/\/kinderschutzbund-freiberg.de\/cms\/eigenleistung-der-kitas-und-horte\/'>Formular Eigenleistung<\/a><\/li>        <\/ul>\n        \n\n            <p class='textarea'>\n                    <\/p>\n    <\/div>\n\n\n<div class=\"kibu sidebarbox grau\">\n    <div class=\"gutenberg-sidebarbox-hint\">Sidebar-Box<\/div>\n            <p class='headline'>Instagram<\/p>\n    \n        \n\n            <p class='textarea'>\n            <p><a href=\"https:\/\/www.instagram.com\/kita_wirbelwind_halsbruecke\/\"><img loading=\"lazy\" decoding=\"async\" class=\"alignnone  wp-image-2104\" src=\"https:\/\/kinderschutzbund-freiberg.de\/cms\/wp-content\/uploads\/2025\/04\/qr_kita_wirbelwind-300x300.png\" alt=\"\" width=\"190\" height=\"190\" srcset=\"https:\/\/kinderschutzbund-freiberg.de\/cms\/wp-content\/uploads\/2025\/04\/qr_kita_wirbelwind-300x300.png 300w, https:\/\/kinderschutzbund-freiberg.de\/cms\/wp-content\/uploads\/2025\/04\/qr_kita_wirbelwind-1024x1024.png 1024w, https:\/\/kinderschutzbund-freiberg.de\/cms\/wp-content\/uploads\/2025\/04\/qr_kita_wirbelwind-150x150.png 150w, https:\/\/kinderschutzbund-freiberg.de\/cms\/wp-content\/uploads\/2025\/04\/qr_kita_wirbelwind-768x768.png 768w, https:\/\/kinderschutzbund-freiberg.de\/cms\/wp-content\/uploads\/2025\/04\/qr_kita_wirbelwind.png 1092w\" sizes=\"auto, (max-width: 190px) 100vw, 190px\" \/><\/a><\/p>\n        <\/p>\n    <\/div><\/div><\/div>\n<\/div>\n<\/div>\n","protected":false},"excerpt":{"rendered":"<p>In der Kita Wirbelwind betreuen wir bis zu 80 Kinder ab der Vollendung des ersten Lebensjahres bis zum Schuleintritt. Wir haben vier Gruppen: bei den Regenb\u00f6gen f\u00fchlen sich bis zu 15 Krippenkinder zuhause, die Sternschnuppen und Windgeister sind zwei altersgemischte Gruppen f\u00fcr Kinder zwischen 3 und 5 Jahren und bei den Vorschulspatzen verbringen die Kinder [&hellip;]<\/p>\n","protected":false},"author":1,"featured_media":1068,"parent":19,"menu_order":0,"comment_status":"closed","ping_status":"closed","template":"","meta":{"_acf_changed":false,"footnotes":""},"class_list":["post-260","page","type-page","status-publish","has-post-thumbnail","hentry"],"acf":[],"_links":{"self":[{"href":"https:\/\/kinderschutzbund-freiberg.de\/cms\/wp-json\/wp\/v2\/pages\/260","targetHints":{"allow":["GET"]}}],"collection":[{"href":"https:\/\/kinderschutzbund-freiberg.de\/cms\/wp-json\/wp\/v2\/pages"}],"about":[{"href":"https:\/\/kinderschutzbund-freiberg.de\/cms\/wp-json\/wp\/v2\/types\/page"}],"author":[{"embeddable":true,"href":"https:\/\/kinderschutzbund-freiberg.de\/cms\/wp-json\/wp\/v2\/users\/1"}],"replies":[{"embeddable":true,"href":"https:\/\/kinderschutzbund-freiberg.de\/cms\/wp-json\/wp\/v2\/comments?post=260"}],"version-history":[{"count":42,"href":"https:\/\/kinderschutzbund-freiberg.de\/cms\/wp-json\/wp\/v2\/pages\/260\/revisions"}],"predecessor-version":[{"id":2947,"href":"https:\/\/kinderschutzbund-freiberg.de\/cms\/wp-json\/wp\/v2\/pages\/260\/revisions\/2947"}],"up":[{"embeddable":true,"href":"https:\/\/kinderschutzbund-freiberg.de\/cms\/wp-json\/wp\/v2\/pages\/19"}],"wp:featuredmedia":[{"embeddable":true,"href":"https:\/\/kinderschutzbund-freiberg.de\/cms\/wp-json\/wp\/v2\/media\/1068"}],"wp:attachment":[{"href":"https:\/\/kinderschutzbund-freiberg.de\/cms\/wp-json\/wp\/v2\/media?parent=260"}],"curies":[{"name":"wp","href":"https:\/\/api.w.org\/{rel}","templated":true}]}}