{"id":262,"date":"2024-09-02T22:19:50","date_gmt":"2024-09-02T20:19:50","guid":{"rendered":"https:\/\/kinderschutzbund-freiberg.de\/cms\/?page_id=262"},"modified":"2026-02-23T21:50:55","modified_gmt":"2026-02-23T20:50:55","slug":"hort-wirbelsturm-halsbruecke","status":"publish","type":"page","link":"https:\/\/kinderschutzbund-freiberg.de\/cms\/angebote\/kitas-horte\/hort-wirbelsturm-halsbruecke\/","title":{"rendered":"Hort Wirbelsturm Halsbr\u00fccke"},"content":{"rendered":"\n<div class=\"wp-block-columns is-layout-flex wp-container-core-columns-is-layout-9d6595d7 wp-block-columns-is-layout-flex\">\n<div class=\"wp-block-column is-layout-flow wp-block-column-is-layout-flow\" style=\"flex-basis:66.66%\">\n<p>Unser Hort wurde 2023 er\u00f6ffnet und befindet sich direkt neben der Grundschule Halsbr\u00fccke. Wir nutzen das 2024 neu gestaltete Au\u00dfengel\u00e4nde gemeinsam.<\/p>\n\n\n\n<h2 class=\"wp-block-heading is-style-default\">Neuigkeiten<\/h2>\n\n\n<ul class=\"wp-block-latest-posts__list has-dates wp-block-latest-posts\"><li><a class=\"wp-block-latest-posts__post-title\" href=\"https:\/\/kinderschutzbund-freiberg.de\/cms\/2026\/04\/13\/manege-frei-in-halsbruecke-wenn-aus-kindern-stolze-artisten-werden\/\">Manege frei in Halsbr\u00fccke: Wenn aus Kindern stolze Artisten werden<\/a><time datetime=\"2026-04-13T11:23:10+02:00\" class=\"wp-block-latest-posts__post-date\">13. April 2026<\/time><div class=\"wp-block-latest-posts__post-excerpt\">In den Winterferien hatte das Zirkusfieber den Halsbr\u00fccker Hort wieder fest im Griff. Bereits die Ank\u00fcndigung sorgte f\u00fcr gro\u00dfe Aufregung unter den Kindern des Hort Wirbelsturm. Kaum war die Nachricht bekannt, dass wieder ein Zirkusprojekt stattfinden wird, waren die Anmeldelisten innerhalb von nur vier Tagen voll. Insgesamt nahmen 28 Hortkinder der 1. bis 4. Klassenstufe\u2026\u00a0<a class=\"wp-block-latest-posts__read-more\" href=\"https:\/\/kinderschutzbund-freiberg.de\/cms\/2026\/04\/13\/manege-frei-in-halsbruecke-wenn-aus-kindern-stolze-artisten-werden\/\" rel=\"noopener noreferrer\"><span class=\"screen-reader-text\">Manege frei in Halsbr\u00fccke: Wenn aus Kindern stolze Artisten werden <\/span>weiterlesen<\/a><\/div><\/li>\n<li><a class=\"wp-block-latest-posts__post-title\" href=\"https:\/\/kinderschutzbund-freiberg.de\/cms\/2026\/02\/10\/2-bueroraeume-zur-miete-flexibel-nutzbar-fuer-vereine-therapie-oder-buero\/\">2 B\u00fcror\u00e4ume zur Miete \u2013 flexibel nutzbar f\u00fcr Vereine, Therapie oder B\u00fcro\u00a0<\/a><time datetime=\"2026-02-10T09:18:44+01:00\" class=\"wp-block-latest-posts__post-date\">10. Februar 2026<\/time><div class=\"wp-block-latest-posts__post-excerpt\">Zur Vermietung stehen&nbsp;ab 01.04.2026&nbsp;zwei helle, gut geschnittene B\u00fcror\u00e4ume&nbsp;im&nbsp;Sozialen Zentrum im Stadtteil Friedeburg. Die R\u00e4ume befinden sich im&nbsp;1. Obergeschoss einer Kindertagesst\u00e4tte&nbsp;und sind&nbsp;barrierefrei \u00fcber einen Fahrstuhl erreichbar.&nbsp; Die R\u00e4umlichkeiten eignen sich ideal f\u00fcr&nbsp; In derselben Etage befinden sich au\u00dferdem die&nbsp;Gesch\u00e4ftsstelle des Kinderschutzbundes&nbsp;sowie das&nbsp;Familienzentrum, was ein angenehmes, soziales und professionelles Umfeld schafft. Die Umgebung ist ruhig und gut\u2026\u00a0<a class=\"wp-block-latest-posts__read-more\" href=\"https:\/\/kinderschutzbund-freiberg.de\/cms\/2026\/02\/10\/2-bueroraeume-zur-miete-flexibel-nutzbar-fuer-vereine-therapie-oder-buero\/\" rel=\"noopener noreferrer\"><span class=\"screen-reader-text\">2 B\u00fcror\u00e4ume zur Miete \u2013 flexibel nutzbar f\u00fcr Vereine, Therapie oder B\u00fcro\u00a0 <\/span>weiterlesen<\/a><\/div><\/li>\n<\/ul>\n\n\n<p><a href=\"https:\/\/kinderschutzbund-freiberg.de\/cms\/neuigkeiten\/\" data-type=\"page\" data-id=\"25\">Alle Neuigkeiten lesen<\/a><\/p>\n\n\n\n<h2 class=\"wp-block-heading\">Informationen<\/h2>\n\n\n\n<script type='text\/javascript'>\n    function toggleNextBlock(e) {\n        if ( jQuery(e).parent().next().is(\"script\") ) {\n            return;\n        }\n    \n        jQuery(e).parent().next().toggle();\n        event.preventDefault();\n    }\n\n            jQuery(document).ready(function(){\n            jQuery(\".expandbox\").next().hide();\n        });\n    <\/script>\n\n<div class=\"kibu expandbox collapsed\">\n    <div class=\"gutenberg-expandbox-hint\">N\u00e4chster Block klappbar<\/div>\n    <h2 class='title show-as-kibu-service-block' onClick='toggleNextBlock(this)'>Konzept und Besonderheiten<span class='state'>anzeigen\/verbergen<\/span><\/h2><\/div>\n\n\n\n<div class=\"wp-block-group\"><div class=\"wp-block-group__inner-container is-layout-constrained wp-block-group-is-layout-constrained\">\n<p>Im Mittelpunkt unserer p\u00e4dagogischen Arbeit steht die Umsetzung der <strong>UN-Kinderrechte<\/strong>. Erg\u00e4nzend zur schulischen Bildung liegt unser Schwerpunkt im Hort auf der St\u00e4rkung der <strong>Lebenskompetenzen<\/strong>. Im Rahmen einer Kooperationsvereinbarung mit der Grundschule Halsbr\u00fccke unterst\u00fctzen wir die Erledigung der <strong>Hausaufgaben<\/strong>. Die Grundlage f\u00fcr unsere Bildungsarbeit ist der <strong>S\u00e4chsische Bildungsplan<\/strong> mit seinen sechs Bildungsbereichen.<\/p>\n\n\n\n<p>Wir arbeiten nach einem offenen Konzept mit Themen-R\u00e4umen, das hei\u00dft die Einteilung in Klassenstufen wird im Hort-Alltag aufgel\u00f6st. Jedes Kind kann nach seinen individuellen Bed\u00fcrfnissen entscheiden, in welchem Raum es sich aufh\u00e4lt und mit wem es Zeit verbringt. Ein wichtiger Bestandteil der offenen Arbeit sind die Stammgruppentreffen im Klassenverband mit dem*r zugeh\u00f6rigen Erzieher*in. Hier k\u00f6nnen klassenspezifische Themen besprochen werden. Die entstehende Altersmischung f\u00f6rdert vor allem das soziale Miteinander. Ein demokratisch gew\u00e4hlter <strong>Hortrat<\/strong> tritt f\u00fcr die Interessen der Kinder ein.<\/p>\n\n\n\n<p>Ausgleichend zum schulischen Alltag gestalten wir im Hort vor allem in den <strong>Ferien<\/strong> besondere Freizeitangebote. Unter Einbeziehung der Kinder finden spezifische Bildungsangebote und Themenwochen statt. Die Inhalte werden mit passenden H\u00f6hepunkten und Ausfl\u00fcgen bereichert.<\/p>\n\n\n\n<p>Ein fester Bestandteil im Jahresverlauf ist das <strong>Zirkusprojekt<\/strong>. Unter Anleitung von Zirkusp\u00e4dagog*innen erarbeiten die Kinder ein gemeinsames Zirkusprogramm, welches als H\u00f6hepunkt vor Publikum aufgef\u00fchrt wird. Weiterhin bieten wir in den Sommerferien ein <strong>Ferienlager<\/strong> f\u00fcr unsere Hortkinder an.<\/p>\n<\/div><\/div>\n\n\n\n<script type='text\/javascript'>\n    function toggleNextBlock(e) {\n        if ( jQuery(e).parent().next().is(\"script\") ) {\n            return;\n        }\n    \n        jQuery(e).parent().next().toggle();\n        event.preventDefault();\n    }\n\n            jQuery(document).ready(function(){\n            jQuery(\".expandbox\").next().hide();\n        });\n    <\/script>\n\n<div class=\"kibu expandbox collapsed\">\n    <div class=\"gutenberg-expandbox-hint\">N\u00e4chster Block klappbar<\/div>\n    <h2 class='title show-as-kibu-service-block' onClick='toggleNextBlock(this)'>Unser Team<span class='state'>anzeigen\/verbergen<\/span><\/h2><\/div>\n\n\n\n<div class=\"wp-block-group\"><div class=\"wp-block-group__inner-container is-layout-constrained wp-block-group-is-layout-constrained\">\n<p>Unser p\u00e4dagogisches Team besteht aus staatlich anerkannten Erzieher*innen mit verschiedenen Zusatzqualifikationen (Rettungsschwimmen, Praxisanleitung, Heilp\u00e4dagogische Zusatzqualifikation).<\/p>\n\n\n\n<p>Die Leiterin der Einrichtung verf\u00fcgt \u00fcber einen Studienabschluss im Bereich Sozialp\u00e4dagogik und Management.<\/p>\n\n\n\n<p>Das p\u00e4dagogische Team wird vom technischen Personal unterst\u00fctzt, welches aus Hausmeister und Wirtschaftskr\u00e4ften besteht. Zeitweise besch\u00e4ftigen wir Praktikant*innen.<\/p>\n<\/div><\/div>\n\n\n\n<script type='text\/javascript'>\n    function toggleNextBlock(e) {\n        if ( jQuery(e).parent().next().is(\"script\") ) {\n            return;\n        }\n    \n        jQuery(e).parent().next().toggle();\n        event.preventDefault();\n    }\n\n            jQuery(document).ready(function(){\n            jQuery(\".expandbox\").next().hide();\n        });\n    <\/script>\n\n<div class=\"kibu expandbox collapsed\">\n    <div class=\"gutenberg-expandbox-hint\">N\u00e4chster Block klappbar<\/div>\n    <h2 class='title show-as-kibu-service-block' onClick='toggleNextBlock(this)'>Kapazit\u00e4t \/ Betreuungsalter \/ \u00d6ffnungszeiten<span class='state'>anzeigen\/verbergen<\/span><\/h2><\/div>\n\n\n\n<div class=\"wp-block-group\"><div class=\"wp-block-group__inner-container is-layout-constrained wp-block-group-is-layout-constrained\">\n<ul class=\"wp-block-list\">\n<li>au\u00dferhalb der Ferien: Montag bis Freitag: 11.00 Uhr \u2013 16:30 Uhr<\/li>\n\n\n\n<li>innerhalb der Ferien nach Bedarfsermittlung: im Zeitraum von 7.00 \u2013 16:30 Uhr.<\/li>\n\n\n\n<li>bei Bedarf Fr\u00fchhort ab 6.00 Uhr m\u00f6glich<\/li>\n\n\n\n<li>Betreuung f\u00fcr maximal 95 Sch\u00fcler*innen der Klasse 1-4<\/li>\n\n\n\n<li>maximal 4 Kinder mit besonderem F\u00f6rderbedarf<\/li>\n<\/ul>\n<\/div><\/div>\n\n\n\n<script type='text\/javascript'>\n    function toggleNextBlock(e) {\n        if ( jQuery(e).parent().next().is(\"script\") ) {\n            return;\n        }\n    \n        jQuery(e).parent().next().toggle();\n        event.preventDefault();\n    }\n\n            jQuery(document).ready(function(){\n            jQuery(\".expandbox\").next().hide();\n        });\n    <\/script>\n\n<div class=\"kibu expandbox collapsed\">\n    <div class=\"gutenberg-expandbox-hint\">N\u00e4chster Block klappbar<\/div>\n    <h2 class='title show-as-kibu-service-block' onClick='toggleNextBlock(this)'>Termine und Schlie\u00dfzeiten<span class='state'>anzeigen\/verbergen<\/span><\/h2><\/div>\n\n\n\n<div class=\"wp-block-group\"><div class=\"wp-block-group__inner-container is-layout-constrained wp-block-group-is-layout-constrained\">\n<p>Feste Schlie\u00dfzeiten laut Hausordnung sind:<\/p>\n\n\n\n<ul class=\"wp-block-list\">\n<li>der Br\u00fcckentag nach Himmelfahrt<\/li>\n\n\n\n<li>zwischen Weihnachten und Neujahr<\/li>\n<\/ul>\n\n\n\n<p>Zum Ende des Jahres werden weitere Schlie\u00dftage f\u00fcr das Folgejahr bekanntgegeben. Zu diesen Tagen z\u00e4hlen auch p\u00e4dagogische Tage, die f\u00fcr das gesamte Team zur internen Fortbildung genutzt werden. Es gibt keine Sommerschlie\u00dfzeit.<\/p>\n<\/div><\/div>\n\n\n\n<script type='text\/javascript'>\n    function toggleNextBlock(e) {\n        if ( jQuery(e).parent().next().is(\"script\") ) {\n            return;\n        }\n    \n        jQuery(e).parent().next().toggle();\n        event.preventDefault();\n    }\n\n            jQuery(document).ready(function(){\n            jQuery(\".expandbox\").next().hide();\n        });\n    <\/script>\n\n<div class=\"kibu expandbox collapsed\">\n    <div class=\"gutenberg-expandbox-hint\">N\u00e4chster Block klappbar<\/div>\n    <h2 class='title show-as-kibu-service-block' onClick='toggleNextBlock(this)'>Elternbeitr\u00e4ge<span class='state'>anzeigen\/verbergen<\/span><\/h2><\/div>\n\n\n\n<div class=\"wp-block-group\"><div class=\"wp-block-group__inner-container is-layout-constrained wp-block-group-is-layout-constrained\">\n<p>Die Gemeinde Halsbr\u00fccke erl\u00e4sst eine Elternbeitragssitzung. Die Elternbeitr\u00e4ge lassen sich auf der Internetseite der Gemeinde Halsbr\u00fccke downloaden. Die Elternbeitr\u00e4ge werden im Oktober jeden Jahres angepasst.<\/p>\n\n\n\n<div class=\"wp-block-buttons is-layout-flex wp-block-buttons-is-layout-flex\">\n<div class=\"wp-block-button\"><a class=\"wp-block-button__link wp-element-button\" href=\"https:\/\/www.halsbruecke.de\/ortsrecht-satzungen.html\" target=\"_blank\" rel=\"noreferrer noopener\">Elternbeitr\u00e4ge<\/a><\/div>\n<\/div>\n<\/div><\/div>\n\n\n\n<script type='text\/javascript'>\n    function toggleNextBlock(e) {\n        if ( jQuery(e).parent().next().is(\"script\") ) {\n            return;\n        }\n    \n        jQuery(e).parent().next().toggle();\n        event.preventDefault();\n    }\n\n            jQuery(document).ready(function(){\n            jQuery(\".expandbox\").next().hide();\n        });\n    <\/script>\n\n<div class=\"kibu expandbox collapsed\">\n    <div class=\"gutenberg-expandbox-hint\">N\u00e4chster Block klappbar<\/div>\n    <h2 class='title show-as-kibu-service-block' onClick='toggleNextBlock(this)'>Unsere Partner<span class='state'>anzeigen\/verbergen<\/span><\/h2><\/div>\n\n\n\n<div class=\"wp-block-group\"><div class=\"wp-block-group__inner-container is-layout-constrained wp-block-group-is-layout-constrained\">\n<p>Kinder sind in jegliche Formen des famili\u00e4ren Zusammenlebens eingebunden. Die <strong>Familien<\/strong> sind prim\u00e4re Erfahrungs- und Entwicklungsorte. Eltern sind die Expert*innen f\u00fcr ihr eigenes Kind. Wir p\u00e4dagogischen Fachkr\u00e4fte sind Expert*innen f\u00fcr Kinder im Allgemeinen durch unsere p\u00e4dagogische Ausbildung und Berufserfahrung. Wir stehen den Eltern als gleichberechtigte Partner*innen gegen\u00fcber und unterst\u00fctzen, wertsch\u00e4tzen, beraten und f\u00f6rdern sie in ihrer Erziehungsf\u00e4higkeit und in ihrer Alltagsbew\u00e4ltigung. Das Ziel der Zusammenarbeit ist die bestm\u00f6gliche Entwicklung des Kindes.<\/p>\n\n\n\n<p>Ein engagierter <strong>Elternrat<\/strong> steht allen Eltern als Interessenvertretung zur Verf\u00fcgung, vertritt deren Anliegen gegen\u00fcber dem Team und unterst\u00fctzt unseren Hort bei der Kommunikation mit den Eltern sowie bei der Planung und Umsetzung verschiedener Vorhaben.<\/p>\n\n\n\n<p>Auf Grundlage von Kooperationsvertr\u00e4gen arbeiten wir mit der <strong>Grundschule Halsbr\u00fccke und dem BSZ Freiberg <\/strong>zusammen.<\/p>\n\n\n\n<p>Durch das <strong><a href=\"https:\/\/kinderschutzbund-freiberg.de\/cms\/angebote\/familienzentrum\/\" data-type=\"page\" data-id=\"17\">Familienzentrum<\/a><\/strong> unseres Tr\u00e4gers stehen eine Vielzahl von Familienbildungsangeboten, wie z.B. thematische Elternforen, Angebote zur fr\u00fchen Unterst\u00fctzung der Erziehung in der Familie (<a href=\"https:\/\/kinderschutzbund-freiberg.de\/cms\/angebote\/familienzentrum\/elternkurse-starke-eltern-starke-kinder\/\" data-type=\"page\" data-id=\"213\">Elternkurs \u201eStarke Eltern \u2013 starke Kinder\u00ae\u201c<\/a>), Elternberatung, sowie weitere Angebote f\u00fcr Familien zur Verf\u00fcgung.<\/p>\n\n\n\n<p>Zwischen der Kita und der <strong>Gemeinde<\/strong> Halsbr\u00fccke besteht eine enge Vernetzung. Unsere Kita ist ein Ort der Begegnung vieler Generationen. Wir verstehen uns als Teil des Gemeinwesens. Je nach Anlass arbeiten wir mit ortsans\u00e4ssigen Vereinen, Betrieben und Institutionen zusammen.<\/p>\n<\/div><\/div>\n\n\n\n<script type='text\/javascript'>\n    function toggleNextBlock(e) {\n        if ( jQuery(e).parent().next().is(\"script\") ) {\n            return;\n        }\n    \n        jQuery(e).parent().next().toggle();\n        event.preventDefault();\n    }\n\n            jQuery(document).ready(function(){\n            jQuery(\".expandbox\").next().hide();\n        });\n    <\/script>\n\n<div class=\"kibu expandbox collapsed\">\n    <div class=\"gutenberg-expandbox-hint\">N\u00e4chster Block klappbar<\/div>\n    <h2 class='title show-as-kibu-service-block' onClick='toggleNextBlock(this)'>Speisenanbieter<span class='state'>anzeigen\/verbergen<\/span><\/h2><\/div>\n\n\n\n<div class=\"wp-block-group\"><div class=\"wp-block-group__inner-container is-layout-constrained wp-block-group-is-layout-constrained\">\n<p>Wir bieten in unserem Hort Mittagessen und Vesper, welches von&nbsp;\u201eDie Kantine\u201c <a href=\"https:\/\/die-kantine.net\/\">Die Kantine &amp; Catering (die-kantine.net)<\/a> geliefert wird. Sie w\u00e4hlen mit ihrem Kind aus t\u00e4glich zwei angebotenen Mittagsgerichten den Favoriten.&nbsp; Vesper kann ebenfalls beim Speisenanbieter bestellt werden.<\/p>\n<\/div><\/div>\n\n\n\n<script type='text\/javascript'>\n    function toggleNextBlock(e) {\n        if ( jQuery(e).parent().next().is(\"script\") ) {\n            return;\n        }\n    \n        jQuery(e).parent().next().toggle();\n        event.preventDefault();\n    }\n\n            jQuery(document).ready(function(){\n            jQuery(\".expandbox\").next().hide();\n        });\n    <\/script>\n\n<div class=\"kibu expandbox collapsed\">\n    <div class=\"gutenberg-expandbox-hint\">N\u00e4chster Block klappbar<\/div>\n    <h2 class='title show-as-kibu-service-block' onClick='toggleNextBlock(this)'>Unterst\u00fctzen Sie uns<span class='state'>anzeigen\/verbergen<\/span><\/h2><\/div>\n\n\n\n<div class=\"wp-block-group\"><div class=\"wp-block-group__inner-container is-layout-constrained wp-block-group-is-layout-constrained\">\n<p>Eltern unterst\u00fctzen uns auf Grundlage des Betreuungsvertrages durch eine festgelegte Eigenleistung. Sprechen Sie uns gern an und bringen Sie sich in die Arbeit unseres Hortes ein. Spenden zu Gunsten unserer Kinder und Familien nimmt unser Hort sowie der Der Kinderschutzbund RV Freiberg e.V. gern an.<\/p>\n\n\n\n<blockquote class=\"wp-block-quote is-layout-flow wp-block-quote-is-layout-flow\">\n<p>Der Kinderschutzbundes RV Freiberg e.V.<br>Sparkasse Mittelsachsen<br>IBAN: DE40 8705 2000 3220 0007 10<br>Verwendungszweck: Hort \u201eWirbelsturm\u201c<\/p>\n<\/blockquote>\n<\/div><\/div>\n<\/div>\n\n\n\n<div class=\"wp-block-column is-layout-flow wp-block-column-is-layout-flow\" style=\"flex-basis:33.33%\">\n<div class=\"wp-block-group is-style-sticky-header\"><div class=\"wp-block-group__inner-container is-layout-constrained wp-block-group-is-layout-constrained\">\n<div class=\"kibu contactbox fullwidth\">\n    <div class=\"gutenberg-hint\">Kontakt-Block<\/div>\n                                \n                                                \n                                                                                                                                                \n                <p class='contact' id='contact-1223'>\n                    <span class='name'>Iris Grimm<\/span><br \/>                    <span class='position'>Einrichtungsleitung<\/span><br \/>                    <span class='address'>Hort &#8222;Wirbelsturm&#8220;<\/span><br \/>                    <span class='address2'>Am Schulberg 10a<\/span><br \/>                    <span class='zip_town'>09633 Halsbr\u00fccke<\/span><br \/>                                        <span class='phone_mobile'>0176\/47649365<\/span><br \/>                    <span class='email'><span id=\"e17983123\">[Bitte JavaScript aktivieren]<\/span><script type=\"text\/javascript\">\/*<![CDATA[*\/eval(\"var a=\\\"eLtiVp3RaJFN2gYbvUzW-C91o6jm8.@HnfyEc+Orlwk5Xd4TqZQKSP7BIs_Ahxu0DMG\\\";var b=a.split(\\\"\\\").sort().join(\\\"\\\");var c=\\\"qB_ht0Z_kdSAhx_PgKZ7Xd_A5qxhGkx7XL4_dZkd_TtXd\\\";var d=\\\"\\\";for(var e=0;e<c.length;e++)d+=b.charAt(a.indexOf(c.charAt(e)));document.getElementById(\\\"e17983123\\\").innerHTML=\\\"<a href=\\\\\\\"mailto:\\\"+d+\\\"\\\\\\\">\\\"+d+\\\"<\/a>\\\"\")\/*]]>*\/<\/script><\/span>                <\/p>\n                                                <div class='textarea'>\n        <p><strong>\u00d6ffnungszeiten<\/strong><br \/>\nsiehe Abschnitt &#8222;Kapazit\u00e4t \/ Betreuungsalter \/ \u00d6ffnungszeiten&#8220;<\/p>\n    <\/div>\n    <\/div>\n\n\n<div class=\"kibu sidebarbox blau\">\n    <div class=\"gutenberg-sidebarbox-hint\">Sidebar-Box<\/div>\n            <p class='headline'><\/p>\n    \n            <ul class='links'>\n            <li><a href='https:\/\/kinderschutzbund-freiberg.de\/cms\/angebote\/kitas-horte\/hort-wirbelsturm-halsbruecke\/kontaktformular-hort-wirbelsturm-halsbruecke\/'>Hort kontaktieren<\/a><\/li>        <\/ul>\n        \n\n            <p class='textarea'>\n                    <\/p>\n    <\/div>\n\n\n<div class=\"kibu sidebarbox grau\">\n    <div class=\"gutenberg-sidebarbox-hint\">Sidebar-Box<\/div>\n            <p class='headline'>Downloads<\/p>\n    \n            <ul class='links'>\n            <li><a href='https:\/\/kinderschutzbund-freiberg.de\/cms\/2025-anmeldeformular-halsbruecke\/'>Formular Anmeldung Hort-Betreuung<\/a><\/li><li><a href='https:\/\/kinderschutzbund-freiberg.de\/cms\/antrag-auf-aenderung-des-betreuungsvertrages_gemeinde-halsbruecke\/'>Antrag auf \u00c4nderung des Betreuungsvertrages<\/a><\/li><li><a href='https:\/\/kinderschutzbund-freiberg.de\/cms\/eigenleistung-der-kitas-und-horte\/'>Formular Eigenleistung<\/a><\/li>        <\/ul>\n        \n\n            <p class='textarea'>\n                    <\/p>\n    <\/div>\n\n\n<div class=\"kibu sidebarbox grau\">\n    <div class=\"gutenberg-sidebarbox-hint\">Sidebar-Box<\/div>\n            <p class='headline'>Instagram<\/p>\n    \n        \n\n            <p class='textarea'>\n            <p><a href=\"https:\/\/www.instagram.com\/dksb.hort.wirbelsturm\/\" target=\"_blank\" rel=\"noopener\"><img loading=\"lazy\" decoding=\"async\" class=\"alignnone wp-image-1915 \" src=\"https:\/\/kinderschutzbund-freiberg.de\/cms\/wp-content\/uploads\/2025\/03\/insta_dksb_hort_wirbelsturm-150x150.png\" alt=\"\" width=\"190\" height=\"190\" srcset=\"https:\/\/kinderschutzbund-freiberg.de\/cms\/wp-content\/uploads\/2025\/03\/insta_dksb_hort_wirbelsturm-150x150.png 150w, https:\/\/kinderschutzbund-freiberg.de\/cms\/wp-content\/uploads\/2025\/03\/insta_dksb_hort_wirbelsturm-300x300.png 300w, https:\/\/kinderschutzbund-freiberg.de\/cms\/wp-content\/uploads\/2025\/03\/insta_dksb_hort_wirbelsturm.png 501w\" sizes=\"auto, (max-width: 190px) 100vw, 190px\" \/><\/a><\/p>\n        <\/p>\n    <\/div><\/div><\/div>\n<\/div>\n<\/div>\n","protected":false},"excerpt":{"rendered":"<p>Unser Hort wurde 2023 er\u00f6ffnet und befindet sich direkt neben der Grundschule Halsbr\u00fccke. Wir nutzen das 2024 neu gestaltete Au\u00dfengel\u00e4nde gemeinsam. Neuigkeiten Alle Neuigkeiten lesen Informationen Im Mittelpunkt unserer p\u00e4dagogischen Arbeit steht die Umsetzung der UN-Kinderrechte. Erg\u00e4nzend zur schulischen Bildung liegt unser Schwerpunkt im Hort auf der St\u00e4rkung der Lebenskompetenzen. Im Rahmen einer Kooperationsvereinbarung mit [&hellip;]<\/p>\n","protected":false},"author":1,"featured_media":1080,"parent":19,"menu_order":0,"comment_status":"closed","ping_status":"closed","template":"","meta":{"_acf_changed":false,"footnotes":""},"class_list":["post-262","page","type-page","status-publish","has-post-thumbnail","hentry"],"acf":[],"_links":{"self":[{"href":"https:\/\/kinderschutzbund-freiberg.de\/cms\/wp-json\/wp\/v2\/pages\/262","targetHints":{"allow":["GET"]}}],"collection":[{"href":"https:\/\/kinderschutzbund-freiberg.de\/cms\/wp-json\/wp\/v2\/pages"}],"about":[{"href":"https:\/\/kinderschutzbund-freiberg.de\/cms\/wp-json\/wp\/v2\/types\/page"}],"author":[{"embeddable":true,"href":"https:\/\/kinderschutzbund-freiberg.de\/cms\/wp-json\/wp\/v2\/users\/1"}],"replies":[{"embeddable":true,"href":"https:\/\/kinderschutzbund-freiberg.de\/cms\/wp-json\/wp\/v2\/comments?post=262"}],"version-history":[{"count":44,"href":"https:\/\/kinderschutzbund-freiberg.de\/cms\/wp-json\/wp\/v2\/pages\/262\/revisions"}],"predecessor-version":[{"id":2807,"href":"https:\/\/kinderschutzbund-freiberg.de\/cms\/wp-json\/wp\/v2\/pages\/262\/revisions\/2807"}],"up":[{"embeddable":true,"href":"https:\/\/kinderschutzbund-freiberg.de\/cms\/wp-json\/wp\/v2\/pages\/19"}],"wp:featuredmedia":[{"embeddable":true,"href":"https:\/\/kinderschutzbund-freiberg.de\/cms\/wp-json\/wp\/v2\/media\/1080"}],"wp:attachment":[{"href":"https:\/\/kinderschutzbund-freiberg.de\/cms\/wp-json\/wp\/v2\/media?parent=262"}],"curies":[{"name":"wp","href":"https:\/\/api.w.org\/{rel}","templated":true}]}}