{"id":41,"date":"2023-11-12T10:07:41","date_gmt":"2023-11-12T09:07:41","guid":{"rendered":"https:\/\/kinderschutzbund-freiberg.de\/cms\/?page_id=41"},"modified":"2025-03-13T23:01:20","modified_gmt":"2025-03-13T22:01:20","slug":"ehrenamt","status":"publish","type":"page","link":"https:\/\/kinderschutzbund-freiberg.de\/cms\/unterstuetzen\/ehrenamt\/","title":{"rendered":"Ehrenamt"},"content":{"rendered":"\n<div class=\"wp-block-columns is-layout-flex wp-container-core-columns-is-layout-9d6595d7 wp-block-columns-is-layout-flex\">\n<div class=\"wp-block-column is-layout-flow wp-block-column-is-layout-flow\" style=\"flex-basis:66.66%\">\n<p>In unseren vielf\u00e4ltigen und bunten Angeboten des <strong>Familienzentrums<\/strong> suchen wir immer wieder Menschen, die<\/p>\n\n\n\n<ul class=\"wp-block-list\">\n<li>gern mit Familien zusammen sind,<\/li>\n\n\n\n<li>Freude an einer kreativen und bunten Aufgabe haben,<\/li>\n\n\n\n<li>sich gern ehrenamtlich engagieren wollen.<\/li>\n<\/ul>\n\n\n\n<p>Wir suchen \u201ehelfende H\u00e4nde\u201c bei diesen Angeboten:<\/p>\n\n\n\n<ul class=\"wp-block-list\">\n<li>Eltern-Kind-Turnen \u201eFlohsport\u201c oder \u201eMinifl\u00f6he\u201c<\/li>\n\n\n\n<li>flexible Kinderbetreuung bei Elternkursen<\/li>\n\n\n\n<li>Unterst\u00fctzung im Familiencaf\u00e9 \/ Familient\u00f6pfern oder bei \u00e4hnlichen Angeboten<\/li>\n\n\n\n<li>Unterst\u00fctzung bei Familienaktionen am Wochenende<\/li>\n<\/ul>\n\n\n\n<p>Wir bieten:<\/p>\n\n\n\n<ul class=\"wp-block-list\">\n<li>verschiedene Kurse, bei denen ehrenamtlich mitgewirkt werden kann<\/li>\n\n\n\n<li>eine kleine Verg\u00fctung \u00fcber F\u00f6rdergelder<\/li>\n<\/ul>\n\n\n\n<p>Wir haben Ihr Interesse geweckt oder Sie haben noch Fragen? Melden Sie sich gerne bei uns.<\/p>\n\n\n\n<p>Wir freuen uns immer \u00fcber interessierte Menschen, die sich gern ehrenamtlich im Familienzentrum engagieren m\u00f6chten.<\/p>\n<\/div>\n\n\n\n<div class=\"wp-block-column is-layout-flow wp-block-column-is-layout-flow\" style=\"flex-basis:33.33%\">\n<div class=\"kibu contactbox standard\">\n    <div class=\"gutenberg-hint\">Kontakt-Block<\/div>\n                                \n                                                \n                                                                                                                                                \n                <p class='contact' id='contact-1219'>\n                    <span class='name'>Familienzentrum<\/span><br \/>                                        <span class='address'>DKSB RV Freiberg e. V.<\/span><br \/>                    <span class='address2'>Kurt-Handwerk-Stra\u00dfe 2<\/span><br \/>                    <span class='zip_town'>09599 Freiberg<\/span><br \/>                    <span class='phone'>03731 26955-11<\/span><br \/>                    <span class='phone_mobile'>03731 26955-15<\/span><br \/>                    <span class='email'><span id=\"e199855900\">[Bitte JavaScript aktivieren]<\/span><script type=\"text\/javascript\">\/*<![CDATA[*\/eval(\"var a=\\\"7mtRH.Qzv5AYbXs4kcJ2gwn9uj0NPF3UZGheSl_TLDCqd-BOIi@6fWra+K8xyEMVop1\\\";var b=a.split(\\\"\\\").sort().join(\\\"\\\");var c=\\\"BDWifi-r1-ry8EWX6ird-8xqIEy1CErdmB8-iC-8Otd-\\\";var d=\\\"\\\";for(var e=0;e<c.length;e++)d+=b.charAt(a.indexOf(c.charAt(e)));document.getElementById(\\\"e199855900\\\").innerHTML=\\\"<a href=\\\\\\\"mailto:\\\"+d+\\\"\\\\\\\">\\\"+d+\\\"<\/a>\\\"\")\/*]]>*\/<\/script><\/span>                <\/p>\n                                            <\/div><\/div>\n<\/div>\n","protected":false},"excerpt":{"rendered":"<p>In unseren vielf\u00e4ltigen und bunten Angeboten des Familienzentrums suchen wir immer wieder Menschen, die Wir suchen \u201ehelfende H\u00e4nde\u201c bei diesen Angeboten: Wir bieten: Wir haben Ihr Interesse geweckt oder Sie haben noch Fragen? Melden Sie sich gerne bei uns. Wir freuen uns immer \u00fcber interessierte Menschen, die sich gern ehrenamtlich im Familienzentrum engagieren m\u00f6chten.<\/p>\n","protected":false},"author":1,"featured_media":0,"parent":27,"menu_order":0,"comment_status":"closed","ping_status":"closed","template":"","meta":{"_acf_changed":false,"footnotes":""},"class_list":["post-41","page","type-page","status-publish","hentry"],"acf":[],"_links":{"self":[{"href":"https:\/\/kinderschutzbund-freiberg.de\/cms\/wp-json\/wp\/v2\/pages\/41","targetHints":{"allow":["GET"]}}],"collection":[{"href":"https:\/\/kinderschutzbund-freiberg.de\/cms\/wp-json\/wp\/v2\/pages"}],"about":[{"href":"https:\/\/kinderschutzbund-freiberg.de\/cms\/wp-json\/wp\/v2\/types\/page"}],"author":[{"embeddable":true,"href":"https:\/\/kinderschutzbund-freiberg.de\/cms\/wp-json\/wp\/v2\/users\/1"}],"replies":[{"embeddable":true,"href":"https:\/\/kinderschutzbund-freiberg.de\/cms\/wp-json\/wp\/v2\/comments?post=41"}],"version-history":[{"count":8,"href":"https:\/\/kinderschutzbund-freiberg.de\/cms\/wp-json\/wp\/v2\/pages\/41\/revisions"}],"predecessor-version":[{"id":1301,"href":"https:\/\/kinderschutzbund-freiberg.de\/cms\/wp-json\/wp\/v2\/pages\/41\/revisions\/1301"}],"up":[{"embeddable":true,"href":"https:\/\/kinderschutzbund-freiberg.de\/cms\/wp-json\/wp\/v2\/pages\/27"}],"wp:attachment":[{"href":"https:\/\/kinderschutzbund-freiberg.de\/cms\/wp-json\/wp\/v2\/media?parent=41"}],"curies":[{"name":"wp","href":"https:\/\/api.w.org\/{rel}","templated":true}]}}