{"id":427,"date":"2024-09-08T16:18:37","date_gmt":"2024-09-08T14:18:37","guid":{"rendered":"https:\/\/kinderschutzbund-freiberg.de\/cms\/?page_id=427"},"modified":"2026-02-23T21:53:42","modified_gmt":"2026-02-23T20:53:42","slug":"kita-sonnenuhr-conradsdorf","status":"publish","type":"page","link":"https:\/\/kinderschutzbund-freiberg.de\/cms\/angebote\/kitas-horte\/kita-sonnenuhr-conradsdorf\/","title":{"rendered":"Kita Sonnenuhr Conradsdorf"},"content":{"rendered":"\n<div class=\"wp-block-columns is-layout-flex wp-container-core-columns-is-layout-9d6595d7 wp-block-columns-is-layout-flex\">\n<div class=\"wp-block-column is-layout-flow wp-block-column-is-layout-flow\" style=\"flex-basis:66.66%\">\n<p>Unsere Kita Sonnenuhr befindet sich in der unteren Etage eines ehemaligen Schulgeb\u00e4udes in Conradsdorf, einem Ortsteil der Gemeinde Halsbr\u00fccke. In d\u00f6rflicher Umgebung grenzen Wiesen, Felder und Weiden von ans\u00e4ssigen Bauern an und laden zum Spielen ein. Im unserem Garten mit altem Baumbestand, Kletterger\u00fcsten und Matschk\u00fcche haben die Kinder viel Platz zum Toben und Entdecken.<\/p>\n\n\n\n<p>Eine gute Busanbindung und Haltestelle vor dem Haus garantieren die schnelle Bef\u00f6rderung zur nahegelegenen Stadt Freiberg und in andere Ortsteile. Wir betreuen 30 Krippenkinder ab Vollendung des ersten Lebensjahrs bis zu drei Jahren in zwei altersgemischten Gruppen mit bis zu 15 Kindern. Zwei dieser Pl\u00e4tze sind f\u00fcr Kinder mit besonderem F\u00f6rderbedarf vorgesehen.<\/p>\n\n\n\n<h2 class=\"wp-block-heading\">Neuigkeiten<\/h2>\n\n\n<ul class=\"wp-block-latest-posts__list has-dates wp-block-latest-posts\"><li><a class=\"wp-block-latest-posts__post-title\" href=\"https:\/\/kinderschutzbund-freiberg.de\/cms\/2026\/04\/07\/eine-wanderung-nach-falkenberg-zu-den-schafen\/\">Krippe Conradsdorf &#8211; Eine Wanderung nach Falkenberg zu den Schafen<\/a><time datetime=\"2026-04-07T12:05:23+02:00\" class=\"wp-block-latest-posts__post-date\">7. April 2026<\/time><div class=\"wp-block-latest-posts__post-excerpt\">Am 24. M\u00e4rz 2026 machten sich die Kinder der Krippe auf den Weg nach Falkenberg. Gut eingepackt und voller Vorfreude wanderten wir gemeinsam los. Das Ziel war ein Bauernhof mit Schafen und sogar einigen kleinen L\u00e4mmern. Dort angekommen, durften die mutigen Kinder ein echtes Babyschaf mit der Flasche f\u00fcttern. Das war ein spannendes Erlebnis bei\u2026\u00a0<a class=\"wp-block-latest-posts__read-more\" href=\"https:\/\/kinderschutzbund-freiberg.de\/cms\/2026\/04\/07\/eine-wanderung-nach-falkenberg-zu-den-schafen\/\" rel=\"noopener noreferrer\"><span class=\"screen-reader-text\">Krippe Conradsdorf &#8211; Eine Wanderung nach Falkenberg zu den Schafen <\/span>weiterlesen<\/a><\/div><\/li>\n<li><a class=\"wp-block-latest-posts__post-title\" href=\"https:\/\/kinderschutzbund-freiberg.de\/cms\/2026\/03\/04\/schaut-rein-in-unsere-schoene-krippe-in-conradsdorf\/\">Schaut rein in unsere sch\u00f6ne Kita in Tuttendorf!<\/a><time datetime=\"2026-03-04T14:44:23+01:00\" class=\"wp-block-latest-posts__post-date\">4. M\u00e4rz 2026<\/time><div class=\"wp-block-latest-posts__post-excerpt\"><\/div><\/li>\n<\/ul>\n\n\n<p><a href=\"https:\/\/kinderschutzbund-freiberg.de\/cms\/neuigkeiten\/\" data-type=\"page\" data-id=\"25\">Alle Neuigkeiten lesen<\/a><\/p>\n\n\n\n<h2 class=\"wp-block-heading\">Informationen<\/h2>\n\n\n\n<script type='text\/javascript'>\n    function toggleNextBlock(e) {\n        if ( jQuery(e).parent().next().is(\"script\") ) {\n            return;\n        }\n    \n        jQuery(e).parent().next().toggle();\n        event.preventDefault();\n    }\n\n            jQuery(document).ready(function(){\n            jQuery(\".expandbox\").next().hide();\n        });\n    <\/script>\n\n<div class=\"kibu expandbox collapsed\">\n    <div class=\"gutenberg-expandbox-hint\">N\u00e4chster Block klappbar<\/div>\n    <h2 class='title show-as-kibu-service-block' onClick='toggleNextBlock(this)'>Einrichtungsleitung<span class='state'>anzeigen\/verbergen<\/span><\/h2><\/div>\n\n\n\n<div class=\"wp-block-group\"><div class=\"wp-block-group__inner-container is-layout-constrained wp-block-group-is-layout-constrained\">\n<p>Sylvia Richter<br>Abwesenheitsvertretung: Antje Wie\u00dfner<\/p>\n<\/div><\/div>\n\n\n\n<script type='text\/javascript'>\n    function toggleNextBlock(e) {\n        if ( jQuery(e).parent().next().is(\"script\") ) {\n            return;\n        }\n    \n        jQuery(e).parent().next().toggle();\n        event.preventDefault();\n    }\n\n            jQuery(document).ready(function(){\n            jQuery(\".expandbox\").next().hide();\n        });\n    <\/script>\n\n<div class=\"kibu expandbox collapsed\">\n    <div class=\"gutenberg-expandbox-hint\">N\u00e4chster Block klappbar<\/div>\n    <h2 class='title show-as-kibu-service-block' onClick='toggleNextBlock(this)'>Unser Team<span class='state'>anzeigen\/verbergen<\/span><\/h2><\/div>\n\n\n\n<div class=\"wp-block-group\"><div class=\"wp-block-group__inner-container is-layout-constrained wp-block-group-is-layout-constrained\">\n<p>Unser Team besteht aus staatlich anerkannten Erzieherinnen, Dipl.-Sozialp\u00e4dagogin und einer Kollegin mit heilp\u00e4dagogischer Zusatzqualifikation. Unterst\u00fctzt werden wir durch eine Reinigungsfachkraft, einen Hausmeister und zeitweise Praktikant:innen.<\/p>\n<\/div><\/div>\n\n\n\n<script type='text\/javascript'>\n    function toggleNextBlock(e) {\n        if ( jQuery(e).parent().next().is(\"script\") ) {\n            return;\n        }\n    \n        jQuery(e).parent().next().toggle();\n        event.preventDefault();\n    }\n\n            jQuery(document).ready(function(){\n            jQuery(\".expandbox\").next().hide();\n        });\n    <\/script>\n\n<div class=\"kibu expandbox collapsed\">\n    <div class=\"gutenberg-expandbox-hint\">N\u00e4chster Block klappbar<\/div>\n    <h2 class='title show-as-kibu-service-block' onClick='toggleNextBlock(this)'>Kapazit\u00e4t<span class='state'>anzeigen\/verbergen<\/span><\/h2><\/div>\n\n\n\n<div class=\"wp-block-group\"><div class=\"wp-block-group__inner-container is-layout-constrained wp-block-group-is-layout-constrained\">\n<p>In unserer Krippe haben wir f\u00fcr 30 Krippenkinder in 2 Gruppen bis zum dritten Geburtstag Platz. Kinder mit besonderem F\u00f6rderbedarf k\u00f6nnen wir 2 aufnehmen.<\/p>\n<\/div><\/div>\n\n\n\n<script type='text\/javascript'>\n    function toggleNextBlock(e) {\n        if ( jQuery(e).parent().next().is(\"script\") ) {\n            return;\n        }\n    \n        jQuery(e).parent().next().toggle();\n        event.preventDefault();\n    }\n\n            jQuery(document).ready(function(){\n            jQuery(\".expandbox\").next().hide();\n        });\n    <\/script>\n\n<div class=\"kibu expandbox collapsed\">\n    <div class=\"gutenberg-expandbox-hint\">N\u00e4chster Block klappbar<\/div>\n    <h2 class='title show-as-kibu-service-block' onClick='toggleNextBlock(this)'>Konzept und Besonderheiten<span class='state'>anzeigen\/verbergen<\/span><\/h2><\/div>\n\n\n\n<div class=\"wp-block-group\"><div class=\"wp-block-group__inner-container is-layout-constrained wp-block-group-is-layout-constrained\">\n<p>Der Leitgedanke unserer Krippe \u201eSpielend lernen \u2013 lernend spielen\u201c steht bei unserer Arbeit im Mittelpunkt, dabei orientieren wir uns stark an der UN-Kinderrechtskonvention. Bereits im Kleinkindalter sind uns Partizipation und Teilhabe wichtig. Ziel unserer Arbeit sind die St\u00e4rkung von Lebenskompetenzen der Kinder und F\u00f6rderung der Selbstst\u00e4ndigkeit.<\/p>\n\n\n\n<p>Der t\u00e4gliche Aufenthalt in der Natur, das Barfu\u00dflaufen im Sommer, regelm\u00e4\u00dfige Sportangebote und verschiedene Kneippanwendungen f\u00f6rdern ein gesundes Aufwachsen der Kinder. In unserer brotb\u00fcchsenfreien Kita legen wir Wert auf Abwechslung und frisches Obst und Gem\u00fcse.<\/p>\n\n\n\n<p>Die individuelle Eingew\u00f6hnung in famili\u00e4rer und liebevoller Atmosph\u00e4re orientiert sich am Berliner Modell. Wir nehmen uns bis zu 4 Wochen daf\u00fcr Zeit.<\/p>\n<\/div><\/div>\n\n\n\n<script type='text\/javascript'>\n    function toggleNextBlock(e) {\n        if ( jQuery(e).parent().next().is(\"script\") ) {\n            return;\n        }\n    \n        jQuery(e).parent().next().toggle();\n        event.preventDefault();\n    }\n\n            jQuery(document).ready(function(){\n            jQuery(\".expandbox\").next().hide();\n        });\n    <\/script>\n\n<div class=\"kibu expandbox collapsed\">\n    <div class=\"gutenberg-expandbox-hint\">N\u00e4chster Block klappbar<\/div>\n    <h2 class='title show-as-kibu-service-block' onClick='toggleNextBlock(this)'>Termine und Schlie\u00dfzeiten<span class='state'>anzeigen\/verbergen<\/span><\/h2><\/div>\n\n\n\n<div class=\"wp-block-group\"><div class=\"wp-block-group__inner-container is-layout-constrained wp-block-group-is-layout-constrained\">\n<figure class=\"wp-block-table is-style-stripes\"><table class=\"has-fixed-layout\"><tbody><tr><td>Termine werden demn\u00e4chst bekanntgegeben.<\/td><td><\/td><td><\/td><\/tr><\/tbody><\/table><\/figure>\n<\/div><\/div>\n\n\n\n<script type='text\/javascript'>\n    function toggleNextBlock(e) {\n        if ( jQuery(e).parent().next().is(\"script\") ) {\n            return;\n        }\n    \n        jQuery(e).parent().next().toggle();\n        event.preventDefault();\n    }\n\n            jQuery(document).ready(function(){\n            jQuery(\".expandbox\").next().hide();\n        });\n    <\/script>\n\n<div class=\"kibu expandbox collapsed\">\n    <div class=\"gutenberg-expandbox-hint\">N\u00e4chster Block klappbar<\/div>\n    <h2 class='title show-as-kibu-service-block' onClick='toggleNextBlock(this)'>Elternbeitr\u00e4ge<span class='state'>anzeigen\/verbergen<\/span><\/h2><\/div>\n\n\n\n<div class=\"wp-block-group\"><div class=\"wp-block-group__inner-container is-layout-constrained wp-block-group-is-layout-constrained\">\n<p>Die Gemeinde Halsbr\u00fccke erl\u00e4sst eine Elternbeitragssitzung. Die Elternbeitr\u00e4ge lassen sich auf der Internetseite der Gemeinde Halsbr\u00fccke downloaden. Die Elternbeitr\u00e4ge werden im Oktober jeden Jahres angepasst.<\/p>\n\n\n\n<div class=\"wp-block-buttons is-layout-flex wp-block-buttons-is-layout-flex\">\n<div class=\"wp-block-button\"><a class=\"wp-block-button__link wp-element-button\" href=\"https:\/\/www.halsbruecke.de\/ortsrecht-satzungen.html\" target=\"_blank\" rel=\"noreferrer noopener\">Elternbeitr\u00e4ge<\/a><\/div>\n<\/div>\n<\/div><\/div>\n\n\n\n<script type='text\/javascript'>\n    function toggleNextBlock(e) {\n        if ( jQuery(e).parent().next().is(\"script\") ) {\n            return;\n        }\n    \n        jQuery(e).parent().next().toggle();\n        event.preventDefault();\n    }\n\n            jQuery(document).ready(function(){\n            jQuery(\".expandbox\").next().hide();\n        });\n    <\/script>\n\n<div class=\"kibu expandbox collapsed\">\n    <div class=\"gutenberg-expandbox-hint\">N\u00e4chster Block klappbar<\/div>\n    <h2 class='title show-as-kibu-service-block' onClick='toggleNextBlock(this)'>Unsere Partner<span class='state'>anzeigen\/verbergen<\/span><\/h2><\/div>\n\n\n\n<div class=\"wp-block-group\"><div class=\"wp-block-group__inner-container is-layout-constrained wp-block-group-is-layout-constrained\">\n<p><strong>Familienzentrum \u2013 Der Kinderschutzbund RV Freiberg e. V.<\/strong><br>Kurt-Handwerk-Stra\u00dfe 2<br>09599 Freiberg<\/p>\n\n\n\n<p><strong>Kita Waldwichtel Tuttendorf<\/strong><br>Freiberger Str. 43<br>09633 Halsbr\u00fccke<\/p>\n\n\n\n<p><strong>Kita Wirbelwind<\/strong><br>Bergmannsruh 21<br>09633 Halsbr\u00fccke<\/p>\n\n\n\n<p><strong>Gemeinde Halsbr\u00fccke<\/strong><br>Am Ernst-Th\u00e4lmann-Heim 1<br>09633 Halsbr\u00fccke<\/p>\n\n\n\n<p><strong>Berufliches Schulzentrum<br>f\u00fcr Agrarwirtschaft, Ern\u00e4hrung und Hauswirtschaft Freiberg mit<br>Fachschulzentrum Freiberg-Zug<\/strong><br>Turnerstra\u00dfe 5<br>09599 Freiberg<\/p>\n\n\n\n<h3 class=\"wp-block-heading\">Speisenanbieter<\/h3>\n\n\n\n<p>Wir sind eine brotb\u00fcchsenfreie Kita und bieten eine Vollverpflegung (Fr\u00fchst\u00fcck, Mittagessen, Vesper) \u00fcber den Essenversorger \u201eDie Kantine\u201c an.<\/p>\n\n\n\n<p>Die Kantine<br>Hauptstra\u00dfe 52<br>09633 Halsbr\u00fccke<br>Tel.: 03731\/7987650<br><a href=\"http:\/\/die-kantine.net\">Die Kantine &amp; Catering (die-kantine.net)<\/a><\/p>\n<\/div><\/div>\n\n\n\n<script type='text\/javascript'>\n    function toggleNextBlock(e) {\n        if ( jQuery(e).parent().next().is(\"script\") ) {\n            return;\n        }\n    \n        jQuery(e).parent().next().toggle();\n        event.preventDefault();\n    }\n\n            jQuery(document).ready(function(){\n            jQuery(\".expandbox\").next().hide();\n        });\n    <\/script>\n\n<div class=\"kibu expandbox collapsed\">\n    <div class=\"gutenberg-expandbox-hint\">N\u00e4chster Block klappbar<\/div>\n    <h2 class='title show-as-kibu-service-block' onClick='toggleNextBlock(this)'>Unterst\u00fctzen Sie uns<span class='state'>anzeigen\/verbergen<\/span><\/h2><\/div>\n\n\n\n<div class=\"wp-block-group\"><div class=\"wp-block-group__inner-container is-layout-constrained wp-block-group-is-layout-constrained\">\n<p>\u00dcber Geld- und Sachspenden freuen wir uns mit unseren Kindern sehr.<\/p>\n<\/div><\/div>\n<\/div>\n\n\n\n<div class=\"wp-block-column is-layout-flow wp-block-column-is-layout-flow\" style=\"flex-basis:33.33%\">\n<div class=\"wp-block-group is-style-sticky-header\"><div class=\"wp-block-group__inner-container is-layout-constrained wp-block-group-is-layout-constrained\">\n<div class=\"kibu contactbox fullwidth\">\n    <div class=\"gutenberg-hint\">Kontakt-Block<\/div>\n                                \n                                                \n                                                                                                                                                \n                <p class='contact' id='contact-1287'>\n                    <span class='name'>Sylvia Richter<\/span><br \/>                                        <span class='address'>Kita Sonnenuhr Conradsdorf<\/span><br \/>                    <span class='address2'>Alte Dresdner Str. 57<\/span><br \/>                    <span class='zip_town'>09633 Halsbr\u00fccke<\/span><br \/>                    <span class='phone'>03731\/2005400<\/span><br \/>                                        <span class='email'><span id=\"e383122757\">[Bitte JavaScript aktivieren]<\/span><script type=\"text\/javascript\">\/*<![CDATA[*\/eval(\"var a=\\\"jkxEq4_htM6X2CQDOP.vs@Z91pS+erGHzN3ABLY-aRfUT0VloFI5wi8dgumbc7KyJWn\\\";var b=a.split(\\\"\\\").sort().join(\\\"\\\");var c=\\\"5FcRxUd8mRTbTdmVC5F8T0mbUo7cnf78TkVm0Ff0mlxT0\\\";var d=\\\"\\\";for(var e=0;e<c.length;e++)d+=b.charAt(a.indexOf(c.charAt(e)));document.getElementById(\\\"e383122757\\\").innerHTML=\\\"<a href=\\\\\\\"mailto:\\\"+d+\\\"\\\\\\\">\\\"+d+\\\"<\/a>\\\"\")\/*]]>*\/<\/script><\/span>                <\/p>\n                                                <div class='textarea'>\n        <p><strong>\u00d6ffnungszeiten<\/strong><br \/>\nMontag &#8211; Freitag: 06:30 Uhr &#8211; 16:30 Uhr<\/p>\n    <\/div>\n    <\/div>\n\n\n<div class=\"kibu sidebarbox blau\">\n    <div class=\"gutenberg-sidebarbox-hint\">Sidebar-Box<\/div>\n            <p class='headline'><\/p>\n    \n            <ul class='links'>\n            <li><a href='https:\/\/kinderschutzbund-freiberg.de\/cms\/angebote\/kitas-horte\/kita-sonnenuhr-conradsdorf\/kontaktformular-kita-sonnenuhr-conradsdorf\/'>Kita kontaktieren<\/a><\/li>        <\/ul>\n        \n\n            <p class='textarea'>\n                    <\/p>\n    <\/div>\n\n\n<div class=\"kibu sidebarbox grau\">\n    <div class=\"gutenberg-sidebarbox-hint\">Sidebar-Box<\/div>\n            <p class='headline'>Downloads<\/p>\n    \n            <ul class='links'>\n            <li><a href='https:\/\/kinderschutzbund-freiberg.de\/cms\/2025-anmeldeformular-halsbruecke\/'>Formular Anmeldung Kita-Betreuung<\/a><\/li><li><a href='https:\/\/kinderschutzbund-freiberg.de\/cms\/antrag-auf-aenderung-des-betreuungsvertrages_gemeinde-halsbruecke\/'>Antrag auf \u00c4nderung des Betreuungsvertrages<\/a><\/li><li><a href='https:\/\/kinderschutzbund-freiberg.de\/cms\/eigenleistung-der-kitas-und-horte\/'>Formular Eigenleistung<\/a><\/li>        <\/ul>\n        \n\n            <p class='textarea'>\n                    <\/p>\n    <\/div>\n\n\n<div class=\"kibu sidebarbox \">\n    <div class=\"gutenberg-sidebarbox-hint\">Sidebar-Box<\/div>\n            <p class='headline'>Instagram<\/p>\n    \n        \n\n            <p class='textarea'>\n            <p><a href=\"https:\/\/www.instagram.com\/kita_sonnenuhr_conradsdorf\/\"><img loading=\"lazy\" decoding=\"async\" class=\"alignnone  wp-image-1680\" src=\"https:\/\/kinderschutzbund-freiberg.de\/cms\/wp-content\/uploads\/2025\/03\/qr_kita_sonnenuhr_conradsdorf.png\" alt=\"\" width=\"190\" height=\"190\" \/><\/a><\/p>\n        <\/p>\n    <\/div><\/div><\/div>\n<\/div>\n<\/div>\n","protected":false},"excerpt":{"rendered":"<p>Unsere Kita Sonnenuhr befindet sich in der unteren Etage eines ehemaligen Schulgeb\u00e4udes in Conradsdorf, einem Ortsteil der Gemeinde Halsbr\u00fccke. In d\u00f6rflicher Umgebung grenzen Wiesen, Felder und Weiden von ans\u00e4ssigen Bauern an und laden zum Spielen ein. Im unserem Garten mit altem Baumbestand, Kletterger\u00fcsten und Matschk\u00fcche haben die Kinder viel Platz zum Toben und Entdecken. Eine [&hellip;]<\/p>\n","protected":false},"author":1,"featured_media":1077,"parent":19,"menu_order":0,"comment_status":"closed","ping_status":"closed","template":"","meta":{"_acf_changed":false,"footnotes":""},"class_list":["post-427","page","type-page","status-publish","has-post-thumbnail","hentry"],"acf":[],"_links":{"self":[{"href":"https:\/\/kinderschutzbund-freiberg.de\/cms\/wp-json\/wp\/v2\/pages\/427","targetHints":{"allow":["GET"]}}],"collection":[{"href":"https:\/\/kinderschutzbund-freiberg.de\/cms\/wp-json\/wp\/v2\/pages"}],"about":[{"href":"https:\/\/kinderschutzbund-freiberg.de\/cms\/wp-json\/wp\/v2\/types\/page"}],"author":[{"embeddable":true,"href":"https:\/\/kinderschutzbund-freiberg.de\/cms\/wp-json\/wp\/v2\/users\/1"}],"replies":[{"embeddable":true,"href":"https:\/\/kinderschutzbund-freiberg.de\/cms\/wp-json\/wp\/v2\/comments?post=427"}],"version-history":[{"count":44,"href":"https:\/\/kinderschutzbund-freiberg.de\/cms\/wp-json\/wp\/v2\/pages\/427\/revisions"}],"predecessor-version":[{"id":2810,"href":"https:\/\/kinderschutzbund-freiberg.de\/cms\/wp-json\/wp\/v2\/pages\/427\/revisions\/2810"}],"up":[{"embeddable":true,"href":"https:\/\/kinderschutzbund-freiberg.de\/cms\/wp-json\/wp\/v2\/pages\/19"}],"wp:featuredmedia":[{"embeddable":true,"href":"https:\/\/kinderschutzbund-freiberg.de\/cms\/wp-json\/wp\/v2\/media\/1077"}],"wp:attachment":[{"href":"https:\/\/kinderschutzbund-freiberg.de\/cms\/wp-json\/wp\/v2\/media?parent=427"}],"curies":[{"name":"wp","href":"https:\/\/api.w.org\/{rel}","templated":true}]}}