{"id":43,"date":"2023-11-12T10:08:36","date_gmt":"2023-11-12T09:08:36","guid":{"rendered":"https:\/\/kinderschutzbund-freiberg.de\/cms\/?page_id=43"},"modified":"2025-03-13T23:01:20","modified_gmt":"2025-03-13T22:01:20","slug":"spenden","status":"publish","type":"page","link":"https:\/\/kinderschutzbund-freiberg.de\/cms\/unterstuetzen\/spenden\/","title":{"rendered":"Spenden"},"content":{"rendered":"\n<p>Sie m\u00f6chten uns unterst\u00fctzen?&nbsp;Wir freuen uns \u00fcber eine Spende an:<\/p>\n\n\n\n<blockquote class=\"wp-block-quote is-layout-flow wp-block-quote-is-layout-flow\">\n<p>Der Kinderschutzbund RV Freiberg e.V.<br>IBAN: DE40 8705 2000 3220 0007 10<br>BIC: WELADED1FGX<br>Verwendungszweck: Kinderschutzbund Freiberg<\/p>\n<\/blockquote>\n\n\n\n<p class=\"has-text-align-left has-medium-font-size\"><strong>Vielen Dank!<\/strong><\/p>\n\n\n\n<p><\/p>\n","protected":false},"excerpt":{"rendered":"<p>Sie m\u00f6chten uns unterst\u00fctzen?&nbsp;Wir freuen uns \u00fcber eine Spende an: IBAN: BIC: Verwendungszweck: Vielen Dank!<\/p>\n","protected":false},"author":1,"featured_media":0,"parent":27,"menu_order":0,"comment_status":"closed","ping_status":"closed","template":"","meta":{"_acf_changed":false,"footnotes":""},"class_list":["post-43","page","type-page","status-publish","hentry"],"acf":[],"_links":{"self":[{"href":"https:\/\/kinderschutzbund-freiberg.de\/cms\/wp-json\/wp\/v2\/pages\/43","targetHints":{"allow":["GET"]}}],"collection":[{"href":"https:\/\/kinderschutzbund-freiberg.de\/cms\/wp-json\/wp\/v2\/pages"}],"about":[{"href":"https:\/\/kinderschutzbund-freiberg.de\/cms\/wp-json\/wp\/v2\/types\/page"}],"author":[{"embeddable":true,"href":"https:\/\/kinderschutzbund-freiberg.de\/cms\/wp-json\/wp\/v2\/users\/1"}],"replies":[{"embeddable":true,"href":"https:\/\/kinderschutzbund-freiberg.de\/cms\/wp-json\/wp\/v2\/comments?post=43"}],"version-history":[{"count":11,"href":"https:\/\/kinderschutzbund-freiberg.de\/cms\/wp-json\/wp\/v2\/pages\/43\/revisions"}],"predecessor-version":[{"id":806,"href":"https:\/\/kinderschutzbund-freiberg.de\/cms\/wp-json\/wp\/v2\/pages\/43\/revisions\/806"}],"up":[{"embeddable":true,"href":"https:\/\/kinderschutzbund-freiberg.de\/cms\/wp-json\/wp\/v2\/pages\/27"}],"wp:attachment":[{"href":"https:\/\/kinderschutzbund-freiberg.de\/cms\/wp-json\/wp\/v2\/media?parent=43"}],"curies":[{"name":"wp","href":"https:\/\/api.w.org\/{rel}","templated":true}]}}