{"id":506,"date":"2024-09-09T23:37:26","date_gmt":"2024-09-09T21:37:26","guid":{"rendered":"https:\/\/kinderschutzbund-freiberg.de\/cms\/?page_id=506"},"modified":"2025-03-24T12:29:20","modified_gmt":"2025-03-24T11:29:20","slug":"mitglied-werden","status":"publish","type":"page","link":"https:\/\/kinderschutzbund-freiberg.de\/cms\/unterstuetzen\/mitglied-werden\/","title":{"rendered":"Mitglied werden"},"content":{"rendered":"\n<p><strong>Gemeinsam stark f\u00fcr den Kinderschutz!<\/strong><\/p>\n\n\n\n<p>Als Mitglied von Der Kinderschutzbund Regionalverband Freiberg e. V. haben Sie die M\u00f6glichkeit, aktiv an der Gestaltung einer besseren Zukunft f\u00fcr Kinder mitzuwirken. Gemeinsam mit anderen engagierten Menschen k\u00f6nnen Sie viel bewegen.<\/p>\n\n\n\n<h2 class=\"wp-block-heading\">Antragsformular<\/h2>\n\n\n\n<p>Hiermit erkl\u00e4re ich meinen Beitritt zu Der Kinderschutzbund Regionalverband Freiberg e. V..<\/p>\n\n\n\n<div class=\"wpcf7 no-js\" id=\"wpcf7-f810-o1\" lang=\"de-DE\" dir=\"ltr\" data-wpcf7-id=\"810\">\n<div class=\"screen-reader-response\"><p role=\"status\" aria-live=\"polite\" aria-atomic=\"true\"><\/p> <ul><\/ul><\/div>\n<form action=\"\/cms\/wp-json\/wp\/v2\/pages\/506#wpcf7-f810-o1\" method=\"post\" class=\"wpcf7-form init\" aria-label=\"Kontaktformular\" novalidate=\"novalidate\" data-status=\"init\">\n<fieldset class=\"hidden-fields-container\"><input type=\"hidden\" name=\"_wpcf7\" value=\"810\" \/><input type=\"hidden\" name=\"_wpcf7_version\" value=\"6.1.4\" \/><input type=\"hidden\" name=\"_wpcf7_locale\" value=\"de_DE_formal\" \/><input type=\"hidden\" name=\"_wpcf7_unit_tag\" value=\"wpcf7-f810-o1\" \/><input type=\"hidden\" name=\"_wpcf7_container_post\" value=\"0\" \/><input type=\"hidden\" name=\"_wpcf7_posted_data_hash\" value=\"\" \/><input type=\"hidden\" name=\"_wpcf7cf_hidden_group_fields\" value=\"[]\" \/><input type=\"hidden\" name=\"_wpcf7cf_hidden_groups\" value=\"[]\" \/><input type=\"hidden\" name=\"_wpcf7cf_visible_groups\" value=\"[]\" \/><input type=\"hidden\" name=\"_wpcf7cf_repeaters\" value=\"[]\" \/><input type=\"hidden\" name=\"_wpcf7cf_steps\" value=\"{}\" \/><input type=\"hidden\" name=\"_wpcf7cf_options\" value=\"{&quot;form_id&quot;:810,&quot;conditions&quot;:[{&quot;then_field&quot;:&quot;custom-fee-group&quot;,&quot;and_rules&quot;:[{&quot;if_field&quot;:&quot;membership-amount&quot;,&quot;operator&quot;:&quot;equals&quot;,&quot;if_value&quot;:&quot;Eigenen Betrag eingeben&quot;}]}],&quot;settings&quot;:{&quot;animation&quot;:&quot;yes&quot;,&quot;animation_intime&quot;:200,&quot;animation_outtime&quot;:200,&quot;conditions_ui&quot;:&quot;normal&quot;,&quot;notice_dismissed&quot;:false}}\" \/>\n<\/fieldset>\n<h3>Ihre pers\u00f6nliche Daten\n<\/h3>\n<p><label> Vor- und Nachname<i>*<\/i><br \/>\n<span class=\"wpcf7-form-control-wrap\" data-name=\"your-name\"><input size=\"40\" maxlength=\"400\" class=\"wpcf7-form-control wpcf7-text wpcf7-validates-as-required\" aria-required=\"true\" aria-invalid=\"false\" value=\"\" type=\"text\" name=\"your-name\" \/><\/span> <\/label>\n<\/p>\n<table>\n\t<tr>\n\t\t<td>\n\t\t\t<p><label> Anschrift<i>*<\/i><br \/>\n<span class=\"wpcf7-form-control-wrap\" data-name=\"your-address\"><input size=\"40\" maxlength=\"400\" class=\"wpcf7-form-control wpcf7-text wpcf7-validates-as-required\" aria-required=\"true\" aria-invalid=\"false\" value=\"\" type=\"text\" name=\"your-address\" \/><\/span> <\/label>\n\t\t\t<\/p>\n\t\t<\/td>\n\t\t<td>\n\t\t\t<p><label> PLZ und Ort<i>*<\/i><br \/>\n<span class=\"wpcf7-form-control-wrap\" data-name=\"your-zip-town\"><input size=\"40\" maxlength=\"400\" class=\"wpcf7-form-control wpcf7-text wpcf7-validates-as-required\" aria-required=\"true\" aria-invalid=\"false\" value=\"\" type=\"text\" name=\"your-zip-town\" \/><\/span> <\/label>\n\t\t\t<\/p>\n\t\t<\/td>\n\t<\/tr>\n<\/table>\n<p><label> Geburtsdatum<i>*<\/i><br \/>\n<span class=\"wpcf7-form-control-wrap\" data-name=\"your-birthday\"><input class=\"wpcf7-form-control wpcf7-date wpcf7-validates-as-required wpcf7-validates-as-date\" aria-required=\"true\" aria-invalid=\"false\" value=\"\" type=\"date\" name=\"your-birthday\" \/><\/span> <\/label>\n<\/p>\n<table>\n\t<tr>\n\t\t<td>\n\t\t\t<p><label> E-Mail-Adresse<i>*<\/i><br \/>\n<span class=\"wpcf7-form-control-wrap\" data-name=\"your-email\"><input size=\"40\" maxlength=\"400\" class=\"wpcf7-form-control wpcf7-email wpcf7-validates-as-required wpcf7-text wpcf7-validates-as-email\" aria-required=\"true\" aria-invalid=\"false\" value=\"\" type=\"email\" name=\"your-email\" \/><\/span> <\/label>\n\t\t\t<\/p>\n\t\t<\/td>\n\t\t<td>\n\t\t\t<p><label> Telefonnummer<br \/>\n<span class=\"wpcf7-form-control-wrap\" data-name=\"your-phone\"><input size=\"40\" maxlength=\"400\" class=\"wpcf7-form-control wpcf7-text\" aria-invalid=\"false\" value=\"\" type=\"text\" name=\"your-phone\" \/><\/span> <\/label>\n\t\t\t<\/p>\n\t\t<\/td>\n\t<\/tr>\n<\/table>\n<p><span id=\"wpcf7-69da8220ce1c3-wrapper\" class=\"wpcf7-form-control-wrap your-mobile-phone-wrap\" style=\"display:none !important; visibility:hidden !important;\"><label for=\"wpcf7-69da8220ce1c3-field\" class=\"hp-message\">Bitte lassen Sie dieses Feld leer.<\/label><input id=\"wpcf7-69da8220ce1c3-field\"  class=\"wpcf7-form-control wpcf7-text\" type=\"text\" name=\"your-mobile-phone\" value=\"\" size=\"40\" tabindex=\"-1\" autocomplete=\"new-password\" \/><\/span>\n<\/p>\n<p><label> Ihre Nachricht an uns<i>*<\/i><br \/>\n<span class=\"wpcf7-form-control-wrap\" data-name=\"your-message\"><textarea cols=\"40\" rows=\"10\" maxlength=\"2000\" class=\"wpcf7-form-control wpcf7-textarea wpcf7-validates-as-required\" aria-required=\"true\" aria-invalid=\"false\" name=\"your-message\"><\/textarea><\/span> <\/label>\n<\/p>\n<h3>Informationen zum Mitgliedsbeitrag\n<\/h3>\n<p>Mitglied in unserem Verein kann jeder werden, der die <a href='https:\/\/kinderschutzbund-freiberg.de\/cms\/ueber-uns\/leitbild\/' target='_blank'>Satzung von Der Kinderschutzbund Regionalverband Freiberg e. V.<\/a> anerkennt und sich f\u00fcr das Anliegen des Kinderschutzbundes engagieren will. Nach Abgabe Ihrer Beitrittserkl\u00e4rung erhalten Sie die Best\u00e4tigung Ihrer Mitgliedschaft sowie Vereinsunterlagen.\n<\/p>\n<p>Der Mitgliedsbeitrag betr\u00e4gt standardm\u00e4\u00dfig <b>j\u00e4hrlich 20,00 \u20ac<\/b>.<br \/>\nWir freuen uns nat\u00fcrlich sehr, wenn Sie Ihren Jahresbeitrag freiwillig h\u00f6her setzen.\n<\/p>\n<p><label> Gew\u00fcnschter Mitgliedsbeitrag (in Euro)<i>*<\/i><\/label><br \/>\n<span class=\"wpcf7-form-control-wrap\" data-name=\"membership-amount\"><span class=\"wpcf7-form-control wpcf7-radio\"><span class=\"wpcf7-list-item first\"><label><input type=\"radio\" name=\"membership-amount\" value=\"20\" checked=\"checked\" \/><span class=\"wpcf7-list-item-label\">20<\/span><\/label><\/span><span class=\"wpcf7-list-item\"><label><input type=\"radio\" name=\"membership-amount\" value=\"50\" \/><span class=\"wpcf7-list-item-label\">50<\/span><\/label><\/span><span class=\"wpcf7-list-item\"><label><input type=\"radio\" name=\"membership-amount\" value=\"70\" \/><span class=\"wpcf7-list-item-label\">70<\/span><\/label><\/span><span class=\"wpcf7-list-item\"><label><input type=\"radio\" name=\"membership-amount\" value=\"100\" \/><span class=\"wpcf7-list-item-label\">100<\/span><\/label><\/span><span class=\"wpcf7-list-item\"><label><input type=\"radio\" name=\"membership-amount\" value=\"120\" \/><span class=\"wpcf7-list-item-label\">120<\/span><\/label><\/span><span class=\"wpcf7-list-item last\"><label><input type=\"radio\" name=\"membership-amount\" value=\"Eigenen Betrag eingeben\" \/><span class=\"wpcf7-list-item-label\">Eigenen Betrag eingeben<\/span><\/label><\/span><\/span><\/span>\n<\/p>\n<div data-id=\"custom-fee-group\" data-orig_data_id=\"custom-fee-group\"  class=\"\" data-class=\"wpcf7cf_group\">\n\t<p><label>Ihr individueller Betrag:<br \/>\n<span class=\"wpcf7-form-control-wrap\" data-name=\"your-membership-fee\"><input class=\"wpcf7-form-control wpcf7-number wpcf7-validates-as-number\" min=\"20\" aria-invalid=\"false\" value=\"20\" type=\"number\" name=\"your-membership-fee\" \/><\/span> <\/label>\n\t<\/p>\n<\/div>\n<h3>Weitere Unterst\u00fctzung\n<\/h3>\n<p><label> Im Rahmen meiner Mitgliedschaft m\u00f6chte ich den Kinderschutzbund zus\u00e4tzlich unterst\u00fctzen:<br \/>\n<span class=\"wpcf7-form-control-wrap\" data-name=\"your-support\"><span class=\"wpcf7-form-control wpcf7-checkbox\"><span class=\"wpcf7-list-item first\"><label><input type=\"checkbox\" name=\"your-support[]\" value=\"durch fachlichen Unterst\u00fctzung\" \/><span class=\"wpcf7-list-item-label\">durch fachlichen Unterst\u00fctzung<\/span><\/label><\/span><span class=\"wpcf7-list-item last\"><label><input type=\"checkbox\" name=\"your-support[]\" value=\"durch ehrenamtliche Mitarbeit\" \/><span class=\"wpcf7-list-item-label\">durch ehrenamtliche Mitarbeit<\/span><\/label><\/span><\/span><\/span> <\/label>\n<\/p>\n<h3>Datenschutz und weitere Informationen\n<\/h3>\n<p><span class=\"wpcf7-form-control-wrap\" data-name=\"accept-statutes\"><span class=\"wpcf7-form-control wpcf7-acceptance\"><span class=\"wpcf7-list-item\"><label><input type=\"checkbox\" name=\"accept-statutes\" value=\"1\" aria-invalid=\"false\" \/><span class=\"wpcf7-list-item-label\">Ich habe die <a href='https:\/\/kinderschutzbund-freiberg.de\/cms\/ueber-uns\/leitbild\/' target='_blank'>Satzung<\/a> zur Kenntnis genommen und erkenne diese an.<i>*<\/i><\/span><\/label><\/span><\/span><\/span><br \/>\n<span class=\"wpcf7-form-control-wrap\" data-name=\"accept-privacy\"><span class=\"wpcf7-form-control wpcf7-acceptance\"><span class=\"wpcf7-list-item\"><label><input type=\"checkbox\" name=\"accept-privacy\" value=\"1\" aria-invalid=\"false\" \/><span class=\"wpcf7-list-item-label\">Ich habe die <a href='https:\/\/kinderschutzbund-freiberg.de\/cms\/datenschutz\/' target='_blank'>Datenschutzerkl\u00e4rung<\/a> zur Kenntnis genommen und erkenne diese an.<i>*<\/i><\/span><\/label><\/span><\/span><\/span>\n<\/p>\n<p>Mit <i>*<\/i> markierte Felder sind Pflichtfelder.\n<\/p>\n<p><input class=\"wpcf7-form-control wpcf7-submit has-spinner\" type=\"submit\" value=\"Mitgliedsantrag absenden\" \/>\n<\/p><div class=\"wpcf7-response-output\" aria-hidden=\"true\"><\/div>\n<\/form>\n<\/div>\n\n","protected":false},"excerpt":{"rendered":"<p>Gemeinsam stark f\u00fcr den Kinderschutz! Als Mitglied von Der Kinderschutzbund Regionalverband Freiberg e. V. haben Sie die M\u00f6glichkeit, aktiv an der Gestaltung einer besseren Zukunft f\u00fcr Kinder mitzuwirken. Gemeinsam mit anderen engagierten Menschen k\u00f6nnen Sie viel bewegen. Antragsformular Hiermit erkl\u00e4re ich meinen Beitritt zu Der Kinderschutzbund Regionalverband Freiberg e. V..<\/p>\n","protected":false},"author":1,"featured_media":1791,"parent":27,"menu_order":0,"comment_status":"closed","ping_status":"closed","template":"","meta":{"_acf_changed":false,"footnotes":""},"class_list":["post-506","page","type-page","status-publish","has-post-thumbnail","hentry"],"acf":[],"_links":{"self":[{"href":"https:\/\/kinderschutzbund-freiberg.de\/cms\/wp-json\/wp\/v2\/pages\/506","targetHints":{"allow":["GET"]}}],"collection":[{"href":"https:\/\/kinderschutzbund-freiberg.de\/cms\/wp-json\/wp\/v2\/pages"}],"about":[{"href":"https:\/\/kinderschutzbund-freiberg.de\/cms\/wp-json\/wp\/v2\/types\/page"}],"author":[{"embeddable":true,"href":"https:\/\/kinderschutzbund-freiberg.de\/cms\/wp-json\/wp\/v2\/users\/1"}],"replies":[{"embeddable":true,"href":"https:\/\/kinderschutzbund-freiberg.de\/cms\/wp-json\/wp\/v2\/comments?post=506"}],"version-history":[{"count":7,"href":"https:\/\/kinderschutzbund-freiberg.de\/cms\/wp-json\/wp\/v2\/pages\/506\/revisions"}],"predecessor-version":[{"id":1617,"href":"https:\/\/kinderschutzbund-freiberg.de\/cms\/wp-json\/wp\/v2\/pages\/506\/revisions\/1617"}],"up":[{"embeddable":true,"href":"https:\/\/kinderschutzbund-freiberg.de\/cms\/wp-json\/wp\/v2\/pages\/27"}],"wp:featuredmedia":[{"embeddable":true,"href":"https:\/\/kinderschutzbund-freiberg.de\/cms\/wp-json\/wp\/v2\/media\/1791"}],"wp:attachment":[{"href":"https:\/\/kinderschutzbund-freiberg.de\/cms\/wp-json\/wp\/v2\/media?parent=506"}],"curies":[{"name":"wp","href":"https:\/\/api.w.org\/{rel}","templated":true}]}}