{"id":53,"date":"2023-11-12T10:33:30","date_gmt":"2023-11-12T09:33:30","guid":{"rendered":"https:\/\/kinderschutzbund-freiberg.de\/cms\/?page_id=53"},"modified":"2026-01-26T13:07:20","modified_gmt":"2026-01-26T12:07:20","slug":"hilfefonds","status":"publish","type":"page","link":"https:\/\/kinderschutzbund-freiberg.de\/cms\/unterstuetzen\/hilfefonds\/","title":{"rendered":"Hilfefonds &#8222;Familien in Not&#8220;"},"content":{"rendered":"\n<div class=\"wp-block-columns is-layout-flex wp-container-core-columns-is-layout-9d6595d7 wp-block-columns-is-layout-flex\">\n<div class=\"wp-block-column is-layout-flow wp-block-column-is-layout-flow\" style=\"flex-basis:66.66%\">\n<h2 class=\"wp-block-heading\">Unterst\u00fctzung erhalten<\/h2>\n\n\n\n<p>Die Antragstellung erfolgt \u00fcber die jeweilige Beratungsstelle in Freiberg, denn sie kennen die Situation in der Familie am besten und k\u00f6nnen den Hilfebedarf einsch\u00e4tzen. Dabei werden alle Angaben nach dem Grundsatz des Datenschutzes und der Schweigepflicht behandelt.<\/p>\n\n\n\n<h2 class=\"wp-block-heading\">Spenden<\/h2>\n\n\n\n<blockquote class=\"wp-block-quote is-layout-flow wp-block-quote-is-layout-flow\">\n<p>Der Kinderschutzbund RV Freiberg e.V.<br>IBAN: DE69 8705 2000 0190 0537 71<br>BIC: WELADED1FGX<br>Verwendungszweck: Hilfefonds \u201eFamilien in Not\u201c<\/p>\n<\/blockquote>\n<\/div>\n\n\n\n<div class=\"wp-block-column is-layout-flow wp-block-column-is-layout-flow\" style=\"flex-basis:33.33%\">\n<div class=\"kibu sidebarbox grau\">\n    <div class=\"gutenberg-sidebarbox-hint\">Sidebar-Box<\/div>\n            <p class='headline'>Downloads<\/p>\n    \n            <ul class='links'>\n            <li><a href='https:\/\/kinderschutzbund-freiberg.de\/cms\/flyer-hilfefonds-2026\/'>Flyer Hilfefonds &#8222;Familien in Not&#8220;<\/a><\/li>        <\/ul>\n        \n\n            <p class='textarea'>\n                    <\/p>\n    <\/div><\/div>\n<\/div>\n","protected":false},"excerpt":{"rendered":"<p>Unterst\u00fctzung erhalten Die Antragstellung erfolgt \u00fcber die jeweilige Beratungsstelle in Freiberg, denn sie kennen die Situation in der Familie am besten und k\u00f6nnen den Hilfebedarf einsch\u00e4tzen. Dabei werden alle Angaben nach dem Grundsatz des Datenschutzes und der Schweigepflicht behandelt. Spenden IBAN: BIC: Verwendungszweck:<\/p>\n","protected":false},"author":1,"featured_media":0,"parent":27,"menu_order":0,"comment_status":"closed","ping_status":"closed","template":"","meta":{"_acf_changed":false,"footnotes":""},"class_list":["post-53","page","type-page","status-publish","hentry"],"acf":[],"_links":{"self":[{"href":"https:\/\/kinderschutzbund-freiberg.de\/cms\/wp-json\/wp\/v2\/pages\/53","targetHints":{"allow":["GET"]}}],"collection":[{"href":"https:\/\/kinderschutzbund-freiberg.de\/cms\/wp-json\/wp\/v2\/pages"}],"about":[{"href":"https:\/\/kinderschutzbund-freiberg.de\/cms\/wp-json\/wp\/v2\/types\/page"}],"author":[{"embeddable":true,"href":"https:\/\/kinderschutzbund-freiberg.de\/cms\/wp-json\/wp\/v2\/users\/1"}],"replies":[{"embeddable":true,"href":"https:\/\/kinderschutzbund-freiberg.de\/cms\/wp-json\/wp\/v2\/comments?post=53"}],"version-history":[{"count":12,"href":"https:\/\/kinderschutzbund-freiberg.de\/cms\/wp-json\/wp\/v2\/pages\/53\/revisions"}],"predecessor-version":[{"id":2736,"href":"https:\/\/kinderschutzbund-freiberg.de\/cms\/wp-json\/wp\/v2\/pages\/53\/revisions\/2736"}],"up":[{"embeddable":true,"href":"https:\/\/kinderschutzbund-freiberg.de\/cms\/wp-json\/wp\/v2\/pages\/27"}],"wp:attachment":[{"href":"https:\/\/kinderschutzbund-freiberg.de\/cms\/wp-json\/wp\/v2\/media?parent=53"}],"curies":[{"name":"wp","href":"https:\/\/api.w.org\/{rel}","templated":true}]}}