{"id":621,"date":"2024-09-15T14:39:29","date_gmt":"2024-09-15T12:39:29","guid":{"rendered":"https:\/\/kinderschutzbund-freiberg.de\/cms\/?page_id=621"},"modified":"2025-12-09T12:43:14","modified_gmt":"2025-12-09T11:43:14","slug":"schulclubs","status":"publish","type":"page","link":"https:\/\/kinderschutzbund-freiberg.de\/cms\/angebote\/schulclubs\/","title":{"rendered":"Schulclubs"},"content":{"rendered":"\n<p>Die Arbeit der Schulclubs orientiert sich an den Prinzipien und den Qualit\u00e4tsstandards des Kinderschutzbundes Regionalverband Freiberg e.V.. Die Schulclubs erm\u00f6glichen die verbesserte Wahrnehmung von Schule als Lern-, Lebens- und Erfahrungsraum. Dabei orientieren wir uns an den Interessen und Bed\u00fcrfnissen der Sch\u00fclerinnen und Sch\u00fcler. Wir unterst\u00fctzen die Strukturierung des Schulalltages, regen zum bewussten Freizeitverhalten an und f\u00f6rdern die Partizipation, die Kommunikation und die soziale Verantwortung. Die Schulclubs unterst\u00fctzen bei der Entwicklung von Lebenskompetenzen, schaffen eine Vielzahl von freizeitp\u00e4dagogischen Angeboten und erm\u00f6glichen ein verl\u00e4ssliches Betreuungsangebot.<\/p>\n\n\n\n<p>Dabei leisten Mitarbeiterinnen und Mitarbeiter des Kinderschutzbundes Regionalverband Freiberg e.V. auf der Grundlage von Kooperationsvertr\u00e4gen zuverl\u00e4ssige und engagierte Arbeit in folgenden Schulen:<\/p>\n\n\n\n<div class=\"wp-block-group\"><div class=\"wp-block-group__inner-container is-layout-constrained wp-block-group-is-layout-constrained\">\n<div class=\"kibu service\" style=\"background-color: ; color: \">\n    <div class=\"gutenberg-serviceblock-hint\">Service-Block<\/div>\n                        <a href='https:\/\/kinderschutzbund-freiberg.de\/cms\/angebote\/schulclubs\/schulclub-oberschule-gottfried-pabst-von-ohain-freiberg\/' target=''>                <figure class=\"service__image\">\n            <img loading=\"lazy\" decoding=\"async\" width=\"300\" height=\"213\" src=\"https:\/\/kinderschutzbund-freiberg.de\/cms\/wp-content\/uploads\/2025\/05\/Ohain-Schule-1-scaled-e1748000526920-300x213.jpg\" class=\"service__img\" alt=\"\" srcset=\"https:\/\/kinderschutzbund-freiberg.de\/cms\/wp-content\/uploads\/2025\/05\/Ohain-Schule-1-scaled-e1748000526920-300x213.jpg 300w, https:\/\/kinderschutzbund-freiberg.de\/cms\/wp-content\/uploads\/2025\/05\/Ohain-Schule-1-scaled-e1748000526920-1024x727.jpg 1024w, https:\/\/kinderschutzbund-freiberg.de\/cms\/wp-content\/uploads\/2025\/05\/Ohain-Schule-1-scaled-e1748000526920-768x545.jpg 768w, https:\/\/kinderschutzbund-freiberg.de\/cms\/wp-content\/uploads\/2025\/05\/Ohain-Schule-1-scaled-e1748000526920-1536x1090.jpg 1536w, https:\/\/kinderschutzbund-freiberg.de\/cms\/wp-content\/uploads\/2025\/05\/Ohain-Schule-1-scaled-e1748000526920.jpg 1930w\" sizes=\"auto, (max-width: 300px) 100vw, 300px\" \/>        <\/figure>\n                    <\/a>                \n    <p class='title'>\n        <a href='https:\/\/kinderschutzbund-freiberg.de\/cms\/angebote\/schulclubs\/schulclub-oberschule-gottfried-pabst-von-ohain-freiberg\/' target=''>Oberschule \u201eGottfried Pabst von Ohain\u201c Freiberg<\/a>            <\/p>\n\n    \n    \n                                    <div class='contact'>\n                <span class='name'>Michaela Haselbacher<\/span><br \/>\n                                    <span class='email'><span id=\"e58927096\">[Bitte JavaScript aktivieren]<\/span><script type=\"text\/javascript\">\/*<![CDATA[*\/eval(\"var a=\\\"@yNoYxJqr3pLKD5afv_t1WnH.Mw-A0mEZijslOQFUBV6kPe7cub4gRTh89+2SCGXIzd\\\";var b=a.split(\\\"\\\").sort().join(\\\"\\\");var c=\\\"26cCg6gCVNhcBuTD4uTkP+26cCSdVCTkye+PuVP+7NkP\\\";var d=\\\"\\\";for(var e=0;e<c.length;e++)d+=b.charAt(a.indexOf(c.charAt(e)));document.getElementById(\\\"e58927096\\\").innerHTML=\\\"<a href=\\\\\\\"mailto:\\\"+d+\\\"\\\\\\\">\\\"+d+\\\"<\/a>\\\"\")\/*]]>*\/<\/script><\/span>\n                            <\/div>\n            <\/div>\n\n\n<div class=\"kibu service\" style=\"background-color: ; color: \">\n    <div class=\"gutenberg-serviceblock-hint\">Service-Block<\/div>\n                        <a href='https:\/\/kinderschutzbund-freiberg.de\/cms\/angebote\/schulclubs\/schulclub-oberschule-clara-zetkin-freiberg\/' target=''>                <figure class=\"service__image\">\n            <img loading=\"lazy\" decoding=\"async\" width=\"300\" height=\"225\" src=\"https:\/\/kinderschutzbund-freiberg.de\/cms\/wp-content\/uploads\/2025\/05\/IMG_9768a-300x225.jpg\" class=\"service__img\" alt=\"\" srcset=\"https:\/\/kinderschutzbund-freiberg.de\/cms\/wp-content\/uploads\/2025\/05\/IMG_9768a-300x225.jpg 300w, https:\/\/kinderschutzbund-freiberg.de\/cms\/wp-content\/uploads\/2025\/05\/IMG_9768a-1024x768.jpg 1024w, https:\/\/kinderschutzbund-freiberg.de\/cms\/wp-content\/uploads\/2025\/05\/IMG_9768a-768x576.jpg 768w, https:\/\/kinderschutzbund-freiberg.de\/cms\/wp-content\/uploads\/2025\/05\/IMG_9768a-1536x1152.jpg 1536w, https:\/\/kinderschutzbund-freiberg.de\/cms\/wp-content\/uploads\/2025\/05\/IMG_9768a-2048x1536.jpg 2048w\" sizes=\"auto, (max-width: 300px) 100vw, 300px\" \/>        <\/figure>\n                    <\/a>                \n    <p class='title'>\n        <a href='https:\/\/kinderschutzbund-freiberg.de\/cms\/angebote\/schulclubs\/schulclub-oberschule-clara-zetkin-freiberg\/' target=''>Oberschule \u201eClara Zetkin\u201c Freiberg<\/a>            <\/p>\n\n    \n    \n                                    <div class='contact'>\n                <span class='name'>Antje Steinbach<\/span><br \/>\n                                    <span class='email'><span id=\"e131581449\">[Bitte JavaScript aktivieren]<\/span><script type=\"text\/javascript\">\/*<![CDATA[*\/eval(\"var a=\\\"lRiHUhk4QpC1SFvn.BP+Lb0Jz@r9wa-oVuxDTy3fcZdG5MmXKNAgWjIYes87t6O2q_E\\\";var b=a.split(\\\"\\\").sort().join(\\\"\\\");var c=\\\"7GK6WGW6dFY7GEi5M\\\";var d=\\\"\\\";for(var e=0;e<c.length;e++)d+=b.charAt(a.indexOf(c.charAt(e)));document.getElementById(\\\"e131581449\\\").innerHTML=\\\"<a href=\\\\\\\"mailto:\\\"+d+\\\"\\\\\\\">\\\"+d+\\\"<\/a>\\\"\")\/*]]>*\/<\/script><\/span>\n                            <\/div>\n            <\/div>\n\n\n<div class=\"kibu service\" style=\"background-color: ; color: \">\n    <div class=\"gutenberg-serviceblock-hint\">Service-Block<\/div>\n                        <a href='https:\/\/kinderschutzbund-freiberg.de\/cms\/angebote\/schulclubs\/schulclub-foerderzentrum-floeha\/' target=''>                <figure class=\"service__image\">\n            <img loading=\"lazy\" decoding=\"async\" width=\"300\" height=\"200\" src=\"https:\/\/kinderschutzbund-freiberg.de\/cms\/wp-content\/uploads\/2024\/09\/crayola.jpg\" class=\"service__img\" alt=\"\" \/>        <\/figure>\n                    <\/a>                \n    <p class='title'>\n        <a href='https:\/\/kinderschutzbund-freiberg.de\/cms\/angebote\/schulclubs\/schulclub-foerderzentrum-floeha\/' target=''>F\u00f6rderzentrum Fl\u00f6ha<\/a>            <\/p>\n\n    \n    \n                                    <div class='contact'>\n                <span class='name'>Anne Junkereit<\/span><br \/>\n                                    <span class='email'><span id=\"e834282575\">[Bitte JavaScript aktivieren]<\/span><script type=\"text\/javascript\">\/*<![CDATA[*\/eval(\"var a=\\\"Or2YEC7@U0Dg9xkNPKydsZ+pRaz6q4VQhn.WXmoSuG5FfMi3jHALJtBvwIelTc1b_8-\\\";var b=a.split(\\\"\\\").sort().join(\\\"\\\");var c=\\\"GBBM2AcBLMeMHTxLHBfMelFjcT-5cBfrieMH5Me32fM\\\";var d=\\\"\\\";for(var e=0;e<c.length;e++)d+=b.charAt(a.indexOf(c.charAt(e)));document.getElementById(\\\"e834282575\\\").innerHTML=\\\"<a href=\\\\\\\"mailto:\\\"+d+\\\"\\\\\\\">\\\"+d+\\\"<\/a>\\\"\")\/*]]>*\/<\/script><\/span>\n                            <\/div>\n            <\/div><\/div><\/div>\n\n\n\n<p><\/p>\n","protected":false},"excerpt":{"rendered":"<p>Die Arbeit der Schulclubs orientiert sich an den Prinzipien und den Qualit\u00e4tsstandards des Kinderschutzbundes Regionalverband Freiberg e.V.. Die Schulclubs erm\u00f6glichen die verbesserte Wahrnehmung von Schule als Lern-, Lebens- und Erfahrungsraum. Dabei orientieren wir uns an den Interessen und Bed\u00fcrfnissen der Sch\u00fclerinnen und Sch\u00fcler. Wir unterst\u00fctzen die Strukturierung des Schulalltages, regen zum bewussten Freizeitverhalten an und [&hellip;]<\/p>\n","protected":false},"author":1,"featured_media":0,"parent":15,"menu_order":0,"comment_status":"closed","ping_status":"closed","template":"","meta":{"_acf_changed":false,"footnotes":""},"class_list":["post-621","page","type-page","status-publish","hentry"],"acf":[],"_links":{"self":[{"href":"https:\/\/kinderschutzbund-freiberg.de\/cms\/wp-json\/wp\/v2\/pages\/621","targetHints":{"allow":["GET"]}}],"collection":[{"href":"https:\/\/kinderschutzbund-freiberg.de\/cms\/wp-json\/wp\/v2\/pages"}],"about":[{"href":"https:\/\/kinderschutzbund-freiberg.de\/cms\/wp-json\/wp\/v2\/types\/page"}],"author":[{"embeddable":true,"href":"https:\/\/kinderschutzbund-freiberg.de\/cms\/wp-json\/wp\/v2\/users\/1"}],"replies":[{"embeddable":true,"href":"https:\/\/kinderschutzbund-freiberg.de\/cms\/wp-json\/wp\/v2\/comments?post=621"}],"version-history":[{"count":14,"href":"https:\/\/kinderschutzbund-freiberg.de\/cms\/wp-json\/wp\/v2\/pages\/621\/revisions"}],"predecessor-version":[{"id":2674,"href":"https:\/\/kinderschutzbund-freiberg.de\/cms\/wp-json\/wp\/v2\/pages\/621\/revisions\/2674"}],"up":[{"embeddable":true,"href":"https:\/\/kinderschutzbund-freiberg.de\/cms\/wp-json\/wp\/v2\/pages\/15"}],"wp:attachment":[{"href":"https:\/\/kinderschutzbund-freiberg.de\/cms\/wp-json\/wp\/v2\/media?parent=621"}],"curies":[{"name":"wp","href":"https:\/\/api.w.org\/{rel}","templated":true}]}}