{"id":7,"date":"2023-11-12T09:19:16","date_gmt":"2023-11-12T08:19:16","guid":{"rendered":"https:\/\/kinderschutzbund-freiberg.de\/cms\/?page_id=7"},"modified":"2025-05-05T10:27:15","modified_gmt":"2025-05-05T08:27:15","slug":"startseite","status":"publish","type":"page","link":"https:\/\/kinderschutzbund-freiberg.de\/cms\/","title":{"rendered":"Herzlich Willkommen!"},"content":{"rendered":"\n<p>Wir, Der Kinderschutzbund Regionalverband Freiberg e.V., bestehen seit 1997 und sind eine aktive Gr\u00f6\u00dfe in der sozialen Landschaft Freibergs und im Landkreis Mittelsachsen. Mit mehr als 130 Besch\u00e4ftigten und vielen engagierten Mitgliedern sind wir als Regionalverband in die Strukturen des <a href=\"https:\/\/kinderschutzbund-sachsen.de\/\" target=\"_blank\" rel=\"noreferrer noopener\">Kinderschutzbund Landesverbandes Sachsen e.V.<\/a> und des dazugeh\u00f6rigen <a href=\"https:\/\/kinderschutzbund.de\/\" target=\"_blank\" rel=\"noreferrer noopener\">Kinderschutzbund Bundesverbandes<\/a> eingebunden. Wir sind auch Mitglied des <a href=\"https:\/\/parisax.de\/\" target=\"_blank\" rel=\"noreferrer noopener\">Parit\u00e4tischen Wohlfahrtsverbandes Landesverband Sachsen<\/a>.&nbsp;<\/p>\n\n\n\n<div class=\"wp-block-group has-background is-content-justification-center is-nowrap is-layout-flex wp-container-core-group-is-layout-94bc23d7 wp-block-group-is-layout-flex\" style=\"background:linear-gradient(135deg,rgb(195,226,249) 0%,rgb(104,160,201) 100%)\">\n<figure class=\"wp-block-image size-full\"><img loading=\"lazy\" decoding=\"async\" width=\"1060\" height=\"540\" src=\"https:\/\/kinderschutzbund-freiberg.de\/cms\/wp-content\/uploads\/2025\/04\/kibu_freiberg_standorte.jpg\" alt=\"\" class=\"wp-image-2054\" style=\"object-fit:cover\" srcset=\"https:\/\/kinderschutzbund-freiberg.de\/cms\/wp-content\/uploads\/2025\/04\/kibu_freiberg_standorte.jpg 1060w, https:\/\/kinderschutzbund-freiberg.de\/cms\/wp-content\/uploads\/2025\/04\/kibu_freiberg_standorte-300x153.jpg 300w, https:\/\/kinderschutzbund-freiberg.de\/cms\/wp-content\/uploads\/2025\/04\/kibu_freiberg_standorte-1024x522.jpg 1024w, https:\/\/kinderschutzbund-freiberg.de\/cms\/wp-content\/uploads\/2025\/04\/kibu_freiberg_standorte-768x391.jpg 768w\" sizes=\"auto, (max-width: 1060px) 100vw, 1060px\" \/><figcaption class=\"wp-element-caption\">\u00a9 <a href=\"https:\/\/www.openstreetmap.org\/copyright\">OpenStreetMap<\/a><\/figcaption><\/figure>\n<\/div>\n\n\n\n<p>Als Tr\u00e4ger der freien Jugendhilfe verantworten wir den Betrieb von sieben <a href=\"https:\/\/kinderschutzbund-freiberg.de\/cms\/angebote\/kitas-horte\/\" data-type=\"page\" data-id=\"19\">Kindertageseinrichtungen<\/a>, einem <a href=\"https:\/\/kinderschutzbund-freiberg.de\/cms\/angebote\/familienzentrum\/\" data-type=\"page\" data-id=\"17\">Familienzentrum<\/a>, sozialen Projekten und <a href=\"https:\/\/kinderschutzbund-freiberg.de\/cms\/angebote\/schulsozialarbeit\/\" data-type=\"page\" data-id=\"21\">Schulsozialarbeit<\/a> an verschiedenen Schulen. <\/p>\n\n\n\n<p>Unsere Aktivit\u00e4ten verbinden politische Einflussnahme, praktische Hilfe und <a href=\"https:\/\/kinderschutzbund-freiberg.de\/cms\/angebote\/\" data-type=\"page\" data-id=\"15\">Unterst\u00fctzungsleistungen<\/a>. Als weltanschaulich unabh\u00e4ngiger, freier und \u00fcberparteilicher Verband sind wir flexibel in der Ausgestaltung unb\u00fcrokratischer Hilfen und in der Anwendung vielf\u00e4ltiger innovativer Methoden.<\/p>\n\n\n\n<p>Engagierte Mitarbeitende und Mitglieder tragen durch ihren hohen Identifikationswert zur Umsetzung des Leitbildes und der Ziele von uns als Kinderschutzbund bei. Sie setzen sich ein f\u00fcr:<\/p>\n\n\n\n<ul class=\"wp-block-list\">\n<li>die Umsetzung der UN-Kinderrechtskonvention<\/li>\n\n\n\n<li>die Verwirklichung einer kinder- und familienfreundlichen Gesellschaft<\/li>\n\n\n\n<li>die F\u00f6rderung der geistigen, psychischen, sozialen und k\u00f6rperlichen Entwicklung der Kinder<\/li>\n\n\n\n<li>den Schutz von Kindern vor Ausgrenzung, Diskriminierung und vor Gewalt jeglicher Art<\/li>\n\n\n\n<li>soziale Gerechtigkeit aller Kinder<\/li>\n\n\n\n<li>die Beteiligung von Kindern entsprechend ihres Entwicklungsstandes bei allen Entscheidungen und Planungen, die sie betreffen<\/li>\n<\/ul>\n\n\n\n<p>Angebote und Leistungen, die \u00f6ffentlich gef\u00f6rdert werden, unterliegen den jeweiligen gesetzlichen bzw. f\u00f6rderrechtlichen Grundlagen.<\/p>\n\n\n\n<h2 class=\"wp-block-heading\">Aktuelle Neuigkeiten und Informationen<\/h2>\n\n\n<ul class=\"wp-block-latest-posts__list has-dates wp-block-latest-posts\"><li><a class=\"wp-block-latest-posts__post-title\" href=\"https:\/\/kinderschutzbund-freiberg.de\/cms\/2026\/04\/13\/manege-frei-in-halsbruecke-wenn-aus-kindern-stolze-artisten-werden\/\">Manege frei in Halsbr\u00fccke: Wenn aus Kindern stolze Artisten werden<\/a><time datetime=\"2026-04-13T11:23:10+02:00\" class=\"wp-block-latest-posts__post-date\">13. April 2026<\/time><div class=\"wp-block-latest-posts__post-excerpt\">In den Winterferien hatte das Zirkusfieber den Halsbr\u00fccker Hort wieder fest im Griff. Bereits die Ank\u00fcndigung sorgte f\u00fcr gro\u00dfe Aufregung unter den Kindern des Hort Wirbelsturm. Kaum war die Nachricht bekannt, dass wieder ein Zirkusprojekt stattfinden wird, waren die Anmeldelisten innerhalb von nur vier Tagen voll. Insgesamt nahmen 28 Hortkinder der 1. bis 4. Klassenstufe\u2026\u00a0<a class=\"wp-block-latest-posts__read-more\" href=\"https:\/\/kinderschutzbund-freiberg.de\/cms\/2026\/04\/13\/manege-frei-in-halsbruecke-wenn-aus-kindern-stolze-artisten-werden\/\" rel=\"noopener noreferrer\"><span class=\"screen-reader-text\">Manege frei in Halsbr\u00fccke: Wenn aus Kindern stolze Artisten werden <\/span>weiterlesen<\/a><\/div><\/li>\n<li><div class=\"wp-block-latest-posts__featured-image\"><img loading=\"lazy\" decoding=\"async\" width=\"150\" height=\"150\" src=\"https:\/\/kinderschutzbund-freiberg.de\/cms\/wp-content\/uploads\/2026\/04\/2026-04-Spende-Frau-Braune-150x150.jpg\" class=\"attachment-thumbnail size-thumbnail wp-post-image\" alt=\"\" style=\"\" \/><\/div><a class=\"wp-block-latest-posts__post-title\" href=\"https:\/\/kinderschutzbund-freiberg.de\/cms\/2026\/04\/09\/spende-fuer-unser-familienzentrum\/\">Spende f\u00fcr unser Familienzentrum<\/a><time datetime=\"2026-04-09T11:55:40+02:00\" class=\"wp-block-latest-posts__post-date\">9. April 2026<\/time><div class=\"wp-block-latest-posts__post-excerpt\">Durch ein liebevoll gestaltetes Bastelangebot hat Marion Braune Spenden f\u00fcr das Familienzentrum Freiberg gesammelt. Dabei kam eine tolle Summe zusammen, die nun direkt unserer Arbeit mit Familien und Kindern zugutekommt. Wir bedanken uns ganz herzlich bei Frau Braune f\u00fcr ihr Engagement, ihre Kreativit\u00e4t und ihren Einsatz f\u00fcr unser Familienzentrum.&nbsp; Solche Aktionen zeigen, wie viel man\u2026\u00a0<a class=\"wp-block-latest-posts__read-more\" href=\"https:\/\/kinderschutzbund-freiberg.de\/cms\/2026\/04\/09\/spende-fuer-unser-familienzentrum\/\" rel=\"noopener noreferrer\"><span class=\"screen-reader-text\">Spende f\u00fcr unser Familienzentrum <\/span>weiterlesen<\/a><\/div><\/li>\n<\/ul>\n\n\n<p><a href=\"https:\/\/kinderschutzbund-freiberg.de\/cms\/neuigkeiten\/\" data-type=\"page\" data-id=\"25\">Alle Neuigkeiten lesen<\/a><\/p>\n","protected":false},"excerpt":{"rendered":"<p>Wir, Der Kinderschutzbund Regionalverband Freiberg e.V., bestehen seit 1997 und sind eine aktive Gr\u00f6\u00dfe in der sozialen Landschaft Freibergs und im Landkreis Mittelsachsen. Mit mehr als 130 Besch\u00e4ftigten und vielen engagierten Mitgliedern sind wir als Regionalverband in die Strukturen des Kinderschutzbund Landesverbandes Sachsen e.V. und des dazugeh\u00f6rigen Kinderschutzbund Bundesverbandes eingebunden. Wir sind auch Mitglied des [&hellip;]<\/p>\n","protected":false},"author":1,"featured_media":0,"parent":0,"menu_order":0,"comment_status":"closed","ping_status":"closed","template":"","meta":{"_acf_changed":false,"footnotes":""},"class_list":["post-7","page","type-page","status-publish","hentry"],"acf":[],"_links":{"self":[{"href":"https:\/\/kinderschutzbund-freiberg.de\/cms\/wp-json\/wp\/v2\/pages\/7","targetHints":{"allow":["GET"]}}],"collection":[{"href":"https:\/\/kinderschutzbund-freiberg.de\/cms\/wp-json\/wp\/v2\/pages"}],"about":[{"href":"https:\/\/kinderschutzbund-freiberg.de\/cms\/wp-json\/wp\/v2\/types\/page"}],"author":[{"embeddable":true,"href":"https:\/\/kinderschutzbund-freiberg.de\/cms\/wp-json\/wp\/v2\/users\/1"}],"replies":[{"embeddable":true,"href":"https:\/\/kinderschutzbund-freiberg.de\/cms\/wp-json\/wp\/v2\/comments?post=7"}],"version-history":[{"count":33,"href":"https:\/\/kinderschutzbund-freiberg.de\/cms\/wp-json\/wp\/v2\/pages\/7\/revisions"}],"predecessor-version":[{"id":2225,"href":"https:\/\/kinderschutzbund-freiberg.de\/cms\/wp-json\/wp\/v2\/pages\/7\/revisions\/2225"}],"wp:attachment":[{"href":"https:\/\/kinderschutzbund-freiberg.de\/cms\/wp-json\/wp\/v2\/media?parent=7"}],"curies":[{"name":"wp","href":"https:\/\/api.w.org\/{rel}","templated":true}]}}