{"id":761,"date":"2024-10-02T13:22:13","date_gmt":"2024-10-02T11:22:13","guid":{"rendered":"https:\/\/kinderschutzbund-freiberg.de\/cms\/?page_id=761"},"modified":"2026-01-27T14:16:04","modified_gmt":"2026-01-27T13:16:04","slug":"familienbegleitung","status":"publish","type":"page","link":"https:\/\/kinderschutzbund-freiberg.de\/cms\/angebote\/familienbegleitung\/","title":{"rendered":"Familienbegleitung"},"content":{"rendered":"\n<div class=\"wp-block-columns is-layout-flex wp-container-core-columns-is-layout-9d6595d7 wp-block-columns-is-layout-flex\">\n<div class=\"wp-block-column is-layout-flow wp-block-column-is-layout-flow\" style=\"flex-basis:66.66%\">\n<p>Die Familienbegleitung ist ein <strong>freiwilliges und kostenfreies<\/strong> Unterst\u00fctzungsangebot f\u00fcr<strong>\u00a0Familien mit Kindern bis ins Grundschulalter <\/strong>in herausfordernden Lebenslagen.<\/p>\n\n\n\n<p>Durch Hausbesuche erm\u00f6glichen wir eine individuelle aufsuchende Beratung und Begleitung.<\/p>\n\n\n\n<p>Ich entwickle mit Ihnen als Eltern in Hausbesuchen oder Beratungsterminen im Familienzentrum des Kinderschutzbundes in Freiberg L\u00f6sungsans\u00e4tze. Gemeinsam suchen und aktivieren wir Unterst\u00fctzungssysteme. Ich begleite Sie bei einer gesunden, kindlichen Entwicklung zu Themen wie:<\/p>\n\n\n\n<ul class=\"wp-block-list\">\n<li>Gesunde, kindliche Entwicklung<\/li>\n\n\n\n<li>Tagesstrukturierung<\/li>\n\n\n\n<li>Vereinbarkeit von Familie &amp; Beruf<\/li>\n\n\n\n<li>Unterst\u00fctzung bei Antr\u00e4gen<\/li>\n\n\n\n<li>Beratung in Erziehungsfragen<\/li>\n\n\n\n<li>Gesundheit &amp; Ern\u00e4hrung, Behinderung, Sucht<\/li>\n\n\n\n<li>Begleitung zu \u00c4mtern<\/li>\n<\/ul>\n\n\n\n<p>Begleitung zu weiteren Angeboten (z.B. Familienzentrum Kibu, Beratungsstellen, Kooperationspartnern)<\/p>\n<\/div>\n\n\n\n<div class=\"wp-block-column is-layout-flow wp-block-column-is-layout-flow\" style=\"flex-basis:33.33%\">\n<div class=\"wp-block-group is-style-sticky-header\"><div class=\"wp-block-group__inner-container is-layout-constrained wp-block-group-is-layout-constrained\">\n<div class=\"kibu contactbox standard\">\n    <div class=\"gutenberg-hint\">Kontakt-Block<\/div>\n                                \n                                                \n                                                                                                                                                \n                <p class='contact' id='contact-1214'>\n                    <span class='name'>Cornelia Skovgaard-S\u00f6rensen<\/span><br \/>                                        <span class='address'>DKSB RV Freiberg e. V.<\/span><br \/>                    <span class='address2'>Kurt-Handwerk-Stra\u00dfe 2<\/span><br \/>                    <span class='zip_town'>09599 Freiberg<\/span><br \/>                    <span class='phone'>03731\/26955-0<\/span><br \/>                    <span class='phone_mobile'>0159\/06319917<\/span><br \/>                    <span class='email'><span id=\"e186613072\">[Bitte JavaScript aktivieren]<\/span><script type=\"text\/javascript\">\/*<![CDATA[*\/eval(\"var a=\\\"s.TYhvVGMWx52aJcetD6ZunLbFABQEmzpRH7+-I38NfloCPrOw@14jq9_kyUKiX0Sdg\\\";var b=a.split(\\\"\\\").sort().join(\\\"\\\");var c=\\\"PNjw4wCqfCr4CwKiqra1wqoCyUlOiKgfiqo.PyCwfCyrToC\\\";var d=\\\"\\\";for(var e=0;e<c.length;e++)d+=b.charAt(a.indexOf(c.charAt(e)));document.getElementById(\\\"e186613072\\\").innerHTML=\\\"<a href=\\\\\\\"mailto:\\\"+d+\\\"\\\\\\\">\\\"+d+\\\"<\/a>\\\"\")\/*]]>*\/<\/script><\/span>                <\/p>\n                                            <\/div>\n\n\n<div class=\"kibu sidebarbox grau\">\n    <div class=\"gutenberg-sidebarbox-hint\">Sidebar-Box<\/div>\n            <p class='headline'><\/p>\n    \n        \n\n            <p class='textarea'>\n            <ul>\n<li><a href=\"https:\/\/kinderschutzbund-freiberg.de\/cms\/wp-content\/uploads\/2025\/03\/Kibu-Familienbegleitung-1.pdf\">Flyer Familienbegleitung herunterladen<\/a><\/li>\n<\/ul>\n        <\/p>\n    <\/div><\/div><\/div>\n<\/div>\n<\/div>\n","protected":false},"excerpt":{"rendered":"<p>Die Familienbegleitung ist ein freiwilliges und kostenfreies Unterst\u00fctzungsangebot f\u00fcr\u00a0Familien mit Kindern bis ins Grundschulalter in herausfordernden Lebenslagen. Durch Hausbesuche erm\u00f6glichen wir eine individuelle aufsuchende Beratung und Begleitung. Ich entwickle mit Ihnen als Eltern in Hausbesuchen oder Beratungsterminen im Familienzentrum des Kinderschutzbundes in Freiberg L\u00f6sungsans\u00e4tze. Gemeinsam suchen und aktivieren wir Unterst\u00fctzungssysteme. Ich begleite Sie bei einer [&hellip;]<\/p>\n","protected":false},"author":1,"featured_media":0,"parent":15,"menu_order":0,"comment_status":"closed","ping_status":"closed","template":"","meta":{"_acf_changed":false,"footnotes":""},"class_list":["post-761","page","type-page","status-publish","hentry"],"acf":[],"_links":{"self":[{"href":"https:\/\/kinderschutzbund-freiberg.de\/cms\/wp-json\/wp\/v2\/pages\/761","targetHints":{"allow":["GET"]}}],"collection":[{"href":"https:\/\/kinderschutzbund-freiberg.de\/cms\/wp-json\/wp\/v2\/pages"}],"about":[{"href":"https:\/\/kinderschutzbund-freiberg.de\/cms\/wp-json\/wp\/v2\/types\/page"}],"author":[{"embeddable":true,"href":"https:\/\/kinderschutzbund-freiberg.de\/cms\/wp-json\/wp\/v2\/users\/1"}],"replies":[{"embeddable":true,"href":"https:\/\/kinderschutzbund-freiberg.de\/cms\/wp-json\/wp\/v2\/comments?post=761"}],"version-history":[{"count":17,"href":"https:\/\/kinderschutzbund-freiberg.de\/cms\/wp-json\/wp\/v2\/pages\/761\/revisions"}],"predecessor-version":[{"id":2765,"href":"https:\/\/kinderschutzbund-freiberg.de\/cms\/wp-json\/wp\/v2\/pages\/761\/revisions\/2765"}],"up":[{"embeddable":true,"href":"https:\/\/kinderschutzbund-freiberg.de\/cms\/wp-json\/wp\/v2\/pages\/15"}],"wp:attachment":[{"href":"https:\/\/kinderschutzbund-freiberg.de\/cms\/wp-json\/wp\/v2\/media?parent=761"}],"curies":[{"name":"wp","href":"https:\/\/api.w.org\/{rel}","templated":true}]}}