{"id":902,"date":"2024-10-08T08:03:42","date_gmt":"2024-10-08T06:03:42","guid":{"rendered":"https:\/\/kinderschutzbund-freiberg.de\/cms\/?page_id=902"},"modified":"2025-05-19T09:15:15","modified_gmt":"2025-05-19T07:15:15","slug":"schulclub-oberschule-clara-zetkin-freiberg","status":"publish","type":"page","link":"https:\/\/kinderschutzbund-freiberg.de\/cms\/angebote\/schulclubs\/schulclub-oberschule-clara-zetkin-freiberg\/","title":{"rendered":"Schulclub Oberschule \u201eClara Zetkin\u201c Freiberg"},"content":{"rendered":"\n<div class=\"wp-block-columns is-layout-flex wp-container-core-columns-is-layout-9d6595d7 wp-block-columns-is-layout-flex\">\n<div class=\"wp-block-column is-layout-flow wp-block-column-is-layout-flow\" style=\"flex-basis:66.66%\">\n<p>Die Schulclubarbeit ist ein Projekt des Kinderschutzbundes Regionalverband Freiberg e.V. unter dem Titel \u201eUnterst\u00fctzung von Ganztagsangeboten\u201c. Als ein fester Bestandteil der Ganztagsangebote an der OS \u201eClara Zetkin\u201c ist der Schulclub konzeptionell in den Schulalltag und in den Stundenplan integriert.<strong><\/strong><\/p>\n\n\n\n<p>Im Kellerbereich der Mittelschule \u201eClara Zetkin\u201c stehen uns drei R\u00e4ume zur Verf\u00fcgung, die vielf\u00e4ltige Angebote erm\u00f6glichen. Neben dem traditionellen Schulclub und dem B\u00fcro der Schulclubleiterin k\u00f6nnen die Sch\u00fclerinnen und Sch\u00fcler noch einen weiteren Gruppenraum nutzen.<\/p>\n\n\n\n<p>Der Schulcluballtag ist davon gepr\u00e4gt, dass die Sch\u00fclerinnen und Sch\u00fcler Tischtennis, Billard, Basketball, Tischkicker oder Fu\u00dfball spielen k\u00f6nnen. Neben einer gem\u00fctlichen Sitzecke, die zum Relaxen und Entspannen einl\u00e4dt, geh\u00f6rt auch eine Spielecke mit einer Vielzahl von Gesellschaftsspielen. So wird den Sch\u00fclern auch in der Pause, einer Freistunde oder auch bei der \u00dcberbr\u00fcckung der Wartezeit zum Bus eine betreute Aufenthaltsm\u00f6glichkeit geboten.<\/p>\n\n\n\n<p>Eine kleine Hausaufgabenecke unterst\u00fctzt die Lernwerkstatt und bietet den Sch\u00fclerinnen und Sch\u00fclern zus\u00e4tzliche Flexibilit\u00e4t und Entscheidungsfreiheit.<\/p>\n<\/div>\n\n\n\n<div class=\"wp-block-column is-layout-flow wp-block-column-is-layout-flow\" style=\"flex-basis:33.33%\">\n<div class=\"kibu contactbox fullwidth\">\n    <div class=\"gutenberg-hint\">Kontakt-Block<\/div>\n                                \n                                                \n                                                                                                                                                \n                <p class='contact' id='contact-1211'>\n                    <span class='name'>Antje Steinbach<\/span><br \/>                                        <span class='address'>OS Clara Zetkin<\/span><br \/>                    <span class='address2'>D\u00f6rnerzaunstr. 2<\/span><br \/>                    <span class='zip_town'>09599 Freiberg<\/span><br \/>                    <span class='phone'>03731\/7987889<\/span><br \/>                                        <span class='email'><span id=\"e199400947\">[Bitte JavaScript aktivieren]<\/span><script type=\"text\/javascript\">\/*<![CDATA[*\/eval(\"var a=\\\"90j6lw7GXuJFgrEiVqf4N-WAUkocv+LxYKZBdO8@P.DetQTI3R2sbCMzp5HSym_hna1\\\";var b=a.split(\\\"\\\").sort().join(\\\"\\\");var c=\\\"Se3mbebmDrzSe1jtQ\\\";var d=\\\"\\\";for(var e=0;e<c.length;e++)d+=b.charAt(a.indexOf(c.charAt(e)));document.getElementById(\\\"e199400947\\\").innerHTML=\\\"<a href=\\\\\\\"mailto:\\\"+d+\\\"\\\\\\\">\\\"+d+\\\"<\/a>\\\"\")\/*]]>*\/<\/script><\/span>                <\/p>\n                                                <div class='textarea'>\n        <p><strong>\u00d6ffnungszeiten<\/strong><br \/>\nMo \u2013 Do: 09:00 Uhr &#8211; 15:00 Uhr<\/p>\n    <\/div>\n    <\/div>\n\n\n<div class=\"kibu sidebarbox grau\">\n    <div class=\"gutenberg-sidebarbox-hint\">Sidebar-Box<\/div>\n            <p class='headline'><\/p>\n    \n            <ul class='links'>\n            <li><a href='https:\/\/oscz-freiberg.de\/'>Website der Schule<\/a><\/li>        <\/ul>\n        \n\n            <p class='textarea'>\n                    <\/p>\n    <\/div><\/div>\n<\/div>\n","protected":false},"excerpt":{"rendered":"<p>Die Schulclubarbeit ist ein Projekt des Kinderschutzbundes Regionalverband Freiberg e.V. unter dem Titel \u201eUnterst\u00fctzung von Ganztagsangeboten\u201c. Als ein fester Bestandteil der Ganztagsangebote an der OS \u201eClara Zetkin\u201c ist der Schulclub konzeptionell in den Schulalltag und in den Stundenplan integriert. Im Kellerbereich der Mittelschule \u201eClara Zetkin\u201c stehen uns drei R\u00e4ume zur Verf\u00fcgung, die vielf\u00e4ltige Angebote erm\u00f6glichen. [&hellip;]<\/p>\n","protected":false},"author":1,"featured_media":2241,"parent":621,"menu_order":0,"comment_status":"closed","ping_status":"closed","template":"","meta":{"_acf_changed":false,"footnotes":""},"class_list":["post-902","page","type-page","status-publish","has-post-thumbnail","hentry"],"acf":[],"_links":{"self":[{"href":"https:\/\/kinderschutzbund-freiberg.de\/cms\/wp-json\/wp\/v2\/pages\/902","targetHints":{"allow":["GET"]}}],"collection":[{"href":"https:\/\/kinderschutzbund-freiberg.de\/cms\/wp-json\/wp\/v2\/pages"}],"about":[{"href":"https:\/\/kinderschutzbund-freiberg.de\/cms\/wp-json\/wp\/v2\/types\/page"}],"author":[{"embeddable":true,"href":"https:\/\/kinderschutzbund-freiberg.de\/cms\/wp-json\/wp\/v2\/users\/1"}],"replies":[{"embeddable":true,"href":"https:\/\/kinderschutzbund-freiberg.de\/cms\/wp-json\/wp\/v2\/comments?post=902"}],"version-history":[{"count":7,"href":"https:\/\/kinderschutzbund-freiberg.de\/cms\/wp-json\/wp\/v2\/pages\/902\/revisions"}],"predecessor-version":[{"id":2160,"href":"https:\/\/kinderschutzbund-freiberg.de\/cms\/wp-json\/wp\/v2\/pages\/902\/revisions\/2160"}],"up":[{"embeddable":true,"href":"https:\/\/kinderschutzbund-freiberg.de\/cms\/wp-json\/wp\/v2\/pages\/621"}],"wp:featuredmedia":[{"embeddable":true,"href":"https:\/\/kinderschutzbund-freiberg.de\/cms\/wp-json\/wp\/v2\/media\/2241"}],"wp:attachment":[{"href":"https:\/\/kinderschutzbund-freiberg.de\/cms\/wp-json\/wp\/v2\/media?parent=902"}],"curies":[{"name":"wp","href":"https:\/\/api.w.org\/{rel}","templated":true}]}}