{"id":938,"date":"2024-10-20T19:06:47","date_gmt":"2024-10-20T17:06:47","guid":{"rendered":"https:\/\/kinderschutzbund-freiberg.de\/cms\/?page_id=938"},"modified":"2026-03-26T14:34:06","modified_gmt":"2026-03-26T13:34:06","slug":"familiencafe","status":"publish","type":"page","link":"https:\/\/kinderschutzbund-freiberg.de\/cms\/angebote\/familienzentrum\/familiencafe\/","title":{"rendered":"Familiencaf\u00e9"},"content":{"rendered":"\n<div class=\"wp-block-columns is-layout-flex wp-container-core-columns-is-layout-9d6595d7 wp-block-columns-is-layout-flex\">\n<div class=\"wp-block-column is-layout-flow wp-block-column-is-layout-flow\" style=\"flex-basis:66.66%\">\n<p>Ein w\u00f6chentliches Treffen f\u00fcr die ganze Familie mit Spiel, Spa\u00df und den verschiedensten Themen und Aktivit\u00e4ten.<\/p>\n\n\n\n<p>Jeder Mittwoch steht unter einem anderen Thema und alle sind eingeladen sich neugierig auf einen bunten Nachmittag einzulassen. Ob Mitmachen, Zuschauen, Seele baumeln lassen, Fragen loswerden, Austausch unter Erwachsenen und Spielkontakt f\u00fcr Kinder. Vieles ist hier m\u00f6glich. Sie k\u00f6nnen gern einfach allein oder mit Freunden vorbeikommen!<\/p>\n\n\n\n<p>Bei Fragen hierzu kontaktieren Sie uns gern im Familienzentrum.<\/p>\n\n\n\n<h2 class=\"wp-block-heading\">Die Themen der n\u00e4chsten Monate<\/h2>\n\n\n\n<ul class=\"wp-block-list\">\n<li>01.04.26 Osterbastelei<\/li>\n\n\n\n<li>08.04.26 Farbenfrohe Blument\u00f6pfe<\/li>\n\n\n\n<li>15.04.26 Tolle Zauberkugeln kreieren<\/li>\n\n\n\n<li>22.04.26 Auf die Pl\u00e4tze \u2013 Stempel los!<\/li>\n\n\n\n<li>29.04.26 Bienchen summ summ<\/li>\n\n\n\n<li>06.05.26 AUSFALL<\/li>\n\n\n\n<li>13.05.26 AUSFALL<\/li>\n\n\n\n<li>20.05.26 Freche Klammer \u2013 Tiere<\/li>\n\n\n\n<li>27.05.26 Bunter Malspa\u00df<\/li>\n\n\n\n<li>03.06.26 Spielplatz \u2013 Zeit<\/li>\n\n\n\n<li>10.06.26 Malen nach Zahlen<\/li>\n\n\n\n<li>17.06.26 AUSFALL<\/li>\n\n\n\n<li>24.06.26 Kunterbunte Kistchen<\/li>\n<\/ul>\n<\/div>\n\n\n\n<div class=\"wp-block-column is-layout-flow wp-block-column-is-layout-flow\" style=\"flex-basis:33.33%\">\n<div class=\"kibu contactbox fullwidth\">\n    <div class=\"gutenberg-hint\">Kontakt-Block<\/div>\n                                \n                                                \n                                                                                                                                                \n                <p class='contact' id='contact-1219'>\n                    <span class='name'>Familienzentrum<\/span><br \/>                                        <span class='address'>DKSB RV Freiberg e. V.<\/span><br \/>                    <span class='address2'>Kurt-Handwerk-Stra\u00dfe 2<\/span><br \/>                    <span class='zip_town'>09599 Freiberg<\/span><br \/>                    <span class='phone'>03731 26955-11<\/span><br \/>                    <span class='phone_mobile'>03731 26955-15<\/span><br \/>                    <span class='email'><span id=\"e662879058\">[Bitte JavaScript aktivieren]<\/span><script type=\"text\/javascript\">\/*<![CDATA[*\/eval(\"var a=\\\"oVCZndAQ-OBy4Li78TDlue+kmzRUHNbcw@tIxvWGf6K2X3FPYSrEa.gM1pqh95js_0J\\\";var b=a.split(\\\"\\\").sort().join(\\\"\\\");var c=\\\"F6.SaS3gJ3g9q5.LESgX3qh2Y59JK5gXVFq3SK3qPCX3\\\";var d=\\\"\\\";for(var e=0;e<c.length;e++)d+=b.charAt(a.indexOf(c.charAt(e)));document.getElementById(\\\"e662879058\\\").innerHTML=\\\"<a href=\\\\\\\"mailto:\\\"+d+\\\"\\\\\\\">\\\"+d+\\\"<\/a>\\\"\")\/*]]>*\/<\/script><\/span>                <\/p>\n                                                <div class='textarea'>\n        <p><strong>Wann?<\/strong><br \/>\nimmer mittwochs von 15.00 \u2013 17.00 Uhr<\/p>\n<p><strong>Wo?<\/strong><br \/>\nRaum 2.06<\/p>\n<p><strong>Kosten?<\/strong><br \/>\n4 \u20ac \/ Familie<\/p>\n    <\/div>\n    <\/div><\/div>\n<\/div>\n","protected":false},"excerpt":{"rendered":"<p>Ein w\u00f6chentliches Treffen f\u00fcr die ganze Familie mit Spiel, Spa\u00df und den verschiedensten Themen und Aktivit\u00e4ten. Jeder Mittwoch steht unter einem anderen Thema und alle sind eingeladen sich neugierig auf einen bunten Nachmittag einzulassen. Ob Mitmachen, Zuschauen, Seele baumeln lassen, Fragen loswerden, Austausch unter Erwachsenen und Spielkontakt f\u00fcr Kinder. Vieles ist hier m\u00f6glich. Sie k\u00f6nnen [&hellip;]<\/p>\n","protected":false},"author":1,"featured_media":1994,"parent":17,"menu_order":0,"comment_status":"closed","ping_status":"closed","template":"","meta":{"_acf_changed":false,"footnotes":""},"class_list":["post-938","page","type-page","status-publish","has-post-thumbnail","hentry"],"acf":[],"_links":{"self":[{"href":"https:\/\/kinderschutzbund-freiberg.de\/cms\/wp-json\/wp\/v2\/pages\/938","targetHints":{"allow":["GET"]}}],"collection":[{"href":"https:\/\/kinderschutzbund-freiberg.de\/cms\/wp-json\/wp\/v2\/pages"}],"about":[{"href":"https:\/\/kinderschutzbund-freiberg.de\/cms\/wp-json\/wp\/v2\/types\/page"}],"author":[{"embeddable":true,"href":"https:\/\/kinderschutzbund-freiberg.de\/cms\/wp-json\/wp\/v2\/users\/1"}],"replies":[{"embeddable":true,"href":"https:\/\/kinderschutzbund-freiberg.de\/cms\/wp-json\/wp\/v2\/comments?post=938"}],"version-history":[{"count":17,"href":"https:\/\/kinderschutzbund-freiberg.de\/cms\/wp-json\/wp\/v2\/pages\/938\/revisions"}],"predecessor-version":[{"id":2845,"href":"https:\/\/kinderschutzbund-freiberg.de\/cms\/wp-json\/wp\/v2\/pages\/938\/revisions\/2845"}],"up":[{"embeddable":true,"href":"https:\/\/kinderschutzbund-freiberg.de\/cms\/wp-json\/wp\/v2\/pages\/17"}],"wp:featuredmedia":[{"embeddable":true,"href":"https:\/\/kinderschutzbund-freiberg.de\/cms\/wp-json\/wp\/v2\/media\/1994"}],"wp:attachment":[{"href":"https:\/\/kinderschutzbund-freiberg.de\/cms\/wp-json\/wp\/v2\/media?parent=938"}],"curies":[{"name":"wp","href":"https:\/\/api.w.org\/{rel}","templated":true}]}}