{"id":943,"date":"2024-10-20T19:09:53","date_gmt":"2024-10-20T17:09:53","guid":{"rendered":"https:\/\/kinderschutzbund-freiberg.de\/cms\/?page_id=943"},"modified":"2026-01-27T14:06:09","modified_gmt":"2026-01-27T13:06:09","slug":"familientrauergruppe","status":"publish","type":"page","link":"https:\/\/kinderschutzbund-freiberg.de\/cms\/angebote\/familienzentrum\/familientrauergruppe\/","title":{"rendered":"Familientrauergruppe"},"content":{"rendered":"\n<div class=\"wp-block-columns is-layout-flex wp-container-core-columns-is-layout-9d6595d7 wp-block-columns-is-layout-flex\">\n<div class=\"wp-block-column is-layout-flow wp-block-column-is-layout-flow\" style=\"flex-basis:66.66%\">\n<p><strong>&nbsp;\u201e\u2026weil du mir\/uns fehlst\u2026\u201c \u201eOhne dich ist alles anders\u2026\u201c<\/strong><\/p>\n\n\n\n<p>Der Todesfall eines geliebten Menschen in oder nah an der Familie ist f\u00fcr Kinder, aber auch f\u00fcr Eltern ein gewaltiges und einschneidendes Ereignis. Die pers\u00f6nliche Welt ger\u00e4t ins Wanken, vieles ist nicht mehr so, wie es war.<\/p>\n\n\n\n<p>In einer Familie sind alle betroffen. Eltern sind konfrontiert mit ihrer eigenen Trauer und m\u00fcssen zus\u00e4tzlich den Alltag und das Familienleben neu organisieren. Gleichzeitig f\u00fchlen sie sich aber auch verantwortlich f\u00fcr die Schmerzbew\u00e4ltigung der Kinder.<\/p>\n\n\n\n<p>Die Familientrauergruppe ist eine Initiative des Kinderschutzbundes RV Freiberg e.V. und der \u201eSchwarzBunt-Familientrauerbegleitung\u201c. Sie soll Familien in dieser Lebensphase Unterst\u00fctzung zu bieten und sie dabei st\u00e4rken, helfende Ressourcen zu finden und zu nutzen.<\/p>\n\n\n\n<p>In unserer Kindertrauergruppe finden Kinder Austausch mit anderen betroffenen Kindern. Gleiches gilt f\u00fcr die Eltern, die in der \u201eElterngruppe\u201c Austausch und Unterst\u00fctzung finden k\u00f6nnen.<\/p>\n\n\n\n<p>Anke Schwarz ist eine ausgebildete Familientrauerbegleiterin. Sie gestaltet gemeinsam mit Isabell Fuchs-Fischer die Gruppe und schafft Raum f\u00fcr alles, was sein mag.<\/p>\n\n\n\n<p>Es entstehen M\u00f6glichkeiten, die vielf\u00e4ltigen Gef\u00fchle zu durchleben, Erinnerungen zu bewahren und einen pers\u00f6nlichen und individuellen Weg zu finden mit dem Verlust weiter zu leben.<\/p>\n\n\n\n<h2 class=\"wp-block-heading\"><strong>Wichtig zu wissen<\/strong><\/h2>\n\n\n\n<ul class=\"wp-block-list\">\n<li>Ein vorheriges Kennenlernen ist uns wichtig. Aus diesem Grund erhalten alle anfragenden Familien ein Erstgespr\u00e4ch mit Frau Schwarz. Sie entscheiden gemeinsam, ob Sie bereit f\u00fcr die Gruppe sind oder vorerst eine Einzelbegleitung o.\u00e4. ben\u00f6tigen.<\/li>\n\n\n\n<li>Kindertrauergruppe und Angeh\u00f6rigencaf\u00e9 finden zum gleichen Zeitpunkt, in 2 R\u00e4umen statt.<\/li>\n<\/ul>\n\n\n\n<h2 class=\"wp-block-heading\"><strong>Anmeldung<\/strong><\/h2>\n\n\n\n<p>Eine Anmeldung ist beim Familienzentrum und bei SchwarzBunt Familientrauerbegleitung m\u00f6glich.<\/p>\n<\/div>\n\n\n\n<div class=\"wp-block-column is-layout-flow wp-block-column-is-layout-flow\" style=\"flex-basis:33.33%\">\n<div class=\"wp-block-group is-style-sticky-header\"><div class=\"wp-block-group__inner-container is-layout-constrained wp-block-group-is-layout-constrained\">\n<div class=\"kibu contactbox standard\">\n    <div class=\"gutenberg-hint\">Kontakt-Block<\/div>\n                                \n                                                \n                                                                                                                                                \n                <p class='contact' id='contact-1219'>\n                    <span class='name'>Familienzentrum<\/span><br \/>                                        <span class='address'>DKSB RV Freiberg e. V.<\/span><br \/>                    <span class='address2'>Kurt-Handwerk-Stra\u00dfe 2<\/span><br \/>                    <span class='zip_town'>09599 Freiberg<\/span><br \/>                    <span class='phone'>03731 26955-11<\/span><br \/>                    <span class='phone_mobile'>03731 26955-15<\/span><br \/>                    <span class='email'><span id=\"e703534956\">[Bitte JavaScript aktivieren]<\/span><script type=\"text\/javascript\">\/*<![CDATA[*\/eval(\"var a=\\\"F83ENXlp9H6c-QtMzj@K02+BLJsa_TindwWfVgIOqYoe5x1.huUGbvA7ZCyrSPkRmD4\\\";var b=a.split(\\\"\\\").sort().join(\\\"\\\");var c=\\\"1YvubuxA4xASyPvQGuA5xyrehPS4oPA581yxuoxy.35x\\\";var d=\\\"\\\";for(var e=0;e<c.length;e++)d+=b.charAt(a.indexOf(c.charAt(e)));document.getElementById(\\\"e703534956\\\").innerHTML=\\\"<a href=\\\\\\\"mailto:\\\"+d+\\\"\\\\\\\">\\\"+d+\\\"<\/a>\\\"\")\/*]]>*\/<\/script><\/span>                <\/p>\n                                                                \n                                                \n                                                                                                                                                \n                <p class='contact' id='contact-1236'>\n                    <span class='name'>Anke Schwarz<\/span><br \/>                                                                                                                        <span class='phone_mobile'>0173\/3560686<\/span><br \/>                    <span class='email'><span id=\"e148949253\">[Bitte JavaScript aktivieren]<\/span><script type=\"text\/javascript\">\/*<![CDATA[*\/eval(\"var a=\\\"3V2p6cYfx0NzLiq+mDvQ19_hMwrA4Znj.XIlJGs-PCTFHg@7teO5oRbUB8ykSEdKauW\\\";var b=a.split(\\\"\\\").sort().join(\\\"\\\");var c=\\\"RCeoiSyCEgyVkFtKCyWTEbS2Hg\\\";var d=\\\"\\\";for(var e=0;e<c.length;e++)d+=b.charAt(a.indexOf(c.charAt(e)));document.getElementById(\\\"e148949253\\\").innerHTML=\\\"<a href=\\\\\\\"mailto:\\\"+d+\\\"\\\\\\\">\\\"+d+\\\"<\/a>\\\"\")\/*]]>*\/<\/script><\/span>                <\/p>\n                                                <div class='textarea'>\n        <p><strong>Wann?<\/strong><br \/>\nmonatlich montags von 16:00 \u2013 18:00 Uhr<\/p>\n<p>Die genauen Termine erhalten Sie bei Anmeldung.<\/p>\n<p><strong>Wo?<\/strong><br \/>\nRaum 2.06<\/p>\n<p><strong>Wer?<\/strong><br \/>\nAnke Schwarz und Isabell Fuchs-Fischer (Ausgebildete Familientrauerbegleiterinnen)<\/p>\n<p><strong>Kosten?<\/strong><br \/>\nSpendenbasis<\/p>\n<p><a href=\"https:\/\/kinderschutzbund-freiberg.de\/cms\/wp-content\/uploads\/2026\/01\/Kibu-Trauerbegleitung-Flyer-neu-druckfertig.pdf\">Trauerbegleitung Flyer<\/a><\/p>\n    <\/div>\n    <\/div><\/div><\/div>\n<\/div>\n<\/div>\n","protected":false},"excerpt":{"rendered":"<p>&nbsp;\u201e\u2026weil du mir\/uns fehlst\u2026\u201c \u201eOhne dich ist alles anders\u2026\u201c Der Todesfall eines geliebten Menschen in oder nah an der Familie ist f\u00fcr Kinder, aber auch f\u00fcr Eltern ein gewaltiges und einschneidendes Ereignis. Die pers\u00f6nliche Welt ger\u00e4t ins Wanken, vieles ist nicht mehr so, wie es war. In einer Familie sind alle betroffen. Eltern sind konfrontiert [&hellip;]<\/p>\n","protected":false},"author":1,"featured_media":0,"parent":17,"menu_order":0,"comment_status":"closed","ping_status":"closed","template":"","meta":{"_acf_changed":false,"footnotes":""},"class_list":["post-943","page","type-page","status-publish","hentry"],"acf":[],"_links":{"self":[{"href":"https:\/\/kinderschutzbund-freiberg.de\/cms\/wp-json\/wp\/v2\/pages\/943","targetHints":{"allow":["GET"]}}],"collection":[{"href":"https:\/\/kinderschutzbund-freiberg.de\/cms\/wp-json\/wp\/v2\/pages"}],"about":[{"href":"https:\/\/kinderschutzbund-freiberg.de\/cms\/wp-json\/wp\/v2\/types\/page"}],"author":[{"embeddable":true,"href":"https:\/\/kinderschutzbund-freiberg.de\/cms\/wp-json\/wp\/v2\/users\/1"}],"replies":[{"embeddable":true,"href":"https:\/\/kinderschutzbund-freiberg.de\/cms\/wp-json\/wp\/v2\/comments?post=943"}],"version-history":[{"count":8,"href":"https:\/\/kinderschutzbund-freiberg.de\/cms\/wp-json\/wp\/v2\/pages\/943\/revisions"}],"predecessor-version":[{"id":2761,"href":"https:\/\/kinderschutzbund-freiberg.de\/cms\/wp-json\/wp\/v2\/pages\/943\/revisions\/2761"}],"up":[{"embeddable":true,"href":"https:\/\/kinderschutzbund-freiberg.de\/cms\/wp-json\/wp\/v2\/pages\/17"}],"wp:attachment":[{"href":"https:\/\/kinderschutzbund-freiberg.de\/cms\/wp-json\/wp\/v2\/media?parent=943"}],"curies":[{"name":"wp","href":"https:\/\/api.w.org\/{rel}","templated":true}]}}