{"id":954,"date":"2024-10-20T20:02:54","date_gmt":"2024-10-20T18:02:54","guid":{"rendered":"https:\/\/kinderschutzbund-freiberg.de\/cms\/?page_id=954"},"modified":"2026-03-26T14:43:41","modified_gmt":"2026-03-26T13:43:41","slug":"bewegungsentwicklung","status":"publish","type":"page","link":"https:\/\/kinderschutzbund-freiberg.de\/cms\/angebote\/familienzentrum\/bewegungsentwicklung\/","title":{"rendered":"Bewegungsentwicklung"},"content":{"rendered":"\n<div class=\"wp-block-columns is-layout-flex wp-container-core-columns-is-layout-9d6595d7 wp-block-columns-is-layout-flex\">\n<div class=\"wp-block-column is-layout-flow wp-block-column-is-layout-flow\" style=\"flex-basis:66.66%\">\n<p class=\"has-large-font-size\">Ihr Baby im 1. Lebensjahr und dar\u00fcber hinaus<\/p>\n\n\n\n<p>Wie verl\u00e4uft die nat\u00fcrliche Bewegungsentwicklung bei unserem Baby und Kleinkind?<\/p>\n\n\n\n<p>Beantwortung individueller Fragen, Unsicherheiten und Anleitung mit Kind. 1:1 Austausch und Anleitung.<\/p>\n\n\n\n<p>\u201eMein Baby will immer nur auf einer Seite liegen! Hat es eine Lieblingsseite? Ist das normal und gut f\u00fcr mein Baby? Mein Baby will einfach nicht ins robben \/ krabbeln kommen? Ist es normal, dass mein Baby f\u00fcr Bewegungen so lange braucht? \u2026\u201c<\/p>\n\n\n\n<p><strong>Viele Dinge brauchen einfach Zeit, an andere Stelle braucht es jedoch wirklich etwas Motivation oder Unterst\u00fctzung.<\/strong><\/p>\n\n\n\n<p>Beobachten Sie in der Bewegungsentwicklung Ihres Kindes Dinge, die Sie verunsichern und zu denen Sie Fragen haben?! Scheuen Sie sich nicht, anzurufen oder eine Mail mit ihrer individuellen Anfrage zu senden.<\/p>\n\n\n\n<p>Gemeinsam mit der PEKiP Kursleiterin Elke Hellweg-Schl\u00f6mann und einer ausgebildeten und der erfahrenen Physiotherapeutin Frau Swiridoff k\u00f6nnen Sie all ihre Fragen, im pers\u00f6nlichen Termin (ca. 30 Minuten) mit Baby und Kleinkind besprechen. Frau Swiridoff beobachtet, erkl\u00e4rt und gibt bei Bedarf Impulse zum Handling, sowie individuelle Anleitungen.<\/p>\n<\/div>\n\n\n\n<div class=\"wp-block-column is-layout-flow wp-block-column-is-layout-flow\" style=\"flex-basis:33.33%\">\n<div class=\"kibu contactbox standard\">\n    <div class=\"gutenberg-hint\">Kontakt-Block<\/div>\n        <div class='textarea'>\n        <p><strong>Wann?<\/strong><br \/>\nmontags, einmal im Monat von 16.00 \u2013 17.30 Uhr (jeweils ca. 30 Min. \/ Familie)<\/p>\n<p><strong>Termine:<\/strong> 20.04.26; 18.05.26; 22.06.26<\/p>\n<p><strong>Wo?<\/strong><br \/>\nRaum 2.06<\/p>\n<p><strong>Wer?<\/strong><br \/>\nCorinna Swiridoff (Physiotherapeutin)<br \/>\nElke Hellweg-Schl\u00f6mann (PEKiP\u00ae Kursleiterin \/ Projektmitarbeiterin im Familienzentrum)<\/p>\n<p><strong>Anmeldung?<\/strong><\/p>\n<p>Eine Anmeldung ist erforderlich.<\/p>\n<p><strong>Kosten?<\/strong><br \/>\n5,00 \u20ac \/ Familie<\/p>\n    <\/div>\n    <\/div><\/div>\n<\/div>\n\n\n\n<h2 class=\"wp-block-heading\">Teilnahme und Anmeldung<\/h2>\n\n\n\n<figure class=\"wp-block-table\"><table class=\"has-fixed-layout\"><tbody><tr><td>Wann?<\/td><td>montags, einmal im Monat von 16.00 &#8211; 17.30 Uhr (jeweils ca. 30 Minuten \/ Familie)<br><br>02.03.2026, 30.03.2026, <\/td><\/tr><tr><td>Wo?<\/td><td>Raum 2.06<\/td><\/tr><tr><td>Wer?<\/td><td>Corinna Swiridoff (Physiotherapeutin)<br><br>Elke Hellweg-Schl\u00f6mann (PEKiP\u00ae Kursleiterin \/ Projektmitarbeiterin im Familienzentrum)<\/td><\/tr><tr><td>Anmeldung?<\/td><td><strong>Eine Anmeldung ist zwingend erforderlich!<\/strong><br>Es sind maximal vier Familien pro angebotenem Termin m\u00f6glich.<\/td><\/tr><tr><td>Kosten?<\/td><td>5,00 \u20ac \/ Familie<\/td><\/tr><\/tbody><\/table><\/figure>\n\n\n\n<h2 class=\"wp-block-heading\">Videos<\/h2>\n\n\n\n<p>Gemeinsam mit Frau Swiridoff wurden verschiedene Videos zum Handling mit Babys gedreht. Diese finden Sie unter folgenden Links:<\/p>\n\n\n\n<div class=\"wp-block-group\"><div class=\"wp-block-group__inner-container is-layout-constrained wp-block-group-is-layout-constrained\">\n<div class=\"kibu service\" style=\"background-color: ; color: \">\n    <div class=\"gutenberg-serviceblock-hint\">Service-Block<\/div>\n                        <a href='https:\/\/kinderschutzbund-freiberg.de\/cms\/angebote\/familienzentrum\/bewegungsentwicklung\/corinna-swiridoff-erfahrene-physiotherapeutin\/' target=''>                <figure class=\"service__image\">\n            <img loading=\"lazy\" decoding=\"async\" width=\"300\" height=\"145\" src=\"https:\/\/kinderschutzbund-freiberg.de\/cms\/wp-content\/uploads\/2025\/03\/thumbnail_video_swiridoff-300x145.jpg\" class=\"service__img\" alt=\"\" srcset=\"https:\/\/kinderschutzbund-freiberg.de\/cms\/wp-content\/uploads\/2025\/03\/thumbnail_video_swiridoff-300x145.jpg 300w, https:\/\/kinderschutzbund-freiberg.de\/cms\/wp-content\/uploads\/2025\/03\/thumbnail_video_swiridoff.jpg 400w\" sizes=\"auto, (max-width: 300px) 100vw, 300px\" \/>        <\/figure>\n                    <\/a>                \n    <p class='title'>\n        <a href='https:\/\/kinderschutzbund-freiberg.de\/cms\/angebote\/familienzentrum\/bewegungsentwicklung\/corinna-swiridoff-erfahrene-physiotherapeutin\/' target=''>Corinna Swiridoff \u2013 Erfahrene Physiotherapeutin<\/a>            <\/p>\n\n    \n    \n    <\/div>\n\n\n<div class=\"kibu service\" style=\"background-color: ; color: \">\n    <div class=\"gutenberg-serviceblock-hint\">Service-Block<\/div>\n                        <a href='https:\/\/kinderschutzbund-freiberg.de\/cms\/angebote\/familienzentrum\/bewegungsentwicklung\/das-baby-hochnehmen-und-hinlegen\/' target=''>                <figure class=\"service__image\">\n            <img loading=\"lazy\" decoding=\"async\" width=\"300\" height=\"197\" src=\"https:\/\/kinderschutzbund-freiberg.de\/cms\/wp-content\/uploads\/2025\/03\/thumbnail_video_baby_hochnehmen-300x197.png\" class=\"service__img\" alt=\"\" srcset=\"https:\/\/kinderschutzbund-freiberg.de\/cms\/wp-content\/uploads\/2025\/03\/thumbnail_video_baby_hochnehmen-300x197.png 300w, https:\/\/kinderschutzbund-freiberg.de\/cms\/wp-content\/uploads\/2025\/03\/thumbnail_video_baby_hochnehmen.png 314w\" sizes=\"auto, (max-width: 300px) 100vw, 300px\" \/>        <\/figure>\n                    <\/a>                \n    <p class='title'>\n        <a href='https:\/\/kinderschutzbund-freiberg.de\/cms\/angebote\/familienzentrum\/bewegungsentwicklung\/das-baby-hochnehmen-und-hinlegen\/' target=''>Das Baby hochnehmen und hinlegen<\/a>            <\/p>\n\n    \n    \n    <\/div>\n\n\n<div class=\"kibu service\" style=\"background-color: ; color: \">\n    <div class=\"gutenberg-serviceblock-hint\">Service-Block<\/div>\n                        <a href='https:\/\/kinderschutzbund-freiberg.de\/cms\/angebote\/familienzentrum\/bewegungsentwicklung\/blickkontakt-aufnehmen\/' target=''>                <figure class=\"service__image\">\n            <img loading=\"lazy\" decoding=\"async\" width=\"300\" height=\"163\" src=\"https:\/\/kinderschutzbund-freiberg.de\/cms\/wp-content\/uploads\/2025\/03\/thumbnail_video_blickkontakt-300x163.png\" class=\"service__img\" alt=\"\" srcset=\"https:\/\/kinderschutzbund-freiberg.de\/cms\/wp-content\/uploads\/2025\/03\/thumbnail_video_blickkontakt-300x163.png 300w, https:\/\/kinderschutzbund-freiberg.de\/cms\/wp-content\/uploads\/2025\/03\/thumbnail_video_blickkontakt.png 345w\" sizes=\"auto, (max-width: 300px) 100vw, 300px\" \/>        <\/figure>\n                    <\/a>                \n    <p class='title'>\n        <a href='https:\/\/kinderschutzbund-freiberg.de\/cms\/angebote\/familienzentrum\/bewegungsentwicklung\/blickkontakt-aufnehmen\/' target=''>Blickkontakt aufnehmen<\/a>            <\/p>\n\n    \n    \n    <\/div>\n\n\n<div class=\"kibu service\" style=\"background-color: ; color: \">\n    <div class=\"gutenberg-serviceblock-hint\">Service-Block<\/div>\n                        <a href='https:\/\/kinderschutzbund-freiberg.de\/cms\/angebote\/familienzentrum\/bewegungsentwicklung\/das-drehen-des-babys-von-der-rueckenlage-in-die-bauchlage\/' target=''>                <figure class=\"service__image\">\n            <img loading=\"lazy\" decoding=\"async\" width=\"300\" height=\"178\" src=\"https:\/\/kinderschutzbund-freiberg.de\/cms\/wp-content\/uploads\/2025\/03\/thumbnail_video_drehen-300x178.png\" class=\"service__img\" alt=\"\" srcset=\"https:\/\/kinderschutzbund-freiberg.de\/cms\/wp-content\/uploads\/2025\/03\/thumbnail_video_drehen-300x178.png 300w, https:\/\/kinderschutzbund-freiberg.de\/cms\/wp-content\/uploads\/2025\/03\/thumbnail_video_drehen.png 392w\" sizes=\"auto, (max-width: 300px) 100vw, 300px\" \/>        <\/figure>\n                    <\/a>                \n    <p class='title'>\n        <a href='https:\/\/kinderschutzbund-freiberg.de\/cms\/angebote\/familienzentrum\/bewegungsentwicklung\/das-drehen-des-babys-von-der-rueckenlage-in-die-bauchlage\/' target=''>Das Drehen des Babys von der R\u00fcckenlage in die Bauchlage<\/a>            <\/p>\n\n    \n    \n    <\/div>\n\n\n<div class=\"kibu service\" style=\"background-color: ; color: \">\n    <div class=\"gutenberg-serviceblock-hint\">Service-Block<\/div>\n                        <a href='https:\/\/kinderschutzbund-freiberg.de\/cms\/angebote\/familienzentrum\/bewegungsentwicklung\/aufrechte-haltung-wiegeposition-und-fliegergriff\/' target=''>                <figure class=\"service__image\">\n            <img loading=\"lazy\" decoding=\"async\" width=\"300\" height=\"174\" src=\"https:\/\/kinderschutzbund-freiberg.de\/cms\/wp-content\/uploads\/2025\/03\/thumbnail_video_haltung-300x174.png\" class=\"service__img\" alt=\"\" srcset=\"https:\/\/kinderschutzbund-freiberg.de\/cms\/wp-content\/uploads\/2025\/03\/thumbnail_video_haltung-300x174.png 300w, https:\/\/kinderschutzbund-freiberg.de\/cms\/wp-content\/uploads\/2025\/03\/thumbnail_video_haltung.png 398w\" sizes=\"auto, (max-width: 300px) 100vw, 300px\" \/>        <\/figure>\n                    <\/a>                \n    <p class='title'>\n        <a href='https:\/\/kinderschutzbund-freiberg.de\/cms\/angebote\/familienzentrum\/bewegungsentwicklung\/aufrechte-haltung-wiegeposition-und-fliegergriff\/' target=''>Aufrechte Haltung, Wiegeposition und Fliegergriff<\/a>            <\/p>\n\n    \n    \n    <\/div>\n\n\n<div class=\"kibu service\" style=\"background-color: ; color: \">\n    <div class=\"gutenberg-serviceblock-hint\">Service-Block<\/div>\n                        <a href='https:\/\/kinderschutzbund-freiberg.de\/cms\/angebote\/familienzentrum\/bewegungsentwicklung\/stressfreies-an-und-ausziehen-des-babys\/' target=''>                <figure class=\"service__image\">\n            <img loading=\"lazy\" decoding=\"async\" width=\"300\" height=\"167\" src=\"https:\/\/kinderschutzbund-freiberg.de\/cms\/wp-content\/uploads\/2025\/03\/thumbnail_video_anziehen-300x167.png\" class=\"service__img\" alt=\"\" srcset=\"https:\/\/kinderschutzbund-freiberg.de\/cms\/wp-content\/uploads\/2025\/03\/thumbnail_video_anziehen-300x167.png 300w, https:\/\/kinderschutzbund-freiberg.de\/cms\/wp-content\/uploads\/2025\/03\/thumbnail_video_anziehen.png 402w\" sizes=\"auto, (max-width: 300px) 100vw, 300px\" \/>        <\/figure>\n                    <\/a>                \n    <p class='title'>\n        <a href='https:\/\/kinderschutzbund-freiberg.de\/cms\/angebote\/familienzentrum\/bewegungsentwicklung\/stressfreies-an-und-ausziehen-des-babys\/' target=''>Stressfreies An- und Ausziehen des Babys<\/a>            <\/p>\n\n    \n    \n    <\/div>\n\n\n<div class=\"kibu service\" style=\"background-color: ; color: \">\n    <div class=\"gutenberg-serviceblock-hint\">Service-Block<\/div>\n                        <a href='https:\/\/kinderschutzbund-freiberg.de\/cms\/angebote\/familienzentrum\/bewegungsentwicklung\/lieselotte-schoss-haltung\/' target=''>                <figure class=\"service__image\">\n            <img loading=\"lazy\" decoding=\"async\" width=\"300\" height=\"161\" src=\"https:\/\/kinderschutzbund-freiberg.de\/cms\/wp-content\/uploads\/2025\/03\/thumbnail_video_schoss-300x161.png\" class=\"service__img\" alt=\"\" srcset=\"https:\/\/kinderschutzbund-freiberg.de\/cms\/wp-content\/uploads\/2025\/03\/thumbnail_video_schoss-300x161.png 300w, https:\/\/kinderschutzbund-freiberg.de\/cms\/wp-content\/uploads\/2025\/03\/thumbnail_video_schoss.png 409w\" sizes=\"auto, (max-width: 300px) 100vw, 300px\" \/>        <\/figure>\n                    <\/a>                \n    <p class='title'>\n        <a href='https:\/\/kinderschutzbund-freiberg.de\/cms\/angebote\/familienzentrum\/bewegungsentwicklung\/lieselotte-schoss-haltung\/' target=''>\u201eLieselotte-Scho\u00df-Haltung\u201c<\/a>            <\/p>\n\n    \n    \n    <\/div><\/div><\/div>\n","protected":false},"excerpt":{"rendered":"<p>Ihr Baby im 1. Lebensjahr und dar\u00fcber hinaus Wie verl\u00e4uft die nat\u00fcrliche Bewegungsentwicklung bei unserem Baby und Kleinkind? Beantwortung individueller Fragen, Unsicherheiten und Anleitung mit Kind. 1:1 Austausch und Anleitung. \u201eMein Baby will immer nur auf einer Seite liegen! Hat es eine Lieblingsseite? Ist das normal und gut f\u00fcr mein Baby? Mein Baby will einfach [&hellip;]<\/p>\n","protected":false},"author":1,"featured_media":0,"parent":17,"menu_order":0,"comment_status":"closed","ping_status":"closed","template":"","meta":{"_acf_changed":false,"footnotes":""},"class_list":["post-954","page","type-page","status-publish","hentry"],"acf":[],"_links":{"self":[{"href":"https:\/\/kinderschutzbund-freiberg.de\/cms\/wp-json\/wp\/v2\/pages\/954","targetHints":{"allow":["GET"]}}],"collection":[{"href":"https:\/\/kinderschutzbund-freiberg.de\/cms\/wp-json\/wp\/v2\/pages"}],"about":[{"href":"https:\/\/kinderschutzbund-freiberg.de\/cms\/wp-json\/wp\/v2\/types\/page"}],"author":[{"embeddable":true,"href":"https:\/\/kinderschutzbund-freiberg.de\/cms\/wp-json\/wp\/v2\/users\/1"}],"replies":[{"embeddable":true,"href":"https:\/\/kinderschutzbund-freiberg.de\/cms\/wp-json\/wp\/v2\/comments?post=954"}],"version-history":[{"count":56,"href":"https:\/\/kinderschutzbund-freiberg.de\/cms\/wp-json\/wp\/v2\/pages\/954\/revisions"}],"predecessor-version":[{"id":2853,"href":"https:\/\/kinderschutzbund-freiberg.de\/cms\/wp-json\/wp\/v2\/pages\/954\/revisions\/2853"}],"up":[{"embeddable":true,"href":"https:\/\/kinderschutzbund-freiberg.de\/cms\/wp-json\/wp\/v2\/pages\/17"}],"wp:attachment":[{"href":"https:\/\/kinderschutzbund-freiberg.de\/cms\/wp-json\/wp\/v2\/media?parent=954"}],"curies":[{"name":"wp","href":"https:\/\/api.w.org\/{rel}","templated":true}]}}